{"id":849,"date":"2023-10-24T02:08:24","date_gmt":"2023-10-23T20:08:24","guid":{"rendered":"https:\/\/amc.edu.mx\/amc2024\/?page_id=849"},"modified":"2024-03-05T11:46:38","modified_gmt":"2024-03-05T17:46:38","slug":"creditos","status":"publish","type":"page","link":"https:\/\/amc.edu.mx\/amc2024\/creditos\/","title":{"rendered":"Cr\u00e9ditos"},"content":{"rendered":"\n<h2 class=\"wp-block-heading has-text-align-center\">Academia Mexicana de Ciencias<\/h2>\n\n\n\n<p class=\"has-text-align-center\">Dr. Jos\u00e9 Antonio Seade Kuri<br><strong>Presidente<\/strong><\/p>\n\n\n\n<p class=\"has-text-align-center\">Dra. Telma Castro Romero<br><strong>Vicepresidenta<\/strong><\/p>\n\n\n\n<p class=\"has-text-align-center\">Dra. Gloria Sobero\u0301n Cha\u0301vez<br><strong>Tesorera<\/strong><\/p>\n\n\n\n<p class=\"has-text-align-center\">Dra. Elva Guadalupe Escobar Briones<br><strong>Secretari<\/strong>a<\/p>\n\n\n\n<p class=\"has-text-align-center\">Dr. Sergio L\u00f3pez Ayll\u00f3n<br><strong>Secretarios<\/strong><\/p>\n\n\n\n<h3 class=\"wp-block-heading has-text-align-center\">Desarrollo del sitio<\/h3>\n\n\n\n<p class=\"has-text-align-center\"><strong>Coordinaci\u00f3n<\/strong><br>Walter Galv\u00e1n Tejada<\/p>\n\n\n\n<p class=\"has-text-align-center\"><strong>Administraci\u00f3n de contenidos<\/strong><br>Jos\u00e9 Eduardo Gonz\u00e1lez Reyes<\/p>\n\n\n\n<p class=\"has-text-align-center\"><strong>Dise\u00f1o Gr\u00e1fico y Desarrollo Web del sitio<\/strong><br>L.C.G. Edgar Vargas Zerme\u00f1o<\/p>\n","protected":false},"excerpt":{"rendered":"<p>Academia Mexicana de Ciencias Dr. Jos\u00e9 Antonio Seade KuriPresidente Dra. Telma Castro RomeroVicepresidenta Dra. Gloria Sobero\u0301n Cha\u0301vezTesorera Dra. Elva Guadalupe Escobar BrionesSecretaria Dr. Sergio L\u00f3pez Ayll\u00f3nSecretarios Desarrollo del sitio Coordinaci\u00f3nWalter Galv\u00e1n Tejada Administraci\u00f3n de contenidosJos\u00e9 Eduardo Gonz\u00e1lez Reyes Dise\u00f1o Gr\u00e1fico y Desarrollo Web del sitioL.C.G. Edgar Vargas Zerme\u00f1o<\/p>\n","protected":false},"author":1,"featured_media":0,"parent":0,"menu_order":0,"comment_status":"closed","ping_status":"closed","template":"","meta":{"pgc_sgb_lightbox_settings":"","footnotes":""},"class_list":["post-849","page","type-page","status-publish","hentry"],"yoast_head":"<!-- This site is optimized with the Yoast SEO plugin v22.1 - https:\/\/yoast.com\/wordpress\/plugins\/seo\/ -->\n<title>Cr\u00e9ditos - Academia Mexicana de Ciencias<\/title>\n<meta name=\"robots\" content=\"noindex, follow, max-snippet:-1, max-image-preview:large, max-video-preview:-1\" \/>\n<meta property=\"og:locale\" content=\"es_MX\" \/>\n<meta property=\"og:type\" content=\"article\" \/>\n<meta property=\"og:title\" content=\"Cr\u00e9ditos - Academia Mexicana de Ciencias\" \/>\n<meta property=\"og:description\" content=\"Academia Mexicana de Ciencias Dr. Jos\u00e9 Antonio Seade KuriPresidente Dra. Telma Castro RomeroVicepresidenta Dra. Gloria Sobero\u0301n Cha\u0301vezTesorera Dra. Elva Guadalupe Escobar BrionesSecretaria Dr. Sergio L\u00f3pez Ayll\u00f3nSecretarios Desarrollo del sitio Coordinaci\u00f3nWalter Galv\u00e1n Tejada Administraci\u00f3n de contenidosJos\u00e9 Eduardo Gonz\u00e1lez Reyes Dise\u00f1o Gr\u00e1fico y Desarrollo Web del sitioL.C.G. Edgar Vargas Zerme\u00f1o\" \/>\n<meta property=\"og:url\" content=\"https:\/\/amc.edu.mx\/amc2024\/creditos\/\" \/>\n<meta property=\"og:site_name\" content=\"Academia Mexicana de Ciencias\" \/>\n<meta property=\"article:publisher\" content=\"https:\/\/www.facebook.com\/amciencias\" \/>\n<meta property=\"article:modified_time\" content=\"2024-03-05T17:46:38+00:00\" \/>\n<meta name=\"twitter:card\" content=\"summary_large_image\" \/>\n<meta name=\"twitter:site\" content=\"@amciencias\" \/>\n<meta name=\"twitter:label1\" content=\"Tiempo de lectura\" \/>\n\t<meta name=\"twitter:data1\" content=\"1 minuto\" \/>\n<script type=\"application\/ld+json\" class=\"yoast-schema-graph\">{\"@context\":\"https:\/\/schema.org\",\"@graph\":[{\"@type\":\"WebPage\",\"@id\":\"https:\/\/amc.edu.mx\/amc2024\/creditos\/\",\"url\":\"https:\/\/amc.edu.mx\/amc2024\/creditos\/\",\"name\":\"Cr\u00e9ditos - Academia Mexicana de Ciencias\",\"isPartOf\":{\"@id\":\"https:\/\/amc.edu.mx\/amc2024\/#website\"},\"datePublished\":\"2023-10-23T20:08:24+00:00\",\"dateModified\":\"2024-03-05T17:46:38+00:00\",\"breadcrumb\":{\"@id\":\"https:\/\/amc.edu.mx\/amc2024\/creditos\/#breadcrumb\"},\"inLanguage\":\"es\",\"potentialAction\":[{\"@type\":\"ReadAction\",\"target\":[\"https:\/\/amc.edu.mx\/amc2024\/creditos\/\"]}]},{\"@type\":\"BreadcrumbList\",\"@id\":\"https:\/\/amc.edu.mx\/amc2024\/creditos\/#breadcrumb\",\"itemListElement\":[{\"@type\":\"ListItem\",\"position\":1,\"name\":\"Inicio\",\"item\":\"https:\/\/amc.edu.mx\/amc2024\/\"},{\"@type\":\"ListItem\",\"position\":2,\"name\":\"Cr\u00e9ditos\"}]},{\"@type\":\"WebSite\",\"@id\":\"https:\/\/amc.edu.mx\/amc2024\/#website\",\"url\":\"https:\/\/amc.edu.mx\/amc2024\/\",\"name\":\"Academia Mexicana de Ciencias\",\"description\":\"ACADEMIA MEXICANA DE CIENCIAS\",\"publisher\":{\"@id\":\"https:\/\/amc.edu.mx\/amc2024\/#organization\"},\"alternateName\":\"AMC\",\"potentialAction\":[{\"@type\":\"SearchAction\",\"target\":{\"@type\":\"EntryPoint\",\"urlTemplate\":\"https:\/\/amc.edu.mx\/amc2024\/?s={search_term_string}\"},\"query-input\":\"required name=search_term_string\"}],\"inLanguage\":\"es\"},{\"@type\":\"Organization\",\"@id\":\"https:\/\/amc.edu.mx\/amc2024\/#organization\",\"name\":\"Academia Mexicana de Ciencias\",\"alternateName\":\"AMC\",\"url\":\"https:\/\/amc.edu.mx\/amc2024\/\",\"logo\":{\"@type\":\"ImageObject\",\"inLanguage\":\"es\",\"@id\":\"https:\/\/amc.edu.mx\/amc2024\/#\/schema\/logo\/image\/\",\"url\":\"https:\/\/amc.edu.mx\/amc2024\/wp-content\/uploads\/2023\/10\/logo_amc-1.png\",\"contentUrl\":\"https:\/\/amc.edu.mx\/amc2024\/wp-content\/uploads\/2023\/10\/logo_amc-1.png\",\"width\":455,\"height\":300,\"caption\":\"Academia Mexicana de Ciencias\"},\"image\":{\"@id\":\"https:\/\/amc.edu.mx\/amc2024\/#\/schema\/logo\/image\/\"},\"sameAs\":[\"https:\/\/www.facebook.com\/amciencias\",\"https:\/\/twitter.com\/amciencias\",\"https:\/\/www.instagram.com\/amciencias\",\"https:\/\/www.youtube.com\/@AMCiencias\",\"https:\/\/www.tiktok.com\/@amciencias\"]}]}<\/script>\n<!-- \/ Yoast SEO plugin. -->","yoast_head_json":{"title":"Cr\u00e9ditos - Academia Mexicana de Ciencias","robots":{"index":"noindex","follow":"follow","max-snippet":"max-snippet:-1","max-image-preview":"max-image-preview:large","max-video-preview":"max-video-preview:-1"},"og_locale":"es_MX","og_type":"article","og_title":"Cr\u00e9ditos - Academia Mexicana de Ciencias","og_description":"Academia Mexicana de Ciencias Dr. Jos\u00e9 Antonio Seade KuriPresidente Dra. Telma Castro RomeroVicepresidenta Dra. Gloria Sobero\u0301n Cha\u0301vezTesorera Dra. Elva Guadalupe Escobar BrionesSecretaria Dr. Sergio L\u00f3pez Ayll\u00f3nSecretarios Desarrollo del sitio Coordinaci\u00f3nWalter Galv\u00e1n Tejada Administraci\u00f3n de contenidosJos\u00e9 Eduardo Gonz\u00e1lez Reyes Dise\u00f1o Gr\u00e1fico y Desarrollo Web del sitioL.C.G. Edgar Vargas Zerme\u00f1o","og_url":"https:\/\/amc.edu.mx\/amc2024\/creditos\/","og_site_name":"Academia Mexicana de Ciencias","article_publisher":"https:\/\/www.facebook.com\/amciencias","article_modified_time":"2024-03-05T17:46:38+00:00","twitter_card":"summary_large_image","twitter_site":"@amciencias","twitter_misc":{"Tiempo de lectura":"1 minuto"},"schema":{"@context":"https:\/\/schema.org","@graph":[{"@type":"WebPage","@id":"https:\/\/amc.edu.mx\/amc2024\/creditos\/","url":"https:\/\/amc.edu.mx\/amc2024\/creditos\/","name":"Cr\u00e9ditos - Academia Mexicana de Ciencias","isPartOf":{"@id":"https:\/\/amc.edu.mx\/amc2024\/#website"},"datePublished":"2023-10-23T20:08:24+00:00","dateModified":"2024-03-05T17:46:38+00:00","breadcrumb":{"@id":"https:\/\/amc.edu.mx\/amc2024\/creditos\/#breadcrumb"},"inLanguage":"es","potentialAction":[{"@type":"ReadAction","target":["https:\/\/amc.edu.mx\/amc2024\/creditos\/"]}]},{"@type":"BreadcrumbList","@id":"https:\/\/amc.edu.mx\/amc2024\/creditos\/#breadcrumb","itemListElement":[{"@type":"ListItem","position":1,"name":"Inicio","item":"https:\/\/amc.edu.mx\/amc2024\/"},{"@type":"ListItem","position":2,"name":"Cr\u00e9ditos"}]},{"@type":"WebSite","@id":"https:\/\/amc.edu.mx\/amc2024\/#website","url":"https:\/\/amc.edu.mx\/amc2024\/","name":"Academia Mexicana de Ciencias","description":"ACADEMIA MEXICANA DE CIENCIAS","publisher":{"@id":"https:\/\/amc.edu.mx\/amc2024\/#organization"},"alternateName":"AMC","potentialAction":[{"@type":"SearchAction","target":{"@type":"EntryPoint","urlTemplate":"https:\/\/amc.edu.mx\/amc2024\/?s={search_term_string}"},"query-input":"required name=search_term_string"}],"inLanguage":"es"},{"@type":"Organization","@id":"https:\/\/amc.edu.mx\/amc2024\/#organization","name":"Academia Mexicana de Ciencias","alternateName":"AMC","url":"https:\/\/amc.edu.mx\/amc2024\/","logo":{"@type":"ImageObject","inLanguage":"es","@id":"https:\/\/amc.edu.mx\/amc2024\/#\/schema\/logo\/image\/","url":"https:\/\/amc.edu.mx\/amc2024\/wp-content\/uploads\/2023\/10\/logo_amc-1.png","contentUrl":"https:\/\/amc.edu.mx\/amc2024\/wp-content\/uploads\/2023\/10\/logo_amc-1.png","width":455,"height":300,"caption":"Academia Mexicana de Ciencias"},"image":{"@id":"https:\/\/amc.edu.mx\/amc2024\/#\/schema\/logo\/image\/"},"sameAs":["https:\/\/www.facebook.com\/amciencias","https:\/\/twitter.com\/amciencias","https:\/\/www.instagram.com\/amciencias","https:\/\/www.youtube.com\/@AMCiencias","https:\/\/www.tiktok.com\/@amciencias"]}]}},"_links":{"self":[{"href":"https:\/\/amc.edu.mx\/amc2024\/wp-json\/wp\/v2\/pages\/849","targetHints":{"allow":["GET"]}}],"collection":[{"href":"https:\/\/amc.edu.mx\/amc2024\/wp-json\/wp\/v2\/pages"}],"about":[{"href":"https:\/\/amc.edu.mx\/amc2024\/wp-json\/wp\/v2\/types\/page"}],"author":[{"embeddable":true,"href":"https:\/\/amc.edu.mx\/amc2024\/wp-json\/wp\/v2\/users\/1"}],"replies":[{"embeddable":true,"href":"https:\/\/amc.edu.mx\/amc2024\/wp-json\/wp\/v2\/comments?post=849"}],"version-history":[{"count":7,"href":"https:\/\/amc.edu.mx\/amc2024\/wp-json\/wp\/v2\/pages\/849\/revisions"}],"predecessor-version":[{"id":4096,"href":"https:\/\/amc.edu.mx\/amc2024\/wp-json\/wp\/v2\/pages\/849\/revisions\/4096"}],"wp:attachment":[{"href":"https:\/\/amc.edu.mx\/amc2024\/wp-json\/wp\/v2\/media?parent=849"}],"curies":[{"name":"wp","href":"https:\/\/api.w.org\/{rel}","templated":true}]}}