{"id":847,"date":"2023-10-24T02:08:06","date_gmt":"2023-10-23T20:08:06","guid":{"rendered":"https:\/\/amc.edu.mx\/amc2024\/?page_id=847"},"modified":"2024-03-04T14:42:40","modified_gmt":"2024-03-04T20:42:40","slug":"politica-de-privacidad","status":"publish","type":"page","link":"https:\/\/amc.edu.mx\/amc2024\/politica-de-privacidad\/","title":{"rendered":"Pol\u00edtica de privacidad"},"content":{"rendered":"\n<p>La Academia Mexicana de Ciencias A.C. con domicilio en el km 23.5 de la carretera federal M\u00e9xico-Cuernavaca, Avenida Cipreses sin n\u00famero, colonia San Andr\u00e9s Totoltepec, delegaci\u00f3n Tlalpan, c\u00f3digo postal 14400, en el Distrito Federal, y portal de internet www.amc.mx es la responsable del uso y protecci\u00f3n de sus datos personales, y al respecto le informamos lo siguiente:<\/p>\n\n\n\n<p><strong>\u00bfPara qu\u00e9 fines utilizaremos sus datos personales?<\/strong><\/p>\n\n\n\n<p>Los datos personales que recabamos de usted los utilizaremos exclusivamente para los procesos de consulta en los diversos programas que tienen por objeto el desarrollo, la promoci\u00f3n y difusi\u00f3n de la ciencia, tecnolog\u00eda e innovaci\u00f3n, mismos que opera la instituci\u00f3n en apego a nuestros estatutos.<\/p>\n\n\n\n<p><strong>\u00bfQu\u00e9 datos personales utilizaremos para estos fines?<\/strong><\/p>\n\n\n\n<p>Para llevar a cabo las finalidades descritas en el presente aviso de privacidad, utilizaremos los siguientes datos personales:<\/p>\n\n\n\n<ul class=\"wp-block-list\">\n<li>Datos de identificaci\u00f3n<\/li>\n\n\n\n<li>Datos de contacto<\/li>\n\n\n\n<li>Datos laborales<\/li>\n\n\n\n<li>Datos acad\u00e9micos<\/li>\n<\/ul>\n\n\n\n<p><strong>\u00bfC\u00f3mo puede acceder, rectificar o cancelar sus datos personales, u oponerse a su uso?<\/strong><\/p>\n\n\n\n<p>Usted tiene derecho a conocer qu\u00e9 datos personales tenemos de usted, para qu\u00e9 los utilizamos y las condiciones del uso que les damos (Acceso). Asimismo, es su derecho solicitar la correcci\u00f3n de su informaci\u00f3n personal en caso de que est\u00e9 desactualizada, sea inexacta o incompleta (Rectificaci\u00f3n); que la eliminemos de nuestros registros o bases de datos cuando considere que la misma no est\u00e1 siendo utilizada adecuadamente (Cancelaci\u00f3n); as\u00ed como oponerse al uso de sus datos personales para fines espec\u00edficos (Oposici\u00f3n). Estos derechos se conocen como derechos ARCO.<\/p>\n\n\n\n<p>Para el ejercicio de cualquiera de los derechos ARCO, usted deber\u00e1 presentar la solicitud respectiva a trav\u00e9s al correo fmorag@ derecho.unam.mx<\/p>\n\n\n\n<p>Para conocer el procedimiento y requisitos para el ejercicio de los derechos ARCO, ponemos a su disposici\u00f3n el n\u00famero telef\u00f3nico 5849 5593 en la Ciudad de M\u00e9xico.<\/p>\n\n\n\n<p>Los datos de contacto de la persona o departamento de datos personales, que est\u00e1 a cargo de dar tr\u00e1mite a las solicitudes de derechos ARCO es la siguiente:<\/p>\n\n\n\n<div class=\"wp-block-group is-vertical is-content-justification-center is-layout-flex wp-container-core-group-is-layout-4b2eccd6 wp-block-group-is-layout-flex\">\n<p>Francisco Salvador Mora Gallegos<\/p>\n\n\n\n<p class=\"has-text-align-center\">km 23.5 de la carretera federal M\u00e9xico-Cuernavaca, Avenida Cipreses sin n\u00famero, colonia San Andr\u00e9s Totoltepec, delegaci\u00f3n Tlalpan, c\u00f3digo postal 14400, Ciudad de M\u00e9xico&nbsp;<\/p>\n\n\n\n<p>fmorag@derecho.unam.mx<\/p>\n\n\n\n<p>(55) 5849 4905<\/p>\n<\/div>\n\n\n\n<p>Usted puede revocar el consentimiento que, en su caso, nos haya otorgado para el tratamiento de sus datos personales. Sin embargo, es importante que tenga en cuenta que no en todos los casos podremos atender su solicitud o concluir el uso de forma inmediata, ya que es posible que por alguna obligaci\u00f3n legal requiramos seguir tratando sus datos personales. Asimismo, usted deber\u00e1 considerar que para ciertos fines, la revocaci\u00f3n de su consentimiento implicar\u00e1 que no le podamos seguir prestando el servicio que nos solicit\u00f3, o la conclusi\u00f3n de su relaci\u00f3n con nosotros.<\/p>\n\n\n\n<p>Para revocar su consentimiento deber\u00e1 presentar su solicitud a trav\u00e9s del correo electr\u00f3nico fmorag@derecho.unam.mx<\/p>\n\n\n\n<p>Para conocer el procedimiento y requisitos para la revocaci\u00f3n del consentimiento, ponemos a su disposici\u00f3n el n\u00famero telef\u00f3nico 5849 4905 de la Ciudad de M\u00e9xico<\/p>\n\n\n\n<p><strong>\u00bfC\u00f3mo puede limitar el uso o divulgaci\u00f3n de su informaci\u00f3n personal?<\/strong><\/p>\n\n\n\n<p>Con objeto de que usted pueda limitar el uso y divulgaci\u00f3n de su informaci\u00f3n personal, le ofrecemos ponerse en contacto al correo electr\u00f3nico fmorag@derecho.unam.mx<\/p>\n\n\n\n<p><strong>\u00bfC\u00f3mo puede conocer los cambios en este aviso de privacidad?<\/strong><\/p>\n\n\n\n<p>El presente aviso de privacidad puede sufrir modificaciones, cambios o actualizaciones derivadas de nuevos requerimientos legales; de nuestras propias necesidades por los programas que desarrollamos y ofrecemos; de nuestras pr\u00e1cticas de privacidad; de cambios en nuestros Estatutos, o por otras causas.<\/p>\n\n\n\n<p>Nos comprometemos a mantenerlo informado sobre los cambios que pueda sufrir el presente aviso de privacidad, a trav\u00e9s de la p\u00e1gina de internet de la Academia Mexicana de Ciencias: www.amc.mx<\/p>\n\n\n\n<p>El procedimiento a trav\u00e9s del cual se llevar\u00e1n a cabo las notificaciones sobre cambios o actualizaciones al presente aviso de privacidad es a trav\u00e9s del aviso a los titulares en la p\u00e1gina electr\u00f3nica de la Academia Mexicana de Ciencias: <a href=\"https:\/\/amc.edu.mx\/amc2024\/\">www.amc.edu.mx<\/a><\/p>\n\n\n\n<p class=\"has-text-align-center\">\u00daltima actualizaci\u00f3n: 11\/11\/2013<\/p>\n","protected":false},"excerpt":{"rendered":"<p>La Academia Mexicana de Ciencias A.C. con domicilio en el km 23.5 de la carretera federal M\u00e9xico-Cuernavaca, Avenida Cipreses sin n\u00famero, colonia San Andr\u00e9s Totoltepec, delegaci\u00f3n Tlalpan, c\u00f3digo postal 14400, en el Distrito Federal, y portal de internet www.amc.mx es la responsable del uso y protecci\u00f3n de sus datos personales, y al respecto le informamos lo siguiente: \u00bfPara qu\u00e9 fines utilizaremos sus datos personales? Los datos personales que recabamos de usted los utilizaremos exclusivamente para los procesos de consulta en los diversos programas que tienen por objeto el desarrollo, la promoci\u00f3n y difusi\u00f3n de la ciencia, tecnolog\u00eda e innovaci\u00f3n, mismos que opera la instituci\u00f3n en apego a nuestros estatutos. \u00bfQu\u00e9 datos personales utilizaremos para estos fines? Para llevar a cabo las finalidades descritas en el presente aviso de privacidad, utilizaremos los siguientes datos personales: \u00bfC\u00f3mo puede acceder, rectificar o cancelar sus datos personales, u oponerse a su uso? Usted tiene derecho a conocer qu\u00e9 datos personales tenemos de usted, para qu\u00e9 los utilizamos y las condiciones del uso que les damos (Acceso). Asimismo, es su derecho solicitar la correcci\u00f3n de su informaci\u00f3n personal en caso de que est\u00e9 desactualizada, sea inexacta o incompleta (Rectificaci\u00f3n); que la eliminemos de nuestros registros o bases de datos cuando considere que la misma no est\u00e1 siendo utilizada adecuadamente (Cancelaci\u00f3n); as\u00ed como oponerse al uso de sus datos personales para fines espec\u00edficos (Oposici\u00f3n). Estos derechos se conocen como derechos ARCO. Para el ejercicio de cualquiera de los derechos ARCO, usted deber\u00e1 presentar la solicitud respectiva a trav\u00e9s al correo fmorag@ derecho.unam.mx Para conocer el procedimiento y requisitos para el ejercicio de los derechos ARCO, ponemos a su disposici\u00f3n el n\u00famero telef\u00f3nico 5849 5593 en la Ciudad de M\u00e9xico. Los datos de contacto de la persona o departamento de datos personales, que est\u00e1 a cargo de dar tr\u00e1mite a las solicitudes de derechos ARCO es la siguiente: Francisco Salvador Mora Gallegos km 23.5 de la carretera federal M\u00e9xico-Cuernavaca, Avenida Cipreses sin n\u00famero, colonia San Andr\u00e9s Totoltepec, delegaci\u00f3n Tlalpan, c\u00f3digo postal 14400, Ciudad de M\u00e9xico&nbsp; fmorag@derecho.unam.mx (55) 5849 4905 Usted puede revocar el consentimiento que, en su caso, nos haya otorgado para el tratamiento de sus datos personales. Sin embargo, es importante que tenga en cuenta que no en todos los casos podremos atender su solicitud o concluir el uso de forma inmediata, ya que es posible que por alguna obligaci\u00f3n legal requiramos seguir tratando sus datos personales. Asimismo, usted deber\u00e1 considerar que para ciertos fines, la revocaci\u00f3n de su consentimiento implicar\u00e1 que no le podamos seguir prestando el servicio que nos solicit\u00f3, o la conclusi\u00f3n de su relaci\u00f3n con nosotros. Para revocar su consentimiento deber\u00e1 presentar su solicitud a trav\u00e9s del correo electr\u00f3nico fmorag@derecho.unam.mx Para conocer el procedimiento y requisitos para la revocaci\u00f3n del consentimiento, ponemos a su disposici\u00f3n el n\u00famero telef\u00f3nico 5849 4905 de la Ciudad de M\u00e9xico \u00bfC\u00f3mo puede limitar el uso o divulgaci\u00f3n de su informaci\u00f3n personal? Con objeto de que usted pueda limitar el uso y divulgaci\u00f3n de su informaci\u00f3n personal, le ofrecemos ponerse en contacto al correo electr\u00f3nico fmorag@derecho.unam.mx \u00bfC\u00f3mo puede conocer los cambios en este aviso de privacidad? El presente aviso de privacidad puede sufrir modificaciones, cambios o actualizaciones derivadas de nuevos requerimientos legales; de nuestras propias necesidades por los programas que desarrollamos y ofrecemos; de nuestras pr\u00e1cticas de privacidad; de cambios en nuestros Estatutos, o por otras causas. Nos comprometemos a mantenerlo informado sobre los cambios que pueda sufrir el presente aviso de privacidad, a trav\u00e9s de la p\u00e1gina de internet de la Academia Mexicana de Ciencias: www.amc.mx El procedimiento a trav\u00e9s del cual se llevar\u00e1n a cabo las notificaciones sobre cambios o actualizaciones al presente aviso de privacidad es a trav\u00e9s del aviso a los titulares en la p\u00e1gina electr\u00f3nica de la Academia Mexicana de Ciencias: www.amc.edu.mx \u00daltima actualizaci\u00f3n: 11\/11\/2013<\/p>\n","protected":false},"author":1,"featured_media":0,"parent":0,"menu_order":0,"comment_status":"closed","ping_status":"closed","template":"","meta":{"pgc_sgb_lightbox_settings":"","footnotes":""},"class_list":["post-847","page","type-page","status-publish","hentry"],"yoast_head":"<!-- This site is optimized with the Yoast SEO plugin v22.1 - https:\/\/yoast.com\/wordpress\/plugins\/seo\/ -->\n<title>Pol\u00edtica de privacidad - Academia Mexicana de Ciencias<\/title>\n<meta name=\"description\" content=\"Los datos recabados los utilizaremos exclusivamente para consultas con objeto de promover el desarrollo y la promoci\u00f3n de la ciencia.\" \/>\n<meta name=\"robots\" content=\"noindex, follow, max-snippet:-1, max-image-preview:large, max-video-preview:-1\" \/>\n<meta property=\"og:locale\" content=\"es_MX\" \/>\n<meta property=\"og:type\" content=\"article\" \/>\n<meta property=\"og:title\" content=\"Pol\u00edtica de privacidad - Academia Mexicana de Ciencias\" \/>\n<meta property=\"og:description\" content=\"Los datos recabados los utilizaremos exclusivamente para consultas con objeto de promover el desarrollo y la promoci\u00f3n de la ciencia.\" \/>\n<meta property=\"og:url\" content=\"https:\/\/amc.edu.mx\/amc2024\/politica-de-privacidad\/\" \/>\n<meta property=\"og:site_name\" content=\"Academia Mexicana de Ciencias\" \/>\n<meta property=\"article:publisher\" content=\"https:\/\/www.facebook.com\/amciencias\" \/>\n<meta property=\"article:modified_time\" content=\"2024-03-04T20:42:40+00:00\" \/>\n<meta name=\"twitter:card\" content=\"summary_large_image\" \/>\n<meta name=\"twitter:site\" content=\"@amciencias\" \/>\n<meta name=\"twitter:label1\" content=\"Tiempo de lectura\" \/>\n\t<meta name=\"twitter:data1\" content=\"3 minutos\" \/>\n<script type=\"application\/ld+json\" class=\"yoast-schema-graph\">{\"@context\":\"https:\/\/schema.org\",\"@graph\":[{\"@type\":\"WebPage\",\"@id\":\"https:\/\/amc.edu.mx\/amc2024\/politica-de-privacidad\/\",\"url\":\"https:\/\/amc.edu.mx\/amc2024\/politica-de-privacidad\/\",\"name\":\"Pol\u00edtica de privacidad - Academia Mexicana de Ciencias\",\"isPartOf\":{\"@id\":\"https:\/\/amc.edu.mx\/amc2024\/#website\"},\"datePublished\":\"2023-10-23T20:08:06+00:00\",\"dateModified\":\"2024-03-04T20:42:40+00:00\",\"description\":\"Los datos recabados los utilizaremos exclusivamente para consultas con objeto de promover el desarrollo y la promoci\u00f3n de la ciencia.\",\"breadcrumb\":{\"@id\":\"https:\/\/amc.edu.mx\/amc2024\/politica-de-privacidad\/#breadcrumb\"},\"inLanguage\":\"es\",\"potentialAction\":[{\"@type\":\"ReadAction\",\"target\":[\"https:\/\/amc.edu.mx\/amc2024\/politica-de-privacidad\/\"]}]},{\"@type\":\"BreadcrumbList\",\"@id\":\"https:\/\/amc.edu.mx\/amc2024\/politica-de-privacidad\/#breadcrumb\",\"itemListElement\":[{\"@type\":\"ListItem\",\"position\":1,\"name\":\"Inicio\",\"item\":\"https:\/\/amc.edu.mx\/amc2024\/\"},{\"@type\":\"ListItem\",\"position\":2,\"name\":\"Pol\u00edtica de privacidad\"}]},{\"@type\":\"WebSite\",\"@id\":\"https:\/\/amc.edu.mx\/amc2024\/#website\",\"url\":\"https:\/\/amc.edu.mx\/amc2024\/\",\"name\":\"Academia Mexicana de Ciencias\",\"description\":\"ACADEMIA MEXICANA DE CIENCIAS\",\"publisher\":{\"@id\":\"https:\/\/amc.edu.mx\/amc2024\/#organization\"},\"alternateName\":\"AMC\",\"potentialAction\":[{\"@type\":\"SearchAction\",\"target\":{\"@type\":\"EntryPoint\",\"urlTemplate\":\"https:\/\/amc.edu.mx\/amc2024\/?s={search_term_string}\"},\"query-input\":\"required name=search_term_string\"}],\"inLanguage\":\"es\"},{\"@type\":\"Organization\",\"@id\":\"https:\/\/amc.edu.mx\/amc2024\/#organization\",\"name\":\"Academia Mexicana de Ciencias\",\"alternateName\":\"AMC\",\"url\":\"https:\/\/amc.edu.mx\/amc2024\/\",\"logo\":{\"@type\":\"ImageObject\",\"inLanguage\":\"es\",\"@id\":\"https:\/\/amc.edu.mx\/amc2024\/#\/schema\/logo\/image\/\",\"url\":\"https:\/\/amc.edu.mx\/amc2024\/wp-content\/uploads\/2023\/10\/logo_amc-1.png\",\"contentUrl\":\"https:\/\/amc.edu.mx\/amc2024\/wp-content\/uploads\/2023\/10\/logo_amc-1.png\",\"width\":455,\"height\":300,\"caption\":\"Academia Mexicana de Ciencias\"},\"image\":{\"@id\":\"https:\/\/amc.edu.mx\/amc2024\/#\/schema\/logo\/image\/\"},\"sameAs\":[\"https:\/\/www.facebook.com\/amciencias\",\"https:\/\/twitter.com\/amciencias\",\"https:\/\/www.instagram.com\/amciencias\",\"https:\/\/www.youtube.com\/@AMCiencias\",\"https:\/\/www.tiktok.com\/@amciencias\"]}]}<\/script>\n<!-- \/ Yoast SEO plugin. -->","yoast_head_json":{"title":"Pol\u00edtica de privacidad - Academia Mexicana de Ciencias","description":"Los datos recabados los utilizaremos exclusivamente para consultas con objeto de promover el desarrollo y la promoci\u00f3n de la ciencia.","robots":{"index":"noindex","follow":"follow","max-snippet":"max-snippet:-1","max-image-preview":"max-image-preview:large","max-video-preview":"max-video-preview:-1"},"og_locale":"es_MX","og_type":"article","og_title":"Pol\u00edtica de privacidad - Academia Mexicana de Ciencias","og_description":"Los datos recabados los utilizaremos exclusivamente para consultas con objeto de promover el desarrollo y la promoci\u00f3n de la ciencia.","og_url":"https:\/\/amc.edu.mx\/amc2024\/politica-de-privacidad\/","og_site_name":"Academia Mexicana de Ciencias","article_publisher":"https:\/\/www.facebook.com\/amciencias","article_modified_time":"2024-03-04T20:42:40+00:00","twitter_card":"summary_large_image","twitter_site":"@amciencias","twitter_misc":{"Tiempo de lectura":"3 minutos"},"schema":{"@context":"https:\/\/schema.org","@graph":[{"@type":"WebPage","@id":"https:\/\/amc.edu.mx\/amc2024\/politica-de-privacidad\/","url":"https:\/\/amc.edu.mx\/amc2024\/politica-de-privacidad\/","name":"Pol\u00edtica de privacidad - Academia Mexicana de Ciencias","isPartOf":{"@id":"https:\/\/amc.edu.mx\/amc2024\/#website"},"datePublished":"2023-10-23T20:08:06+00:00","dateModified":"2024-03-04T20:42:40+00:00","description":"Los datos recabados los utilizaremos exclusivamente para consultas con objeto de promover el desarrollo y la promoci\u00f3n de la ciencia.","breadcrumb":{"@id":"https:\/\/amc.edu.mx\/amc2024\/politica-de-privacidad\/#breadcrumb"},"inLanguage":"es","potentialAction":[{"@type":"ReadAction","target":["https:\/\/amc.edu.mx\/amc2024\/politica-de-privacidad\/"]}]},{"@type":"BreadcrumbList","@id":"https:\/\/amc.edu.mx\/amc2024\/politica-de-privacidad\/#breadcrumb","itemListElement":[{"@type":"ListItem","position":1,"name":"Inicio","item":"https:\/\/amc.edu.mx\/amc2024\/"},{"@type":"ListItem","position":2,"name":"Pol\u00edtica de privacidad"}]},{"@type":"WebSite","@id":"https:\/\/amc.edu.mx\/amc2024\/#website","url":"https:\/\/amc.edu.mx\/amc2024\/","name":"Academia Mexicana de Ciencias","description":"ACADEMIA MEXICANA DE CIENCIAS","publisher":{"@id":"https:\/\/amc.edu.mx\/amc2024\/#organization"},"alternateName":"AMC","potentialAction":[{"@type":"SearchAction","target":{"@type":"EntryPoint","urlTemplate":"https:\/\/amc.edu.mx\/amc2024\/?s={search_term_string}"},"query-input":"required name=search_term_string"}],"inLanguage":"es"},{"@type":"Organization","@id":"https:\/\/amc.edu.mx\/amc2024\/#organization","name":"Academia Mexicana de Ciencias","alternateName":"AMC","url":"https:\/\/amc.edu.mx\/amc2024\/","logo":{"@type":"ImageObject","inLanguage":"es","@id":"https:\/\/amc.edu.mx\/amc2024\/#\/schema\/logo\/image\/","url":"https:\/\/amc.edu.mx\/amc2024\/wp-content\/uploads\/2023\/10\/logo_amc-1.png","contentUrl":"https:\/\/amc.edu.mx\/amc2024\/wp-content\/uploads\/2023\/10\/logo_amc-1.png","width":455,"height":300,"caption":"Academia Mexicana de Ciencias"},"image":{"@id":"https:\/\/amc.edu.mx\/amc2024\/#\/schema\/logo\/image\/"},"sameAs":["https:\/\/www.facebook.com\/amciencias","https:\/\/twitter.com\/amciencias","https:\/\/www.instagram.com\/amciencias","https:\/\/www.youtube.com\/@AMCiencias","https:\/\/www.tiktok.com\/@amciencias"]}]}},"_links":{"self":[{"href":"https:\/\/amc.edu.mx\/amc2024\/wp-json\/wp\/v2\/pages\/847","targetHints":{"allow":["GET"]}}],"collection":[{"href":"https:\/\/amc.edu.mx\/amc2024\/wp-json\/wp\/v2\/pages"}],"about":[{"href":"https:\/\/amc.edu.mx\/amc2024\/wp-json\/wp\/v2\/types\/page"}],"author":[{"embeddable":true,"href":"https:\/\/amc.edu.mx\/amc2024\/wp-json\/wp\/v2\/users\/1"}],"replies":[{"embeddable":true,"href":"https:\/\/amc.edu.mx\/amc2024\/wp-json\/wp\/v2\/comments?post=847"}],"version-history":[{"count":5,"href":"https:\/\/amc.edu.mx\/amc2024\/wp-json\/wp\/v2\/pages\/847\/revisions"}],"predecessor-version":[{"id":4070,"href":"https:\/\/amc.edu.mx\/amc2024\/wp-json\/wp\/v2\/pages\/847\/revisions\/4070"}],"wp:attachment":[{"href":"https:\/\/amc.edu.mx\/amc2024\/wp-json\/wp\/v2\/media?parent=847"}],"curies":[{"name":"wp","href":"https:\/\/api.w.org\/{rel}","templated":true}]}}