{"id":825,"date":"2023-10-24T01:36:59","date_gmt":"2023-10-23T19:36:59","guid":{"rendered":"https:\/\/amc.edu.mx\/amc2024\/?page_id=825"},"modified":"2024-03-01T00:36:57","modified_gmt":"2024-03-01T06:36:57","slug":"contacto","status":"publish","type":"page","link":"https:\/\/amc.edu.mx\/amc2024\/contacto\/","title":{"rendered":"Contacto"},"content":{"rendered":"\n<div class=\"wp-block-columns is-layout-flex wp-container-core-columns-is-layout-9d6595d7 wp-block-columns-is-layout-flex\">\n<div class=\"wp-block-column is-layout-flow wp-block-column-is-layout-flow\" style=\"flex-basis:33.33%\">\n<figure class=\"wp-block-image size-large\"><img loading=\"lazy\" decoding=\"async\" width=\"1024\" height=\"680\" src=\"https:\/\/amc.edu.mx\/amc2024\/wp-content\/uploads\/2024\/03\/Academia-Mexicana-de-Ciencias-1024x680.jpeg\" alt=\"\" class=\"wp-image-3864\" srcset=\"https:\/\/amc.edu.mx\/amc2024\/wp-content\/uploads\/2024\/03\/Academia-Mexicana-de-Ciencias-1024x680.jpeg 1024w, https:\/\/amc.edu.mx\/amc2024\/wp-content\/uploads\/2024\/03\/Academia-Mexicana-de-Ciencias-300x199.jpeg 300w, https:\/\/amc.edu.mx\/amc2024\/wp-content\/uploads\/2024\/03\/Academia-Mexicana-de-Ciencias-768x510.jpeg 768w, https:\/\/amc.edu.mx\/amc2024\/wp-content\/uploads\/2024\/03\/Academia-Mexicana-de-Ciencias-1536x1020.jpeg 1536w, https:\/\/amc.edu.mx\/amc2024\/wp-content\/uploads\/2024\/03\/Academia-Mexicana-de-Ciencias-2048x1360.jpeg 2048w, https:\/\/amc.edu.mx\/amc2024\/wp-content\/uploads\/2024\/03\/Academia-Mexicana-de-Ciencias-1140x757.jpeg 1140w\" sizes=\"auto, (max-width: 1024px) 100vw, 1024px\" \/><\/figure>\n<\/div>\n\n\n\n<div class=\"wp-block-column is-layout-flow wp-block-column-is-layout-flow\" style=\"flex-basis:66.66%\">\n<figure class=\"wp-block-table is-style-stripes\"><table><tbody><tr><td>&nbsp;<\/td><td><strong>COORDINACI\u00d3N EJECUTIVA<\/strong><br><a href=\"mailto:aic@unam.mx\">aic@unam.mx<\/a><\/td><\/tr><tr><td>58494905<br><\/td><td><strong>ASISTENTES COORDINACI\u00d3N EJECUTIVA<\/strong><br><a href=\"mailto:edimm@unam.mx\">edimm@unam.mx<\/a><\/td><\/tr><tr><td>&nbsp;<\/td><td><strong>ADMISI\u00d3N Y PREMIOS DE LA ACADEMIA<br><\/strong><br><strong>Admisi\u00f3n<\/strong><br><a href=\"mailto:claujv@unam.mx\">claujv@unam.mx<\/a><br><br><strong>Premios<\/strong><br><a href=\"mailto:mbeatriz@unam.mx\">mbeatriz@unam.mx<\/a><\/td><\/tr><tr><td>&nbsp;<\/td><td><strong>REVISTA CIENCIA<\/strong><br><a href=\"mailto:rciencia@unam.mx\">rciencia@unam.mx<\/a><\/td><\/tr><tr><td>58495222<\/td><td><strong>SECRETARIA ADMINISTRATIVA<br><\/strong><a href=\"mailto:amcadmon@unam.mx\">amcadmon@unam.mx<\/a><\/td><\/tr><tr><td>&nbsp;<\/td><td><strong>COORDINACI\u00d3N DE SISTEMAS Y PROYECTOS TECNOL\u00d3GICOS<\/strong><br><a href=\"mailto:academia@amc.edu.mx\">academia@amc.edu.mx<\/a>\u00a0<\/td><\/tr><tr><td>&nbsp;<\/td><td><strong>REPRESENTANTE LEGAL&nbsp;<\/strong><br><a href=\"mailto:fmorag@derecho.unam.mx\">fmorag@derecho.unam.mx<\/a><\/td><\/tr><\/tbody><\/table><figcaption class=\"wp-element-caption\"><br>La direcci\u00f3n de la Academia Mexicana de Ciencias es:<br>\u00a0<br>Calle Cipreses s\/n, km 23.5 de la carretera federal M\u00e9xico &#8211; Cuernavaca, San Andr\u00e9s Totoltepec, Tlalpan, C.P. 14400, M\u00e9xico, Ciudad de M\u00e9xico.<\/figcaption><\/figure>\n<\/div>\n<\/div>\n","protected":false},"excerpt":{"rendered":"<p>&nbsp; COORDINACI\u00d3N EJECUTIVAaic@unam.mx 58494905 ASISTENTES COORDINACI\u00d3N EJECUTIVAedimm@unam.mx &nbsp; ADMISI\u00d3N Y PREMIOS DE LA ACADEMIAAdmisi\u00f3nclaujv@unam.mx Premiosmbeatriz@unam.mx &nbsp; REVISTA CIENCIArciencia@unam.mx 58495222 SECRETARIA ADMINISTRATIVAamcadmon@unam.mx &nbsp; COORDINACI\u00d3N DE SISTEMAS Y PROYECTOS TECNOL\u00d3GICOSacademia@amc.edu.mx\u00a0 &nbsp; REPRESENTANTE LEGAL&nbsp;fmorag@derecho.unam.mx La direcci\u00f3n de la Academia Mexicana de Ciencias es:\u00a0Calle Cipreses s\/n, km 23.5 de la carretera federal M\u00e9xico &#8211; Cuernavaca, San Andr\u00e9s Totoltepec, Tlalpan, C.P. 14400, M\u00e9xico, Ciudad de M\u00e9xico.<\/p>\n","protected":false},"author":1,"featured_media":0,"parent":0,"menu_order":0,"comment_status":"closed","ping_status":"closed","template":"","meta":{"pgc_sgb_lightbox_settings":"","footnotes":""},"class_list":["post-825","page","type-page","status-publish","hentry"],"yoast_head":"<!-- This site is optimized with the Yoast SEO plugin v22.1 - https:\/\/yoast.com\/wordpress\/plugins\/seo\/ -->\n<title>Contacto - Academia Mexicana de Ciencias<\/title>\n<meta name=\"description\" content=\"Entra en contacto con la Academia Mexicana de Ciencias\" \/>\n<meta name=\"robots\" content=\"noindex, follow, max-snippet:-1, max-image-preview:large, max-video-preview:-1\" \/>\n<meta property=\"og:locale\" content=\"es_MX\" \/>\n<meta property=\"og:type\" content=\"article\" \/>\n<meta property=\"og:title\" content=\"Contacto - Academia Mexicana de Ciencias\" \/>\n<meta property=\"og:description\" content=\"Entra en contacto con la Academia Mexicana de Ciencias\" \/>\n<meta property=\"og:url\" content=\"https:\/\/amc.edu.mx\/amc2024\/contacto\/\" \/>\n<meta property=\"og:site_name\" content=\"Academia Mexicana de Ciencias\" \/>\n<meta property=\"article:publisher\" content=\"https:\/\/www.facebook.com\/amciencias\" \/>\n<meta property=\"article:modified_time\" content=\"2024-03-01T06:36:57+00:00\" \/>\n<meta property=\"og:image\" content=\"https:\/\/amc.edu.mx\/amc2024\/wp-content\/uploads\/2024\/03\/Academia-Mexicana-de-Ciencias-1024x680.jpeg\" \/>\n<meta name=\"twitter:card\" content=\"summary_large_image\" \/>\n<meta name=\"twitter:site\" content=\"@amciencias\" \/>\n<meta name=\"twitter:label1\" content=\"Tiempo de lectura\" \/>\n\t<meta name=\"twitter:data1\" content=\"1 minuto\" \/>\n<script type=\"application\/ld+json\" class=\"yoast-schema-graph\">{\"@context\":\"https:\/\/schema.org\",\"@graph\":[{\"@type\":\"WebPage\",\"@id\":\"https:\/\/amc.edu.mx\/amc2024\/contacto\/\",\"url\":\"https:\/\/amc.edu.mx\/amc2024\/contacto\/\",\"name\":\"Contacto - Academia Mexicana de Ciencias\",\"isPartOf\":{\"@id\":\"https:\/\/amc.edu.mx\/amc2024\/#website\"},\"datePublished\":\"2023-10-23T19:36:59+00:00\",\"dateModified\":\"2024-03-01T06:36:57+00:00\",\"description\":\"Entra en contacto con la Academia Mexicana de Ciencias\",\"breadcrumb\":{\"@id\":\"https:\/\/amc.edu.mx\/amc2024\/contacto\/#breadcrumb\"},\"inLanguage\":\"es\",\"potentialAction\":[{\"@type\":\"ReadAction\",\"target\":[\"https:\/\/amc.edu.mx\/amc2024\/contacto\/\"]}]},{\"@type\":\"BreadcrumbList\",\"@id\":\"https:\/\/amc.edu.mx\/amc2024\/contacto\/#breadcrumb\",\"itemListElement\":[{\"@type\":\"ListItem\",\"position\":1,\"name\":\"Inicio\",\"item\":\"https:\/\/amc.edu.mx\/amc2024\/\"},{\"@type\":\"ListItem\",\"position\":2,\"name\":\"Contacto\"}]},{\"@type\":\"WebSite\",\"@id\":\"https:\/\/amc.edu.mx\/amc2024\/#website\",\"url\":\"https:\/\/amc.edu.mx\/amc2024\/\",\"name\":\"Academia Mexicana de Ciencias\",\"description\":\"ACADEMIA MEXICANA DE CIENCIAS\",\"publisher\":{\"@id\":\"https:\/\/amc.edu.mx\/amc2024\/#organization\"},\"alternateName\":\"AMC\",\"potentialAction\":[{\"@type\":\"SearchAction\",\"target\":{\"@type\":\"EntryPoint\",\"urlTemplate\":\"https:\/\/amc.edu.mx\/amc2024\/?s={search_term_string}\"},\"query-input\":\"required name=search_term_string\"}],\"inLanguage\":\"es\"},{\"@type\":\"Organization\",\"@id\":\"https:\/\/amc.edu.mx\/amc2024\/#organization\",\"name\":\"Academia Mexicana de Ciencias\",\"alternateName\":\"AMC\",\"url\":\"https:\/\/amc.edu.mx\/amc2024\/\",\"logo\":{\"@type\":\"ImageObject\",\"inLanguage\":\"es\",\"@id\":\"https:\/\/amc.edu.mx\/amc2024\/#\/schema\/logo\/image\/\",\"url\":\"https:\/\/amc.edu.mx\/amc2024\/wp-content\/uploads\/2023\/10\/logo_amc-1.png\",\"contentUrl\":\"https:\/\/amc.edu.mx\/amc2024\/wp-content\/uploads\/2023\/10\/logo_amc-1.png\",\"width\":455,\"height\":300,\"caption\":\"Academia Mexicana de Ciencias\"},\"image\":{\"@id\":\"https:\/\/amc.edu.mx\/amc2024\/#\/schema\/logo\/image\/\"},\"sameAs\":[\"https:\/\/www.facebook.com\/amciencias\",\"https:\/\/twitter.com\/amciencias\",\"https:\/\/www.instagram.com\/amciencias\",\"https:\/\/www.youtube.com\/@AMCiencias\",\"https:\/\/www.tiktok.com\/@amciencias\"]}]}<\/script>\n<!-- \/ Yoast SEO plugin. -->","yoast_head_json":{"title":"Contacto - Academia Mexicana de Ciencias","description":"Entra en contacto con la Academia Mexicana de Ciencias","robots":{"index":"noindex","follow":"follow","max-snippet":"max-snippet:-1","max-image-preview":"max-image-preview:large","max-video-preview":"max-video-preview:-1"},"og_locale":"es_MX","og_type":"article","og_title":"Contacto - Academia Mexicana de Ciencias","og_description":"Entra en contacto con la Academia Mexicana de Ciencias","og_url":"https:\/\/amc.edu.mx\/amc2024\/contacto\/","og_site_name":"Academia Mexicana de Ciencias","article_publisher":"https:\/\/www.facebook.com\/amciencias","article_modified_time":"2024-03-01T06:36:57+00:00","og_image":[{"url":"https:\/\/amc.edu.mx\/amc2024\/wp-content\/uploads\/2024\/03\/Academia-Mexicana-de-Ciencias-1024x680.jpeg"}],"twitter_card":"summary_large_image","twitter_site":"@amciencias","twitter_misc":{"Tiempo de lectura":"1 minuto"},"schema":{"@context":"https:\/\/schema.org","@graph":[{"@type":"WebPage","@id":"https:\/\/amc.edu.mx\/amc2024\/contacto\/","url":"https:\/\/amc.edu.mx\/amc2024\/contacto\/","name":"Contacto - Academia Mexicana de Ciencias","isPartOf":{"@id":"https:\/\/amc.edu.mx\/amc2024\/#website"},"datePublished":"2023-10-23T19:36:59+00:00","dateModified":"2024-03-01T06:36:57+00:00","description":"Entra en contacto con la Academia Mexicana de Ciencias","breadcrumb":{"@id":"https:\/\/amc.edu.mx\/amc2024\/contacto\/#breadcrumb"},"inLanguage":"es","potentialAction":[{"@type":"ReadAction","target":["https:\/\/amc.edu.mx\/amc2024\/contacto\/"]}]},{"@type":"BreadcrumbList","@id":"https:\/\/amc.edu.mx\/amc2024\/contacto\/#breadcrumb","itemListElement":[{"@type":"ListItem","position":1,"name":"Inicio","item":"https:\/\/amc.edu.mx\/amc2024\/"},{"@type":"ListItem","position":2,"name":"Contacto"}]},{"@type":"WebSite","@id":"https:\/\/amc.edu.mx\/amc2024\/#website","url":"https:\/\/amc.edu.mx\/amc2024\/","name":"Academia Mexicana de Ciencias","description":"ACADEMIA MEXICANA DE CIENCIAS","publisher":{"@id":"https:\/\/amc.edu.mx\/amc2024\/#organization"},"alternateName":"AMC","potentialAction":[{"@type":"SearchAction","target":{"@type":"EntryPoint","urlTemplate":"https:\/\/amc.edu.mx\/amc2024\/?s={search_term_string}"},"query-input":"required name=search_term_string"}],"inLanguage":"es"},{"@type":"Organization","@id":"https:\/\/amc.edu.mx\/amc2024\/#organization","name":"Academia Mexicana de Ciencias","alternateName":"AMC","url":"https:\/\/amc.edu.mx\/amc2024\/","logo":{"@type":"ImageObject","inLanguage":"es","@id":"https:\/\/amc.edu.mx\/amc2024\/#\/schema\/logo\/image\/","url":"https:\/\/amc.edu.mx\/amc2024\/wp-content\/uploads\/2023\/10\/logo_amc-1.png","contentUrl":"https:\/\/amc.edu.mx\/amc2024\/wp-content\/uploads\/2023\/10\/logo_amc-1.png","width":455,"height":300,"caption":"Academia Mexicana de Ciencias"},"image":{"@id":"https:\/\/amc.edu.mx\/amc2024\/#\/schema\/logo\/image\/"},"sameAs":["https:\/\/www.facebook.com\/amciencias","https:\/\/twitter.com\/amciencias","https:\/\/www.instagram.com\/amciencias","https:\/\/www.youtube.com\/@AMCiencias","https:\/\/www.tiktok.com\/@amciencias"]}]}},"_links":{"self":[{"href":"https:\/\/amc.edu.mx\/amc2024\/wp-json\/wp\/v2\/pages\/825","targetHints":{"allow":["GET"]}}],"collection":[{"href":"https:\/\/amc.edu.mx\/amc2024\/wp-json\/wp\/v2\/pages"}],"about":[{"href":"https:\/\/amc.edu.mx\/amc2024\/wp-json\/wp\/v2\/types\/page"}],"author":[{"embeddable":true,"href":"https:\/\/amc.edu.mx\/amc2024\/wp-json\/wp\/v2\/users\/1"}],"replies":[{"embeddable":true,"href":"https:\/\/amc.edu.mx\/amc2024\/wp-json\/wp\/v2\/comments?post=825"}],"version-history":[{"count":4,"href":"https:\/\/amc.edu.mx\/amc2024\/wp-json\/wp\/v2\/pages\/825\/revisions"}],"predecessor-version":[{"id":3867,"href":"https:\/\/amc.edu.mx\/amc2024\/wp-json\/wp\/v2\/pages\/825\/revisions\/3867"}],"wp:attachment":[{"href":"https:\/\/amc.edu.mx\/amc2024\/wp-json\/wp\/v2\/media?parent=825"}],"curies":[{"name":"wp","href":"https:\/\/api.w.org\/{rel}","templated":true}]}}