{"id":783,"date":"2023-10-24T00:32:22","date_gmt":"2023-10-23T18:32:22","guid":{"rendered":"https:\/\/amc.edu.mx\/amc2024\/?page_id=783"},"modified":"2024-03-01T21:07:17","modified_gmt":"2024-03-02T03:07:17","slug":"becas-para-mujeres-en-la-ciencias-sociales-y-las-humanidades","status":"publish","type":"page","link":"https:\/\/amc.edu.mx\/amc2024\/becas-para-mujeres-en-la-ciencias-sociales-y-las-humanidades\/","title":{"rendered":"Becas para Mujeres en la Ciencias Sociales y las Humanidades"},"content":{"rendered":"\n<div class=\"wp-block-columns is-layout-flex wp-container-core-columns-is-layout-9d6595d7 wp-block-columns-is-layout-flex\">\n<div class=\"wp-block-column is-layout-flow wp-block-column-is-layout-flow\" style=\"flex-basis:25%\"><nav class=\"is-responsive wp-block-navigation is-layout-flex wp-block-navigation-is-layout-flex\" aria-label=\"Men\u00fa-premios\" \n\t\t data-wp-interactive=\"core\/navigation\" data-wp-context='{\"overlayOpenedBy\":{\"click\":false,\"hover\":false,\"focus\":false},\"type\":\"overlay\",\"roleAttribute\":\"\",\"ariaLabel\":\"Men\\u00fa\"}'><button aria-haspopup=\"dialog\" aria-label=\"Abrir el men\u00fa\" class=\"wp-block-navigation__responsive-container-open\" \n\t\t\t\tdata-wp-on--click=\"actions.openMenuOnClick\"\n\t\t\t\tdata-wp-on--keydown=\"actions.handleMenuKeydown\"\n\t\t\t><svg width=\"24\" height=\"24\" xmlns=\"http:\/\/www.w3.org\/2000\/svg\" viewBox=\"0 0 24 24\" aria-hidden=\"true\" focusable=\"false\"><path d=\"M4 7.5h16v1.5H4z\"><\/path><path d=\"M4 15h16v1.5H4z\"><\/path><\/svg><\/button>\n\t\t\t\t<div class=\"wp-block-navigation__responsive-container\"  id=\"modal-1\" \n\t\t\t\tdata-wp-class--has-modal-open=\"state.isMenuOpen\"\n\t\t\t\tdata-wp-class--is-menu-open=\"state.isMenuOpen\"\n\t\t\t\tdata-wp-watch=\"callbacks.initMenu\"\n\t\t\t\tdata-wp-on--keydown=\"actions.handleMenuKeydown\"\n\t\t\t\tdata-wp-on--focusout=\"actions.handleMenuFocusout\"\n\t\t\t\ttabindex=\"-1\"\n\t\t\t>\n\t\t\t\t\t<div class=\"wp-block-navigation__responsive-close\" tabindex=\"-1\">\n\t\t\t\t\t\t<div class=\"wp-block-navigation__responsive-dialog\" \n\t\t\t\tdata-wp-bind--aria-modal=\"state.ariaModal\"\n\t\t\t\tdata-wp-bind--aria-label=\"state.ariaLabel\"\n\t\t\t\tdata-wp-bind--role=\"state.roleAttribute\"\n\t\t\t>\n\t\t\t\t\t\t\t<button aria-label=\"Cerrar el men\u00fa\" class=\"wp-block-navigation__responsive-container-close\" \n\t\t\t\tdata-wp-on--click=\"actions.closeMenuOnClick\"\n\t\t\t><svg xmlns=\"http:\/\/www.w3.org\/2000\/svg\" viewBox=\"0 0 24 24\" width=\"24\" height=\"24\" aria-hidden=\"true\" focusable=\"false\"><path d=\"m13.06 12 6.47-6.47-1.06-1.06L12 10.94 5.53 4.47 4.47 5.53 10.94 12l-6.47 6.47 1.06 1.06L12 13.06l6.47 6.47 1.06-1.06L13.06 12Z\"><\/path><\/svg><\/button>\n\t\t\t\t\t\t\t<div class=\"wp-block-navigation__responsive-container-content\" \n\t\t\t\tdata-wp-watch=\"callbacks.focusFirstElement\"\n\t\t\t id=\"modal-1-content\">\n\t\t\t\t\t\t\t\t<ul class=\"wp-block-navigation__container is-responsive wp-block-navigation\"><li class=\" wp-block-navigation-item wp-block-navigation-link\"><a class=\"wp-block-navigation-item__content\"  href=\"https:\/\/amc.edu.mx\/amc2024\/premios\/\"><span class=\"wp-block-navigation-item__label\">Premios<\/span><\/a><\/li><li class=\" wp-block-navigation-item wp-block-navigation-link\"><a class=\"wp-block-navigation-item__content\"  href=\"https:\/\/amc.edu.mx\/amc2024\/premios-de-investigacion-de-la-amc\/\"><span class=\"wp-block-navigation-item__label\">Premios de Investigaci\u00f3n de la AMC<\/span><\/a><\/li><li class=\" wp-block-navigation-item wp-block-navigation-link\"><a class=\"wp-block-navigation-item__content\"  href=\"https:\/\/amc.edu.mx\/amc2024\/premios-weizmann\/\"><span class=\"wp-block-navigation-item__label\">Premios Weizmann<\/span><\/a><\/li><li class=\" wp-block-navigation-item wp-block-navigation-link\"><a class=\"wp-block-navigation-item__content\"  href=\"https:\/\/amc.edu.mx\/amc2024\/becas-para-mujeres-en-la-ciencia-loreal-unesco-conacyt-amc\/\"><span class=\"wp-block-navigation-item__label\">Becas para Mujeres en la Ciencia L\u00b4Or\u00e9al-UNESCO-CONACYT\u2014AMC<\/span><\/a><\/li><li class=\" wp-block-navigation-item wp-block-navigation-link\"><a class=\"wp-block-navigation-item__content\"  href=\"https:\/\/amc.edu.mx\/amc2024\/premios-de-la-academia-a-las-mejores-tesis-de-doctorado-en-ciencias-sociales\/\"><span class=\"wp-block-navigation-item__label\">Premios de la Academia a las mejores tesis de doctorado en Ciencias Sociales y Humanidades<\/span><\/a><\/li><li class=\" wp-block-navigation-item wp-block-navigation-link\"><a class=\"wp-block-navigation-item__content\"  href=\"https:\/\/amc.edu.mx\/amc2024\/?page_id=783\"><span class=\"wp-block-navigation-item__label\">Becas para Mujeres en la Ciencias Sociales y las Humanidades<\/span><\/a><\/li><li class=\" wp-block-navigation-item wp-block-navigation-link\"><a class=\"wp-block-navigation-item__content\"  href=\"https:\/\/amc.edu.mx\/amc2024\/premio-jorge-lomnitz-adler\/\"><span class=\"wp-block-navigation-item__label\">Premio \u201cJorge Lomnitz Adler\u201d<\/span><\/a><\/li><\/ul>\n\t\t\t\t\t\t\t<\/div>\n\t\t\t\t\t\t<\/div>\n\t\t\t\t\t<\/div>\n\t\t\t\t<\/div><\/nav><\/div>\n\n\n\n<div class=\"wp-block-column is-layout-flow wp-block-column-is-layout-flow\" style=\"flex-basis:75%\">\n<p>La Academia Mexicana de Ciencias y el <a href=\"https:\/\/conahcyt.mx\/\" target=\"_blank\" rel=\"noreferrer noopener\">Consejo Nacional de Ciencia y Tecnolog\u00eda<\/a> instituyeron las &#8220;Becas para Mujeres en las Humanidades y las Ciencias Sociales&#8221; con el objetivo de promover a las mujeres en estas \u00e1reas y motivar a las j\u00f3venes cient\u00edficas mexicanas que no hayan cumplido 40 a\u00f1os, para progresar en la generaci\u00f3n de conocimiento.<br><br>Se otorgan anualmente dos becas destinadas a la realizaci\u00f3n de trabajos de investigaci\u00f3n cient\u00edfica a nivel posdoctorado, una en el \u00e1mbito de Ciencias Sociales y otra en Humanidades.<\/p>\n\n\n\n<details class=\"wp-block-details is-layout-flow wp-block-details-is-layout-flow\"><summary>Lista de Becas para las mujeres en las Humanidades y las Ciencias Sociales<\/summary>\n<p><strong>2010<\/strong><\/p>\n\n\n\n<p><strong>Ciencias sociales<br><\/strong>Abigail Rodr\u00edguez Nava<br>Departamento de Producci\u00f3n Econ\u00f3mica,&nbsp;UAM- Xochimilco<\/p>\n\n\n\n<p><strong>Humanidades<br><\/strong>Erica Elena Gonz\u00e1lez Apodaca<br>Centro de Investigaciones y Estudios Superiores en Antropolog\u00eda Social,&nbsp;Unidad Pac\u00edfico Sur, Oaxaca<\/p>\n\n\n\n<p><strong>2011<\/strong><\/p>\n\n\n\n<p><strong>Ciencias sociales<br><\/strong>Naxhelli Ruiz Rivera<br>Instituto de Geograf\u00eda de la Universidad Nacional Aut\u00f3noma de M\u00e9xico<\/p>\n\n\n\n<p><strong>Humanidades<br><\/strong>Claudia Paulina Machuca Ch\u00e1vez,&nbsp;Archivo hist\u00f3rico del Municipio de Colima<\/p>\n\n\n\n<p><strong>2012<\/strong><\/p>\n\n\n\n<p><strong>Ciencias Sociales<\/strong><br>Mar\u00eda Cristina G\u00f3mez Johnson<br>Departamento de Ciencias Sociales, Colegio de la Frontera Norte<\/p>\n\n\n\n<p><strong>Humanidades<\/strong><br>Liliana Mondrag\u00f3n Barrios<br>Instituto Nacional de Psiquiatr\u00eda \u201cRam\u00f3n de la Fuente Mu\u00f1iz\u201d<\/p>\n\n\n\n<p><strong>2013<\/strong><\/p>\n\n\n\n<p><strong>Ciencias Sociales<br><\/strong>Fabiola Sagrario Sosa Rodr\u00edguez<br>Departamento de Econom\u00eda , Universidad Aut\u00f3noma Metropolitana, Azcapotzalco<br><br><strong>Humanidades<\/strong><br>Alejandra Aquino Moreschi<br>Centro de Investigaciones y Estudios Superiores en Antropolog\u00eda Social CIESAS-Unidad Pac\u00edfico Sur<br><br><strong>2014<br><\/strong><br><strong>Ciencias Sociales<br><\/strong>Laura Beatriz Montes de Oca Barrera<br>Instituto de Investigaciones Sociales, Universidad Nacional Aut\u00f3noma de M\u00e9xico&nbsp;<\/p>\n\n\n\n<p><strong>Humanidades<br><\/strong>Laura Elena Romero L\u00f3pez<br>Escuela de Ciencias Sociales, Departamento de Antropolog\u00eda, Universidad de las Am\u00e9ricas &#8211; Puebla.<\/p>\n\n\n\n<p><strong>2015<\/strong><\/p>\n\n\n\n<p><strong>Ciencias Sociales<br><\/strong>Paola Velasco Santos<br>Instituto de Investigaciones Antropol\u00f3gicas, Universidad Nacional Aut\u00f3noma de M\u00e9xico&nbsp;<\/p>\n\n\n\n<p><strong>Humanidades<br><\/strong>Gabriela Garc\u00eda Salido<br>Departamento de Letras y Ling\u00fc\u00edstica, Universidad de Sonora<\/p>\n\n\n\n<p><strong>2016<\/strong>&nbsp;<\/p>\n\n\n\n<p><strong>Ciencias Sociales<br><\/strong>Elena Nava Morales<br>Instituto de Investigaciones Sociales, Universidad Nacional Aut\u00f3noma de M\u00e9xico<\/p>\n\n\n\n<p><strong>Humanidades<br><\/strong>Gema Karina Santamar\u00eda Balmaceda<br>Departamento Acad\u00e9mico de Estudios Internacionales, Instituto Tecnol\u00f3gico Aut\u00f3nomo de M\u00e9xico<\/p>\n\n\n\n<p><strong>2017<\/strong><\/p>\n\n\n\n<p><strong>Ciencias Sociales<br><\/strong>Sarai Miranda Ju\u00e1rez<br>Departamento de Sociedad y Cultura,&nbsp;El Colegio de la Frontera Sur<\/p>\n\n\n\n<p><strong>Humanidades<br><\/strong>Lidia Iris Rodr\u00edguez Rodr\u00edguez<br>Centro INAH Guanajuato, Secci\u00f3n de Arqueolog\u00eda,&nbsp;Instituto Nacional de Antropolog\u00eda e Historia<\/p>\n\n\n\n<p><strong>2018<\/strong><\/p>\n\n\n\n<p><strong>Humanidades<br><\/strong>Janett Vallejo Rom\u00e1n<br>Centro de investigaciones y Estudios Superiores en Antropolog\u00eda Social<br>Unidad Golfo<\/p>\n\n\n\n<p><strong>Ciencias Sociales<br><\/strong>Letizia Odeth Silva Ontiveros<br>Instituto de Geograf\u00eda<br>Universidad Nacional Aut\u00f3noma de M\u00e9xico<\/p>\n\n\n\n<p><strong>2019<\/strong><\/p>\n\n\n\n<p><strong>Ciencias Sociales<\/strong><br>Sarah Patricia Cerna Villagra<br>C\u00e1tedra Conacyt<br>Centro de Estudios Sociol\u00f3gicos<br>El Colegio de M\u00e9xico<br>&nbsp;<br><strong>Humanidades<\/strong><br>Marcela Venebra Mu\u00f1oz<br>Facultad de Humanidades<br>Universidad Aut\u00f3noma del Estado de M\u00e9xico<\/p>\n<\/details>\n\n\n\n<div style=\"height:30px\" aria-hidden=\"true\" class=\"wp-block-spacer\"><\/div>\n\n\n\n<p class=\"has-text-align-center btn-premios\"><a href=\"#\">Ganadoras 2019<\/a><\/p>\n\n\n\n<p class=\"has-text-align-center\">Convocatoria 2019<\/p>\n\n\n\n<div class=\"wp-block-columns is-layout-flex wp-container-core-columns-is-layout-9d6595d7 wp-block-columns-is-layout-flex\">\n<div class=\"wp-block-column informes is-layout-flow wp-block-column-is-layout-flow\">\n<p class=\"has-text-align-center\"><strong>Coordinaci\u00f3n \u00c1rea Premios<\/strong><br>Informes:\u00a0<a href=\"mailto:mbeatriz@unam.mx\">mbeatriz@unam.mx<\/a><\/p>\n<\/div>\n<\/div>\n<\/div>\n<\/div>\n","protected":false},"excerpt":{"rendered":"<p>La Academia Mexicana de Ciencias y el Consejo Nacional de Ciencia y Tecnolog\u00eda instituyeron las &#8220;Becas para Mujeres en las Humanidades y las Ciencias Sociales&#8221; con el objetivo de promover a las mujeres en estas \u00e1reas y motivar a las j\u00f3venes cient\u00edficas mexicanas que no hayan cumplido 40 a\u00f1os, para progresar en la generaci\u00f3n de conocimiento. Se otorgan anualmente dos becas destinadas a la realizaci\u00f3n de trabajos de investigaci\u00f3n cient\u00edfica a nivel posdoctorado, una en el \u00e1mbito de Ciencias Sociales y otra en Humanidades. Ganadoras 2019 Convocatoria 2019<\/p>\n","protected":false},"author":1,"featured_media":0,"parent":0,"menu_order":0,"comment_status":"closed","ping_status":"closed","template":"","meta":{"pgc_sgb_lightbox_settings":"","footnotes":""},"class_list":["post-783","page","type-page","status-publish","hentry"],"yoast_head":"<!-- This site is optimized with the Yoast SEO plugin v22.1 - https:\/\/yoast.com\/wordpress\/plugins\/seo\/ -->\n<title>Becas para Mujeres en la Ciencias Sociales y las Humanidades - Academia Mexicana de Ciencias<\/title>\n<meta name=\"description\" content=\"La AMC y el CONAHCYT con las &quot;Becas para Mujeres en las Humanidades y las Ciencias Sociales&quot;, motivan a las cient\u00edficas menores de 40 a\u00f1os\" \/>\n<meta name=\"robots\" content=\"noindex, follow, max-snippet:-1, max-image-preview:large, max-video-preview:-1\" \/>\n<meta property=\"og:locale\" content=\"es_MX\" \/>\n<meta property=\"og:type\" content=\"article\" \/>\n<meta property=\"og:title\" content=\"Becas para Mujeres en la Ciencias Sociales y las Humanidades - Academia Mexicana de Ciencias\" \/>\n<meta property=\"og:description\" content=\"La AMC y el CONAHCYT con las &quot;Becas para Mujeres en las Humanidades y las Ciencias Sociales&quot;, motivan a las cient\u00edficas menores de 40 a\u00f1os\" \/>\n<meta property=\"og:url\" content=\"https:\/\/amc.edu.mx\/amc2024\/becas-para-mujeres-en-la-ciencias-sociales-y-las-humanidades\/\" \/>\n<meta property=\"og:site_name\" content=\"Academia Mexicana de Ciencias\" \/>\n<meta property=\"article:publisher\" content=\"https:\/\/www.facebook.com\/amciencias\" \/>\n<meta property=\"article:modified_time\" content=\"2024-03-02T03:07:17+00:00\" \/>\n<meta name=\"twitter:card\" content=\"summary_large_image\" \/>\n<meta name=\"twitter:site\" content=\"@amciencias\" \/>\n<meta name=\"twitter:label1\" content=\"Tiempo de lectura\" \/>\n\t<meta name=\"twitter:data1\" content=\"4 minutos\" \/>\n<script type=\"application\/ld+json\" class=\"yoast-schema-graph\">{\"@context\":\"https:\/\/schema.org\",\"@graph\":[{\"@type\":\"WebPage\",\"@id\":\"https:\/\/amc.edu.mx\/amc2024\/becas-para-mujeres-en-la-ciencias-sociales-y-las-humanidades\/\",\"url\":\"https:\/\/amc.edu.mx\/amc2024\/becas-para-mujeres-en-la-ciencias-sociales-y-las-humanidades\/\",\"name\":\"Becas para Mujeres en la Ciencias Sociales y las Humanidades - Academia Mexicana de Ciencias\",\"isPartOf\":{\"@id\":\"https:\/\/amc.edu.mx\/amc2024\/#website\"},\"datePublished\":\"2023-10-23T18:32:22+00:00\",\"dateModified\":\"2024-03-02T03:07:17+00:00\",\"description\":\"La AMC y el CONAHCYT con las \\\"Becas para Mujeres en las Humanidades y las Ciencias Sociales\\\", motivan a las cient\u00edficas menores de 40 a\u00f1os\",\"breadcrumb\":{\"@id\":\"https:\/\/amc.edu.mx\/amc2024\/becas-para-mujeres-en-la-ciencias-sociales-y-las-humanidades\/#breadcrumb\"},\"inLanguage\":\"es\",\"potentialAction\":[{\"@type\":\"ReadAction\",\"target\":[\"https:\/\/amc.edu.mx\/amc2024\/becas-para-mujeres-en-la-ciencias-sociales-y-las-humanidades\/\"]}]},{\"@type\":\"BreadcrumbList\",\"@id\":\"https:\/\/amc.edu.mx\/amc2024\/becas-para-mujeres-en-la-ciencias-sociales-y-las-humanidades\/#breadcrumb\",\"itemListElement\":[{\"@type\":\"ListItem\",\"position\":1,\"name\":\"Inicio\",\"item\":\"https:\/\/amc.edu.mx\/amc2024\/\"},{\"@type\":\"ListItem\",\"position\":2,\"name\":\"Becas para Mujeres en la Ciencias Sociales y las Humanidades\"}]},{\"@type\":\"WebSite\",\"@id\":\"https:\/\/amc.edu.mx\/amc2024\/#website\",\"url\":\"https:\/\/amc.edu.mx\/amc2024\/\",\"name\":\"Academia Mexicana de Ciencias\",\"description\":\"ACADEMIA MEXICANA DE CIENCIAS\",\"publisher\":{\"@id\":\"https:\/\/amc.edu.mx\/amc2024\/#organization\"},\"alternateName\":\"AMC\",\"potentialAction\":[{\"@type\":\"SearchAction\",\"target\":{\"@type\":\"EntryPoint\",\"urlTemplate\":\"https:\/\/amc.edu.mx\/amc2024\/?s={search_term_string}\"},\"query-input\":\"required name=search_term_string\"}],\"inLanguage\":\"es\"},{\"@type\":\"Organization\",\"@id\":\"https:\/\/amc.edu.mx\/amc2024\/#organization\",\"name\":\"Academia Mexicana de Ciencias\",\"alternateName\":\"AMC\",\"url\":\"https:\/\/amc.edu.mx\/amc2024\/\",\"logo\":{\"@type\":\"ImageObject\",\"inLanguage\":\"es\",\"@id\":\"https:\/\/amc.edu.mx\/amc2024\/#\/schema\/logo\/image\/\",\"url\":\"https:\/\/amc.edu.mx\/amc2024\/wp-content\/uploads\/2023\/10\/logo_amc-1.png\",\"contentUrl\":\"https:\/\/amc.edu.mx\/amc2024\/wp-content\/uploads\/2023\/10\/logo_amc-1.png\",\"width\":455,\"height\":300,\"caption\":\"Academia Mexicana de Ciencias\"},\"image\":{\"@id\":\"https:\/\/amc.edu.mx\/amc2024\/#\/schema\/logo\/image\/\"},\"sameAs\":[\"https:\/\/www.facebook.com\/amciencias\",\"https:\/\/twitter.com\/amciencias\",\"https:\/\/www.instagram.com\/amciencias\",\"https:\/\/www.youtube.com\/@AMCiencias\",\"https:\/\/www.tiktok.com\/@amciencias\"]}]}<\/script>\n<!-- \/ Yoast SEO plugin. -->","yoast_head_json":{"title":"Becas para Mujeres en la Ciencias Sociales y las Humanidades - Academia Mexicana de Ciencias","description":"La AMC y el CONAHCYT con las \"Becas para Mujeres en las Humanidades y las Ciencias Sociales\", motivan a las cient\u00edficas menores de 40 a\u00f1os","robots":{"index":"noindex","follow":"follow","max-snippet":"max-snippet:-1","max-image-preview":"max-image-preview:large","max-video-preview":"max-video-preview:-1"},"og_locale":"es_MX","og_type":"article","og_title":"Becas para Mujeres en la Ciencias Sociales y las Humanidades - Academia Mexicana de Ciencias","og_description":"La AMC y el CONAHCYT con las \"Becas para Mujeres en las Humanidades y las Ciencias Sociales\", motivan a las cient\u00edficas menores de 40 a\u00f1os","og_url":"https:\/\/amc.edu.mx\/amc2024\/becas-para-mujeres-en-la-ciencias-sociales-y-las-humanidades\/","og_site_name":"Academia Mexicana de Ciencias","article_publisher":"https:\/\/www.facebook.com\/amciencias","article_modified_time":"2024-03-02T03:07:17+00:00","twitter_card":"summary_large_image","twitter_site":"@amciencias","twitter_misc":{"Tiempo de lectura":"4 minutos"},"schema":{"@context":"https:\/\/schema.org","@graph":[{"@type":"WebPage","@id":"https:\/\/amc.edu.mx\/amc2024\/becas-para-mujeres-en-la-ciencias-sociales-y-las-humanidades\/","url":"https:\/\/amc.edu.mx\/amc2024\/becas-para-mujeres-en-la-ciencias-sociales-y-las-humanidades\/","name":"Becas para Mujeres en la Ciencias Sociales y las Humanidades - Academia Mexicana de Ciencias","isPartOf":{"@id":"https:\/\/amc.edu.mx\/amc2024\/#website"},"datePublished":"2023-10-23T18:32:22+00:00","dateModified":"2024-03-02T03:07:17+00:00","description":"La AMC y el CONAHCYT con las \"Becas para Mujeres en las Humanidades y las Ciencias Sociales\", motivan a las cient\u00edficas menores de 40 a\u00f1os","breadcrumb":{"@id":"https:\/\/amc.edu.mx\/amc2024\/becas-para-mujeres-en-la-ciencias-sociales-y-las-humanidades\/#breadcrumb"},"inLanguage":"es","potentialAction":[{"@type":"ReadAction","target":["https:\/\/amc.edu.mx\/amc2024\/becas-para-mujeres-en-la-ciencias-sociales-y-las-humanidades\/"]}]},{"@type":"BreadcrumbList","@id":"https:\/\/amc.edu.mx\/amc2024\/becas-para-mujeres-en-la-ciencias-sociales-y-las-humanidades\/#breadcrumb","itemListElement":[{"@type":"ListItem","position":1,"name":"Inicio","item":"https:\/\/amc.edu.mx\/amc2024\/"},{"@type":"ListItem","position":2,"name":"Becas para Mujeres en la Ciencias Sociales y las Humanidades"}]},{"@type":"WebSite","@id":"https:\/\/amc.edu.mx\/amc2024\/#website","url":"https:\/\/amc.edu.mx\/amc2024\/","name":"Academia Mexicana de Ciencias","description":"ACADEMIA MEXICANA DE CIENCIAS","publisher":{"@id":"https:\/\/amc.edu.mx\/amc2024\/#organization"},"alternateName":"AMC","potentialAction":[{"@type":"SearchAction","target":{"@type":"EntryPoint","urlTemplate":"https:\/\/amc.edu.mx\/amc2024\/?s={search_term_string}"},"query-input":"required name=search_term_string"}],"inLanguage":"es"},{"@type":"Organization","@id":"https:\/\/amc.edu.mx\/amc2024\/#organization","name":"Academia Mexicana de Ciencias","alternateName":"AMC","url":"https:\/\/amc.edu.mx\/amc2024\/","logo":{"@type":"ImageObject","inLanguage":"es","@id":"https:\/\/amc.edu.mx\/amc2024\/#\/schema\/logo\/image\/","url":"https:\/\/amc.edu.mx\/amc2024\/wp-content\/uploads\/2023\/10\/logo_amc-1.png","contentUrl":"https:\/\/amc.edu.mx\/amc2024\/wp-content\/uploads\/2023\/10\/logo_amc-1.png","width":455,"height":300,"caption":"Academia Mexicana de Ciencias"},"image":{"@id":"https:\/\/amc.edu.mx\/amc2024\/#\/schema\/logo\/image\/"},"sameAs":["https:\/\/www.facebook.com\/amciencias","https:\/\/twitter.com\/amciencias","https:\/\/www.instagram.com\/amciencias","https:\/\/www.youtube.com\/@AMCiencias","https:\/\/www.tiktok.com\/@amciencias"]}]}},"_links":{"self":[{"href":"https:\/\/amc.edu.mx\/amc2024\/wp-json\/wp\/v2\/pages\/783","targetHints":{"allow":["GET"]}}],"collection":[{"href":"https:\/\/amc.edu.mx\/amc2024\/wp-json\/wp\/v2\/pages"}],"about":[{"href":"https:\/\/amc.edu.mx\/amc2024\/wp-json\/wp\/v2\/types\/page"}],"author":[{"embeddable":true,"href":"https:\/\/amc.edu.mx\/amc2024\/wp-json\/wp\/v2\/users\/1"}],"replies":[{"embeddable":true,"href":"https:\/\/amc.edu.mx\/amc2024\/wp-json\/wp\/v2\/comments?post=783"}],"version-history":[{"count":13,"href":"https:\/\/amc.edu.mx\/amc2024\/wp-json\/wp\/v2\/pages\/783\/revisions"}],"predecessor-version":[{"id":3979,"href":"https:\/\/amc.edu.mx\/amc2024\/wp-json\/wp\/v2\/pages\/783\/revisions\/3979"}],"wp:attachment":[{"href":"https:\/\/amc.edu.mx\/amc2024\/wp-json\/wp\/v2\/media?parent=783"}],"curies":[{"name":"wp","href":"https:\/\/api.w.org\/{rel}","templated":true}]}}