{"id":781,"date":"2023-10-24T00:31:58","date_gmt":"2023-10-23T18:31:58","guid":{"rendered":"https:\/\/amc.edu.mx\/amc2024\/?page_id=781"},"modified":"2024-02-29T15:31:04","modified_gmt":"2024-02-29T21:31:04","slug":"premios-de-la-academia-a-las-mejores-tesis-de-doctorado-en-ciencias-sociales-y-humanidades","status":"publish","type":"page","link":"https:\/\/amc.edu.mx\/amc2024\/premios-de-la-academia-a-las-mejores-tesis-de-doctorado-en-ciencias-sociales-y-humanidades\/","title":{"rendered":"Premios de la Academia a las mejores tesis de doctorado en Ciencias Sociales y Humanidades"},"content":{"rendered":"\n<div class=\"wp-block-columns is-layout-flex wp-container-core-columns-is-layout-9d6595d7 wp-block-columns-is-layout-flex\">\n<div class=\"wp-block-column is-layout-flow wp-block-column-is-layout-flow\" style=\"flex-basis:25%\"><nav class=\"is-responsive wp-block-navigation is-layout-flex wp-block-navigation-is-layout-flex\" aria-label=\"Men\u00fa-premios\" \n\t\t data-wp-interactive=\"core\/navigation\" data-wp-context='{\"overlayOpenedBy\":{\"click\":false,\"hover\":false,\"focus\":false},\"type\":\"overlay\",\"roleAttribute\":\"\",\"ariaLabel\":\"Men\\u00fa\"}'><button aria-haspopup=\"dialog\" aria-label=\"Abrir el men\u00fa\" class=\"wp-block-navigation__responsive-container-open\" \n\t\t\t\tdata-wp-on--click=\"actions.openMenuOnClick\"\n\t\t\t\tdata-wp-on--keydown=\"actions.handleMenuKeydown\"\n\t\t\t><svg width=\"24\" height=\"24\" xmlns=\"http:\/\/www.w3.org\/2000\/svg\" viewBox=\"0 0 24 24\" aria-hidden=\"true\" focusable=\"false\"><path d=\"M4 7.5h16v1.5H4z\"><\/path><path d=\"M4 15h16v1.5H4z\"><\/path><\/svg><\/button>\n\t\t\t\t<div class=\"wp-block-navigation__responsive-container\"  id=\"modal-1\" \n\t\t\t\tdata-wp-class--has-modal-open=\"state.isMenuOpen\"\n\t\t\t\tdata-wp-class--is-menu-open=\"state.isMenuOpen\"\n\t\t\t\tdata-wp-watch=\"callbacks.initMenu\"\n\t\t\t\tdata-wp-on--keydown=\"actions.handleMenuKeydown\"\n\t\t\t\tdata-wp-on--focusout=\"actions.handleMenuFocusout\"\n\t\t\t\ttabindex=\"-1\"\n\t\t\t>\n\t\t\t\t\t<div class=\"wp-block-navigation__responsive-close\" tabindex=\"-1\">\n\t\t\t\t\t\t<div class=\"wp-block-navigation__responsive-dialog\" \n\t\t\t\tdata-wp-bind--aria-modal=\"state.ariaModal\"\n\t\t\t\tdata-wp-bind--aria-label=\"state.ariaLabel\"\n\t\t\t\tdata-wp-bind--role=\"state.roleAttribute\"\n\t\t\t>\n\t\t\t\t\t\t\t<button aria-label=\"Cerrar el men\u00fa\" class=\"wp-block-navigation__responsive-container-close\" \n\t\t\t\tdata-wp-on--click=\"actions.closeMenuOnClick\"\n\t\t\t><svg xmlns=\"http:\/\/www.w3.org\/2000\/svg\" viewBox=\"0 0 24 24\" width=\"24\" height=\"24\" aria-hidden=\"true\" focusable=\"false\"><path d=\"m13.06 12 6.47-6.47-1.06-1.06L12 10.94 5.53 4.47 4.47 5.53 10.94 12l-6.47 6.47 1.06 1.06L12 13.06l6.47 6.47 1.06-1.06L13.06 12Z\"><\/path><\/svg><\/button>\n\t\t\t\t\t\t\t<div class=\"wp-block-navigation__responsive-container-content\" \n\t\t\t\tdata-wp-watch=\"callbacks.focusFirstElement\"\n\t\t\t id=\"modal-1-content\">\n\t\t\t\t\t\t\t\t<ul class=\"wp-block-navigation__container is-responsive wp-block-navigation\"><li class=\" wp-block-navigation-item wp-block-navigation-link\"><a class=\"wp-block-navigation-item__content\"  href=\"https:\/\/amc.edu.mx\/amc2024\/premios\/\"><span class=\"wp-block-navigation-item__label\">Premios<\/span><\/a><\/li><li class=\" wp-block-navigation-item wp-block-navigation-link\"><a class=\"wp-block-navigation-item__content\"  href=\"https:\/\/amc.edu.mx\/amc2024\/premios-de-investigacion-de-la-amc\/\"><span class=\"wp-block-navigation-item__label\">Premios de Investigaci\u00f3n de la AMC<\/span><\/a><\/li><li class=\" wp-block-navigation-item wp-block-navigation-link\"><a class=\"wp-block-navigation-item__content\"  href=\"https:\/\/amc.edu.mx\/amc2024\/premios-weizmann\/\"><span class=\"wp-block-navigation-item__label\">Premios Weizmann<\/span><\/a><\/li><li class=\" wp-block-navigation-item wp-block-navigation-link\"><a class=\"wp-block-navigation-item__content\"  href=\"https:\/\/amc.edu.mx\/amc2024\/becas-para-mujeres-en-la-ciencia-loreal-unesco-conacyt-amc\/\"><span class=\"wp-block-navigation-item__label\">Becas para Mujeres en la Ciencia L\u00b4Or\u00e9al-UNESCO-CONACYT\u2014AMC<\/span><\/a><\/li><li class=\" wp-block-navigation-item wp-block-navigation-link\"><a class=\"wp-block-navigation-item__content\"  href=\"https:\/\/amc.edu.mx\/amc2024\/premios-de-la-academia-a-las-mejores-tesis-de-doctorado-en-ciencias-sociales\/\"><span class=\"wp-block-navigation-item__label\">Premios de la Academia a las mejores tesis de doctorado en Ciencias Sociales y Humanidades<\/span><\/a><\/li><li class=\" wp-block-navigation-item wp-block-navigation-link\"><a class=\"wp-block-navigation-item__content\"  href=\"https:\/\/amc.edu.mx\/amc2024\/?page_id=783\"><span class=\"wp-block-navigation-item__label\">Becas para Mujeres en la Ciencias Sociales y las Humanidades<\/span><\/a><\/li><li class=\" wp-block-navigation-item wp-block-navigation-link\"><a class=\"wp-block-navigation-item__content\"  href=\"https:\/\/amc.edu.mx\/amc2024\/premio-jorge-lomnitz-adler\/\"><span class=\"wp-block-navigation-item__label\">Premio \u201cJorge Lomnitz Adler\u201d<\/span><\/a><\/li><\/ul>\n\t\t\t\t\t\t\t<\/div>\n\t\t\t\t\t\t<\/div>\n\t\t\t\t\t<\/div>\n\t\t\t\t<\/div><\/nav><\/div>\n\n\n\n<div class=\"wp-block-column is-layout-flow wp-block-column-is-layout-flow\" style=\"flex-basis:75%\">\n<p>Desde 1996, la Academia otorga el Premio a las mejores tesis de doctorado en las \u00e1reas de Ciencias Sociales y Humanidades para investigadores que no hayan cumplido en el caso de los hombres 38 a\u00f1os y para las mujeres 40 a\u00f1os y que hayan realizado su tesis en M\u00e9xico en alguna instituci\u00f3n acreditada.<\/p>\n\n\n\n<p>La convocatoria se realiza con nueve instituciones representativas de las ciencias sociales y Humanidades en M\u00e9xico: la Universidad Nacional Aut\u00f3noma de M\u00e9xico, la Universidad Aut\u00f3noma Metropolitana, El Colegio de M\u00e9xico, La Facultad Latinoamericana de Ciencias Sociales, el Centro de Investigaci\u00f3n y Docencia Econ\u00f3micas, el Instituto Jos\u00e9 Mar\u00eda Luis Mora, el Centro de Investigaciones y Estudios Superiores en Antropolog\u00eda Social, El Centro de Investigaciones y de Estudios Avanzados del IPN y el Instituto Nacional de Antropolog\u00eda e Historia.<\/p>\n\n\n\n<details class=\"wp-block-details is-layout-flow wp-block-details-is-layout-flow\"><summary>Lista de Premios de la Academia a las mejores tesis de Doctorado en Ciencias Sociales y Humanidades<\/summary>\n<p><strong>1996<\/strong><\/p>\n\n\n\n<p>Maestr\u00eda<br>Iv\u00e1n Ariel Franco C\u00e1ceres<\/p>\n\n\n\n<p>Maestria<br>Guadalupe del Carmen C\u00e1mara Guti\u00e9rrez<\/p>\n\n\n\n<p>Maestr\u00eda<br>Juan Carlos G\u00f3mez Mart\u00ednez<\/p>\n\n\n\n<p>Maestr\u00eda<br>Anabel Mart\u00ednez Guzm\u00e1n<\/p>\n\n\n\n<p>Maestr\u00eda<br>Laura Gingold Szostak<\/p>\n\n\n\n<p>Maestr\u00eda<br>Jos\u00e9 Andr\u00e9s Garc\u00eda Mendez<\/p>\n\n\n\n<p>Maestr\u00eda<br>Alicia G\u00f3mez L\u00f3pez<\/p>\n\n\n\n<p>Maestr\u00eda<br>Patricio Sol\u00eds Guti\u00e9rrez<\/p>\n\n\n\n<p>Doctorado<br>Clara Eugenia Salazar Cruz<\/p>\n\n\n\n<p>Maestr\u00eda<br>Humberto Palomares Le\u00f3n<\/p>\n\n\n\n<p>Maestr\u00eda<br>Adriana H. Larralde Corona<\/p>\n\n\n\n<p>Maestr\u00eda<br>Marcela Gleizer Salzman<\/p>\n\n\n\n<p>Doctorado<br>Fernando de Jes\u00fas Pliego Carrasco<\/p>\n\n\n\n<p>Maestr\u00eda<br>Walter Ra\u00fal Twanama Altamirano<\/p>\n\n\n\n<p>Maestr\u00eda<br>Mtro. Francisco Javier Donoso Maluf<\/p>\n\n\n\n<p>Maestr\u00eda<br>Mtro. Ismael Aguilar Benitez<\/p>\n\n\n\n<p>Maestr\u00eda<br>Jos\u00e9 Luis Velasco Cruz<\/p>\n\n\n\n<p><strong>1997<\/strong><\/p>\n\n\n\n<p>Maestr\u00eda<br>Esteban Alejandro Rossi Hansberg<\/p>\n\n\n\n<p>Doctorado<br>Alicia Mayer Gonz\u00e1lez<\/p>\n\n\n\n<p>Maestr\u00eda<br>Ma. de los Angeles Era\u00f1a Lagos<\/p>\n\n\n\n<p>Doctorado<br>Juan Luis Ram\u00edrez Torres<\/p>\n\n\n\n<p>Maestr\u00eda<br>Guadalupe Liliana Rivera S\u00e1nchez<\/p>\n\n\n\n<p>Doctorado<br>Mar\u00eda Eugenia de la O Mart\u00ednez<\/p>\n\n\n\n<p>Maestr\u00eda<br>Claudia Frisia Puebla Cadena<\/p>\n\n\n\n<p>Doctorado<br>Marina Emilia Ariza Castillo<\/p>\n\n\n\n<p>Doctorado<br>An\u00edbal Omar Viguera Guerstein<\/p>\n\n\n\n<p>Doctorado<br>Sergio L\u00f3pez Ayll\u00f3n<\/p>\n\n\n\n<p><strong>1998<\/strong><\/p>\n\n\n\n<p>Matilde Souto Mantec\u00f3n<\/p>\n\n\n\n<p>Mar\u00eda Alejandra Armesto Molina<\/p>\n\n\n\n<p>Noem\u00ed Luj\u00e1n Ponce<\/p>\n\n\n\n<p>Mar\u00eda del Pilar Mart\u00ednez L\u00f3pez-Cano<\/p>\n\n\n\n<p><strong>1999<\/strong><\/p>\n\n\n\n<p>Francisco Miranda L\u00f3pez<\/p>\n\n\n\n<p>Ismael Ledesma Mateos<\/p>\n\n\n\n<p>Erika Gabriela Pani Bano<\/p>\n\n\n\n<p><strong>2000<\/strong><\/p>\n\n\n\n<p>Diego Esteban Reynoso Sosa<\/p>\n\n\n\n<p>Elisa Speckman Guerra<\/p>\n\n\n\n<p>Manuela Camus Bergareche<\/p>\n\n\n\n<p>Laura Caso Barrera<\/p>\n\n\n\n<p><strong>2001<\/strong><\/p>\n\n\n\n<p>Mar\u00eda Cecilia Zuleta Miranda<\/p>\n\n\n\n<p>Alvaro L\u00f3pez L\u00f3pez<\/p>\n\n\n\n<p>Federico Navarrete Linares<\/p>\n\n\n\n<p>Enriqueta Mar\u00eda Quiroz Mu\u00f1oz<\/p>\n\n\n\n<p><strong>2002<\/strong><\/p>\n\n\n\n<p>Ana Lidia Garc\u00eda Pe\u00f1a<\/p>\n\n\n\n<p>Mar\u00eda del Roc\u00edo Casta\u00f1eda Gonz\u00e1lez<\/p>\n\n\n\n<p>Mar\u00eda Regina Mart\u00ednez Casas<\/p>\n\n\n\n<p>Mar\u00eda Teresa M\u00e1rquez Chang<\/p>\n\n\n\n<p><strong>2003<\/strong><\/p>\n\n\n\n<p>Sara In\u00e9s Ortelli Pellizzari<\/p>\n\n\n\n<p>Yolanda Mu\u00f1oz Gonz\u00e1lez<\/p>\n\n\n\n<p>Diana Birrichaga Gardida<\/p>\n\n\n\n<p>Ana Bertha Uribe Alvarado<\/p>\n\n\n\n<p><strong>2004<\/strong><\/p>\n\n\n\n<p>Antonio G\u00f3mez Nashiki<\/p>\n\n\n\n<p>Marco Antonio Samaniego L\u00f3pez<\/p>\n\n\n\n<p>Norma Ang\u00e9lica Cuevas Velasco<\/p>\n\n\n\n<p>Tabar\u00e9 Fern\u00e1ndez Aguerre<\/p>\n\n\n\n<p><strong>2005<\/strong><\/p>\n\n\n\n<p>Francisco Ibarra Palafox<\/p>\n\n\n\n<p>Abigail Rodr\u00edguez Nava<\/p>\n\n\n\n<p>Ramfis Ay\u00fas Reyes<\/p>\n\n\n\n<p>Jorge Enrique Linares Salgado<\/p>\n\n\n\n<p><strong>2006<\/strong><\/p>\n\n\n\n<p>V\u00edctor Manuel T\u00e9llez Lozano<\/p>\n\n\n\n<p>Mart\u00edn Retamozo Ben\u00edtez<\/p>\n\n\n\n<p>Isabel Avella Alaminos<\/p>\n\n\n\n<p>Thelma Ana Mar\u00eda Camacho Morf\u00edn<\/p>\n\n\n\n<p><strong>2007<\/strong><\/p>\n\n\n\n<p>Carlos Antarami\u00e1n Salas<\/p>\n\n\n\n<p>Manuel Su\u00e1rez Lastra<\/p>\n\n\n\n<p>Amaury Alejandro Garc\u00eda Rodr\u00edguez<\/p>\n\n\n\n<p><strong>2008<\/strong><\/p>\n\n\n\n<p>Jos\u00e9 de Jes\u00fas Hern\u00e1ndez L\u00f3pez<\/p>\n\n\n\n<p>Johann Philipp Hillenbrand<\/p>\n\n\n\n<p>Daniel Alejandro Kersffeld Demner<\/p>\n\n\n\n<p>Susana Luisa Sosenski Correa<\/p>\n\n\n\n<p><strong>2009<\/strong><\/p>\n\n\n\n<p>Shinji Hirai<\/p>\n\n\n\n<p>Manolo Estuardo Vela Casta\u00f1eda<\/p>\n\n\n\n<p>Marisol Luna Ch\u00e1vez<\/p>\n\n\n\n<p>Mar\u00eda Dolores Lorenzo R\u00edo<\/p>\n\n\n\n<p><strong>2010<\/strong><\/p>\n\n\n\n<p>Mar\u00eda Jes\u00fas P\u00e9rez Garc\u00eda<\/p>\n\n\n\n<p>Fabiola Sagrario Sosa Rodr\u00edguez<\/p>\n\n\n\n<p>Erik Vel\u00e1squez Garc\u00eda<\/p>\n\n\n\n<p>Miguel Antonio Ziri\u00f3n P\u00e9rez<\/p>\n\n\n\n<p><strong>2011<\/strong><\/p>\n\n\n\n<p>Eduardo Valent\u00edn de la Parra Trujillo<\/p>\n\n\n\n<p>Carmen Rosa Rea Campos<\/p>\n\n\n\n<p>Rie Arimura Kamimura<\/p>\n\n\n\n<p>Ana Guadalupe D\u00edaz \u00c1lvarez<\/p>\n\n\n\n<p><strong>2012<\/strong><\/p>\n\n\n\n<p>Valeria Mill\u00e1n R\u00edos<\/p>\n\n\n\n<p>Natalia Isabel D&#8217;Angelo<\/p>\n\n\n\n<p>Aurelia Valero Pie<\/p>\n\n\n\n<p>Antonio Rodr\u00edguez Alcal\u00e1<\/p>\n\n\n\n<p><strong>2013<\/strong><\/p>\n\n\n\n<p>Claudia Liliana Guti\u00e9rrez Pi\u00f1a<\/p>\n\n\n\n<p>Estela Castillo Hern\u00e1ndez<\/p>\n\n\n\n<p>Fabiana Esp\u00edndola Ferrer<\/p>\n\n\n\n<p>Fiorella Mancini<br><\/p>\n\n\n\n<p><strong>2014<br><\/strong>Natalia Leonor de Marinis<\/p>\n\n\n\n<p>Valentina Glockner Fagetti<\/p>\n\n\n\n<p>Gerardo Mart\u00ednez Delgado<\/p>\n\n\n\n<p>Mar\u00eda Jos\u00e9 Ramos de Hoyos&nbsp;<\/p>\n\n\n\n<p><strong>2015<\/strong><\/p>\n\n\n\n<p>Andrew F\u00e9lix Boni Noguez<\/p>\n\n\n\n<p>Karina Berenice B\u00e1rcenas Barajas<\/p>\n\n\n\n<p>Rodrigo Alejandro de la O Torres<\/p>\n\n\n\n<p>Claudia Elizabeth Delgado Ram\u00edrez<\/p>\n\n\n\n<p><strong>2016<\/strong><\/p>\n\n\n\n<p>Guadalupe Irene Ju\u00e1rez Ortiz<\/p>\n\n\n\n<p>Bruno Felipe de Souza e Miranda<\/p>\n\n\n\n<p>Natalia Radetich Filnich<\/p>\n\n\n\n<p>Juan Carlos Garc\u00eda Cruz&nbsp;<\/p>\n\n\n\n<p><strong>2017<\/strong><\/p>\n\n\n\n<p>C\u00e9sar Augusto Ricardi Morgavi<\/p>\n\n\n\n<p>Velvet Romero Garc\u00eda<\/p>\n\n\n\n<p>Mar\u00eda Graciela Le\u00f3n Matamoros<\/p>\n\n\n\n<p>\u00d3scar Javier Gonz\u00e1lez Molina<\/p>\n\n\n\n<p><strong>2018<\/strong><\/p>\n\n\n\n<p>David Luj\u00e1n Ver\u00f3n<br><br>Vicente Moctezuma Mendoza<\/p>\n\n\n\n<p>Diego Carlo Am\u00e9ndolla Sp\u00ednola<\/p>\n\n\n\n<p>Raquel Er\u00e9ndira G\u00fcereca Dur\u00e1n&nbsp;<\/p>\n\n\n\n<p><strong>2020<\/strong><\/p>\n\n\n\n<p>Paloma Villag\u00f3mez Ornelas<\/p>\n\n\n\n<p>Nayeli Mart\u00ednez Vel\u00e1zquez<\/p>\n\n\n\n<p>Omar Olivares Sandoval<\/p>\n\n\n\n<p>Sa\u00fal Espino Armend\u00e1riz<\/p>\n\n\n\n<p><strong>2021&nbsp;<\/strong><\/p>\n\n\n\n<p>Miguel Angel Monteverde \u00c1valos<\/p>\n\n\n\n<p>Omar de la Cruz Carrillo<\/p>\n\n\n\n<p>Malinalli Hern\u00e1ndez Rivera<\/p>\n\n\n\n<p>Mart\u00edn Humberto Gonz\u00e1lez Romero<\/p>\n<\/details>\n\n\n\n<div style=\"height:30px\" aria-hidden=\"true\" class=\"wp-block-spacer\"><\/div>\n\n\n\n<p class=\"has-text-align-center btn-premios\"><a href=\"#\">Ganadores a las mejores tesis de Doctorado en Ciencias Sociales y Humanidades 2022<\/a><\/p>\n\n\n\n<p class=\"has-text-align-center\"><a href=\"#\">Convocatoria 2023<\/a><\/p>\n\n\n\n<div class=\"wp-block-columns is-layout-flex wp-container-core-columns-is-layout-9d6595d7 wp-block-columns-is-layout-flex\">\n<div class=\"wp-block-column informes is-layout-flow wp-block-column-is-layout-flow\">\n<p class=\"has-text-align-center\"><strong>Coordinaci\u00f3n \u00c1rea Premios<\/strong><br>Informes:\u00a0<a href=\"mailto:mbeatriz@unam.mx\">mbeatriz@unam.mx<\/a><\/p>\n<\/div>\n<\/div>\n<\/div>\n<\/div>\n","protected":false},"excerpt":{"rendered":"<p>Desde 1996, la Academia otorga el Premio a las mejores tesis de doctorado en las \u00e1reas de Ciencias Sociales y Humanidades para investigadores que no hayan cumplido en el caso de los hombres 38 a\u00f1os y para las mujeres 40 a\u00f1os y que hayan realizado su tesis en M\u00e9xico en alguna instituci\u00f3n acreditada. La convocatoria se realiza con nueve instituciones representativas de las ciencias sociales y Humanidades en M\u00e9xico: la Universidad Nacional Aut\u00f3noma de M\u00e9xico, la Universidad Aut\u00f3noma Metropolitana, El Colegio de M\u00e9xico, La Facultad Latinoamericana de Ciencias Sociales, el Centro de Investigaci\u00f3n y Docencia Econ\u00f3micas, el Instituto Jos\u00e9 Mar\u00eda Luis Mora, el Centro de Investigaciones y Estudios Superiores en Antropolog\u00eda Social, El Centro de Investigaciones y de Estudios Avanzados del IPN y el Instituto Nacional de Antropolog\u00eda e Historia. Ganadores a las mejores tesis de Doctorado en Ciencias Sociales y Humanidades 2022 Convocatoria 2023<\/p>\n","protected":false},"author":1,"featured_media":0,"parent":0,"menu_order":0,"comment_status":"closed","ping_status":"closed","template":"","meta":{"pgc_sgb_lightbox_settings":"","footnotes":""},"class_list":["post-781","page","type-page","status-publish","hentry"],"yoast_head":"<!-- This site is optimized with the Yoast SEO plugin v22.1 - https:\/\/yoast.com\/wordpress\/plugins\/seo\/ -->\n<title>Premios de la Academia a las mejores tesis de doctorado en Ciencias Sociales y Humanidades - Academia Mexicana de Ciencias<\/title>\n<meta name=\"description\" content=\"Desde 1996, la Academia otorga el Premio a las mejores tesis de doctorado en las \u00e1reas de Ciencias Sociales y Humanidades para investigadores\" \/>\n<meta name=\"robots\" content=\"noindex, follow, max-snippet:-1, max-image-preview:large, max-video-preview:-1\" \/>\n<meta property=\"og:locale\" content=\"es_MX\" \/>\n<meta property=\"og:type\" content=\"article\" \/>\n<meta property=\"og:title\" content=\"Premios de la Academia a las mejores tesis de doctorado en Ciencias Sociales y Humanidades - Academia Mexicana de Ciencias\" \/>\n<meta property=\"og:description\" content=\"Desde 1996, la Academia otorga el Premio a las mejores tesis de doctorado en las \u00e1reas de Ciencias Sociales y Humanidades para investigadores\" \/>\n<meta property=\"og:url\" content=\"https:\/\/amc.edu.mx\/amc2024\/premios-de-la-academia-a-las-mejores-tesis-de-doctorado-en-ciencias-sociales-y-humanidades\/\" \/>\n<meta property=\"og:site_name\" content=\"Academia Mexicana de Ciencias\" \/>\n<meta property=\"article:publisher\" content=\"https:\/\/www.facebook.com\/amciencias\" \/>\n<meta property=\"article:modified_time\" content=\"2024-02-29T21:31:04+00:00\" \/>\n<meta name=\"twitter:card\" content=\"summary_large_image\" \/>\n<meta name=\"twitter:site\" content=\"@amciencias\" \/>\n<meta name=\"twitter:label1\" content=\"Tiempo de lectura\" \/>\n\t<meta name=\"twitter:data1\" content=\"6 minutos\" \/>\n<script type=\"application\/ld+json\" class=\"yoast-schema-graph\">{\"@context\":\"https:\/\/schema.org\",\"@graph\":[{\"@type\":\"WebPage\",\"@id\":\"https:\/\/amc.edu.mx\/amc2024\/premios-de-la-academia-a-las-mejores-tesis-de-doctorado-en-ciencias-sociales-y-humanidades\/\",\"url\":\"https:\/\/amc.edu.mx\/amc2024\/premios-de-la-academia-a-las-mejores-tesis-de-doctorado-en-ciencias-sociales-y-humanidades\/\",\"name\":\"Premios de la Academia a las mejores tesis de doctorado en Ciencias Sociales y Humanidades - Academia Mexicana de Ciencias\",\"isPartOf\":{\"@id\":\"https:\/\/amc.edu.mx\/amc2024\/#website\"},\"datePublished\":\"2023-10-23T18:31:58+00:00\",\"dateModified\":\"2024-02-29T21:31:04+00:00\",\"description\":\"Desde 1996, la Academia otorga el Premio a las mejores tesis de doctorado en las \u00e1reas de Ciencias Sociales y Humanidades para investigadores\",\"breadcrumb\":{\"@id\":\"https:\/\/amc.edu.mx\/amc2024\/premios-de-la-academia-a-las-mejores-tesis-de-doctorado-en-ciencias-sociales-y-humanidades\/#breadcrumb\"},\"inLanguage\":\"es\",\"potentialAction\":[{\"@type\":\"ReadAction\",\"target\":[\"https:\/\/amc.edu.mx\/amc2024\/premios-de-la-academia-a-las-mejores-tesis-de-doctorado-en-ciencias-sociales-y-humanidades\/\"]}]},{\"@type\":\"BreadcrumbList\",\"@id\":\"https:\/\/amc.edu.mx\/amc2024\/premios-de-la-academia-a-las-mejores-tesis-de-doctorado-en-ciencias-sociales-y-humanidades\/#breadcrumb\",\"itemListElement\":[{\"@type\":\"ListItem\",\"position\":1,\"name\":\"Inicio\",\"item\":\"https:\/\/amc.edu.mx\/amc2024\/\"},{\"@type\":\"ListItem\",\"position\":2,\"name\":\"Premios de la Academia a las mejores tesis de doctorado en Ciencias Sociales y Humanidades\"}]},{\"@type\":\"WebSite\",\"@id\":\"https:\/\/amc.edu.mx\/amc2024\/#website\",\"url\":\"https:\/\/amc.edu.mx\/amc2024\/\",\"name\":\"Academia Mexicana de Ciencias\",\"description\":\"ACADEMIA MEXICANA DE CIENCIAS\",\"publisher\":{\"@id\":\"https:\/\/amc.edu.mx\/amc2024\/#organization\"},\"alternateName\":\"AMC\",\"potentialAction\":[{\"@type\":\"SearchAction\",\"target\":{\"@type\":\"EntryPoint\",\"urlTemplate\":\"https:\/\/amc.edu.mx\/amc2024\/?s={search_term_string}\"},\"query-input\":\"required name=search_term_string\"}],\"inLanguage\":\"es\"},{\"@type\":\"Organization\",\"@id\":\"https:\/\/amc.edu.mx\/amc2024\/#organization\",\"name\":\"Academia Mexicana de Ciencias\",\"alternateName\":\"AMC\",\"url\":\"https:\/\/amc.edu.mx\/amc2024\/\",\"logo\":{\"@type\":\"ImageObject\",\"inLanguage\":\"es\",\"@id\":\"https:\/\/amc.edu.mx\/amc2024\/#\/schema\/logo\/image\/\",\"url\":\"https:\/\/amc.edu.mx\/amc2024\/wp-content\/uploads\/2023\/10\/logo_amc-1.png\",\"contentUrl\":\"https:\/\/amc.edu.mx\/amc2024\/wp-content\/uploads\/2023\/10\/logo_amc-1.png\",\"width\":455,\"height\":300,\"caption\":\"Academia Mexicana de Ciencias\"},\"image\":{\"@id\":\"https:\/\/amc.edu.mx\/amc2024\/#\/schema\/logo\/image\/\"},\"sameAs\":[\"https:\/\/www.facebook.com\/amciencias\",\"https:\/\/twitter.com\/amciencias\",\"https:\/\/www.instagram.com\/amciencias\",\"https:\/\/www.youtube.com\/@AMCiencias\",\"https:\/\/www.tiktok.com\/@amciencias\"]}]}<\/script>\n<!-- \/ Yoast SEO plugin. -->","yoast_head_json":{"title":"Premios de la Academia a las mejores tesis de doctorado en Ciencias Sociales y Humanidades - Academia Mexicana de Ciencias","description":"Desde 1996, la Academia otorga el Premio a las mejores tesis de doctorado en las \u00e1reas de Ciencias Sociales y Humanidades para investigadores","robots":{"index":"noindex","follow":"follow","max-snippet":"max-snippet:-1","max-image-preview":"max-image-preview:large","max-video-preview":"max-video-preview:-1"},"og_locale":"es_MX","og_type":"article","og_title":"Premios de la Academia a las mejores tesis de doctorado en Ciencias Sociales y Humanidades - Academia Mexicana de Ciencias","og_description":"Desde 1996, la Academia otorga el Premio a las mejores tesis de doctorado en las \u00e1reas de Ciencias Sociales y Humanidades para investigadores","og_url":"https:\/\/amc.edu.mx\/amc2024\/premios-de-la-academia-a-las-mejores-tesis-de-doctorado-en-ciencias-sociales-y-humanidades\/","og_site_name":"Academia Mexicana de Ciencias","article_publisher":"https:\/\/www.facebook.com\/amciencias","article_modified_time":"2024-02-29T21:31:04+00:00","twitter_card":"summary_large_image","twitter_site":"@amciencias","twitter_misc":{"Tiempo de lectura":"6 minutos"},"schema":{"@context":"https:\/\/schema.org","@graph":[{"@type":"WebPage","@id":"https:\/\/amc.edu.mx\/amc2024\/premios-de-la-academia-a-las-mejores-tesis-de-doctorado-en-ciencias-sociales-y-humanidades\/","url":"https:\/\/amc.edu.mx\/amc2024\/premios-de-la-academia-a-las-mejores-tesis-de-doctorado-en-ciencias-sociales-y-humanidades\/","name":"Premios de la Academia a las mejores tesis de doctorado en Ciencias Sociales y Humanidades - Academia Mexicana de Ciencias","isPartOf":{"@id":"https:\/\/amc.edu.mx\/amc2024\/#website"},"datePublished":"2023-10-23T18:31:58+00:00","dateModified":"2024-02-29T21:31:04+00:00","description":"Desde 1996, la Academia otorga el Premio a las mejores tesis de doctorado en las \u00e1reas de Ciencias Sociales y Humanidades para investigadores","breadcrumb":{"@id":"https:\/\/amc.edu.mx\/amc2024\/premios-de-la-academia-a-las-mejores-tesis-de-doctorado-en-ciencias-sociales-y-humanidades\/#breadcrumb"},"inLanguage":"es","potentialAction":[{"@type":"ReadAction","target":["https:\/\/amc.edu.mx\/amc2024\/premios-de-la-academia-a-las-mejores-tesis-de-doctorado-en-ciencias-sociales-y-humanidades\/"]}]},{"@type":"BreadcrumbList","@id":"https:\/\/amc.edu.mx\/amc2024\/premios-de-la-academia-a-las-mejores-tesis-de-doctorado-en-ciencias-sociales-y-humanidades\/#breadcrumb","itemListElement":[{"@type":"ListItem","position":1,"name":"Inicio","item":"https:\/\/amc.edu.mx\/amc2024\/"},{"@type":"ListItem","position":2,"name":"Premios de la Academia a las mejores tesis de doctorado en Ciencias Sociales y Humanidades"}]},{"@type":"WebSite","@id":"https:\/\/amc.edu.mx\/amc2024\/#website","url":"https:\/\/amc.edu.mx\/amc2024\/","name":"Academia Mexicana de Ciencias","description":"ACADEMIA MEXICANA DE CIENCIAS","publisher":{"@id":"https:\/\/amc.edu.mx\/amc2024\/#organization"},"alternateName":"AMC","potentialAction":[{"@type":"SearchAction","target":{"@type":"EntryPoint","urlTemplate":"https:\/\/amc.edu.mx\/amc2024\/?s={search_term_string}"},"query-input":"required name=search_term_string"}],"inLanguage":"es"},{"@type":"Organization","@id":"https:\/\/amc.edu.mx\/amc2024\/#organization","name":"Academia Mexicana de Ciencias","alternateName":"AMC","url":"https:\/\/amc.edu.mx\/amc2024\/","logo":{"@type":"ImageObject","inLanguage":"es","@id":"https:\/\/amc.edu.mx\/amc2024\/#\/schema\/logo\/image\/","url":"https:\/\/amc.edu.mx\/amc2024\/wp-content\/uploads\/2023\/10\/logo_amc-1.png","contentUrl":"https:\/\/amc.edu.mx\/amc2024\/wp-content\/uploads\/2023\/10\/logo_amc-1.png","width":455,"height":300,"caption":"Academia Mexicana de Ciencias"},"image":{"@id":"https:\/\/amc.edu.mx\/amc2024\/#\/schema\/logo\/image\/"},"sameAs":["https:\/\/www.facebook.com\/amciencias","https:\/\/twitter.com\/amciencias","https:\/\/www.instagram.com\/amciencias","https:\/\/www.youtube.com\/@AMCiencias","https:\/\/www.tiktok.com\/@amciencias"]}]}},"_links":{"self":[{"href":"https:\/\/amc.edu.mx\/amc2024\/wp-json\/wp\/v2\/pages\/781","targetHints":{"allow":["GET"]}}],"collection":[{"href":"https:\/\/amc.edu.mx\/amc2024\/wp-json\/wp\/v2\/pages"}],"about":[{"href":"https:\/\/amc.edu.mx\/amc2024\/wp-json\/wp\/v2\/types\/page"}],"author":[{"embeddable":true,"href":"https:\/\/amc.edu.mx\/amc2024\/wp-json\/wp\/v2\/users\/1"}],"replies":[{"embeddable":true,"href":"https:\/\/amc.edu.mx\/amc2024\/wp-json\/wp\/v2\/comments?post=781"}],"version-history":[{"count":11,"href":"https:\/\/amc.edu.mx\/amc2024\/wp-json\/wp\/v2\/pages\/781\/revisions"}],"predecessor-version":[{"id":3691,"href":"https:\/\/amc.edu.mx\/amc2024\/wp-json\/wp\/v2\/pages\/781\/revisions\/3691"}],"wp:attachment":[{"href":"https:\/\/amc.edu.mx\/amc2024\/wp-json\/wp\/v2\/media?parent=781"}],"curies":[{"name":"wp","href":"https:\/\/api.w.org\/{rel}","templated":true}]}}