{"id":743,"date":"2023-10-24T00:13:26","date_gmt":"2023-10-23T18:13:26","guid":{"rendered":"https:\/\/amc.edu.mx\/amc2024\/?page_id=743"},"modified":"2024-02-27T23:28:01","modified_gmt":"2024-02-28T05:28:01","slug":"conferencias-de-miembros-correspondientes","status":"publish","type":"page","link":"https:\/\/amc.edu.mx\/amc2024\/conferencias-de-miembros-correspondientes\/","title":{"rendered":"Conferencias de miembros correspondientes"},"content":{"rendered":"\n<div class=\"wp-block-columns is-layout-flex wp-container-core-columns-is-layout-9d6595d7 wp-block-columns-is-layout-flex\">\n<div class=\"wp-block-column is-layout-flow wp-block-column-is-layout-flow\" style=\"flex-basis:25%\"><nav class=\"is-responsive wp-block-navigation is-layout-flex wp-block-navigation-is-layout-flex\" aria-label=\"Men\u00fa-divulgaci\u00f3n\" \n\t\t data-wp-interactive=\"core\/navigation\" data-wp-context='{\"overlayOpenedBy\":{\"click\":false,\"hover\":false,\"focus\":false},\"type\":\"overlay\",\"roleAttribute\":\"\",\"ariaLabel\":\"Men\\u00fa\"}'><button aria-haspopup=\"dialog\" aria-label=\"Abrir el men\u00fa\" class=\"wp-block-navigation__responsive-container-open\" \n\t\t\t\tdata-wp-on--click=\"actions.openMenuOnClick\"\n\t\t\t\tdata-wp-on--keydown=\"actions.handleMenuKeydown\"\n\t\t\t><svg width=\"24\" height=\"24\" xmlns=\"http:\/\/www.w3.org\/2000\/svg\" viewBox=\"0 0 24 24\" aria-hidden=\"true\" focusable=\"false\"><path d=\"M4 7.5h16v1.5H4z\"><\/path><path d=\"M4 15h16v1.5H4z\"><\/path><\/svg><\/button>\n\t\t\t\t<div class=\"wp-block-navigation__responsive-container\"  id=\"modal-1\" \n\t\t\t\tdata-wp-class--has-modal-open=\"state.isMenuOpen\"\n\t\t\t\tdata-wp-class--is-menu-open=\"state.isMenuOpen\"\n\t\t\t\tdata-wp-watch=\"callbacks.initMenu\"\n\t\t\t\tdata-wp-on--keydown=\"actions.handleMenuKeydown\"\n\t\t\t\tdata-wp-on--focusout=\"actions.handleMenuFocusout\"\n\t\t\t\ttabindex=\"-1\"\n\t\t\t>\n\t\t\t\t\t<div class=\"wp-block-navigation__responsive-close\" tabindex=\"-1\">\n\t\t\t\t\t\t<div class=\"wp-block-navigation__responsive-dialog\" \n\t\t\t\tdata-wp-bind--aria-modal=\"state.ariaModal\"\n\t\t\t\tdata-wp-bind--aria-label=\"state.ariaLabel\"\n\t\t\t\tdata-wp-bind--role=\"state.roleAttribute\"\n\t\t\t>\n\t\t\t\t\t\t\t<button aria-label=\"Cerrar el men\u00fa\" class=\"wp-block-navigation__responsive-container-close\" \n\t\t\t\tdata-wp-on--click=\"actions.closeMenuOnClick\"\n\t\t\t><svg xmlns=\"http:\/\/www.w3.org\/2000\/svg\" viewBox=\"0 0 24 24\" width=\"24\" height=\"24\" aria-hidden=\"true\" focusable=\"false\"><path d=\"m13.06 12 6.47-6.47-1.06-1.06L12 10.94 5.53 4.47 4.47 5.53 10.94 12l-6.47 6.47 1.06 1.06L12 13.06l6.47 6.47 1.06-1.06L13.06 12Z\"><\/path><\/svg><\/button>\n\t\t\t\t\t\t\t<div class=\"wp-block-navigation__responsive-container-content\" \n\t\t\t\tdata-wp-watch=\"callbacks.focusFirstElement\"\n\t\t\t id=\"modal-1-content\">\n\t\t\t\t\t\t\t\t<ul class=\"wp-block-navigation__container is-responsive wp-block-navigation\"><li class=\" wp-block-navigation-item wp-block-navigation-link\"><a class=\"wp-block-navigation-item__content\"  href=\"https:\/\/amc.edu.mx\/amc2024\/divulgacion\/\"><span class=\"wp-block-navigation-item__label\">Divulgaci\u00f3n<\/span><\/a><\/li><li class=\" wp-block-navigation-item wp-block-navigation-link\"><a class=\"wp-block-navigation-item__content\"  href=\"https:\/\/amc.edu.mx\/amc2024\/cita\/\"><span class=\"wp-block-navigation-item__label\">Ciencia, Innovaci\u00f3n, Tecnolog\u00eda y Academia, C.I.T.A.<\/span><\/a><\/li><li class=\" wp-block-navigation-item wp-block-navigation-link\"><a class=\"wp-block-navigation-item__content\"  href=\"https:\/\/amc.edu.mx\/amc2024\/tu-mundo-conciencia\/\"><span class=\"wp-block-navigation-item__label\">Tu Mundo con Ciencia<\/span><\/a><\/li><li class=\" wp-block-navigation-item wp-block-navigation-link\"><a class=\"wp-block-navigation-item__content\"  href=\"https:\/\/amc.edu.mx\/amc2024\/charlas-con-autores\/\"><span class=\"wp-block-navigation-item__label\">Charlas con autores<\/span><\/a><\/li><li class=\" wp-block-navigation-item wp-block-navigation-link\"><a class=\"wp-block-navigation-item__content\"  href=\"https:\/\/amc.edu.mx\/amc2024\/podcast\/\"><span class=\"wp-block-navigation-item__label\">Podcast de la AMC<\/span><\/a><\/li><li class=\" wp-block-navigation-item wp-block-navigation-link\"><a class=\"wp-block-navigation-item__content\"  href=\"https:\/\/amc.edu.mx\/amc2024\/videos\/\"><span class=\"wp-block-navigation-item__label\">Videos<\/span><\/a><\/li><li class=\" wp-block-navigation-item wp-block-navigation-link\"><a class=\"wp-block-navigation-item__content\"  href=\"https:\/\/amc.edu.mx\/amc2024\/mujeres-en-la-ciencia\/\"><span class=\"wp-block-navigation-item__label\">Mujeres en la ciencia<\/span><\/a><\/li><li class=\" wp-block-navigation-item wp-block-navigation-link\"><a class=\"wp-block-navigation-item__content\"  href=\"https:\/\/amc.edu.mx\/amc2024\/webinar-de-la-amc\/\"><span class=\"wp-block-navigation-item__label\">Webinar de la AMC<\/span><\/a><\/li><li class=\" wp-block-navigation-item wp-block-navigation-link\"><a class=\"wp-block-navigation-item__content\"  href=\"https:\/\/amc.edu.mx\/amc2024\/concursos\/\"><span class=\"wp-block-navigation-item__label\">Concursos<\/span><\/a><\/li><li class=\" wp-block-navigation-item wp-block-navigation-link\"><a class=\"wp-block-navigation-item__content\"  href=\"https:\/\/amc.edu.mx\/amc2024\/ciencia-y-humanismo\/\"><span class=\"wp-block-navigation-item__label\">Ciencia y humanismo<\/span><\/a><\/li><li class=\" wp-block-navigation-item wp-block-navigation-link\"><a class=\"wp-block-navigation-item__content\"  href=\"https:\/\/amc.edu.mx\/amc2024\/construyendo-el-futuro-encuentros-de-ciencia\/\"><span class=\"wp-block-navigation-item__label\">Construyendo el futuro: Encuentros de ciencia<\/span><\/a><\/li><li class=\" wp-block-navigation-item wp-block-navigation-link\"><a class=\"wp-block-navigation-item__content\"  href=\"https:\/\/amc.edu.mx\/amc2024\/conferencias-de-premios-de-investigacion-de-la-amc\/\"><span class=\"wp-block-navigation-item__label\">Conferencias de Premios de Investigaci\u00f3n de la AMC<\/span><\/a><\/li><li class=\" wp-block-navigation-item wp-block-navigation-link\"><a class=\"wp-block-navigation-item__content\"  href=\"https:\/\/amc.edu.mx\/amc2024\/conferencias-de-miembros-correspondientes\/\"><span class=\"wp-block-navigation-item__label\">Conferencias de miembros correspondientes<\/span><\/a><\/li><\/ul>\n\t\t\t\t\t\t\t<\/div>\n\t\t\t\t\t\t<\/div>\n\t\t\t\t\t<\/div>\n\t\t\t\t<\/div><\/nav><\/div>\n\n\n\n<div class=\"wp-block-column is-layout-flow wp-block-column-is-layout-flow\" style=\"flex-basis:75%\">\n<p>Los miembros correspondientes de la AMC brindan una conferencia con motivo de su ingreso a la Academia.&nbsp;<\/p>\n\n\n\n<div class=\"wp-block-columns is-layout-flex wp-container-core-columns-is-layout-9d6595d7 wp-block-columns-is-layout-flex\">\n<div class=\"wp-block-column is-layout-flow wp-block-column-is-layout-flow\">\n<figure class=\"wp-block-embed is-type-video is-provider-youtube wp-block-embed-youtube wp-embed-aspect-16-9 wp-has-aspect-ratio\"><div class=\"wp-block-embed__wrapper\">\n<iframe loading=\"lazy\" title=\"Dr. Juan Jos\u00e9 de Pablo Lastra, Conferencia Miembro Correspondiente &quot;Nanopart\u00edculas&quot; EDITADO\" width=\"960\" height=\"540\" src=\"https:\/\/www.youtube.com\/embed\/4R7HOrEwUms?feature=oembed\" frameborder=\"0\" allow=\"accelerometer; autoplay; clipboard-write; encrypted-media; gyroscope; picture-in-picture; web-share\" allowfullscreen><\/iframe>\n<\/div><figcaption class=\"wp-element-caption\"><strong>Ingenier\u00eda y dise\u00f1o de defectos: cristales l\u00edquidos en nanopart\u00edculas, y nanopart\u00edculas en cristales l\u00edquidos<br><\/strong>Participa: Juan Jos\u00e9 de Pablo Lastra<\/figcaption><\/figure>\n<\/div>\n\n\n\n<div class=\"wp-block-column is-layout-flow wp-block-column-is-layout-flow\">\n<figure class=\"wp-block-embed is-type-video is-provider-youtube wp-block-embed-youtube wp-embed-aspect-16-9 wp-has-aspect-ratio\"><div class=\"wp-block-embed__wrapper\">\n<iframe loading=\"lazy\" title=\"&quot; Producci\u00f3n Saludable y Sustentable de Alimentos por Tecnolog\u00edas No-t\u00e9rmicas&quot;\" width=\"960\" height=\"540\" src=\"https:\/\/www.youtube.com\/embed\/K2NQeI37sK0?feature=oembed\" frameborder=\"0\" allow=\"accelerometer; autoplay; clipboard-write; encrypted-media; gyroscope; picture-in-picture; web-share\" allowfullscreen><\/iframe>\n<\/div><figcaption class=\"wp-element-caption\"><strong>Producci\u00f3n Saludable y Sustentable de Alimentos por Tecnolog\u00edas No-t\u00e9rmicas<br><\/strong>Participa: Gustavo V. Barbosa C\u00e1novas<\/figcaption><\/figure>\n<\/div>\n\n\n\n<div class=\"wp-block-column is-layout-flow wp-block-column-is-layout-flow\">\n<figure class=\"wp-block-embed is-type-video is-provider-youtube wp-block-embed-youtube wp-embed-aspect-16-9 wp-has-aspect-ratio\"><div class=\"wp-block-embed__wrapper\">\n<iframe loading=\"lazy\" title=\"Dr. Juan Jos\u00e9 de Pablo Lastra, Conferencia Miembro Correspondiente &quot;Nanopart\u00edculas&quot;\" width=\"960\" height=\"540\" src=\"https:\/\/www.youtube.com\/embed\/F4nQp4-Hy74?feature=oembed\" frameborder=\"0\" allow=\"accelerometer; autoplay; clipboard-write; encrypted-media; gyroscope; picture-in-picture; web-share\" allowfullscreen><\/iframe>\n<\/div><figcaption class=\"wp-element-caption\"><strong>Ingenier\u00eda y dise\u00f1o de defectos: cristales l\u00edquidos en nanopart\u00edculas, y nanopart\u00edculas en cristales l\u00edquidos<br><\/strong>Participa: Juan Jos\u00e9 de Pablo Lastra<\/figcaption><\/figure>\n<\/div>\n<\/div>\n\n\n\n<div class=\"wp-block-columns is-layout-flex wp-container-core-columns-is-layout-9d6595d7 wp-block-columns-is-layout-flex\">\n<div class=\"wp-block-column is-layout-flow wp-block-column-is-layout-flow\">\n<figure class=\"wp-block-embed is-type-video is-provider-youtube wp-block-embed-youtube wp-embed-aspect-16-9 wp-has-aspect-ratio\"><div class=\"wp-block-embed__wrapper\">\n<iframe loading=\"lazy\" title=\"De Netzahualc\u00f3yotl a Aztl\u00e1n migraci\u00f3n intelectual de un peregrino transfronterizo  EDITADO\" width=\"960\" height=\"540\" src=\"https:\/\/www.youtube.com\/embed\/dkNTYA_0T0g?feature=oembed\" frameborder=\"0\" allow=\"accelerometer; autoplay; clipboard-write; encrypted-media; gyroscope; picture-in-picture; web-share\" allowfullscreen><\/iframe>\n<\/div><figcaption class=\"wp-element-caption\"><strong>De Netzahualc\u00f3yotl a Aztl\u00e1n migraci\u00f3n intelectual de un peregrino transfronterizo <br><\/strong>Participa: Carlos V\u00e9lez Ib\u00e1\u00f1ez<br><\/figcaption><\/figure>\n<\/div>\n\n\n\n<div class=\"wp-block-column is-layout-flow wp-block-column-is-layout-flow\">\n<figure class=\"wp-block-embed is-type-video is-provider-youtube wp-block-embed-youtube wp-embed-aspect-16-9 wp-has-aspect-ratio\"><div class=\"wp-block-embed__wrapper\">\n<iframe loading=\"lazy\" title=\"Conferencia de miembro correspondiente &quot;Dr. Miguel \u00c1ngel Puig-Samper EDITADO\" width=\"960\" height=\"540\" src=\"https:\/\/www.youtube.com\/embed\/g9fh91kHFTo?feature=oembed\" frameborder=\"0\" allow=\"accelerometer; autoplay; clipboard-write; encrypted-media; gyroscope; picture-in-picture; web-share\" allowfullscreen><\/iframe>\n<\/div><figcaption class=\"wp-element-caption\"><strong>Ignacio Bol\u00edvar Urrutia, patriarca de las ciencias naturales en Espa\u00f1a y fundador de la revista <em>Ciencia<\/em> en M\u00e9xico<br><\/strong>Participa: Miguel \u00c1ngel Puig-Samper<\/figcaption><\/figure>\n<\/div>\n\n\n\n<div class=\"wp-block-column is-layout-flow wp-block-column-is-layout-flow\">\n<figure class=\"wp-block-embed is-type-video is-provider-youtube wp-block-embed-youtube wp-embed-aspect-16-9 wp-has-aspect-ratio\"><div class=\"wp-block-embed__wrapper\">\n<iframe loading=\"lazy\" title=\"Conferencia Miembro Correspondiente  Dr. Alejandro Adem\" width=\"960\" height=\"540\" src=\"https:\/\/www.youtube.com\/embed\/FgGBomusuOU?feature=oembed\" frameborder=\"0\" allow=\"accelerometer; autoplay; clipboard-write; encrypted-media; gyroscope; picture-in-picture; web-share\" allowfullscreen><\/iframe>\n<\/div><figcaption class=\"wp-element-caption\"><strong>Navegando entre grupos, representaciones y topolog\u00eda<br><\/strong>Participa: Alejandro \u00c1dem<\/figcaption><\/figure>\n<\/div>\n<\/div>\n\n\n\n<div class=\"wp-block-columns is-layout-flex wp-container-core-columns-is-layout-9d6595d7 wp-block-columns-is-layout-flex\">\n<div class=\"wp-block-column is-layout-flow wp-block-column-is-layout-flow\">\n<figure class=\"wp-block-embed is-type-video is-provider-youtube wp-block-embed-youtube wp-embed-aspect-16-9 wp-has-aspect-ratio\"><div class=\"wp-block-embed__wrapper\">\n<iframe loading=\"lazy\" title=\"Conferencia Miembro Correspondiente Dr. Carlos Frenk. (1\/2)\" width=\"960\" height=\"540\" src=\"https:\/\/www.youtube.com\/embed\/FTq8EyVfr94?feature=oembed\" frameborder=\"0\" allow=\"accelerometer; autoplay; clipboard-write; encrypted-media; gyroscope; picture-in-picture; web-share\" allowfullscreen><\/iframe>\n<\/div><figcaption class=\"wp-element-caption\"><strong>Todo de la nada: c\u00f3mo se form\u00f3 nuestro universo<\/strong><br>Participa: Carlos S. Frenk<\/figcaption><\/figure>\n<\/div>\n\n\n\n<div class=\"wp-block-column is-layout-flow wp-block-column-is-layout-flow\">\n<figure class=\"wp-block-embed is-type-video is-provider-youtube wp-block-embed-youtube wp-embed-aspect-16-9 wp-has-aspect-ratio\"><div class=\"wp-block-embed__wrapper\">\n<iframe loading=\"lazy\" title=\"Conferencia como Miembro Correspondiente El Dr. Hendrik Nijmeijer. EDITADO\" width=\"960\" height=\"540\" src=\"https:\/\/www.youtube.com\/embed\/Qit-rUHUVs0?feature=oembed\" frameborder=\"0\" allow=\"accelerometer; autoplay; clipboard-write; encrypted-media; gyroscope; picture-in-picture; web-share\" allowfullscreen><\/iframe>\n<\/div><figcaption class=\"wp-element-caption\"><strong>Dynamics and Control of Cooperation<br><\/strong>Participa: Hendrik Nijmeijer<\/figcaption><\/figure>\n<\/div>\n\n\n\n<div class=\"wp-block-column is-layout-flow wp-block-column-is-layout-flow\">\n<figure class=\"wp-block-embed is-type-video is-provider-youtube wp-block-embed-youtube wp-embed-aspect-16-9 wp-has-aspect-ratio\"><div class=\"wp-block-embed__wrapper\">\n<iframe loading=\"lazy\" title=\"Miembro Correspondiente Dr. Pierre Legendre. EDITADO\" width=\"960\" height=\"540\" src=\"https:\/\/www.youtube.com\/embed\/TqC1gvER4mQ?feature=oembed\" frameborder=\"0\" allow=\"accelerometer; autoplay; clipboard-write; encrypted-media; gyroscope; picture-in-picture; web-share\" allowfullscreen><\/iframe>\n<\/div><figcaption class=\"wp-element-caption\"><strong>A Brief History of the Development of Numerical Ecology<br><\/strong>Participa: Pierre Legendre<\/figcaption><\/figure>\n<\/div>\n<\/div>\n\n\n\n<div class=\"wp-block-columns is-layout-flex wp-container-core-columns-is-layout-9d6595d7 wp-block-columns-is-layout-flex\">\n<div class=\"wp-block-column is-layout-flow wp-block-column-is-layout-flow\">\n<figure class=\"wp-block-embed is-type-video is-provider-youtube wp-block-embed-youtube wp-embed-aspect-16-9 wp-has-aspect-ratio\"><div class=\"wp-block-embed__wrapper\">\n<iframe loading=\"lazy\" title=\"Conferencia con motivo del ingreso como miembro correspondiente del Profesor Trickey a la AMC\" width=\"960\" height=\"540\" src=\"https:\/\/www.youtube.com\/embed\/Bw8d8-S3Q78?feature=oembed\" frameborder=\"0\" allow=\"accelerometer; autoplay; clipboard-write; encrypted-media; gyroscope; picture-in-picture; web-share\" allowfullscreen><\/iframe>\n<\/div><figcaption class=\"wp-element-caption\"><strong>Seeking Simplicity for Accurate Approximate Density Functionals &#8211; A Story of Gators, Pan Dulce,and Electronic Structure Theory<br><\/strong>Participa: Samuel B. Trickey<\/figcaption><\/figure>\n<\/div>\n\n\n\n<div class=\"wp-block-column is-layout-flow wp-block-column-is-layout-flow\">\n<figure class=\"wp-block-embed is-type-video is-provider-youtube wp-block-embed-youtube wp-embed-aspect-16-9 wp-has-aspect-ratio\"><div class=\"wp-block-embed__wrapper\">\n<iframe loading=\"lazy\" title=\"Conferencia con motivo del ingreso como miembro correspondiente de la Dra. Consuelo Naranjo a la AMC\" width=\"960\" height=\"540\" src=\"https:\/\/www.youtube.com\/embed\/2j1N-7wF8wM?feature=oembed\" frameborder=\"0\" allow=\"accelerometer; autoplay; clipboard-write; encrypted-media; gyroscope; picture-in-picture; web-share\" allowfullscreen><\/iframe>\n<\/div><figcaption class=\"wp-element-caption\"><strong>Puentes de cultura:epistolarios atl\u00e1nticos<br><\/strong>Participa: Consuelo Naranjo Orovio<\/figcaption><\/figure>\n<\/div>\n\n\n\n<div class=\"wp-block-column is-layout-flow wp-block-column-is-layout-flow\">\n<figure class=\"wp-block-embed is-type-video is-provider-youtube wp-block-embed-youtube wp-embed-aspect-16-9 wp-has-aspect-ratio\"><div class=\"wp-block-embed__wrapper\">\n<iframe loading=\"lazy\" title=\"Conferencia &quot;Para aprender Ciencias hay que hacer Ciencias\u201d Dr. Jorge Eduardo Allende Rivera\" width=\"960\" height=\"540\" src=\"https:\/\/www.youtube.com\/embed\/W4Xm5_RyxT4?feature=oembed\" frameborder=\"0\" allow=\"accelerometer; autoplay; clipboard-write; encrypted-media; gyroscope; picture-in-picture; web-share\" allowfullscreen><\/iframe>\n<\/div><figcaption class=\"wp-element-caption\"><strong>Para aprender Ciencias hay que hacer Ciencias<br><\/strong>Participa: Jorge Eduardo Allende Rivera<\/figcaption><\/figure>\n<\/div>\n<\/div>\n\n\n\n<div class=\"wp-block-columns is-layout-flex wp-container-core-columns-is-layout-9d6595d7 wp-block-columns-is-layout-flex\">\n<div class=\"wp-block-column is-layout-flow wp-block-column-is-layout-flow\">\n<figure class=\"wp-block-embed is-type-video is-provider-youtube wp-block-embed-youtube wp-embed-aspect-4-3 wp-has-aspect-ratio\"><div class=\"wp-block-embed__wrapper\">\n<iframe loading=\"lazy\" title=\"Dr. Pascal G. Lacroix Miembro correspondiente de la AMC\" width=\"960\" height=\"720\" src=\"https:\/\/www.youtube.com\/embed\/Vd4RBY2fSrc?feature=oembed\" frameborder=\"0\" allow=\"accelerometer; autoplay; clipboard-write; encrypted-media; gyroscope; picture-in-picture; web-share\" allowfullscreen><\/iframe>\n<\/div><figcaption class=\"wp-element-caption\"><strong>Nitric oxide release initiated by two-photon absorption from ruthenium-nitrosyl complexes<br><\/strong>Participa: Pascal G. Lacroix<\/figcaption><\/figure>\n<\/div>\n\n\n\n<div class=\"wp-block-column is-layout-flow wp-block-column-is-layout-flow\"><\/div>\n\n\n\n<div class=\"wp-block-column is-layout-flow wp-block-column-is-layout-flow\"><\/div>\n<\/div>\n<\/div>\n<\/div>\n","protected":false},"excerpt":{"rendered":"<p>Los miembros correspondientes de la AMC brindan una conferencia con motivo de su ingreso a la Academia.&nbsp;<\/p>\n","protected":false},"author":1,"featured_media":0,"parent":0,"menu_order":0,"comment_status":"closed","ping_status":"closed","template":"","meta":{"pgc_sgb_lightbox_settings":"","footnotes":""},"class_list":["post-743","page","type-page","status-publish","hentry"],"yoast_head":"<!-- This site is optimized with the Yoast SEO plugin v22.1 - https:\/\/yoast.com\/wordpress\/plugins\/seo\/ -->\n<title>Conferencias de miembros correspondientes - Academia Mexicana de Ciencias<\/title>\n<meta name=\"description\" content=\"Los miembros correspondientes de la AMC brindan una conferencia con motivo de su ingreso a la Academia.\" \/>\n<meta name=\"robots\" content=\"noindex, follow, max-snippet:-1, max-image-preview:large, max-video-preview:-1\" \/>\n<meta property=\"og:locale\" content=\"es_MX\" \/>\n<meta property=\"og:type\" content=\"article\" \/>\n<meta property=\"og:title\" content=\"Conferencias de miembros correspondientes - Academia Mexicana de Ciencias\" \/>\n<meta property=\"og:description\" content=\"Los miembros correspondientes de la AMC brindan una conferencia con motivo de su ingreso a la Academia.\" \/>\n<meta property=\"og:url\" content=\"https:\/\/amc.edu.mx\/amc2024\/conferencias-de-miembros-correspondientes\/\" \/>\n<meta property=\"og:site_name\" content=\"Academia Mexicana de Ciencias\" \/>\n<meta property=\"article:publisher\" content=\"https:\/\/www.facebook.com\/amciencias\" \/>\n<meta property=\"article:modified_time\" content=\"2024-02-28T05:28:01+00:00\" \/>\n<meta name=\"twitter:card\" content=\"summary_large_image\" \/>\n<meta name=\"twitter:site\" content=\"@amciencias\" \/>\n<meta name=\"twitter:label1\" content=\"Tiempo de lectura\" \/>\n\t<meta name=\"twitter:data1\" content=\"1 minuto\" \/>\n<script type=\"application\/ld+json\" class=\"yoast-schema-graph\">{\"@context\":\"https:\/\/schema.org\",\"@graph\":[{\"@type\":\"WebPage\",\"@id\":\"https:\/\/amc.edu.mx\/amc2024\/conferencias-de-miembros-correspondientes\/\",\"url\":\"https:\/\/amc.edu.mx\/amc2024\/conferencias-de-miembros-correspondientes\/\",\"name\":\"Conferencias de miembros correspondientes - Academia Mexicana de Ciencias\",\"isPartOf\":{\"@id\":\"https:\/\/amc.edu.mx\/amc2024\/#website\"},\"datePublished\":\"2023-10-23T18:13:26+00:00\",\"dateModified\":\"2024-02-28T05:28:01+00:00\",\"description\":\"Los miembros correspondientes de la AMC brindan una conferencia con motivo de su ingreso a la Academia.\",\"breadcrumb\":{\"@id\":\"https:\/\/amc.edu.mx\/amc2024\/conferencias-de-miembros-correspondientes\/#breadcrumb\"},\"inLanguage\":\"es\",\"potentialAction\":[{\"@type\":\"ReadAction\",\"target\":[\"https:\/\/amc.edu.mx\/amc2024\/conferencias-de-miembros-correspondientes\/\"]}]},{\"@type\":\"BreadcrumbList\",\"@id\":\"https:\/\/amc.edu.mx\/amc2024\/conferencias-de-miembros-correspondientes\/#breadcrumb\",\"itemListElement\":[{\"@type\":\"ListItem\",\"position\":1,\"name\":\"Inicio\",\"item\":\"https:\/\/amc.edu.mx\/amc2024\/\"},{\"@type\":\"ListItem\",\"position\":2,\"name\":\"Conferencias de miembros correspondientes\"}]},{\"@type\":\"WebSite\",\"@id\":\"https:\/\/amc.edu.mx\/amc2024\/#website\",\"url\":\"https:\/\/amc.edu.mx\/amc2024\/\",\"name\":\"Academia Mexicana de Ciencias\",\"description\":\"ACADEMIA MEXICANA DE CIENCIAS\",\"publisher\":{\"@id\":\"https:\/\/amc.edu.mx\/amc2024\/#organization\"},\"alternateName\":\"AMC\",\"potentialAction\":[{\"@type\":\"SearchAction\",\"target\":{\"@type\":\"EntryPoint\",\"urlTemplate\":\"https:\/\/amc.edu.mx\/amc2024\/?s={search_term_string}\"},\"query-input\":\"required name=search_term_string\"}],\"inLanguage\":\"es\"},{\"@type\":\"Organization\",\"@id\":\"https:\/\/amc.edu.mx\/amc2024\/#organization\",\"name\":\"Academia Mexicana de Ciencias\",\"alternateName\":\"AMC\",\"url\":\"https:\/\/amc.edu.mx\/amc2024\/\",\"logo\":{\"@type\":\"ImageObject\",\"inLanguage\":\"es\",\"@id\":\"https:\/\/amc.edu.mx\/amc2024\/#\/schema\/logo\/image\/\",\"url\":\"https:\/\/amc.edu.mx\/amc2024\/wp-content\/uploads\/2023\/10\/logo_amc-1.png\",\"contentUrl\":\"https:\/\/amc.edu.mx\/amc2024\/wp-content\/uploads\/2023\/10\/logo_amc-1.png\",\"width\":455,\"height\":300,\"caption\":\"Academia Mexicana de Ciencias\"},\"image\":{\"@id\":\"https:\/\/amc.edu.mx\/amc2024\/#\/schema\/logo\/image\/\"},\"sameAs\":[\"https:\/\/www.facebook.com\/amciencias\",\"https:\/\/twitter.com\/amciencias\",\"https:\/\/www.instagram.com\/amciencias\",\"https:\/\/www.youtube.com\/@AMCiencias\",\"https:\/\/www.tiktok.com\/@amciencias\"]}]}<\/script>\n<!-- \/ Yoast SEO plugin. -->","yoast_head_json":{"title":"Conferencias de miembros correspondientes - Academia Mexicana de Ciencias","description":"Los miembros correspondientes de la AMC brindan una conferencia con motivo de su ingreso a la Academia.","robots":{"index":"noindex","follow":"follow","max-snippet":"max-snippet:-1","max-image-preview":"max-image-preview:large","max-video-preview":"max-video-preview:-1"},"og_locale":"es_MX","og_type":"article","og_title":"Conferencias de miembros correspondientes - Academia Mexicana de Ciencias","og_description":"Los miembros correspondientes de la AMC brindan una conferencia con motivo de su ingreso a la Academia.","og_url":"https:\/\/amc.edu.mx\/amc2024\/conferencias-de-miembros-correspondientes\/","og_site_name":"Academia Mexicana de Ciencias","article_publisher":"https:\/\/www.facebook.com\/amciencias","article_modified_time":"2024-02-28T05:28:01+00:00","twitter_card":"summary_large_image","twitter_site":"@amciencias","twitter_misc":{"Tiempo de lectura":"1 minuto"},"schema":{"@context":"https:\/\/schema.org","@graph":[{"@type":"WebPage","@id":"https:\/\/amc.edu.mx\/amc2024\/conferencias-de-miembros-correspondientes\/","url":"https:\/\/amc.edu.mx\/amc2024\/conferencias-de-miembros-correspondientes\/","name":"Conferencias de miembros correspondientes - Academia Mexicana de Ciencias","isPartOf":{"@id":"https:\/\/amc.edu.mx\/amc2024\/#website"},"datePublished":"2023-10-23T18:13:26+00:00","dateModified":"2024-02-28T05:28:01+00:00","description":"Los miembros correspondientes de la AMC brindan una conferencia con motivo de su ingreso a la Academia.","breadcrumb":{"@id":"https:\/\/amc.edu.mx\/amc2024\/conferencias-de-miembros-correspondientes\/#breadcrumb"},"inLanguage":"es","potentialAction":[{"@type":"ReadAction","target":["https:\/\/amc.edu.mx\/amc2024\/conferencias-de-miembros-correspondientes\/"]}]},{"@type":"BreadcrumbList","@id":"https:\/\/amc.edu.mx\/amc2024\/conferencias-de-miembros-correspondientes\/#breadcrumb","itemListElement":[{"@type":"ListItem","position":1,"name":"Inicio","item":"https:\/\/amc.edu.mx\/amc2024\/"},{"@type":"ListItem","position":2,"name":"Conferencias de miembros correspondientes"}]},{"@type":"WebSite","@id":"https:\/\/amc.edu.mx\/amc2024\/#website","url":"https:\/\/amc.edu.mx\/amc2024\/","name":"Academia Mexicana de Ciencias","description":"ACADEMIA MEXICANA DE CIENCIAS","publisher":{"@id":"https:\/\/amc.edu.mx\/amc2024\/#organization"},"alternateName":"AMC","potentialAction":[{"@type":"SearchAction","target":{"@type":"EntryPoint","urlTemplate":"https:\/\/amc.edu.mx\/amc2024\/?s={search_term_string}"},"query-input":"required name=search_term_string"}],"inLanguage":"es"},{"@type":"Organization","@id":"https:\/\/amc.edu.mx\/amc2024\/#organization","name":"Academia Mexicana de Ciencias","alternateName":"AMC","url":"https:\/\/amc.edu.mx\/amc2024\/","logo":{"@type":"ImageObject","inLanguage":"es","@id":"https:\/\/amc.edu.mx\/amc2024\/#\/schema\/logo\/image\/","url":"https:\/\/amc.edu.mx\/amc2024\/wp-content\/uploads\/2023\/10\/logo_amc-1.png","contentUrl":"https:\/\/amc.edu.mx\/amc2024\/wp-content\/uploads\/2023\/10\/logo_amc-1.png","width":455,"height":300,"caption":"Academia Mexicana de Ciencias"},"image":{"@id":"https:\/\/amc.edu.mx\/amc2024\/#\/schema\/logo\/image\/"},"sameAs":["https:\/\/www.facebook.com\/amciencias","https:\/\/twitter.com\/amciencias","https:\/\/www.instagram.com\/amciencias","https:\/\/www.youtube.com\/@AMCiencias","https:\/\/www.tiktok.com\/@amciencias"]}]}},"_links":{"self":[{"href":"https:\/\/amc.edu.mx\/amc2024\/wp-json\/wp\/v2\/pages\/743","targetHints":{"allow":["GET"]}}],"collection":[{"href":"https:\/\/amc.edu.mx\/amc2024\/wp-json\/wp\/v2\/pages"}],"about":[{"href":"https:\/\/amc.edu.mx\/amc2024\/wp-json\/wp\/v2\/types\/page"}],"author":[{"embeddable":true,"href":"https:\/\/amc.edu.mx\/amc2024\/wp-json\/wp\/v2\/users\/1"}],"replies":[{"embeddable":true,"href":"https:\/\/amc.edu.mx\/amc2024\/wp-json\/wp\/v2\/comments?post=743"}],"version-history":[{"count":5,"href":"https:\/\/amc.edu.mx\/amc2024\/wp-json\/wp\/v2\/pages\/743\/revisions"}],"predecessor-version":[{"id":3061,"href":"https:\/\/amc.edu.mx\/amc2024\/wp-json\/wp\/v2\/pages\/743\/revisions\/3061"}],"wp:attachment":[{"href":"https:\/\/amc.edu.mx\/amc2024\/wp-json\/wp\/v2\/media?parent=743"}],"curies":[{"name":"wp","href":"https:\/\/api.w.org\/{rel}","templated":true}]}}