{"id":3359,"date":"2024-02-28T17:41:14","date_gmt":"2024-02-28T23:41:14","guid":{"rendered":"https:\/\/amc.edu.mx\/amc2024\/?page_id=3359"},"modified":"2024-02-29T19:07:47","modified_gmt":"2024-03-01T01:07:47","slug":"publicaciones-no-digitales","status":"publish","type":"page","link":"https:\/\/amc.edu.mx\/amc2024\/publicaciones-no-digitales\/","title":{"rendered":"Publicaciones no digitales"},"content":{"rendered":"\n<div class=\"wp-block-columns is-layout-flex wp-container-core-columns-is-layout-9d6595d7 wp-block-columns-is-layout-flex\">\n<div class=\"wp-block-column is-layout-flow wp-block-column-is-layout-flow\" style=\"flex-basis:25%\"><nav class=\"is-responsive wp-block-navigation is-layout-flex wp-block-navigation-is-layout-flex\" aria-label=\"Men\u00fa-publicaciones\" \n\t\t data-wp-interactive=\"core\/navigation\" data-wp-context='{\"overlayOpenedBy\":{\"click\":false,\"hover\":false,\"focus\":false},\"type\":\"overlay\",\"roleAttribute\":\"\",\"ariaLabel\":\"Men\\u00fa\"}'><button aria-haspopup=\"dialog\" aria-label=\"Abrir el men\u00fa\" class=\"wp-block-navigation__responsive-container-open\" \n\t\t\t\tdata-wp-on--click=\"actions.openMenuOnClick\"\n\t\t\t\tdata-wp-on--keydown=\"actions.handleMenuKeydown\"\n\t\t\t><svg width=\"24\" height=\"24\" xmlns=\"http:\/\/www.w3.org\/2000\/svg\" viewBox=\"0 0 24 24\" aria-hidden=\"true\" focusable=\"false\"><path d=\"M4 7.5h16v1.5H4z\"><\/path><path d=\"M4 15h16v1.5H4z\"><\/path><\/svg><\/button>\n\t\t\t\t<div class=\"wp-block-navigation__responsive-container\"  id=\"modal-1\" \n\t\t\t\tdata-wp-class--has-modal-open=\"state.isMenuOpen\"\n\t\t\t\tdata-wp-class--is-menu-open=\"state.isMenuOpen\"\n\t\t\t\tdata-wp-watch=\"callbacks.initMenu\"\n\t\t\t\tdata-wp-on--keydown=\"actions.handleMenuKeydown\"\n\t\t\t\tdata-wp-on--focusout=\"actions.handleMenuFocusout\"\n\t\t\t\ttabindex=\"-1\"\n\t\t\t>\n\t\t\t\t\t<div class=\"wp-block-navigation__responsive-close\" tabindex=\"-1\">\n\t\t\t\t\t\t<div class=\"wp-block-navigation__responsive-dialog\" \n\t\t\t\tdata-wp-bind--aria-modal=\"state.ariaModal\"\n\t\t\t\tdata-wp-bind--aria-label=\"state.ariaLabel\"\n\t\t\t\tdata-wp-bind--role=\"state.roleAttribute\"\n\t\t\t>\n\t\t\t\t\t\t\t<button aria-label=\"Cerrar el men\u00fa\" class=\"wp-block-navigation__responsive-container-close\" \n\t\t\t\tdata-wp-on--click=\"actions.closeMenuOnClick\"\n\t\t\t><svg xmlns=\"http:\/\/www.w3.org\/2000\/svg\" viewBox=\"0 0 24 24\" width=\"24\" height=\"24\" aria-hidden=\"true\" focusable=\"false\"><path d=\"m13.06 12 6.47-6.47-1.06-1.06L12 10.94 5.53 4.47 4.47 5.53 10.94 12l-6.47 6.47 1.06 1.06L12 13.06l6.47 6.47 1.06-1.06L13.06 12Z\"><\/path><\/svg><\/button>\n\t\t\t\t\t\t\t<div class=\"wp-block-navigation__responsive-container-content\" \n\t\t\t\tdata-wp-watch=\"callbacks.focusFirstElement\"\n\t\t\t id=\"modal-1-content\">\n\t\t\t\t\t\t\t\t<ul class=\"wp-block-navigation__container is-responsive wp-block-navigation\"><li class=\" wp-block-navigation-item wp-block-navigation-link\"><a class=\"wp-block-navigation-item__content\"  href=\"https:\/\/amc.edu.mx\/amc2024\/libros-en-linea\/\"><span class=\"wp-block-navigation-item__label\">Libros en l\u00ednea<\/span><\/a><\/li><li class=\" wp-block-navigation-item wp-block-navigation-link\"><a class=\"wp-block-navigation-item__content\"  href=\"https:\/\/amc.edu.mx\/amc2024\/publicaciones-no-digitales\/\"><span class=\"wp-block-navigation-item__label\">Publicaciones no digitales<\/span><\/a><\/li><\/ul>\n\t\t\t\t\t\t\t<\/div>\n\t\t\t\t\t\t<\/div>\n\t\t\t\t\t<\/div>\n\t\t\t\t<\/div><\/nav><\/div>\n\n\n\n<div class=\"wp-block-column is-layout-flow wp-block-column-is-layout-flow\" style=\"flex-basis:75%\">\n<div class=\"wp-block-columns is-layout-flex wp-container-core-columns-is-layout-9d6595d7 wp-block-columns-is-layout-flex\">\n<div class=\"wp-block-column apartado is-layout-flow wp-block-column-is-layout-flow\">\n<p>A<\/p>\n<\/div>\n<\/div>\n\n\n\n<div class=\"wp-block-columns is-layout-flex wp-container-core-columns-is-layout-9d6595d7 wp-block-columns-is-layout-flex\">\n<div class=\"wp-block-column ficha-libro is-layout-flow wp-block-column-is-layout-flow\">\n<h2 class=\"wp-block-heading\"><em>Agenda del Agua<\/em><\/h2>\n\n\n\n<p class=\"autores\">Aboites, Luis, Enrique Cifuentes, Blanca Jim\u00e9nez y Mar\u00eda Luisa Torregrosa<\/p>\n\n\n\n<p>Red del agua AMC, M\u00e9xico 2008.<\/p>\n<\/div>\n<\/div>\n\n\n\n<div class=\"wp-block-columns is-layout-flex wp-container-core-columns-is-layout-9d6595d7 wp-block-columns-is-layout-flex\">\n<div class=\"wp-block-column ficha-libro is-layout-flow wp-block-column-is-layout-flow\">\n<h2 class=\"wp-block-heading\"><em>Anecdotario de Domingos en la Ciencia, 25 Aniversario<\/em><\/h2>\n\n\n\n<p class=\"autores\">M\u00e9xico: AMC<\/p>\n\n\n\n<p>2007.<\/p>\n<\/div>\n<\/div>\n\n\n\n<div class=\"wp-block-columns is-layout-flex wp-container-core-columns-is-layout-9d6595d7 wp-block-columns-is-layout-flex\">\n<div class=\"wp-block-column apartado is-layout-flow wp-block-column-is-layout-flow\">\n<p>C<\/p>\n<\/div>\n<\/div>\n\n\n\n<div class=\"wp-block-columns is-layout-flex wp-container-core-columns-is-layout-9d6595d7 wp-block-columns-is-layout-flex\">\n<div class=\"wp-block-column ficha-libro is-layout-flow wp-block-column-is-layout-flow\">\n<h2 class=\"wp-block-heading\">Color: Entre la Realidad y la Metaf\u00edsica<\/h2>\n\n\n\n<p class=\"autores\">Aboites, Vicente.<\/p>\n\n\n\n<p>M\u00e9xico: Plaza y Vald\u00e9s Editores\/AMC, 2014.<\/p>\n<\/div>\n<\/div>\n\n\n\n<div class=\"wp-block-columns is-layout-flex wp-container-core-columns-is-layout-9d6595d7 wp-block-columns-is-layout-flex\">\n<div class=\"wp-block-column apartado is-layout-flow wp-block-column-is-layout-flow\">\n<p>P<\/p>\n<\/div>\n<\/div>\n\n\n\n<div class=\"wp-block-columns is-layout-flex wp-container-core-columns-is-layout-9d6595d7 wp-block-columns-is-layout-flex\">\n<div class=\"wp-block-column ficha-libro is-layout-flow wp-block-column-is-layout-flow\">\n<h2 class=\"wp-block-heading\"><em><em>El Papel de la \u00c9tica en la Investigaci\u00f3n Cient\u00edfica y la Educaci\u00f3n Superior<\/em><\/em><\/h2>\n\n\n\n<p class=\"autores\">Aluja, Mart\u00edn y Andrea Birke (eds.)<\/p>\n\n\n\n<p>M\u00e9xico: AMC, 1\u00aa edici\u00f3n, 2003.<\/p>\n<\/div>\n<\/div>\n\n\n\n<div class=\"wp-block-columns is-layout-flex wp-container-core-columns-is-layout-9d6595d7 wp-block-columns-is-layout-flex\">\n<div class=\"wp-block-column ficha-libro is-layout-flow wp-block-column-is-layout-flow\">\n<h2 class=\"wp-block-heading\"><em>El Papel de la \u00c9tica en la Investigaci\u00f3n Cient\u00edfica y la Educaci\u00f3n Superior.<\/em><\/h2>\n\n\n\n<p class=\"autores\">Aluja, Mart\u00edn y Andrea Birke (eds.)<\/p>\n\n\n\n<p>M\u00e9xico: FCE\/AMC, 2\u00aa edici\u00f3n, 2004.<\/p>\n<\/div>\n<\/div>\n\n\n\n<div class=\"wp-block-columns is-layout-flex wp-container-core-columns-is-layout-9d6595d7 wp-block-columns-is-layout-flex\">\n<div class=\"wp-block-column apartado is-layout-flow wp-block-column-is-layout-flow\">\n<p>R<\/p>\n<\/div>\n<\/div>\n\n\n\n<div class=\"wp-block-columns is-layout-flex wp-container-core-columns-is-layout-9d6595d7 wp-block-columns-is-layout-flex\">\n<div class=\"wp-block-column ficha-libro is-layout-flow wp-block-column-is-layout-flow\">\n<h2 class=\"wp-block-heading\"><em><em>La revista Ciencia, 1940-1975. Contribuciones a la ciencia mexicana del siglo XX<\/em><\/em><\/h2>\n\n\n\n<p class=\"autores\">Argueta Prado, Jorge Quetzal,<\/p>\n\n\n\n<p>M\u00e9xico: UMSNH\/AMC, 2010.<\/p>\n<\/div>\n<\/div>\n\n\n\n<div class=\"wp-block-columns is-layout-flex wp-container-core-columns-is-layout-9d6595d7 wp-block-columns-is-layout-flex\">\n<div class=\"wp-block-column apartado is-layout-flow wp-block-column-is-layout-flow\">\n<p>S<\/p>\n<\/div>\n<\/div>\n\n\n\n<div class=\"wp-block-columns is-layout-flex wp-container-core-columns-is-layout-9d6595d7 wp-block-columns-is-layout-flex\">\n<div class=\"wp-block-column ficha-libro is-layout-flow wp-block-column-is-layout-flow\">\n<h2 class=\"wp-block-heading\"><em>1er. Simposio Internacional de Computaci\u00f3n y la Educaci\u00f3n Infantil.<\/em><\/h2>\n\n\n\n<p class=\"autores\">M\u00e9xico: Programa Universitario de C\u00f3mputo de la UNAM\/AIC.<\/p>\n\n\n\n<p>1985.<\/p>\n<\/div>\n<\/div>\n\n\n\n<div class=\"wp-block-columns is-layout-flex wp-container-core-columns-is-layout-9d6595d7 wp-block-columns-is-layout-flex\">\n<div class=\"wp-block-column ficha-libro is-layout-flow wp-block-column-is-layout-flow\">\n<h2 class=\"wp-block-heading\">2do. Simposio Internacional de Computaci\u00f3n y la Educaci\u00f3n Infantil.<\/h2>\n\n\n\n<p class=\"autores\">M\u00e9xico: Conacyt\/ Gobierno del Estado de M\u00e9xico\/SEP\/AIC.<\/p>\n\n\n\n<p>1985.<\/p>\n<\/div>\n<\/div>\n\n\n\n<div class=\"wp-block-columns is-layout-flex wp-container-core-columns-is-layout-9d6595d7 wp-block-columns-is-layout-flex\">\n<div class=\"wp-block-column ficha-libro is-layout-flow wp-block-column-is-layout-flow\">\n<h2 class=\"wp-block-heading\">3er. Simposio Internacional de Computaci\u00f3n y la Educaci\u00f3n Infantil y juvenil<\/h2>\n\n\n\n<p class=\"autores\">M\u00e9xico: AIC.<\/p>\n\n\n\n<p>1985.<\/p>\n<\/div>\n<\/div>\n<\/div>\n<\/div>\n","protected":false},"excerpt":{"rendered":"<p>A Agenda del Agua Aboites, Luis, Enrique Cifuentes, Blanca Jim\u00e9nez y Mar\u00eda Luisa Torregrosa Red del agua AMC, M\u00e9xico 2008. Anecdotario de Domingos en la Ciencia, 25 Aniversario M\u00e9xico: AMC 2007. C Color: Entre la Realidad y la Metaf\u00edsica Aboites, Vicente. M\u00e9xico: Plaza y Vald\u00e9s Editores\/AMC, 2014. P El Papel de la \u00c9tica en la Investigaci\u00f3n Cient\u00edfica y la Educaci\u00f3n Superior Aluja, Mart\u00edn y Andrea Birke (eds.) M\u00e9xico: AMC, 1\u00aa edici\u00f3n, 2003. El Papel de la \u00c9tica en la Investigaci\u00f3n Cient\u00edfica y la Educaci\u00f3n Superior. Aluja, Mart\u00edn y Andrea Birke (eds.) M\u00e9xico: FCE\/AMC, 2\u00aa edici\u00f3n, 2004. R La revista Ciencia, 1940-1975. Contribuciones a la ciencia mexicana del siglo XX Argueta Prado, Jorge Quetzal, M\u00e9xico: UMSNH\/AMC, 2010. S 1er. Simposio Internacional de Computaci\u00f3n y la Educaci\u00f3n Infantil. M\u00e9xico: Programa Universitario de C\u00f3mputo de la UNAM\/AIC. 1985. 2do. Simposio Internacional de Computaci\u00f3n y la Educaci\u00f3n Infantil. M\u00e9xico: Conacyt\/ Gobierno del Estado de M\u00e9xico\/SEP\/AIC. 1985. 3er. Simposio Internacional de Computaci\u00f3n y la Educaci\u00f3n Infantil y juvenil M\u00e9xico: AIC. 1985.<\/p>\n","protected":false},"author":1,"featured_media":0,"parent":0,"menu_order":0,"comment_status":"closed","ping_status":"closed","template":"","meta":{"pgc_sgb_lightbox_settings":"","footnotes":""},"class_list":["post-3359","page","type-page","status-publish","hentry"],"yoast_head":"<!-- This site is optimized with the Yoast SEO plugin v22.1 - https:\/\/yoast.com\/wordpress\/plugins\/seo\/ -->\n<title>Publicaciones no digitales - Academia Mexicana de Ciencias<\/title>\n<meta name=\"description\" content=\"Publicaciones de la Academia Mexicana de la Ciencia que fueron creadas en formato no digital para difusi\u00f3n de la ciencia\" \/>\n<meta name=\"robots\" content=\"noindex, follow, max-snippet:-1, max-image-preview:large, max-video-preview:-1\" \/>\n<meta property=\"og:locale\" content=\"es_MX\" \/>\n<meta property=\"og:type\" content=\"article\" \/>\n<meta property=\"og:title\" content=\"Publicaciones no digitales - Academia Mexicana de Ciencias\" \/>\n<meta property=\"og:description\" content=\"Publicaciones de la Academia Mexicana de la Ciencia que fueron creadas en formato no digital para difusi\u00f3n de la ciencia\" \/>\n<meta property=\"og:url\" content=\"https:\/\/amc.edu.mx\/amc2024\/publicaciones-no-digitales\/\" \/>\n<meta property=\"og:site_name\" content=\"Academia Mexicana de Ciencias\" \/>\n<meta property=\"article:publisher\" content=\"https:\/\/www.facebook.com\/amciencias\" \/>\n<meta property=\"article:modified_time\" content=\"2024-03-01T01:07:47+00:00\" \/>\n<meta name=\"twitter:card\" content=\"summary_large_image\" \/>\n<meta name=\"twitter:site\" content=\"@amciencias\" \/>\n<meta name=\"twitter:label1\" content=\"Tiempo de lectura\" \/>\n\t<meta name=\"twitter:data1\" content=\"1 minuto\" \/>\n<script type=\"application\/ld+json\" class=\"yoast-schema-graph\">{\"@context\":\"https:\/\/schema.org\",\"@graph\":[{\"@type\":\"WebPage\",\"@id\":\"https:\/\/amc.edu.mx\/amc2024\/publicaciones-no-digitales\/\",\"url\":\"https:\/\/amc.edu.mx\/amc2024\/publicaciones-no-digitales\/\",\"name\":\"Publicaciones no digitales - Academia Mexicana de Ciencias\",\"isPartOf\":{\"@id\":\"https:\/\/amc.edu.mx\/amc2024\/#website\"},\"datePublished\":\"2024-02-28T23:41:14+00:00\",\"dateModified\":\"2024-03-01T01:07:47+00:00\",\"description\":\"Publicaciones de la Academia Mexicana de la Ciencia que fueron creadas en formato no digital para difusi\u00f3n de la ciencia\",\"breadcrumb\":{\"@id\":\"https:\/\/amc.edu.mx\/amc2024\/publicaciones-no-digitales\/#breadcrumb\"},\"inLanguage\":\"es\",\"potentialAction\":[{\"@type\":\"ReadAction\",\"target\":[\"https:\/\/amc.edu.mx\/amc2024\/publicaciones-no-digitales\/\"]}]},{\"@type\":\"BreadcrumbList\",\"@id\":\"https:\/\/amc.edu.mx\/amc2024\/publicaciones-no-digitales\/#breadcrumb\",\"itemListElement\":[{\"@type\":\"ListItem\",\"position\":1,\"name\":\"Inicio\",\"item\":\"https:\/\/amc.edu.mx\/amc2024\/\"},{\"@type\":\"ListItem\",\"position\":2,\"name\":\"Publicaciones no digitales\"}]},{\"@type\":\"WebSite\",\"@id\":\"https:\/\/amc.edu.mx\/amc2024\/#website\",\"url\":\"https:\/\/amc.edu.mx\/amc2024\/\",\"name\":\"Academia Mexicana de Ciencias\",\"description\":\"ACADEMIA MEXICANA DE CIENCIAS\",\"publisher\":{\"@id\":\"https:\/\/amc.edu.mx\/amc2024\/#organization\"},\"alternateName\":\"AMC\",\"potentialAction\":[{\"@type\":\"SearchAction\",\"target\":{\"@type\":\"EntryPoint\",\"urlTemplate\":\"https:\/\/amc.edu.mx\/amc2024\/?s={search_term_string}\"},\"query-input\":\"required name=search_term_string\"}],\"inLanguage\":\"es\"},{\"@type\":\"Organization\",\"@id\":\"https:\/\/amc.edu.mx\/amc2024\/#organization\",\"name\":\"Academia Mexicana de Ciencias\",\"alternateName\":\"AMC\",\"url\":\"https:\/\/amc.edu.mx\/amc2024\/\",\"logo\":{\"@type\":\"ImageObject\",\"inLanguage\":\"es\",\"@id\":\"https:\/\/amc.edu.mx\/amc2024\/#\/schema\/logo\/image\/\",\"url\":\"https:\/\/amc.edu.mx\/amc2024\/wp-content\/uploads\/2023\/10\/logo_amc-1.png\",\"contentUrl\":\"https:\/\/amc.edu.mx\/amc2024\/wp-content\/uploads\/2023\/10\/logo_amc-1.png\",\"width\":455,\"height\":300,\"caption\":\"Academia Mexicana de Ciencias\"},\"image\":{\"@id\":\"https:\/\/amc.edu.mx\/amc2024\/#\/schema\/logo\/image\/\"},\"sameAs\":[\"https:\/\/www.facebook.com\/amciencias\",\"https:\/\/twitter.com\/amciencias\",\"https:\/\/www.instagram.com\/amciencias\",\"https:\/\/www.youtube.com\/@AMCiencias\",\"https:\/\/www.tiktok.com\/@amciencias\"]}]}<\/script>\n<!-- \/ Yoast SEO plugin. -->","yoast_head_json":{"title":"Publicaciones no digitales - Academia Mexicana de Ciencias","description":"Publicaciones de la Academia Mexicana de la Ciencia que fueron creadas en formato no digital para difusi\u00f3n de la ciencia","robots":{"index":"noindex","follow":"follow","max-snippet":"max-snippet:-1","max-image-preview":"max-image-preview:large","max-video-preview":"max-video-preview:-1"},"og_locale":"es_MX","og_type":"article","og_title":"Publicaciones no digitales - Academia Mexicana de Ciencias","og_description":"Publicaciones de la Academia Mexicana de la Ciencia que fueron creadas en formato no digital para difusi\u00f3n de la ciencia","og_url":"https:\/\/amc.edu.mx\/amc2024\/publicaciones-no-digitales\/","og_site_name":"Academia Mexicana de Ciencias","article_publisher":"https:\/\/www.facebook.com\/amciencias","article_modified_time":"2024-03-01T01:07:47+00:00","twitter_card":"summary_large_image","twitter_site":"@amciencias","twitter_misc":{"Tiempo de lectura":"1 minuto"},"schema":{"@context":"https:\/\/schema.org","@graph":[{"@type":"WebPage","@id":"https:\/\/amc.edu.mx\/amc2024\/publicaciones-no-digitales\/","url":"https:\/\/amc.edu.mx\/amc2024\/publicaciones-no-digitales\/","name":"Publicaciones no digitales - Academia Mexicana de Ciencias","isPartOf":{"@id":"https:\/\/amc.edu.mx\/amc2024\/#website"},"datePublished":"2024-02-28T23:41:14+00:00","dateModified":"2024-03-01T01:07:47+00:00","description":"Publicaciones de la Academia Mexicana de la Ciencia que fueron creadas en formato no digital para difusi\u00f3n de la ciencia","breadcrumb":{"@id":"https:\/\/amc.edu.mx\/amc2024\/publicaciones-no-digitales\/#breadcrumb"},"inLanguage":"es","potentialAction":[{"@type":"ReadAction","target":["https:\/\/amc.edu.mx\/amc2024\/publicaciones-no-digitales\/"]}]},{"@type":"BreadcrumbList","@id":"https:\/\/amc.edu.mx\/amc2024\/publicaciones-no-digitales\/#breadcrumb","itemListElement":[{"@type":"ListItem","position":1,"name":"Inicio","item":"https:\/\/amc.edu.mx\/amc2024\/"},{"@type":"ListItem","position":2,"name":"Publicaciones no digitales"}]},{"@type":"WebSite","@id":"https:\/\/amc.edu.mx\/amc2024\/#website","url":"https:\/\/amc.edu.mx\/amc2024\/","name":"Academia Mexicana de Ciencias","description":"ACADEMIA MEXICANA DE CIENCIAS","publisher":{"@id":"https:\/\/amc.edu.mx\/amc2024\/#organization"},"alternateName":"AMC","potentialAction":[{"@type":"SearchAction","target":{"@type":"EntryPoint","urlTemplate":"https:\/\/amc.edu.mx\/amc2024\/?s={search_term_string}"},"query-input":"required name=search_term_string"}],"inLanguage":"es"},{"@type":"Organization","@id":"https:\/\/amc.edu.mx\/amc2024\/#organization","name":"Academia Mexicana de Ciencias","alternateName":"AMC","url":"https:\/\/amc.edu.mx\/amc2024\/","logo":{"@type":"ImageObject","inLanguage":"es","@id":"https:\/\/amc.edu.mx\/amc2024\/#\/schema\/logo\/image\/","url":"https:\/\/amc.edu.mx\/amc2024\/wp-content\/uploads\/2023\/10\/logo_amc-1.png","contentUrl":"https:\/\/amc.edu.mx\/amc2024\/wp-content\/uploads\/2023\/10\/logo_amc-1.png","width":455,"height":300,"caption":"Academia Mexicana de Ciencias"},"image":{"@id":"https:\/\/amc.edu.mx\/amc2024\/#\/schema\/logo\/image\/"},"sameAs":["https:\/\/www.facebook.com\/amciencias","https:\/\/twitter.com\/amciencias","https:\/\/www.instagram.com\/amciencias","https:\/\/www.youtube.com\/@AMCiencias","https:\/\/www.tiktok.com\/@amciencias"]}]}},"_links":{"self":[{"href":"https:\/\/amc.edu.mx\/amc2024\/wp-json\/wp\/v2\/pages\/3359","targetHints":{"allow":["GET"]}}],"collection":[{"href":"https:\/\/amc.edu.mx\/amc2024\/wp-json\/wp\/v2\/pages"}],"about":[{"href":"https:\/\/amc.edu.mx\/amc2024\/wp-json\/wp\/v2\/types\/page"}],"author":[{"embeddable":true,"href":"https:\/\/amc.edu.mx\/amc2024\/wp-json\/wp\/v2\/users\/1"}],"replies":[{"embeddable":true,"href":"https:\/\/amc.edu.mx\/amc2024\/wp-json\/wp\/v2\/comments?post=3359"}],"version-history":[{"count":19,"href":"https:\/\/amc.edu.mx\/amc2024\/wp-json\/wp\/v2\/pages\/3359\/revisions"}],"predecessor-version":[{"id":3914,"href":"https:\/\/amc.edu.mx\/amc2024\/wp-json\/wp\/v2\/pages\/3359\/revisions\/3914"}],"wp:attachment":[{"href":"https:\/\/amc.edu.mx\/amc2024\/wp-json\/wp\/v2\/media?parent=3359"}],"curies":[{"name":"wp","href":"https:\/\/api.w.org\/{rel}","templated":true}]}}