{"id":3042,"date":"2024-02-21T15:06:16","date_gmt":"2024-02-21T21:06:16","guid":{"rendered":"https:\/\/amc.edu.mx\/amc2024\/?page_id=3042"},"modified":"2024-02-27T23:10:57","modified_gmt":"2024-02-28T05:10:57","slug":"divulgacion","status":"publish","type":"page","link":"https:\/\/amc.edu.mx\/amc2024\/divulgacion\/","title":{"rendered":"Divulgaci\u00f3n"},"content":{"rendered":"\n<div class=\"wp-block-columns is-layout-flex wp-container-core-columns-is-layout-9d6595d7 wp-block-columns-is-layout-flex\">\n<div class=\"wp-block-column is-layout-flow wp-block-column-is-layout-flow\" style=\"flex-basis:25%\"><nav class=\"is-responsive wp-block-navigation is-layout-flex wp-block-navigation-is-layout-flex\" aria-label=\"Men\u00fa-divulgaci\u00f3n\" \n\t\t data-wp-interactive=\"core\/navigation\" data-wp-context='{\"overlayOpenedBy\":{\"click\":false,\"hover\":false,\"focus\":false},\"type\":\"overlay\",\"roleAttribute\":\"\",\"ariaLabel\":\"Men\\u00fa\"}'><button aria-haspopup=\"dialog\" aria-label=\"Abrir el men\u00fa\" class=\"wp-block-navigation__responsive-container-open\" \n\t\t\t\tdata-wp-on--click=\"actions.openMenuOnClick\"\n\t\t\t\tdata-wp-on--keydown=\"actions.handleMenuKeydown\"\n\t\t\t><svg width=\"24\" height=\"24\" xmlns=\"http:\/\/www.w3.org\/2000\/svg\" viewBox=\"0 0 24 24\" aria-hidden=\"true\" focusable=\"false\"><path d=\"M4 7.5h16v1.5H4z\"><\/path><path d=\"M4 15h16v1.5H4z\"><\/path><\/svg><\/button>\n\t\t\t\t<div class=\"wp-block-navigation__responsive-container\"  id=\"modal-1\" \n\t\t\t\tdata-wp-class--has-modal-open=\"state.isMenuOpen\"\n\t\t\t\tdata-wp-class--is-menu-open=\"state.isMenuOpen\"\n\t\t\t\tdata-wp-watch=\"callbacks.initMenu\"\n\t\t\t\tdata-wp-on--keydown=\"actions.handleMenuKeydown\"\n\t\t\t\tdata-wp-on--focusout=\"actions.handleMenuFocusout\"\n\t\t\t\ttabindex=\"-1\"\n\t\t\t>\n\t\t\t\t\t<div class=\"wp-block-navigation__responsive-close\" tabindex=\"-1\">\n\t\t\t\t\t\t<div class=\"wp-block-navigation__responsive-dialog\" \n\t\t\t\tdata-wp-bind--aria-modal=\"state.ariaModal\"\n\t\t\t\tdata-wp-bind--aria-label=\"state.ariaLabel\"\n\t\t\t\tdata-wp-bind--role=\"state.roleAttribute\"\n\t\t\t>\n\t\t\t\t\t\t\t<button aria-label=\"Cerrar el men\u00fa\" class=\"wp-block-navigation__responsive-container-close\" \n\t\t\t\tdata-wp-on--click=\"actions.closeMenuOnClick\"\n\t\t\t><svg xmlns=\"http:\/\/www.w3.org\/2000\/svg\" viewBox=\"0 0 24 24\" width=\"24\" height=\"24\" aria-hidden=\"true\" focusable=\"false\"><path d=\"m13.06 12 6.47-6.47-1.06-1.06L12 10.94 5.53 4.47 4.47 5.53 10.94 12l-6.47 6.47 1.06 1.06L12 13.06l6.47 6.47 1.06-1.06L13.06 12Z\"><\/path><\/svg><\/button>\n\t\t\t\t\t\t\t<div class=\"wp-block-navigation__responsive-container-content\" \n\t\t\t\tdata-wp-watch=\"callbacks.focusFirstElement\"\n\t\t\t id=\"modal-1-content\">\n\t\t\t\t\t\t\t\t<ul class=\"wp-block-navigation__container is-responsive wp-block-navigation\"><li class=\" wp-block-navigation-item wp-block-navigation-link\"><a class=\"wp-block-navigation-item__content\"  href=\"https:\/\/amc.edu.mx\/amc2024\/divulgacion\/\"><span class=\"wp-block-navigation-item__label\">Divulgaci\u00f3n<\/span><\/a><\/li><li class=\" wp-block-navigation-item wp-block-navigation-link\"><a class=\"wp-block-navigation-item__content\"  href=\"https:\/\/amc.edu.mx\/amc2024\/cita\/\"><span class=\"wp-block-navigation-item__label\">Ciencia, Innovaci\u00f3n, Tecnolog\u00eda y Academia, C.I.T.A.<\/span><\/a><\/li><li class=\" wp-block-navigation-item wp-block-navigation-link\"><a class=\"wp-block-navigation-item__content\"  href=\"https:\/\/amc.edu.mx\/amc2024\/tu-mundo-conciencia\/\"><span class=\"wp-block-navigation-item__label\">Tu Mundo con Ciencia<\/span><\/a><\/li><li class=\" wp-block-navigation-item wp-block-navigation-link\"><a class=\"wp-block-navigation-item__content\"  href=\"https:\/\/amc.edu.mx\/amc2024\/charlas-con-autores\/\"><span class=\"wp-block-navigation-item__label\">Charlas con autores<\/span><\/a><\/li><li class=\" wp-block-navigation-item wp-block-navigation-link\"><a class=\"wp-block-navigation-item__content\"  href=\"https:\/\/amc.edu.mx\/amc2024\/podcast\/\"><span class=\"wp-block-navigation-item__label\">Podcast de la AMC<\/span><\/a><\/li><li class=\" wp-block-navigation-item wp-block-navigation-link\"><a class=\"wp-block-navigation-item__content\"  href=\"https:\/\/amc.edu.mx\/amc2024\/videos\/\"><span class=\"wp-block-navigation-item__label\">Videos<\/span><\/a><\/li><li class=\" wp-block-navigation-item wp-block-navigation-link\"><a class=\"wp-block-navigation-item__content\"  href=\"https:\/\/amc.edu.mx\/amc2024\/mujeres-en-la-ciencia\/\"><span class=\"wp-block-navigation-item__label\">Mujeres en la ciencia<\/span><\/a><\/li><li class=\" wp-block-navigation-item wp-block-navigation-link\"><a class=\"wp-block-navigation-item__content\"  href=\"https:\/\/amc.edu.mx\/amc2024\/webinar-de-la-amc\/\"><span class=\"wp-block-navigation-item__label\">Webinar de la AMC<\/span><\/a><\/li><li class=\" wp-block-navigation-item wp-block-navigation-link\"><a class=\"wp-block-navigation-item__content\"  href=\"https:\/\/amc.edu.mx\/amc2024\/concursos\/\"><span class=\"wp-block-navigation-item__label\">Concursos<\/span><\/a><\/li><li class=\" wp-block-navigation-item wp-block-navigation-link\"><a class=\"wp-block-navigation-item__content\"  href=\"https:\/\/amc.edu.mx\/amc2024\/ciencia-y-humanismo\/\"><span class=\"wp-block-navigation-item__label\">Ciencia y humanismo<\/span><\/a><\/li><li class=\" wp-block-navigation-item wp-block-navigation-link\"><a class=\"wp-block-navigation-item__content\"  href=\"https:\/\/amc.edu.mx\/amc2024\/construyendo-el-futuro-encuentros-de-ciencia\/\"><span class=\"wp-block-navigation-item__label\">Construyendo el futuro: Encuentros de ciencia<\/span><\/a><\/li><li class=\" wp-block-navigation-item wp-block-navigation-link\"><a class=\"wp-block-navigation-item__content\"  href=\"https:\/\/amc.edu.mx\/amc2024\/conferencias-de-premios-de-investigacion-de-la-amc\/\"><span class=\"wp-block-navigation-item__label\">Conferencias de Premios de Investigaci\u00f3n de la AMC<\/span><\/a><\/li><li class=\" wp-block-navigation-item wp-block-navigation-link\"><a class=\"wp-block-navigation-item__content\"  href=\"https:\/\/amc.edu.mx\/amc2024\/conferencias-de-miembros-correspondientes\/\"><span class=\"wp-block-navigation-item__label\">Conferencias de miembros correspondientes<\/span><\/a><\/li><\/ul>\n\t\t\t\t\t\t\t<\/div>\n\t\t\t\t\t\t<\/div>\n\t\t\t\t\t<\/div>\n\t\t\t\t<\/div><\/nav><\/div>\n\n\n\n<div class=\"wp-block-column is-layout-flow wp-block-column-is-layout-flow\" style=\"flex-basis:75%\">\n<p>Con el objetivo de comunicar los avances cient\u00edficos y tecnol\u00f3gicos a la poblaci\u00f3n mexicana, la AMC ha realizado congresos, seminarios, webinars, conferencias, podcast, concursos y materiales audiovisuales en los que se abordan tem\u00e1ticas de actualidad y del trabajo diario de cient\u00edficas y cient\u00edficos en M\u00e9xico. <br><br>Estas materiales son de acceso libre.<\/p>\n\n\n<div class=\"pgc-sgb-cb wp-block-pgcsimplygalleryblock-grid \" data-gallery-id=\"4cd77715\"><div class=\"sgb-preloader\" id=\"pr_4cd77715\">\n\t<div class=\"sgb-square\" style=\"background:#d4d4d4\"><\/div>\n\t<div class=\"sgb-square\" style=\"background:#d4d4d4\"><\/div>\n\t<div class=\"sgb-square\" style=\"background:#d4d4d4\"><\/div>\n\t<div class=\"sgb-square\" style=\"background:#d4d4d4\"><\/div><\/div><div class=\"simply-gallery-amp pgc_sgb_slider \" style=\"display: none;\"><div class=\"sgb-gallery\"><div class=\"sgb-item\"><a href=\"https:\/\/amc.edu.mx\/amc2024\/divulgacion-2\/ciencia-y-humanismo-1-2\/\" target=\"_blank\"><img decoding=\"async\" alt=\"\" width=\"300\" height=\"190\" loading=\"lazy\" src=\"https:\/\/amc.edu.mx\/amc2024\/wp-content\/uploads\/2024\/02\/Ciencia-y-Humanismo-1-1-300x190.jpg\" srcset=\"https:\/\/amc.edu.mx\/amc2024\/wp-content\/uploads\/2024\/02\/Ciencia-y-Humanismo-1-1-300x190.jpg 300w,https:\/\/amc.edu.mx\/amc2024\/wp-content\/uploads\/2024\/02\/Ciencia-y-Humanismo-1-1.jpg 945w\" sizes=\"auto, 250px\"\/><\/a><\/div><div class=\"sgb-item\"><a href=\"https:\/\/amc.edu.mx\/amc2024\/divulgacion-2\/f-wct0mxcaaf9xv\/\" target=\"_blank\"><img decoding=\"async\" alt=\"\" width=\"300\" height=\"225\" loading=\"lazy\" src=\"https:\/\/amc.edu.mx\/amc2024\/wp-content\/uploads\/2024\/02\/F-WcT0MXcAAf9xv-300x225.jpeg\" srcset=\"https:\/\/amc.edu.mx\/amc2024\/wp-content\/uploads\/2024\/02\/F-WcT0MXcAAf9xv-300x225.jpeg 300w,https:\/\/amc.edu.mx\/amc2024\/wp-content\/uploads\/2024\/02\/F-WcT0MXcAAf9xv-1024x768.jpeg 1024w,https:\/\/amc.edu.mx\/amc2024\/wp-content\/uploads\/2024\/02\/F-WcT0MXcAAf9xv.jpeg 2048w\" sizes=\"auto, 250px\"\/><\/a><\/div><div class=\"sgb-item\"><a href=\"https:\/\/amc.edu.mx\/amc2024\/divulgacion-2\/gfhejmsayaacw5j\/\" target=\"_blank\"><img decoding=\"async\" alt=\"\" width=\"300\" height=\"200\" loading=\"lazy\" src=\"https:\/\/amc.edu.mx\/amc2024\/wp-content\/uploads\/2024\/02\/GFHEJmSaYAACw5j-300x200.jpeg\" srcset=\"https:\/\/amc.edu.mx\/amc2024\/wp-content\/uploads\/2024\/02\/GFHEJmSaYAACw5j-300x200.jpeg 300w,https:\/\/amc.edu.mx\/amc2024\/wp-content\/uploads\/2024\/02\/GFHEJmSaYAACw5j-1024x683.jpeg 1024w,https:\/\/amc.edu.mx\/amc2024\/wp-content\/uploads\/2024\/02\/GFHEJmSaYAACw5j-scaled.jpeg 2560w\" sizes=\"auto, 250px\"\/><\/a><\/div><\/div><\/div><script type=\"application\/json\" class=\"sgb-data\">{\"galleryType\":\"pgc_sgb_grid\",\"galleryId\":\"4cd77715\",\"images\":[{\"id\":3168,\"title\":\"Ciencia y Humanismo 1\",\"url\":\"https:\/\/amc.edu.mx\/amc2024\/wp-content\/uploads\/2024\/02\/Ciencia-y-Humanismo-1-1.jpg\",\"link\":\"https:\/\/amc.edu.mx\/amc2024\/divulgacion-2\/ciencia-y-humanismo-1-2\/\",\"alt\":\"\",\"description\":\"\",\"caption\":\"\",\"mime\":\"image\/jpeg\",\"type\":\"image\",\"width\":945,\"height\":598,\"sizes\":{\"thumbnail\":{\"height\":150,\"width\":150,\"url\":\"https:\/\/amc.edu.mx\/amc2024\/wp-content\/uploads\/2024\/02\/Ciencia-y-Humanismo-1-1-150x150.jpg\",\"orientation\":\"landscape\"},\"medium\":{\"height\":190,\"width\":300,\"url\":\"https:\/\/amc.edu.mx\/amc2024\/wp-content\/uploads\/2024\/02\/Ciencia-y-Humanismo-1-1-300x190.jpg\",\"orientation\":\"landscape\"},\"full\":{\"url\":\"https:\/\/amc.edu.mx\/amc2024\/wp-content\/uploads\/2024\/02\/Ciencia-y-Humanismo-1-1.jpg\",\"height\":598,\"width\":945,\"orientation\":\"landscape\"}},\"imageMeta\":{\"aperture\":\"0\",\"credit\":\"\",\"camera\":\"\",\"caption\":\"\",\"created_timestamp\":\"0\",\"copyright\":\"\",\"focal_length\":\"0\",\"iso\":\"0\",\"shutter_speed\":\"0\",\"title\":\"\",\"orientation\":\"0\",\"keywords\":[]},\"meta\":false,\"postlink\":\"https:\/\/amc.edu.mx\/amc2024\/divulgacion-2\/ciencia-y-humanismo-1-2\/\"},{\"id\":3169,\"title\":\"F-WcT0MXcAAf9xv\",\"url\":\"https:\/\/amc.edu.mx\/amc2024\/wp-content\/uploads\/2024\/02\/F-WcT0MXcAAf9xv.jpeg\",\"link\":\"https:\/\/amc.edu.mx\/amc2024\/divulgacion-2\/f-wct0mxcaaf9xv\/\",\"alt\":\"\",\"description\":\"\",\"caption\":\"\",\"mime\":\"image\/jpeg\",\"type\":\"image\",\"width\":2048,\"height\":1536,\"sizes\":{\"thumbnail\":{\"height\":150,\"width\":150,\"url\":\"https:\/\/amc.edu.mx\/amc2024\/wp-content\/uploads\/2024\/02\/F-WcT0MXcAAf9xv-150x150.jpeg\",\"orientation\":\"landscape\"},\"medium\":{\"height\":225,\"width\":300,\"url\":\"https:\/\/amc.edu.mx\/amc2024\/wp-content\/uploads\/2024\/02\/F-WcT0MXcAAf9xv-300x225.jpeg\",\"orientation\":\"landscape\"},\"large\":{\"height\":768,\"width\":1024,\"url\":\"https:\/\/amc.edu.mx\/amc2024\/wp-content\/uploads\/2024\/02\/F-WcT0MXcAAf9xv-1024x768.jpeg\",\"orientation\":\"landscape\"},\"full\":{\"url\":\"https:\/\/amc.edu.mx\/amc2024\/wp-content\/uploads\/2024\/02\/F-WcT0MXcAAf9xv.jpeg\",\"height\":1536,\"width\":2048,\"orientation\":\"landscape\"}},\"imageMeta\":{\"aperture\":\"0\",\"credit\":\"\",\"camera\":\"\",\"caption\":\"\",\"created_timestamp\":\"0\",\"copyright\":\"\",\"focal_length\":\"0\",\"iso\":\"0\",\"shutter_speed\":\"0\",\"title\":\"\",\"orientation\":\"0\",\"keywords\":[]},\"meta\":false,\"postlink\":\"https:\/\/amc.edu.mx\/amc2024\/divulgacion-2\/f-wct0mxcaaf9xv\/\"},{\"id\":3170,\"title\":\"GFHEJmSaYAACw5j\",\"url\":\"https:\/\/amc.edu.mx\/amc2024\/wp-content\/uploads\/2024\/02\/GFHEJmSaYAACw5j-scaled.jpeg\",\"link\":\"https:\/\/amc.edu.mx\/amc2024\/divulgacion-2\/gfhejmsayaacw5j\/\",\"alt\":\"\",\"description\":\"\",\"caption\":\"\",\"mime\":\"image\/jpeg\",\"type\":\"image\",\"width\":2560,\"height\":1707,\"sizes\":{\"thumbnail\":{\"height\":150,\"width\":150,\"url\":\"https:\/\/amc.edu.mx\/amc2024\/wp-content\/uploads\/2024\/02\/GFHEJmSaYAACw5j-150x150.jpeg\",\"orientation\":\"landscape\"},\"medium\":{\"height\":200,\"width\":300,\"url\":\"https:\/\/amc.edu.mx\/amc2024\/wp-content\/uploads\/2024\/02\/GFHEJmSaYAACw5j-300x200.jpeg\",\"orientation\":\"landscape\"},\"large\":{\"height\":683,\"width\":1024,\"url\":\"https:\/\/amc.edu.mx\/amc2024\/wp-content\/uploads\/2024\/02\/GFHEJmSaYAACw5j-1024x683.jpeg\",\"orientation\":\"landscape\"},\"full\":{\"url\":\"https:\/\/amc.edu.mx\/amc2024\/wp-content\/uploads\/2024\/02\/GFHEJmSaYAACw5j-scaled.jpeg\",\"height\":1707,\"width\":2560,\"orientation\":\"landscape\"}},\"imageMeta\":{\"aperture\":\"0\",\"credit\":\"\",\"camera\":\"\",\"caption\":\"\",\"created_timestamp\":\"0\",\"copyright\":\"\",\"focal_length\":\"0\",\"iso\":\"0\",\"shutter_speed\":\"0\",\"title\":\"\",\"orientation\":\"0\",\"keywords\":[]},\"meta\":false,\"postlink\":\"https:\/\/amc.edu.mx\/amc2024\/divulgacion-2\/gfhejmsayaacw5j\/\"}],\"itemsMetaDataCollection\":[]}<\/script><script>(function(){if(window.PGC_SGB && window.PGC_SGB.searcher){window.PGC_SGB.searcher.initBlocks()}})()<\/script><\/div><\/div>\n<\/div>\n","protected":false},"excerpt":{"rendered":"<p>Con el objetivo de comunicar los avances cient\u00edficos y tecnol\u00f3gicos a la poblaci\u00f3n mexicana, la AMC ha realizado congresos, seminarios, webinars, conferencias, podcast, concursos y materiales audiovisuales en los que se abordan tem\u00e1ticas de actualidad y del trabajo diario de cient\u00edficas y cient\u00edficos en M\u00e9xico. Estas materiales son de acceso libre.<\/p>\n","protected":false},"author":1,"featured_media":0,"parent":0,"menu_order":0,"comment_status":"closed","ping_status":"closed","template":"","meta":{"pgc_sgb_lightbox_settings":"","footnotes":""},"class_list":["post-3042","page","type-page","status-publish","hentry"],"yoast_head":"<!-- This site is optimized with the Yoast SEO plugin v22.1 - https:\/\/yoast.com\/wordpress\/plugins\/seo\/ -->\n<title>Divulgaci\u00f3n - Academia Mexicana de Ciencias<\/title>\n<meta name=\"description\" content=\"La AMC ha realizado actividades en los que se abordan tem\u00e1ticas cient\u00edficas de actualidad para comunicarlas a la sociedad.\" \/>\n<meta name=\"robots\" content=\"noindex, follow, max-snippet:-1, max-image-preview:large, max-video-preview:-1\" \/>\n<meta property=\"og:locale\" content=\"es_MX\" \/>\n<meta property=\"og:type\" content=\"article\" \/>\n<meta property=\"og:title\" content=\"Divulgaci\u00f3n - Academia Mexicana de Ciencias\" \/>\n<meta property=\"og:description\" content=\"La AMC ha realizado actividades en los que se abordan tem\u00e1ticas cient\u00edficas de actualidad para comunicarlas a la sociedad.\" \/>\n<meta property=\"og:url\" content=\"https:\/\/amc.edu.mx\/amc2024\/divulgacion\/\" \/>\n<meta property=\"og:site_name\" content=\"Academia Mexicana de Ciencias\" \/>\n<meta property=\"article:publisher\" content=\"https:\/\/www.facebook.com\/amciencias\" \/>\n<meta property=\"article:modified_time\" content=\"2024-02-28T05:10:57+00:00\" \/>\n<meta property=\"og:image\" content=\"https:\/\/amc.edu.mx\/amc2024\/wp-content\/uploads\/2024\/02\/Ciencia-y-Humanismo-1-1.jpg\" \/>\n<meta name=\"twitter:card\" content=\"summary_large_image\" \/>\n<meta name=\"twitter:site\" content=\"@amciencias\" \/>\n<meta name=\"twitter:label1\" content=\"Tiempo de lectura\" \/>\n\t<meta name=\"twitter:data1\" content=\"1 minuto\" \/>\n<script type=\"application\/ld+json\" class=\"yoast-schema-graph\">{\"@context\":\"https:\/\/schema.org\",\"@graph\":[{\"@type\":\"WebPage\",\"@id\":\"https:\/\/amc.edu.mx\/amc2024\/divulgacion\/\",\"url\":\"https:\/\/amc.edu.mx\/amc2024\/divulgacion\/\",\"name\":\"Divulgaci\u00f3n - Academia Mexicana de Ciencias\",\"isPartOf\":{\"@id\":\"https:\/\/amc.edu.mx\/amc2024\/#website\"},\"datePublished\":\"2024-02-21T21:06:16+00:00\",\"dateModified\":\"2024-02-28T05:10:57+00:00\",\"description\":\"La AMC ha realizado actividades en los que se abordan tem\u00e1ticas cient\u00edficas de actualidad para comunicarlas a la sociedad.\",\"breadcrumb\":{\"@id\":\"https:\/\/amc.edu.mx\/amc2024\/divulgacion\/#breadcrumb\"},\"inLanguage\":\"es\",\"potentialAction\":[{\"@type\":\"ReadAction\",\"target\":[\"https:\/\/amc.edu.mx\/amc2024\/divulgacion\/\"]}]},{\"@type\":\"BreadcrumbList\",\"@id\":\"https:\/\/amc.edu.mx\/amc2024\/divulgacion\/#breadcrumb\",\"itemListElement\":[{\"@type\":\"ListItem\",\"position\":1,\"name\":\"Inicio\",\"item\":\"https:\/\/amc.edu.mx\/amc2024\/\"},{\"@type\":\"ListItem\",\"position\":2,\"name\":\"Divulgaci\u00f3n\"}]},{\"@type\":\"WebSite\",\"@id\":\"https:\/\/amc.edu.mx\/amc2024\/#website\",\"url\":\"https:\/\/amc.edu.mx\/amc2024\/\",\"name\":\"Academia Mexicana de Ciencias\",\"description\":\"ACADEMIA MEXICANA DE CIENCIAS\",\"publisher\":{\"@id\":\"https:\/\/amc.edu.mx\/amc2024\/#organization\"},\"alternateName\":\"AMC\",\"potentialAction\":[{\"@type\":\"SearchAction\",\"target\":{\"@type\":\"EntryPoint\",\"urlTemplate\":\"https:\/\/amc.edu.mx\/amc2024\/?s={search_term_string}\"},\"query-input\":\"required name=search_term_string\"}],\"inLanguage\":\"es\"},{\"@type\":\"Organization\",\"@id\":\"https:\/\/amc.edu.mx\/amc2024\/#organization\",\"name\":\"Academia Mexicana de Ciencias\",\"alternateName\":\"AMC\",\"url\":\"https:\/\/amc.edu.mx\/amc2024\/\",\"logo\":{\"@type\":\"ImageObject\",\"inLanguage\":\"es\",\"@id\":\"https:\/\/amc.edu.mx\/amc2024\/#\/schema\/logo\/image\/\",\"url\":\"https:\/\/amc.edu.mx\/amc2024\/wp-content\/uploads\/2023\/10\/logo_amc-1.png\",\"contentUrl\":\"https:\/\/amc.edu.mx\/amc2024\/wp-content\/uploads\/2023\/10\/logo_amc-1.png\",\"width\":455,\"height\":300,\"caption\":\"Academia Mexicana de Ciencias\"},\"image\":{\"@id\":\"https:\/\/amc.edu.mx\/amc2024\/#\/schema\/logo\/image\/\"},\"sameAs\":[\"https:\/\/www.facebook.com\/amciencias\",\"https:\/\/twitter.com\/amciencias\",\"https:\/\/www.instagram.com\/amciencias\",\"https:\/\/www.youtube.com\/@AMCiencias\",\"https:\/\/www.tiktok.com\/@amciencias\"]}]}<\/script>\n<!-- \/ Yoast SEO plugin. -->","yoast_head_json":{"title":"Divulgaci\u00f3n - Academia Mexicana de Ciencias","description":"La AMC ha realizado actividades en los que se abordan tem\u00e1ticas cient\u00edficas de actualidad para comunicarlas a la sociedad.","robots":{"index":"noindex","follow":"follow","max-snippet":"max-snippet:-1","max-image-preview":"max-image-preview:large","max-video-preview":"max-video-preview:-1"},"og_locale":"es_MX","og_type":"article","og_title":"Divulgaci\u00f3n - Academia Mexicana de Ciencias","og_description":"La AMC ha realizado actividades en los que se abordan tem\u00e1ticas cient\u00edficas de actualidad para comunicarlas a la sociedad.","og_url":"https:\/\/amc.edu.mx\/amc2024\/divulgacion\/","og_site_name":"Academia Mexicana de Ciencias","article_publisher":"https:\/\/www.facebook.com\/amciencias","article_modified_time":"2024-02-28T05:10:57+00:00","og_image":[{"url":"https:\/\/amc.edu.mx\/amc2024\/wp-content\/uploads\/2024\/02\/Ciencia-y-Humanismo-1-1.jpg"}],"twitter_card":"summary_large_image","twitter_site":"@amciencias","twitter_misc":{"Tiempo de lectura":"1 minuto"},"schema":{"@context":"https:\/\/schema.org","@graph":[{"@type":"WebPage","@id":"https:\/\/amc.edu.mx\/amc2024\/divulgacion\/","url":"https:\/\/amc.edu.mx\/amc2024\/divulgacion\/","name":"Divulgaci\u00f3n - Academia Mexicana de Ciencias","isPartOf":{"@id":"https:\/\/amc.edu.mx\/amc2024\/#website"},"datePublished":"2024-02-21T21:06:16+00:00","dateModified":"2024-02-28T05:10:57+00:00","description":"La AMC ha realizado actividades en los que se abordan tem\u00e1ticas cient\u00edficas de actualidad para comunicarlas a la sociedad.","breadcrumb":{"@id":"https:\/\/amc.edu.mx\/amc2024\/divulgacion\/#breadcrumb"},"inLanguage":"es","potentialAction":[{"@type":"ReadAction","target":["https:\/\/amc.edu.mx\/amc2024\/divulgacion\/"]}]},{"@type":"BreadcrumbList","@id":"https:\/\/amc.edu.mx\/amc2024\/divulgacion\/#breadcrumb","itemListElement":[{"@type":"ListItem","position":1,"name":"Inicio","item":"https:\/\/amc.edu.mx\/amc2024\/"},{"@type":"ListItem","position":2,"name":"Divulgaci\u00f3n"}]},{"@type":"WebSite","@id":"https:\/\/amc.edu.mx\/amc2024\/#website","url":"https:\/\/amc.edu.mx\/amc2024\/","name":"Academia Mexicana de Ciencias","description":"ACADEMIA MEXICANA DE CIENCIAS","publisher":{"@id":"https:\/\/amc.edu.mx\/amc2024\/#organization"},"alternateName":"AMC","potentialAction":[{"@type":"SearchAction","target":{"@type":"EntryPoint","urlTemplate":"https:\/\/amc.edu.mx\/amc2024\/?s={search_term_string}"},"query-input":"required name=search_term_string"}],"inLanguage":"es"},{"@type":"Organization","@id":"https:\/\/amc.edu.mx\/amc2024\/#organization","name":"Academia Mexicana de Ciencias","alternateName":"AMC","url":"https:\/\/amc.edu.mx\/amc2024\/","logo":{"@type":"ImageObject","inLanguage":"es","@id":"https:\/\/amc.edu.mx\/amc2024\/#\/schema\/logo\/image\/","url":"https:\/\/amc.edu.mx\/amc2024\/wp-content\/uploads\/2023\/10\/logo_amc-1.png","contentUrl":"https:\/\/amc.edu.mx\/amc2024\/wp-content\/uploads\/2023\/10\/logo_amc-1.png","width":455,"height":300,"caption":"Academia Mexicana de Ciencias"},"image":{"@id":"https:\/\/amc.edu.mx\/amc2024\/#\/schema\/logo\/image\/"},"sameAs":["https:\/\/www.facebook.com\/amciencias","https:\/\/twitter.com\/amciencias","https:\/\/www.instagram.com\/amciencias","https:\/\/www.youtube.com\/@AMCiencias","https:\/\/www.tiktok.com\/@amciencias"]}]}},"_links":{"self":[{"href":"https:\/\/amc.edu.mx\/amc2024\/wp-json\/wp\/v2\/pages\/3042","targetHints":{"allow":["GET"]}}],"collection":[{"href":"https:\/\/amc.edu.mx\/amc2024\/wp-json\/wp\/v2\/pages"}],"about":[{"href":"https:\/\/amc.edu.mx\/amc2024\/wp-json\/wp\/v2\/types\/page"}],"author":[{"embeddable":true,"href":"https:\/\/amc.edu.mx\/amc2024\/wp-json\/wp\/v2\/users\/1"}],"replies":[{"embeddable":true,"href":"https:\/\/amc.edu.mx\/amc2024\/wp-json\/wp\/v2\/comments?post=3042"}],"version-history":[{"count":4,"href":"https:\/\/amc.edu.mx\/amc2024\/wp-json\/wp\/v2\/pages\/3042\/revisions"}],"predecessor-version":[{"id":3172,"href":"https:\/\/amc.edu.mx\/amc2024\/wp-json\/wp\/v2\/pages\/3042\/revisions\/3172"}],"wp:attachment":[{"href":"https:\/\/amc.edu.mx\/amc2024\/wp-json\/wp\/v2\/media?parent=3042"}],"curies":[{"name":"wp","href":"https:\/\/api.w.org\/{rel}","templated":true}]}}