{"id":2981,"date":"2024-02-21T14:33:52","date_gmt":"2024-02-21T20:33:52","guid":{"rendered":"https:\/\/amc.edu.mx\/amc2024\/?page_id=2981"},"modified":"2024-03-01T01:35:09","modified_gmt":"2024-03-01T07:35:09","slug":"academia-mexicana-de-ciencias","status":"publish","type":"page","link":"https:\/\/amc.edu.mx\/amc2024\/academia-mexicana-de-ciencias\/","title":{"rendered":"Acerca de la AMC"},"content":{"rendered":"\n<div class=\"wp-block-columns is-layout-flex wp-container-core-columns-is-layout-9d6595d7 wp-block-columns-is-layout-flex\">\n<div class=\"wp-block-column is-layout-flow wp-block-column-is-layout-flow\" style=\"flex-basis:25%\"><nav class=\"is-responsive wp-block-navigation is-layout-flex wp-block-navigation-is-layout-flex\" aria-label=\"Menu-Acerca\" \n\t\t data-wp-interactive=\"core\/navigation\" data-wp-context='{\"overlayOpenedBy\":{\"click\":false,\"hover\":false,\"focus\":false},\"type\":\"overlay\",\"roleAttribute\":\"\",\"ariaLabel\":\"Men\\u00fa\"}'><button aria-haspopup=\"dialog\" aria-label=\"Abrir el men\u00fa\" class=\"wp-block-navigation__responsive-container-open\" \n\t\t\t\tdata-wp-on--click=\"actions.openMenuOnClick\"\n\t\t\t\tdata-wp-on--keydown=\"actions.handleMenuKeydown\"\n\t\t\t><svg width=\"24\" height=\"24\" xmlns=\"http:\/\/www.w3.org\/2000\/svg\" viewBox=\"0 0 24 24\" aria-hidden=\"true\" focusable=\"false\"><path d=\"M4 7.5h16v1.5H4z\"><\/path><path d=\"M4 15h16v1.5H4z\"><\/path><\/svg><\/button>\n\t\t\t\t<div class=\"wp-block-navigation__responsive-container\"  id=\"modal-1\" \n\t\t\t\tdata-wp-class--has-modal-open=\"state.isMenuOpen\"\n\t\t\t\tdata-wp-class--is-menu-open=\"state.isMenuOpen\"\n\t\t\t\tdata-wp-watch=\"callbacks.initMenu\"\n\t\t\t\tdata-wp-on--keydown=\"actions.handleMenuKeydown\"\n\t\t\t\tdata-wp-on--focusout=\"actions.handleMenuFocusout\"\n\t\t\t\ttabindex=\"-1\"\n\t\t\t>\n\t\t\t\t\t<div class=\"wp-block-navigation__responsive-close\" tabindex=\"-1\">\n\t\t\t\t\t\t<div class=\"wp-block-navigation__responsive-dialog\" \n\t\t\t\tdata-wp-bind--aria-modal=\"state.ariaModal\"\n\t\t\t\tdata-wp-bind--aria-label=\"state.ariaLabel\"\n\t\t\t\tdata-wp-bind--role=\"state.roleAttribute\"\n\t\t\t>\n\t\t\t\t\t\t\t<button aria-label=\"Cerrar el men\u00fa\" class=\"wp-block-navigation__responsive-container-close\" \n\t\t\t\tdata-wp-on--click=\"actions.closeMenuOnClick\"\n\t\t\t><svg xmlns=\"http:\/\/www.w3.org\/2000\/svg\" viewBox=\"0 0 24 24\" width=\"24\" height=\"24\" aria-hidden=\"true\" focusable=\"false\"><path d=\"m13.06 12 6.47-6.47-1.06-1.06L12 10.94 5.53 4.47 4.47 5.53 10.94 12l-6.47 6.47 1.06 1.06L12 13.06l6.47 6.47 1.06-1.06L13.06 12Z\"><\/path><\/svg><\/button>\n\t\t\t\t\t\t\t<div class=\"wp-block-navigation__responsive-container-content\" \n\t\t\t\tdata-wp-watch=\"callbacks.focusFirstElement\"\n\t\t\t id=\"modal-1-content\">\n\t\t\t\t\t\t\t\t<ul class=\"wp-block-navigation__container is-responsive wp-block-navigation\"><li class=\" wp-block-navigation-item wp-block-navigation-link\"><a class=\"wp-block-navigation-item__content\"  href=\"https:\/\/amc.edu.mx\/amc2024\/academia-mexicana-de-ciencias\/\"><span class=\"wp-block-navigation-item__label\">Acerca de<\/span><\/a><\/li><li class=\" wp-block-navigation-item wp-block-navigation-link\"><a class=\"wp-block-navigation-item__content\"  href=\"https:\/\/amc.edu.mx\/amc2024\/acerca-de\/\"><span class=\"wp-block-navigation-item__label\">Historia<\/span><\/a><\/li><li class=\" wp-block-navigation-item wp-block-navigation-link\"><a class=\"wp-block-navigation-item__content\"  href=\"https:\/\/amc.edu.mx\/amc2024\/consejo-directivo\/\"><span class=\"wp-block-navigation-item__label\">Consejo directivo<\/span><\/a><\/li><li class=\" wp-block-navigation-item wp-block-navigation-link\"><a class=\"wp-block-navigation-item__content\"  href=\"https:\/\/amc.edu.mx\/amc2024\/secciones-regionales\/\"><span class=\"wp-block-navigation-item__label\">Secciones regionales<\/span><\/a><\/li><li class=\" wp-block-navigation-item wp-block-navigation-link\"><a class=\"wp-block-navigation-item__content\"  href=\"https:\/\/amc.edu.mx\/amc2024\/consejo-asesor-de-expresidentes\/\"><span class=\"wp-block-navigation-item__label\">Consejo asesor de expresidentes<\/span><\/a><\/li><li class=\" wp-block-navigation-item wp-block-navigation-link\"><a class=\"wp-block-navigation-item__content\"  href=\"https:\/\/amc.edu.mx\/amc2024\/comision-de-membresia\/\"><span class=\"wp-block-navigation-item__label\">Comisi\u00f3n de\u00a0Membres\u00eda<\/span><\/a><\/li><li class=\" wp-block-navigation-item wp-block-navigation-link\"><a class=\"wp-block-navigation-item__content\"  href=\"https:\/\/amc.edu.mx\/amc2024\/comisiones\/\"><span class=\"wp-block-navigation-item__label\">Comisi\u00f3n de Premios<\/span><\/a><\/li><li class=\" wp-block-navigation-item wp-block-navigation-link\"><a class=\"wp-block-navigation-item__content\"  href=\"https:\/\/amc.edu.mx\/amc2024\/comision-de-derechos-humanos\/\"><span class=\"wp-block-navigation-item__label\">Comisi\u00f3n de Derechos Humanos<\/span><\/a><\/li><li class=\" wp-block-navigation-item wp-block-navigation-link\"><a class=\"wp-block-navigation-item__content\"  href=\"https:\/\/amc.edu.mx\/amc2024\/instalaciones\/\"><span class=\"wp-block-navigation-item__label\">Instalaciones<\/span><\/a><\/li><li class=\" wp-block-navigation-item wp-block-navigation-link\"><a class=\"wp-block-navigation-item__content\"  href=\"https:\/\/amc.edu.mx\/amc2024\/estatutos\/\"><span class=\"wp-block-navigation-item__label\">Estatutos<\/span><\/a><\/li><\/ul>\n\t\t\t\t\t\t\t<\/div>\n\t\t\t\t\t\t<\/div>\n\t\t\t\t\t<\/div>\n\t\t\t\t<\/div><\/nav><\/div>\n\n\n\n<div class=\"wp-block-column is-layout-flow wp-block-column-is-layout-flow\" style=\"flex-basis:75%\">\n<div class=\"wp-block-columns is-layout-flex wp-container-core-columns-is-layout-9d6595d7 wp-block-columns-is-layout-flex\">\n<div class=\"wp-block-column is-layout-flow wp-block-column-is-layout-flow\">\n<p>La Academia Mexicana de Ciencias (AMC) es una asociaci\u00f3n civil independiente y sin fines de lucro, integrada por cient\u00edficas y cient\u00edficos de destacadas trayectorias acad\u00e9micas, en todos los campos de las ciencias exactas, naturales y sociales, as\u00ed como de las humanidades y las ingenier\u00edas, que laboran en diversas instituciones del pa\u00eds y del extranjero.<\/p>\n\n\n\n<p>Para la AMC, la educaci\u00f3n, la ciencia, la tecnolog\u00eda y la innovaci\u00f3n son herramientas fundamentales que contribuyen al desarrollo pleno de las naciones.<\/p>\n\n\n\n<p>Esta asociaci\u00f3n tiene como misi\u00f3n propiciar el desarrollo de la investigaci\u00f3n cient\u00edfica en M\u00e9xico y ha perseverado porque la producci\u00f3n del conocimiento se haga siempre en beneficio de la sociedad y en la preservaci\u00f3n del ambiente, cuidando tambi\u00e9n que la actividad cient\u00edfica se norme por los principios \u00e9ticos del bien com\u00fan.<\/p>\n<\/div>\n\n\n\n<div class=\"wp-block-column is-layout-flow wp-block-column-is-layout-flow\">\n<figure class=\"wp-block-image size-large\"><img loading=\"lazy\" decoding=\"async\" width=\"1024\" height=\"680\" src=\"https:\/\/amc.edu.mx\/amc2024\/wp-content\/uploads\/2024\/02\/Academia-Mexicana-de-Ciencias-1024x680.jpeg\" alt=\"Vista a\u00e9rea de la AMC\" class=\"wp-image-3629\" srcset=\"https:\/\/amc.edu.mx\/amc2024\/wp-content\/uploads\/2024\/02\/Academia-Mexicana-de-Ciencias-1024x680.jpeg 1024w, https:\/\/amc.edu.mx\/amc2024\/wp-content\/uploads\/2024\/02\/Academia-Mexicana-de-Ciencias-300x199.jpeg 300w, https:\/\/amc.edu.mx\/amc2024\/wp-content\/uploads\/2024\/02\/Academia-Mexicana-de-Ciencias-768x510.jpeg 768w, https:\/\/amc.edu.mx\/amc2024\/wp-content\/uploads\/2024\/02\/Academia-Mexicana-de-Ciencias-1536x1020.jpeg 1536w, https:\/\/amc.edu.mx\/amc2024\/wp-content\/uploads\/2024\/02\/Academia-Mexicana-de-Ciencias-2048x1360.jpeg 2048w, https:\/\/amc.edu.mx\/amc2024\/wp-content\/uploads\/2024\/02\/Academia-Mexicana-de-Ciencias-1140x757.jpeg 1140w\" sizes=\"auto, (max-width: 1024px) 100vw, 1024px\" \/><\/figure>\n<\/div>\n<\/div>\n\n\n\n<p>Con base en lo anterior, la Academia tiene como objetivos:<\/p>\n\n\n\n<ul class=\"wp-block-list\">\n<li>Promover la investigaci\u00f3n cient\u00edfica en M\u00e9xico.<\/li>\n\n\n\n<li>Propugnar porque la investigaci\u00f3n cient\u00edfica en M\u00e9xico se realice con el m\u00e1ximo de calidad, seriedad y honradez.<\/li>\n\n\n\n<li>Fomentar la comunicaci\u00f3n entre la comunidad cient\u00edfica y los \u00f3rganos del Estado responsables de la educaci\u00f3n, la ciencia y la cultura.<\/li>\n\n\n\n<li>Difundir la ciencia en M\u00e9xico.<\/li>\n\n\n\n<li>Promover el di\u00e1logo entre la comunidad cient\u00edfica nacional e internacional.<\/li>\n\n\n\n<li>Orientar al Estado Mexicano y a la sociedad civil en los \u00e1mbitos de la ciencia y la tecnolog\u00eda.<\/li>\n\n\n\n<li>Buscar el reconocimiento nacional e internacional de los cient\u00edficos mexicanos.<\/li>\n\n\n\n<li>Contribuir a la construcci\u00f3n de una sociedad moderna, equitativa y justa.<\/li>\n<\/ul>\n<\/div>\n<\/div>\n","protected":false},"excerpt":{"rendered":"<p>La Academia Mexicana de Ciencias (AMC) es una asociaci\u00f3n civil independiente y sin fines de lucro, integrada por cient\u00edficas y cient\u00edficos de destacadas trayectorias acad\u00e9micas, en todos los campos de las ciencias exactas, naturales y sociales, as\u00ed como de las humanidades y las ingenier\u00edas, que laboran en diversas instituciones del pa\u00eds y del extranjero. Para la AMC, la educaci\u00f3n, la ciencia, la tecnolog\u00eda y la innovaci\u00f3n son herramientas fundamentales que contribuyen al desarrollo pleno de las naciones. Esta asociaci\u00f3n tiene como misi\u00f3n propiciar el desarrollo de la investigaci\u00f3n cient\u00edfica en M\u00e9xico y ha perseverado porque la producci\u00f3n del conocimiento se haga siempre en beneficio de la sociedad y en la preservaci\u00f3n del ambiente, cuidando tambi\u00e9n que la actividad cient\u00edfica se norme por los principios \u00e9ticos del bien com\u00fan. Con base en lo anterior, la Academia tiene como objetivos:<\/p>\n","protected":false},"author":1,"featured_media":0,"parent":0,"menu_order":0,"comment_status":"closed","ping_status":"closed","template":"","meta":{"pgc_sgb_lightbox_settings":"","footnotes":""},"class_list":["post-2981","page","type-page","status-publish","hentry"],"yoast_head":"<!-- This site is optimized with the Yoast SEO plugin v22.1 - https:\/\/yoast.com\/wordpress\/plugins\/seo\/ -->\n<title>Acerca de la AMC - Academia Mexicana de Ciencias<\/title>\n<meta name=\"description\" content=\"La Academia Mexicana de Ciencias (AMC) es una asociaci\u00f3n sin fines de lucro\u00a0integrada por cient\u00edficos y cient\u00edficas destacadas.\" \/>\n<meta name=\"robots\" content=\"noindex, follow, max-snippet:-1, max-image-preview:large, max-video-preview:-1\" \/>\n<meta property=\"og:locale\" content=\"es_MX\" \/>\n<meta property=\"og:type\" content=\"article\" \/>\n<meta property=\"og:title\" content=\"Acerca de la AMC - Academia Mexicana de Ciencias\" \/>\n<meta property=\"og:description\" content=\"La Academia Mexicana de Ciencias (AMC) es una asociaci\u00f3n sin fines de lucro\u00a0integrada por cient\u00edficos y cient\u00edficas destacadas.\" \/>\n<meta property=\"og:url\" content=\"https:\/\/amc.edu.mx\/amc2024\/academia-mexicana-de-ciencias\/\" \/>\n<meta property=\"og:site_name\" content=\"Academia Mexicana de Ciencias\" \/>\n<meta property=\"article:publisher\" content=\"https:\/\/www.facebook.com\/amciencias\" \/>\n<meta property=\"article:modified_time\" content=\"2024-03-01T07:35:09+00:00\" \/>\n<meta property=\"og:image\" content=\"https:\/\/amc.edu.mx\/amc2024\/wp-content\/uploads\/2024\/02\/Academia-Mexicana-de-Ciencias-1024x680.jpeg\" \/>\n<meta name=\"twitter:card\" content=\"summary_large_image\" \/>\n<meta name=\"twitter:site\" content=\"@amciencias\" \/>\n<meta name=\"twitter:label1\" content=\"Tiempo de lectura\" \/>\n\t<meta name=\"twitter:data1\" content=\"2 minutos\" \/>\n<script type=\"application\/ld+json\" class=\"yoast-schema-graph\">{\"@context\":\"https:\/\/schema.org\",\"@graph\":[{\"@type\":\"WebPage\",\"@id\":\"https:\/\/amc.edu.mx\/amc2024\/academia-mexicana-de-ciencias\/\",\"url\":\"https:\/\/amc.edu.mx\/amc2024\/academia-mexicana-de-ciencias\/\",\"name\":\"Acerca de la AMC - Academia Mexicana de Ciencias\",\"isPartOf\":{\"@id\":\"https:\/\/amc.edu.mx\/amc2024\/#website\"},\"datePublished\":\"2024-02-21T20:33:52+00:00\",\"dateModified\":\"2024-03-01T07:35:09+00:00\",\"description\":\"La Academia Mexicana de Ciencias (AMC) es una asociaci\u00f3n sin fines de lucro\u00a0integrada por cient\u00edficos y cient\u00edficas destacadas.\",\"breadcrumb\":{\"@id\":\"https:\/\/amc.edu.mx\/amc2024\/academia-mexicana-de-ciencias\/#breadcrumb\"},\"inLanguage\":\"es\",\"potentialAction\":[{\"@type\":\"ReadAction\",\"target\":[\"https:\/\/amc.edu.mx\/amc2024\/academia-mexicana-de-ciencias\/\"]}]},{\"@type\":\"BreadcrumbList\",\"@id\":\"https:\/\/amc.edu.mx\/amc2024\/academia-mexicana-de-ciencias\/#breadcrumb\",\"itemListElement\":[{\"@type\":\"ListItem\",\"position\":1,\"name\":\"Inicio\",\"item\":\"https:\/\/amc.edu.mx\/amc2024\/\"},{\"@type\":\"ListItem\",\"position\":2,\"name\":\"Acerca de la AMC\"}]},{\"@type\":\"WebSite\",\"@id\":\"https:\/\/amc.edu.mx\/amc2024\/#website\",\"url\":\"https:\/\/amc.edu.mx\/amc2024\/\",\"name\":\"Academia Mexicana de Ciencias\",\"description\":\"ACADEMIA MEXICANA DE CIENCIAS\",\"publisher\":{\"@id\":\"https:\/\/amc.edu.mx\/amc2024\/#organization\"},\"alternateName\":\"AMC\",\"potentialAction\":[{\"@type\":\"SearchAction\",\"target\":{\"@type\":\"EntryPoint\",\"urlTemplate\":\"https:\/\/amc.edu.mx\/amc2024\/?s={search_term_string}\"},\"query-input\":\"required name=search_term_string\"}],\"inLanguage\":\"es\"},{\"@type\":\"Organization\",\"@id\":\"https:\/\/amc.edu.mx\/amc2024\/#organization\",\"name\":\"Academia Mexicana de Ciencias\",\"alternateName\":\"AMC\",\"url\":\"https:\/\/amc.edu.mx\/amc2024\/\",\"logo\":{\"@type\":\"ImageObject\",\"inLanguage\":\"es\",\"@id\":\"https:\/\/amc.edu.mx\/amc2024\/#\/schema\/logo\/image\/\",\"url\":\"https:\/\/amc.edu.mx\/amc2024\/wp-content\/uploads\/2023\/10\/logo_amc-1.png\",\"contentUrl\":\"https:\/\/amc.edu.mx\/amc2024\/wp-content\/uploads\/2023\/10\/logo_amc-1.png\",\"width\":455,\"height\":300,\"caption\":\"Academia Mexicana de Ciencias\"},\"image\":{\"@id\":\"https:\/\/amc.edu.mx\/amc2024\/#\/schema\/logo\/image\/\"},\"sameAs\":[\"https:\/\/www.facebook.com\/amciencias\",\"https:\/\/twitter.com\/amciencias\",\"https:\/\/www.instagram.com\/amciencias\",\"https:\/\/www.youtube.com\/@AMCiencias\",\"https:\/\/www.tiktok.com\/@amciencias\"]}]}<\/script>\n<!-- \/ Yoast SEO plugin. -->","yoast_head_json":{"title":"Acerca de la AMC - Academia Mexicana de Ciencias","description":"La Academia Mexicana de Ciencias (AMC) es una asociaci\u00f3n sin fines de lucro\u00a0integrada por cient\u00edficos y cient\u00edficas destacadas.","robots":{"index":"noindex","follow":"follow","max-snippet":"max-snippet:-1","max-image-preview":"max-image-preview:large","max-video-preview":"max-video-preview:-1"},"og_locale":"es_MX","og_type":"article","og_title":"Acerca de la AMC - Academia Mexicana de Ciencias","og_description":"La Academia Mexicana de Ciencias (AMC) es una asociaci\u00f3n sin fines de lucro\u00a0integrada por cient\u00edficos y cient\u00edficas destacadas.","og_url":"https:\/\/amc.edu.mx\/amc2024\/academia-mexicana-de-ciencias\/","og_site_name":"Academia Mexicana de Ciencias","article_publisher":"https:\/\/www.facebook.com\/amciencias","article_modified_time":"2024-03-01T07:35:09+00:00","og_image":[{"url":"https:\/\/amc.edu.mx\/amc2024\/wp-content\/uploads\/2024\/02\/Academia-Mexicana-de-Ciencias-1024x680.jpeg"}],"twitter_card":"summary_large_image","twitter_site":"@amciencias","twitter_misc":{"Tiempo de lectura":"2 minutos"},"schema":{"@context":"https:\/\/schema.org","@graph":[{"@type":"WebPage","@id":"https:\/\/amc.edu.mx\/amc2024\/academia-mexicana-de-ciencias\/","url":"https:\/\/amc.edu.mx\/amc2024\/academia-mexicana-de-ciencias\/","name":"Acerca de la AMC - Academia Mexicana de Ciencias","isPartOf":{"@id":"https:\/\/amc.edu.mx\/amc2024\/#website"},"datePublished":"2024-02-21T20:33:52+00:00","dateModified":"2024-03-01T07:35:09+00:00","description":"La Academia Mexicana de Ciencias (AMC) es una asociaci\u00f3n sin fines de lucro\u00a0integrada por cient\u00edficos y cient\u00edficas destacadas.","breadcrumb":{"@id":"https:\/\/amc.edu.mx\/amc2024\/academia-mexicana-de-ciencias\/#breadcrumb"},"inLanguage":"es","potentialAction":[{"@type":"ReadAction","target":["https:\/\/amc.edu.mx\/amc2024\/academia-mexicana-de-ciencias\/"]}]},{"@type":"BreadcrumbList","@id":"https:\/\/amc.edu.mx\/amc2024\/academia-mexicana-de-ciencias\/#breadcrumb","itemListElement":[{"@type":"ListItem","position":1,"name":"Inicio","item":"https:\/\/amc.edu.mx\/amc2024\/"},{"@type":"ListItem","position":2,"name":"Acerca de la AMC"}]},{"@type":"WebSite","@id":"https:\/\/amc.edu.mx\/amc2024\/#website","url":"https:\/\/amc.edu.mx\/amc2024\/","name":"Academia Mexicana de Ciencias","description":"ACADEMIA MEXICANA DE CIENCIAS","publisher":{"@id":"https:\/\/amc.edu.mx\/amc2024\/#organization"},"alternateName":"AMC","potentialAction":[{"@type":"SearchAction","target":{"@type":"EntryPoint","urlTemplate":"https:\/\/amc.edu.mx\/amc2024\/?s={search_term_string}"},"query-input":"required name=search_term_string"}],"inLanguage":"es"},{"@type":"Organization","@id":"https:\/\/amc.edu.mx\/amc2024\/#organization","name":"Academia Mexicana de Ciencias","alternateName":"AMC","url":"https:\/\/amc.edu.mx\/amc2024\/","logo":{"@type":"ImageObject","inLanguage":"es","@id":"https:\/\/amc.edu.mx\/amc2024\/#\/schema\/logo\/image\/","url":"https:\/\/amc.edu.mx\/amc2024\/wp-content\/uploads\/2023\/10\/logo_amc-1.png","contentUrl":"https:\/\/amc.edu.mx\/amc2024\/wp-content\/uploads\/2023\/10\/logo_amc-1.png","width":455,"height":300,"caption":"Academia Mexicana de Ciencias"},"image":{"@id":"https:\/\/amc.edu.mx\/amc2024\/#\/schema\/logo\/image\/"},"sameAs":["https:\/\/www.facebook.com\/amciencias","https:\/\/twitter.com\/amciencias","https:\/\/www.instagram.com\/amciencias","https:\/\/www.youtube.com\/@AMCiencias","https:\/\/www.tiktok.com\/@amciencias"]}]}},"_links":{"self":[{"href":"https:\/\/amc.edu.mx\/amc2024\/wp-json\/wp\/v2\/pages\/2981","targetHints":{"allow":["GET"]}}],"collection":[{"href":"https:\/\/amc.edu.mx\/amc2024\/wp-json\/wp\/v2\/pages"}],"about":[{"href":"https:\/\/amc.edu.mx\/amc2024\/wp-json\/wp\/v2\/types\/page"}],"author":[{"embeddable":true,"href":"https:\/\/amc.edu.mx\/amc2024\/wp-json\/wp\/v2\/users\/1"}],"replies":[{"embeddable":true,"href":"https:\/\/amc.edu.mx\/amc2024\/wp-json\/wp\/v2\/comments?post=2981"}],"version-history":[{"count":11,"href":"https:\/\/amc.edu.mx\/amc2024\/wp-json\/wp\/v2\/pages\/2981\/revisions"}],"predecessor-version":[{"id":3878,"href":"https:\/\/amc.edu.mx\/amc2024\/wp-json\/wp\/v2\/pages\/2981\/revisions\/3878"}],"wp:attachment":[{"href":"https:\/\/amc.edu.mx\/amc2024\/wp-json\/wp\/v2\/media?parent=2981"}],"curies":[{"name":"wp","href":"https:\/\/api.w.org\/{rel}","templated":true}]}}