{"id":2534,"date":"2024-02-12T11:44:42","date_gmt":"2024-02-12T17:44:42","guid":{"rendered":"https:\/\/amc.edu.mx\/amc2024\/?page_id=2534"},"modified":"2024-02-28T00:16:23","modified_gmt":"2024-02-28T06:16:23","slug":"red-latinoamericana-de-biologia","status":"publish","type":"page","link":"https:\/\/amc.edu.mx\/amc2024\/red-latinoamericana-de-biologia\/","title":{"rendered":"Red Latinoamericana de Biolog\u00eda"},"content":{"rendered":"\n<div class=\"wp-block-columns is-layout-flex wp-container-core-columns-is-layout-9d6595d7 wp-block-columns-is-layout-flex\">\n<div class=\"wp-block-column is-layout-flow wp-block-column-is-layout-flow\" style=\"flex-basis:25%\"><nav class=\"is-responsive wp-block-navigation is-layout-flex wp-block-navigation-is-layout-flex\" aria-label=\"menu-asuntos-int\" \n\t\t data-wp-interactive=\"core\/navigation\" data-wp-context='{\"overlayOpenedBy\":{\"click\":false,\"hover\":false,\"focus\":false},\"type\":\"overlay\",\"roleAttribute\":\"\",\"ariaLabel\":\"Men\\u00fa\"}'><button aria-haspopup=\"dialog\" aria-label=\"Abrir el men\u00fa\" class=\"wp-block-navigation__responsive-container-open\" \n\t\t\t\tdata-wp-on--click=\"actions.openMenuOnClick\"\n\t\t\t\tdata-wp-on--keydown=\"actions.handleMenuKeydown\"\n\t\t\t><svg width=\"24\" height=\"24\" xmlns=\"http:\/\/www.w3.org\/2000\/svg\" viewBox=\"0 0 24 24\" aria-hidden=\"true\" focusable=\"false\"><path d=\"M4 7.5h16v1.5H4z\"><\/path><path d=\"M4 15h16v1.5H4z\"><\/path><\/svg><\/button>\n\t\t\t\t<div class=\"wp-block-navigation__responsive-container\"  id=\"modal-1\" \n\t\t\t\tdata-wp-class--has-modal-open=\"state.isMenuOpen\"\n\t\t\t\tdata-wp-class--is-menu-open=\"state.isMenuOpen\"\n\t\t\t\tdata-wp-watch=\"callbacks.initMenu\"\n\t\t\t\tdata-wp-on--keydown=\"actions.handleMenuKeydown\"\n\t\t\t\tdata-wp-on--focusout=\"actions.handleMenuFocusout\"\n\t\t\t\ttabindex=\"-1\"\n\t\t\t>\n\t\t\t\t\t<div class=\"wp-block-navigation__responsive-close\" tabindex=\"-1\">\n\t\t\t\t\t\t<div class=\"wp-block-navigation__responsive-dialog\" \n\t\t\t\tdata-wp-bind--aria-modal=\"state.ariaModal\"\n\t\t\t\tdata-wp-bind--aria-label=\"state.ariaLabel\"\n\t\t\t\tdata-wp-bind--role=\"state.roleAttribute\"\n\t\t\t>\n\t\t\t\t\t\t\t<button aria-label=\"Cerrar el men\u00fa\" class=\"wp-block-navigation__responsive-container-close\" \n\t\t\t\tdata-wp-on--click=\"actions.closeMenuOnClick\"\n\t\t\t><svg xmlns=\"http:\/\/www.w3.org\/2000\/svg\" viewBox=\"0 0 24 24\" width=\"24\" height=\"24\" aria-hidden=\"true\" focusable=\"false\"><path d=\"m13.06 12 6.47-6.47-1.06-1.06L12 10.94 5.53 4.47 4.47 5.53 10.94 12l-6.47 6.47 1.06 1.06L12 13.06l6.47 6.47 1.06-1.06L13.06 12Z\"><\/path><\/svg><\/button>\n\t\t\t\t\t\t\t<div class=\"wp-block-navigation__responsive-container-content\" \n\t\t\t\tdata-wp-watch=\"callbacks.focusFirstElement\"\n\t\t\t id=\"modal-1-content\">\n\t\t\t\t\t\t\t\t<ul class=\"wp-block-navigation__container is-responsive wp-block-navigation\"><li class=\" wp-block-navigation-item wp-block-navigation-link\"><a class=\"wp-block-navigation-item__content\"  href=\"https:\/\/amc.edu.mx\/amc2024\/index.php\/asuntos-internacionales\/\"><span class=\"wp-block-navigation-item__label\">Asuntos internacionales<\/span><\/a><\/li><li class=\" wp-block-navigation-item wp-block-navigation-link\"><a class=\"wp-block-navigation-item__content\"  href=\"https:\/\/amc.edu.mx\/amc2024\/index.php\/the-us-national-academy-of-sciences\/\"><span class=\"wp-block-navigation-item__label\">The US National Academy of Sciences<\/span><\/a><\/li><li class=\" wp-block-navigation-item wp-block-navigation-link\"><a class=\"wp-block-navigation-item__content\"  href=\"https:\/\/amc.edu.mx\/amc2024\/index.php\/red-global-de-academias-de-ciencias-iap\/\"><span class=\"wp-block-navigation-item__label\">Red Global de Academias de Ciencias (IAP)<\/span><\/a><\/li><li class=\" wp-block-navigation-item wp-block-navigation-link\"><a class=\"wp-block-navigation-item__content\"  href=\"https:\/\/amc.edu.mx\/amc2024\/index.php\/interamerican-network-of-academies-of-sciences-ianas\/\"><span class=\"wp-block-navigation-item__label\">Interamerican Network of Academies of Sciences (IANAS)<\/span><\/a><\/li><li class=\" wp-block-navigation-item wp-block-navigation-link\"><a class=\"wp-block-navigation-item__content\"  href=\"https:\/\/amc.edu.mx\/amc2024\/index.php\/the-academy-of-sciences-for-the-developing-world-twas\/\"><span class=\"wp-block-navigation-item__label\">The Academy of Sciences for the Developing World (TWAS)<\/span><\/a><\/li><li class=\" wp-block-navigation-item wp-block-navigation-link\"><a class=\"wp-block-navigation-item__content\"  href=\"https:\/\/amc.edu.mx\/amc2024\/index.php\/international-science-council-isc\/\"><span class=\"wp-block-navigation-item__label\">International Science Council (ISC)<\/span><\/a><\/li><li class=\" wp-block-navigation-item wp-block-navigation-link\"><a class=\"wp-block-navigation-item__content\"  href=\"https:\/\/amc.edu.mx\/amc2024\/index.php\/red-latinoamericana-de-quimica\/\"><span class=\"wp-block-navigation-item__label\">Red Latinoamericana de Qu\u00edmica<\/span><\/a><\/li><li class=\" wp-block-navigation-item wp-block-navigation-link\"><a class=\"wp-block-navigation-item__content\"  href=\"https:\/\/amc.edu.mx\/amc2024\/index.php\/red-latinoamericana-de-biologia\/\"><span class=\"wp-block-navigation-item__label\">Red Latinoamericana de Biolog\u00eda<\/span><\/a><\/li><li class=\" wp-block-navigation-item wp-block-navigation-link\"><a class=\"wp-block-navigation-item__content\"  href=\"https:\/\/amc.edu.mx\/amc2024\/index.php\/visita-de-profesores-distinguidos\/\"><span class=\"wp-block-navigation-item__label\">Visita de profesores distinguidos\u00a0<\/span><\/a><\/li><li class=\" wp-block-navigation-item wp-block-navigation-link\"><a class=\"wp-block-navigation-item__content\"  href=\"https:\/\/amc.edu.mx\/amc2024\/index.php\/estancias-de-verano-para-investigadores-jovenes\/\"><span class=\"wp-block-navigation-item__label\">Estancias de verano para investigadores j\u00f3venes<\/span><\/a><\/li><li class=\" wp-block-navigation-item wp-block-navigation-link\"><a class=\"wp-block-navigation-item__content\"  href=\"https:\/\/amc.edu.mx\/amc2024\/index.php\/comunidad-cientifica-del-caribe\/\"><span class=\"wp-block-navigation-item__label\">Comunidad Cient\u00edfica del Caribe<\/span><\/a><\/li><li class=\" wp-block-navigation-item wp-block-navigation-link\"><a class=\"wp-block-navigation-item__content\"  href=\"https:\/\/amc.edu.mx\/amc2024\/index.php\/academias-de-ciencias-del-grupo-g-science\/\"><span class=\"wp-block-navigation-item__label\">Academias de Ciencias del Grupo G-Science<\/span><\/a><\/li><li class=\" wp-block-navigation-item wp-block-navigation-link\"><a class=\"wp-block-navigation-item__content\"  href=\"https:\/\/amc.edu.mx\/amc2024\/index.php\/ano-dual-alemania-mexico\/\"><span class=\"wp-block-navigation-item__label\">A\u00f1o Dual Alemania-M\u00e9xico<\/span><\/a><\/li><li class=\" wp-block-navigation-item wp-block-navigation-link\"><a class=\"wp-block-navigation-item__content\"  href=\"https:\/\/amc.edu.mx\/amc2024\/index.php\/2015-ano-internacional-de-la-luz\/\"><span class=\"wp-block-navigation-item__label\">2015 A\u00f1o Internacional de la Luz<\/span><\/a><\/li><li class=\" wp-block-navigation-item wp-block-navigation-link\"><a class=\"wp-block-navigation-item__content\"  href=\"https:\/\/amc.edu.mx\/amc2024\/index.php\/fundacion-lindau\/\"><span class=\"wp-block-navigation-item__label\">Fundaci\u00f3n Lindau<\/span><\/a><\/li><\/ul>\n\t\t\t\t\t\t\t<\/div>\n\t\t\t\t\t\t<\/div>\n\t\t\t\t\t<\/div>\n\t\t\t\t<\/div><\/nav><\/div>\n\n\n\n<div class=\"wp-block-column is-layout-flow wp-block-column-is-layout-flow\" style=\"flex-basis:66.66%\">\n<div class=\"wp-block-columns is-layout-flex wp-container-core-columns-is-layout-9d6595d7 wp-block-columns-is-layout-flex\">\n<div class=\"wp-block-column is-layout-flow wp-block-column-is-layout-flow\">\n<p>En 1992, auspiciada por el Consejo Nacional de Ciencia y Tecnolog\u00eda (Conacyt), se cre\u00f3 la\u00a0Red Latinoamericana de Biolog\u00eda (Relab)\u00a0con el fin de propiciar la interacci\u00f3n entre cient\u00edficos de Latinoam\u00e9rica en el \u00e1rea de Biolog\u00eda.<\/p>\n\n\n\n<p>De 1992 a 1996, el doctor Antonio Pe\u00f1a D\u00edaz fue el representante de la AMC ante la Relab y de 1997 a 2002 el doctor Jos\u00e9 Mar\u00eda Cant\u00fa Garza. De 2003 a la fecha es la doctora Alicia Gonz\u00e1lez Manjarrez.<\/p>\n<\/div>\n\n\n\n<div class=\"wp-block-column is-layout-flow wp-block-column-is-layout-flow\">\n<figure class=\"wp-block-image size-large\"><img loading=\"lazy\" decoding=\"async\" width=\"682\" height=\"1024\" src=\"https:\/\/amc.edu.mx\/amc2024\/wp-content\/uploads\/2024\/02\/RELAB-682x1024.jpg\" alt=\"\" class=\"wp-image-3311\" srcset=\"https:\/\/amc.edu.mx\/amc2024\/wp-content\/uploads\/2024\/02\/RELAB-682x1024.jpg 682w, https:\/\/amc.edu.mx\/amc2024\/wp-content\/uploads\/2024\/02\/RELAB-200x300.jpg 200w, https:\/\/amc.edu.mx\/amc2024\/wp-content\/uploads\/2024\/02\/RELAB-768x1152.jpg 768w, https:\/\/amc.edu.mx\/amc2024\/wp-content\/uploads\/2024\/02\/RELAB-1024x1536.jpg 1024w, https:\/\/amc.edu.mx\/amc2024\/wp-content\/uploads\/2024\/02\/RELAB-1140x1710.jpg 1140w, https:\/\/amc.edu.mx\/amc2024\/wp-content\/uploads\/2024\/02\/RELAB.jpg 1333w\" sizes=\"auto, (max-width: 682px) 100vw, 682px\" \/><\/figure>\n<\/div>\n<\/div>\n<\/div>\n<\/div>\n","protected":false},"excerpt":{"rendered":"<p>En 1992, auspiciada por el Consejo Nacional de Ciencia y Tecnolog\u00eda (Conacyt), se cre\u00f3 la\u00a0Red Latinoamericana de Biolog\u00eda (Relab)\u00a0con el fin de propiciar la interacci\u00f3n entre cient\u00edficos de Latinoam\u00e9rica en el \u00e1rea de Biolog\u00eda. De 1992 a 1996, el doctor Antonio Pe\u00f1a D\u00edaz fue el representante de la AMC ante la Relab y de 1997 a 2002 el doctor Jos\u00e9 Mar\u00eda Cant\u00fa Garza. De 2003 a la fecha es la doctora Alicia Gonz\u00e1lez Manjarrez.<\/p>\n","protected":false},"author":1,"featured_media":0,"parent":0,"menu_order":0,"comment_status":"closed","ping_status":"closed","template":"","meta":{"pgc_sgb_lightbox_settings":"","footnotes":""},"class_list":["post-2534","page","type-page","status-publish","hentry"],"yoast_head":"<!-- This site is optimized with the Yoast SEO plugin v22.1 - https:\/\/yoast.com\/wordpress\/plugins\/seo\/ -->\n<title>Red Latinoamericana de Biolog\u00eda - Academia Mexicana de Ciencias<\/title>\n<meta name=\"description\" content=\"La Red Latinoamericana de Biolog\u00eda propicia la interacci\u00f3n entre cient\u00edficos de Latinoam\u00e9rica en el \u00e1rea de biolog\u00eda.\" \/>\n<meta name=\"robots\" content=\"noindex, follow, max-snippet:-1, max-image-preview:large, max-video-preview:-1\" \/>\n<meta property=\"og:locale\" content=\"es_MX\" \/>\n<meta property=\"og:type\" content=\"article\" \/>\n<meta property=\"og:title\" content=\"Red Latinoamericana de Biolog\u00eda - Academia Mexicana de Ciencias\" \/>\n<meta property=\"og:description\" content=\"La Red Latinoamericana de Biolog\u00eda propicia la interacci\u00f3n entre cient\u00edficos de Latinoam\u00e9rica en el \u00e1rea de biolog\u00eda.\" \/>\n<meta property=\"og:url\" content=\"https:\/\/amc.edu.mx\/amc2024\/red-latinoamericana-de-biologia\/\" \/>\n<meta property=\"og:site_name\" content=\"Academia Mexicana de Ciencias\" \/>\n<meta property=\"article:publisher\" content=\"https:\/\/www.facebook.com\/amciencias\" \/>\n<meta property=\"article:modified_time\" content=\"2024-02-28T06:16:23+00:00\" \/>\n<meta property=\"og:image\" content=\"https:\/\/amc.edu.mx\/amc2024\/wp-content\/uploads\/2024\/02\/RELAB-682x1024.jpg\" \/>\n<meta name=\"twitter:card\" content=\"summary_large_image\" \/>\n<meta name=\"twitter:site\" content=\"@amciencias\" \/>\n<meta name=\"twitter:label1\" content=\"Tiempo de lectura\" \/>\n\t<meta name=\"twitter:data1\" content=\"1 minuto\" \/>\n<script type=\"application\/ld+json\" class=\"yoast-schema-graph\">{\"@context\":\"https:\/\/schema.org\",\"@graph\":[{\"@type\":\"WebPage\",\"@id\":\"https:\/\/amc.edu.mx\/amc2024\/red-latinoamericana-de-biologia\/\",\"url\":\"https:\/\/amc.edu.mx\/amc2024\/red-latinoamericana-de-biologia\/\",\"name\":\"Red Latinoamericana de Biolog\u00eda - Academia Mexicana de Ciencias\",\"isPartOf\":{\"@id\":\"https:\/\/amc.edu.mx\/amc2024\/#website\"},\"datePublished\":\"2024-02-12T17:44:42+00:00\",\"dateModified\":\"2024-02-28T06:16:23+00:00\",\"description\":\"La Red Latinoamericana de Biolog\u00eda propicia la interacci\u00f3n entre cient\u00edficos de Latinoam\u00e9rica en el \u00e1rea de biolog\u00eda.\",\"breadcrumb\":{\"@id\":\"https:\/\/amc.edu.mx\/amc2024\/red-latinoamericana-de-biologia\/#breadcrumb\"},\"inLanguage\":\"es\",\"potentialAction\":[{\"@type\":\"ReadAction\",\"target\":[\"https:\/\/amc.edu.mx\/amc2024\/red-latinoamericana-de-biologia\/\"]}]},{\"@type\":\"BreadcrumbList\",\"@id\":\"https:\/\/amc.edu.mx\/amc2024\/red-latinoamericana-de-biologia\/#breadcrumb\",\"itemListElement\":[{\"@type\":\"ListItem\",\"position\":1,\"name\":\"Inicio\",\"item\":\"https:\/\/amc.edu.mx\/amc2024\/\"},{\"@type\":\"ListItem\",\"position\":2,\"name\":\"Red Latinoamericana de Biolog\u00eda\"}]},{\"@type\":\"WebSite\",\"@id\":\"https:\/\/amc.edu.mx\/amc2024\/#website\",\"url\":\"https:\/\/amc.edu.mx\/amc2024\/\",\"name\":\"Academia Mexicana de Ciencias\",\"description\":\"ACADEMIA MEXICANA DE CIENCIAS\",\"publisher\":{\"@id\":\"https:\/\/amc.edu.mx\/amc2024\/#organization\"},\"alternateName\":\"AMC\",\"potentialAction\":[{\"@type\":\"SearchAction\",\"target\":{\"@type\":\"EntryPoint\",\"urlTemplate\":\"https:\/\/amc.edu.mx\/amc2024\/?s={search_term_string}\"},\"query-input\":\"required name=search_term_string\"}],\"inLanguage\":\"es\"},{\"@type\":\"Organization\",\"@id\":\"https:\/\/amc.edu.mx\/amc2024\/#organization\",\"name\":\"Academia Mexicana de Ciencias\",\"alternateName\":\"AMC\",\"url\":\"https:\/\/amc.edu.mx\/amc2024\/\",\"logo\":{\"@type\":\"ImageObject\",\"inLanguage\":\"es\",\"@id\":\"https:\/\/amc.edu.mx\/amc2024\/#\/schema\/logo\/image\/\",\"url\":\"https:\/\/amc.edu.mx\/amc2024\/wp-content\/uploads\/2023\/10\/logo_amc-1.png\",\"contentUrl\":\"https:\/\/amc.edu.mx\/amc2024\/wp-content\/uploads\/2023\/10\/logo_amc-1.png\",\"width\":455,\"height\":300,\"caption\":\"Academia Mexicana de Ciencias\"},\"image\":{\"@id\":\"https:\/\/amc.edu.mx\/amc2024\/#\/schema\/logo\/image\/\"},\"sameAs\":[\"https:\/\/www.facebook.com\/amciencias\",\"https:\/\/twitter.com\/amciencias\",\"https:\/\/www.instagram.com\/amciencias\",\"https:\/\/www.youtube.com\/@AMCiencias\",\"https:\/\/www.tiktok.com\/@amciencias\"]}]}<\/script>\n<!-- \/ Yoast SEO plugin. -->","yoast_head_json":{"title":"Red Latinoamericana de Biolog\u00eda - Academia Mexicana de Ciencias","description":"La Red Latinoamericana de Biolog\u00eda propicia la interacci\u00f3n entre cient\u00edficos de Latinoam\u00e9rica en el \u00e1rea de biolog\u00eda.","robots":{"index":"noindex","follow":"follow","max-snippet":"max-snippet:-1","max-image-preview":"max-image-preview:large","max-video-preview":"max-video-preview:-1"},"og_locale":"es_MX","og_type":"article","og_title":"Red Latinoamericana de Biolog\u00eda - Academia Mexicana de Ciencias","og_description":"La Red Latinoamericana de Biolog\u00eda propicia la interacci\u00f3n entre cient\u00edficos de Latinoam\u00e9rica en el \u00e1rea de biolog\u00eda.","og_url":"https:\/\/amc.edu.mx\/amc2024\/red-latinoamericana-de-biologia\/","og_site_name":"Academia Mexicana de Ciencias","article_publisher":"https:\/\/www.facebook.com\/amciencias","article_modified_time":"2024-02-28T06:16:23+00:00","og_image":[{"url":"https:\/\/amc.edu.mx\/amc2024\/wp-content\/uploads\/2024\/02\/RELAB-682x1024.jpg"}],"twitter_card":"summary_large_image","twitter_site":"@amciencias","twitter_misc":{"Tiempo de lectura":"1 minuto"},"schema":{"@context":"https:\/\/schema.org","@graph":[{"@type":"WebPage","@id":"https:\/\/amc.edu.mx\/amc2024\/red-latinoamericana-de-biologia\/","url":"https:\/\/amc.edu.mx\/amc2024\/red-latinoamericana-de-biologia\/","name":"Red Latinoamericana de Biolog\u00eda - Academia Mexicana de Ciencias","isPartOf":{"@id":"https:\/\/amc.edu.mx\/amc2024\/#website"},"datePublished":"2024-02-12T17:44:42+00:00","dateModified":"2024-02-28T06:16:23+00:00","description":"La Red Latinoamericana de Biolog\u00eda propicia la interacci\u00f3n entre cient\u00edficos de Latinoam\u00e9rica en el \u00e1rea de biolog\u00eda.","breadcrumb":{"@id":"https:\/\/amc.edu.mx\/amc2024\/red-latinoamericana-de-biologia\/#breadcrumb"},"inLanguage":"es","potentialAction":[{"@type":"ReadAction","target":["https:\/\/amc.edu.mx\/amc2024\/red-latinoamericana-de-biologia\/"]}]},{"@type":"BreadcrumbList","@id":"https:\/\/amc.edu.mx\/amc2024\/red-latinoamericana-de-biologia\/#breadcrumb","itemListElement":[{"@type":"ListItem","position":1,"name":"Inicio","item":"https:\/\/amc.edu.mx\/amc2024\/"},{"@type":"ListItem","position":2,"name":"Red Latinoamericana de Biolog\u00eda"}]},{"@type":"WebSite","@id":"https:\/\/amc.edu.mx\/amc2024\/#website","url":"https:\/\/amc.edu.mx\/amc2024\/","name":"Academia Mexicana de Ciencias","description":"ACADEMIA MEXICANA DE CIENCIAS","publisher":{"@id":"https:\/\/amc.edu.mx\/amc2024\/#organization"},"alternateName":"AMC","potentialAction":[{"@type":"SearchAction","target":{"@type":"EntryPoint","urlTemplate":"https:\/\/amc.edu.mx\/amc2024\/?s={search_term_string}"},"query-input":"required name=search_term_string"}],"inLanguage":"es"},{"@type":"Organization","@id":"https:\/\/amc.edu.mx\/amc2024\/#organization","name":"Academia Mexicana de Ciencias","alternateName":"AMC","url":"https:\/\/amc.edu.mx\/amc2024\/","logo":{"@type":"ImageObject","inLanguage":"es","@id":"https:\/\/amc.edu.mx\/amc2024\/#\/schema\/logo\/image\/","url":"https:\/\/amc.edu.mx\/amc2024\/wp-content\/uploads\/2023\/10\/logo_amc-1.png","contentUrl":"https:\/\/amc.edu.mx\/amc2024\/wp-content\/uploads\/2023\/10\/logo_amc-1.png","width":455,"height":300,"caption":"Academia Mexicana de Ciencias"},"image":{"@id":"https:\/\/amc.edu.mx\/amc2024\/#\/schema\/logo\/image\/"},"sameAs":["https:\/\/www.facebook.com\/amciencias","https:\/\/twitter.com\/amciencias","https:\/\/www.instagram.com\/amciencias","https:\/\/www.youtube.com\/@AMCiencias","https:\/\/www.tiktok.com\/@amciencias"]}]}},"_links":{"self":[{"href":"https:\/\/amc.edu.mx\/amc2024\/wp-json\/wp\/v2\/pages\/2534","targetHints":{"allow":["GET"]}}],"collection":[{"href":"https:\/\/amc.edu.mx\/amc2024\/wp-json\/wp\/v2\/pages"}],"about":[{"href":"https:\/\/amc.edu.mx\/amc2024\/wp-json\/wp\/v2\/types\/page"}],"author":[{"embeddable":true,"href":"https:\/\/amc.edu.mx\/amc2024\/wp-json\/wp\/v2\/users\/1"}],"replies":[{"embeddable":true,"href":"https:\/\/amc.edu.mx\/amc2024\/wp-json\/wp\/v2\/comments?post=2534"}],"version-history":[{"count":4,"href":"https:\/\/amc.edu.mx\/amc2024\/wp-json\/wp\/v2\/pages\/2534\/revisions"}],"predecessor-version":[{"id":3313,"href":"https:\/\/amc.edu.mx\/amc2024\/wp-json\/wp\/v2\/pages\/2534\/revisions\/3313"}],"wp:attachment":[{"href":"https:\/\/amc.edu.mx\/amc2024\/wp-json\/wp\/v2\/media?parent=2534"}],"curies":[{"name":"wp","href":"https:\/\/api.w.org\/{rel}","templated":true}]}}