{"id":2482,"date":"2024-02-08T14:05:55","date_gmt":"2024-02-08T20:05:55","guid":{"rendered":"https:\/\/amc.edu.mx\/amc2024\/?page_id=2482"},"modified":"2024-02-08T14:06:23","modified_gmt":"2024-02-08T20:06:23","slug":"dr-oliverio-santiago-rodriguez-fernandez","status":"publish","type":"page","link":"https:\/\/amc.edu.mx\/amc2024\/dr-oliverio-santiago-rodriguez-fernandez\/","title":{"rendered":"Dr. Oliverio Santiago Rodr\u00edguez Fern\u00e1ndez"},"content":{"rendered":"\n<h2 class=\"wp-block-heading has-text-align-center\">Presidente Secci\u00f3n Noreste<\/h2>\n\n\n<div class=\"wp-block-image\">\n<figure class=\"aligncenter size-full\"><img loading=\"lazy\" decoding=\"async\" width=\"429\" height=\"426\" src=\"https:\/\/amc.edu.mx\/amc2024\/wp-content\/uploads\/2023\/11\/Oliverio_Rodriguez.jpg\" alt=\"Oliverio Rodriguez Presidente Secci\u00f3n Noreste de la AMC\" class=\"wp-image-1834\" srcset=\"https:\/\/amc.edu.mx\/amc2024\/wp-content\/uploads\/2023\/11\/Oliverio_Rodriguez.jpg 429w, https:\/\/amc.edu.mx\/amc2024\/wp-content\/uploads\/2023\/11\/Oliverio_Rodriguez-300x298.jpg 300w, https:\/\/amc.edu.mx\/amc2024\/wp-content\/uploads\/2023\/11\/Oliverio_Rodriguez-150x150.jpg 150w, https:\/\/amc.edu.mx\/amc2024\/wp-content\/uploads\/2023\/11\/Oliverio_Rodriguez-75x75.jpg 75w\" sizes=\"auto, (max-width: 429px) 100vw, 429px\" \/><\/figure>\n<\/div>\n\n\n<div class=\"wp-block-columns is-layout-flex wp-container-core-columns-is-layout-9d6595d7 wp-block-columns-is-layout-flex\">\n<div class=\"wp-block-column consejo80 is-layout-flow wp-block-column-is-layout-flow\" style=\"flex-basis:80%\">\n<p><\/p>\n\n\n\n<p>Egresado de la carrera de Licenciado en Ciencias Qu\u00edmicas de la Universidad Aut\u00f3noma de Coahuila, de la misma Universidad graduado de la Maestr\u00eda en Pol\u00edmeros. De la Universidad de Loughborouh en Inglaterra obtiene su grado de Doctor. Desde 1986 trabajando en el Centro de Investigaci\u00f3n en Qu\u00edmica Aplicada, ocupando actualmente la Direcci\u00f3n General del Centro. Ha dirigido y participado en proyectos de investigaci\u00f3n b\u00e1sica orientada y aplicada. Contando con diferentes fuentes de financiamiento, como CONACYT, Comunidad Econ\u00f3mica Europea y del propio CIQA. Paralelamente a lo anterior, ha participado activamente en actividades de formaci\u00f3n de recursos humanos, desde capacitaci\u00f3n a personal t\u00e9cnico de la industria hasta la direcci\u00f3n de tesis de doctorado e impartici\u00f3n de cursos en el Programa de Posgrado del CIQA. Como resultado de las actividades anteriores, la productividad cient\u00edfica-tecnol\u00f3gica incluye m\u00e1s de 70 ponencias en congresos, tanto nacionales como internacionales, 70 art\u00edculos cient\u00edfico-tecnol\u00f3gicos publicados en revistas indizadas y 35 en memorias en extenso, un libro t\u00e9cnico publicado, 4 manuales t\u00e9cnicos registrados ante la SEP y cinco patentes en tr\u00e1mite y una otorgada. 30 Direcciones de tesis concluidas {11 Doctorado, 18 Maestr\u00eda, 2 Especialidad, 5 Licenciatura) Actualmente dirige 2 tesis de doctorado y 1 de maestr\u00eda. Ha sido sinodal de 15 estudiantes de Doctorado. Miembro del Sistema Nacional de Investigadores desde Julio de 1987. Actualmente nivel 11. Miembro de la Academia Mexicana de Ciencias, Miembro de American Chemical Society desde 1994. Miembro de la Society of Plastics Engineers desde 1991.<\/p>\n<\/div>\n<\/div>\n","protected":false},"excerpt":{"rendered":"<p>Presidente Secci\u00f3n Noreste Egresado de la carrera de Licenciado en Ciencias Qu\u00edmicas de la Universidad Aut\u00f3noma de Coahuila, de la misma Universidad graduado de la Maestr\u00eda en Pol\u00edmeros. De la Universidad de Loughborouh en Inglaterra obtiene su grado de Doctor. Desde 1986 trabajando en el Centro de Investigaci\u00f3n en Qu\u00edmica Aplicada, ocupando actualmente la Direcci\u00f3n General del Centro. Ha dirigido y participado en proyectos de investigaci\u00f3n b\u00e1sica orientada y aplicada. Contando con diferentes fuentes de financiamiento, como CONACYT, Comunidad Econ\u00f3mica Europea y del propio CIQA. Paralelamente a lo anterior, ha participado activamente en actividades de formaci\u00f3n de recursos humanos, desde capacitaci\u00f3n a personal t\u00e9cnico de la industria hasta la direcci\u00f3n de tesis de doctorado e impartici\u00f3n de cursos en el Programa de Posgrado del CIQA. Como resultado de las actividades anteriores, la productividad cient\u00edfica-tecnol\u00f3gica incluye m\u00e1s de 70 ponencias en congresos, tanto nacionales como internacionales, 70 art\u00edculos cient\u00edfico-tecnol\u00f3gicos publicados en revistas indizadas y 35 en memorias en extenso, un libro t\u00e9cnico publicado, 4 manuales t\u00e9cnicos registrados ante la SEP y cinco patentes en tr\u00e1mite y una otorgada. 30 Direcciones de tesis concluidas {11 Doctorado, 18 Maestr\u00eda, 2 Especialidad, 5 Licenciatura) Actualmente dirige 2 tesis de doctorado y 1 de maestr\u00eda. Ha sido sinodal de 15 estudiantes de Doctorado. Miembro del Sistema Nacional de Investigadores desde Julio de 1987. Actualmente nivel 11. Miembro de la Academia Mexicana de Ciencias, Miembro de American Chemical Society desde 1994. Miembro de la Society of Plastics Engineers desde 1991.<\/p>\n","protected":false},"author":1,"featured_media":0,"parent":0,"menu_order":0,"comment_status":"closed","ping_status":"closed","template":"","meta":{"pgc_sgb_lightbox_settings":"","footnotes":""},"class_list":["post-2482","page","type-page","status-publish","hentry"],"yoast_head":"<!-- This site is optimized with the Yoast SEO plugin v22.1 - https:\/\/yoast.com\/wordpress\/plugins\/seo\/ -->\n<title>Dr. Oliverio Santiago Rodr\u00edguez Fern\u00e1ndez - Academia Mexicana de Ciencias<\/title>\n<meta name=\"robots\" content=\"noindex, follow, max-snippet:-1, max-image-preview:large, max-video-preview:-1\" \/>\n<meta property=\"og:locale\" content=\"es_MX\" \/>\n<meta property=\"og:type\" content=\"article\" \/>\n<meta property=\"og:title\" content=\"Dr. Oliverio Santiago Rodr\u00edguez Fern\u00e1ndez - Academia Mexicana de Ciencias\" \/>\n<meta property=\"og:description\" content=\"Presidente Secci\u00f3n Noreste Egresado de la carrera de Licenciado en Ciencias Qu\u00edmicas de la Universidad Aut\u00f3noma de Coahuila, de la misma Universidad graduado de la Maestr\u00eda en Pol\u00edmeros. De la Universidad de Loughborouh en Inglaterra obtiene su grado de Doctor. Desde 1986 trabajando en el Centro de Investigaci\u00f3n en Qu\u00edmica Aplicada, ocupando actualmente la Direcci\u00f3n General del Centro. Ha dirigido y participado en proyectos de investigaci\u00f3n b\u00e1sica orientada y aplicada. Contando con diferentes fuentes de financiamiento, como CONACYT, Comunidad Econ\u00f3mica Europea y del propio CIQA. Paralelamente a lo anterior, ha participado activamente en actividades de formaci\u00f3n de recursos humanos, desde capacitaci\u00f3n a personal t\u00e9cnico de la industria hasta la direcci\u00f3n de tesis de doctorado e impartici\u00f3n de cursos en el Programa de Posgrado del CIQA. Como resultado de las actividades anteriores, la productividad cient\u00edfica-tecnol\u00f3gica incluye m\u00e1s de 70 ponencias en congresos, tanto nacionales como internacionales, 70 art\u00edculos cient\u00edfico-tecnol\u00f3gicos publicados en revistas indizadas y 35 en memorias en extenso, un libro t\u00e9cnico publicado, 4 manuales t\u00e9cnicos registrados ante la SEP y cinco patentes en tr\u00e1mite y una otorgada. 30 Direcciones de tesis concluidas {11 Doctorado, 18 Maestr\u00eda, 2 Especialidad, 5 Licenciatura) Actualmente dirige 2 tesis de doctorado y 1 de maestr\u00eda. Ha sido sinodal de 15 estudiantes de Doctorado. Miembro del Sistema Nacional de Investigadores desde Julio de 1987. Actualmente nivel 11. Miembro de la Academia Mexicana de Ciencias, Miembro de American Chemical Society desde 1994. Miembro de la Society of Plastics Engineers desde 1991.\" \/>\n<meta property=\"og:url\" content=\"https:\/\/amc.edu.mx\/amc2024\/dr-oliverio-santiago-rodriguez-fernandez\/\" \/>\n<meta property=\"og:site_name\" content=\"Academia Mexicana de Ciencias\" \/>\n<meta property=\"article:publisher\" content=\"https:\/\/www.facebook.com\/amciencias\" \/>\n<meta property=\"article:modified_time\" content=\"2024-02-08T20:06:23+00:00\" \/>\n<meta property=\"og:image\" content=\"https:\/\/amc.edu.mx\/amc2024\/wp-content\/uploads\/2023\/11\/Oliverio_Rodriguez.jpg\" \/>\n<meta name=\"twitter:card\" content=\"summary_large_image\" \/>\n<meta name=\"twitter:site\" content=\"@amciencias\" \/>\n<meta name=\"twitter:label1\" content=\"Tiempo de lectura\" \/>\n\t<meta name=\"twitter:data1\" content=\"2 minutos\" \/>\n<script type=\"application\/ld+json\" class=\"yoast-schema-graph\">{\"@context\":\"https:\/\/schema.org\",\"@graph\":[{\"@type\":\"WebPage\",\"@id\":\"https:\/\/amc.edu.mx\/amc2024\/dr-oliverio-santiago-rodriguez-fernandez\/\",\"url\":\"https:\/\/amc.edu.mx\/amc2024\/dr-oliverio-santiago-rodriguez-fernandez\/\",\"name\":\"Dr. Oliverio Santiago Rodr\u00edguez Fern\u00e1ndez - Academia Mexicana de Ciencias\",\"isPartOf\":{\"@id\":\"https:\/\/amc.edu.mx\/amc2024\/#website\"},\"datePublished\":\"2024-02-08T20:05:55+00:00\",\"dateModified\":\"2024-02-08T20:06:23+00:00\",\"breadcrumb\":{\"@id\":\"https:\/\/amc.edu.mx\/amc2024\/dr-oliverio-santiago-rodriguez-fernandez\/#breadcrumb\"},\"inLanguage\":\"es\",\"potentialAction\":[{\"@type\":\"ReadAction\",\"target\":[\"https:\/\/amc.edu.mx\/amc2024\/dr-oliverio-santiago-rodriguez-fernandez\/\"]}]},{\"@type\":\"BreadcrumbList\",\"@id\":\"https:\/\/amc.edu.mx\/amc2024\/dr-oliverio-santiago-rodriguez-fernandez\/#breadcrumb\",\"itemListElement\":[{\"@type\":\"ListItem\",\"position\":1,\"name\":\"Inicio\",\"item\":\"https:\/\/amc.edu.mx\/amc2024\/\"},{\"@type\":\"ListItem\",\"position\":2,\"name\":\"Dr. Oliverio Santiago Rodr\u00edguez Fern\u00e1ndez\"}]},{\"@type\":\"WebSite\",\"@id\":\"https:\/\/amc.edu.mx\/amc2024\/#website\",\"url\":\"https:\/\/amc.edu.mx\/amc2024\/\",\"name\":\"Academia Mexicana de Ciencias\",\"description\":\"ACADEMIA MEXICANA DE CIENCIAS\",\"publisher\":{\"@id\":\"https:\/\/amc.edu.mx\/amc2024\/#organization\"},\"alternateName\":\"AMC\",\"potentialAction\":[{\"@type\":\"SearchAction\",\"target\":{\"@type\":\"EntryPoint\",\"urlTemplate\":\"https:\/\/amc.edu.mx\/amc2024\/?s={search_term_string}\"},\"query-input\":\"required name=search_term_string\"}],\"inLanguage\":\"es\"},{\"@type\":\"Organization\",\"@id\":\"https:\/\/amc.edu.mx\/amc2024\/#organization\",\"name\":\"Academia Mexicana de Ciencias\",\"alternateName\":\"AMC\",\"url\":\"https:\/\/amc.edu.mx\/amc2024\/\",\"logo\":{\"@type\":\"ImageObject\",\"inLanguage\":\"es\",\"@id\":\"https:\/\/amc.edu.mx\/amc2024\/#\/schema\/logo\/image\/\",\"url\":\"https:\/\/amc.edu.mx\/amc2024\/wp-content\/uploads\/2023\/10\/logo_amc-1.png\",\"contentUrl\":\"https:\/\/amc.edu.mx\/amc2024\/wp-content\/uploads\/2023\/10\/logo_amc-1.png\",\"width\":455,\"height\":300,\"caption\":\"Academia Mexicana de Ciencias\"},\"image\":{\"@id\":\"https:\/\/amc.edu.mx\/amc2024\/#\/schema\/logo\/image\/\"},\"sameAs\":[\"https:\/\/www.facebook.com\/amciencias\",\"https:\/\/twitter.com\/amciencias\",\"https:\/\/www.instagram.com\/amciencias\",\"https:\/\/www.youtube.com\/@AMCiencias\",\"https:\/\/www.tiktok.com\/@amciencias\"]}]}<\/script>\n<!-- \/ Yoast SEO plugin. -->","yoast_head_json":{"title":"Dr. Oliverio Santiago Rodr\u00edguez Fern\u00e1ndez - Academia Mexicana de Ciencias","robots":{"index":"noindex","follow":"follow","max-snippet":"max-snippet:-1","max-image-preview":"max-image-preview:large","max-video-preview":"max-video-preview:-1"},"og_locale":"es_MX","og_type":"article","og_title":"Dr. Oliverio Santiago Rodr\u00edguez Fern\u00e1ndez - Academia Mexicana de Ciencias","og_description":"Presidente Secci\u00f3n Noreste Egresado de la carrera de Licenciado en Ciencias Qu\u00edmicas de la Universidad Aut\u00f3noma de Coahuila, de la misma Universidad graduado de la Maestr\u00eda en Pol\u00edmeros. De la Universidad de Loughborouh en Inglaterra obtiene su grado de Doctor. Desde 1986 trabajando en el Centro de Investigaci\u00f3n en Qu\u00edmica Aplicada, ocupando actualmente la Direcci\u00f3n General del Centro. Ha dirigido y participado en proyectos de investigaci\u00f3n b\u00e1sica orientada y aplicada. Contando con diferentes fuentes de financiamiento, como CONACYT, Comunidad Econ\u00f3mica Europea y del propio CIQA. Paralelamente a lo anterior, ha participado activamente en actividades de formaci\u00f3n de recursos humanos, desde capacitaci\u00f3n a personal t\u00e9cnico de la industria hasta la direcci\u00f3n de tesis de doctorado e impartici\u00f3n de cursos en el Programa de Posgrado del CIQA. Como resultado de las actividades anteriores, la productividad cient\u00edfica-tecnol\u00f3gica incluye m\u00e1s de 70 ponencias en congresos, tanto nacionales como internacionales, 70 art\u00edculos cient\u00edfico-tecnol\u00f3gicos publicados en revistas indizadas y 35 en memorias en extenso, un libro t\u00e9cnico publicado, 4 manuales t\u00e9cnicos registrados ante la SEP y cinco patentes en tr\u00e1mite y una otorgada. 30 Direcciones de tesis concluidas {11 Doctorado, 18 Maestr\u00eda, 2 Especialidad, 5 Licenciatura) Actualmente dirige 2 tesis de doctorado y 1 de maestr\u00eda. Ha sido sinodal de 15 estudiantes de Doctorado. Miembro del Sistema Nacional de Investigadores desde Julio de 1987. Actualmente nivel 11. Miembro de la Academia Mexicana de Ciencias, Miembro de American Chemical Society desde 1994. Miembro de la Society of Plastics Engineers desde 1991.","og_url":"https:\/\/amc.edu.mx\/amc2024\/dr-oliverio-santiago-rodriguez-fernandez\/","og_site_name":"Academia Mexicana de Ciencias","article_publisher":"https:\/\/www.facebook.com\/amciencias","article_modified_time":"2024-02-08T20:06:23+00:00","og_image":[{"url":"https:\/\/amc.edu.mx\/amc2024\/wp-content\/uploads\/2023\/11\/Oliverio_Rodriguez.jpg"}],"twitter_card":"summary_large_image","twitter_site":"@amciencias","twitter_misc":{"Tiempo de lectura":"2 minutos"},"schema":{"@context":"https:\/\/schema.org","@graph":[{"@type":"WebPage","@id":"https:\/\/amc.edu.mx\/amc2024\/dr-oliverio-santiago-rodriguez-fernandez\/","url":"https:\/\/amc.edu.mx\/amc2024\/dr-oliverio-santiago-rodriguez-fernandez\/","name":"Dr. Oliverio Santiago Rodr\u00edguez Fern\u00e1ndez - Academia Mexicana de Ciencias","isPartOf":{"@id":"https:\/\/amc.edu.mx\/amc2024\/#website"},"datePublished":"2024-02-08T20:05:55+00:00","dateModified":"2024-02-08T20:06:23+00:00","breadcrumb":{"@id":"https:\/\/amc.edu.mx\/amc2024\/dr-oliverio-santiago-rodriguez-fernandez\/#breadcrumb"},"inLanguage":"es","potentialAction":[{"@type":"ReadAction","target":["https:\/\/amc.edu.mx\/amc2024\/dr-oliverio-santiago-rodriguez-fernandez\/"]}]},{"@type":"BreadcrumbList","@id":"https:\/\/amc.edu.mx\/amc2024\/dr-oliverio-santiago-rodriguez-fernandez\/#breadcrumb","itemListElement":[{"@type":"ListItem","position":1,"name":"Inicio","item":"https:\/\/amc.edu.mx\/amc2024\/"},{"@type":"ListItem","position":2,"name":"Dr. Oliverio Santiago Rodr\u00edguez Fern\u00e1ndez"}]},{"@type":"WebSite","@id":"https:\/\/amc.edu.mx\/amc2024\/#website","url":"https:\/\/amc.edu.mx\/amc2024\/","name":"Academia Mexicana de Ciencias","description":"ACADEMIA MEXICANA DE CIENCIAS","publisher":{"@id":"https:\/\/amc.edu.mx\/amc2024\/#organization"},"alternateName":"AMC","potentialAction":[{"@type":"SearchAction","target":{"@type":"EntryPoint","urlTemplate":"https:\/\/amc.edu.mx\/amc2024\/?s={search_term_string}"},"query-input":"required name=search_term_string"}],"inLanguage":"es"},{"@type":"Organization","@id":"https:\/\/amc.edu.mx\/amc2024\/#organization","name":"Academia Mexicana de Ciencias","alternateName":"AMC","url":"https:\/\/amc.edu.mx\/amc2024\/","logo":{"@type":"ImageObject","inLanguage":"es","@id":"https:\/\/amc.edu.mx\/amc2024\/#\/schema\/logo\/image\/","url":"https:\/\/amc.edu.mx\/amc2024\/wp-content\/uploads\/2023\/10\/logo_amc-1.png","contentUrl":"https:\/\/amc.edu.mx\/amc2024\/wp-content\/uploads\/2023\/10\/logo_amc-1.png","width":455,"height":300,"caption":"Academia Mexicana de Ciencias"},"image":{"@id":"https:\/\/amc.edu.mx\/amc2024\/#\/schema\/logo\/image\/"},"sameAs":["https:\/\/www.facebook.com\/amciencias","https:\/\/twitter.com\/amciencias","https:\/\/www.instagram.com\/amciencias","https:\/\/www.youtube.com\/@AMCiencias","https:\/\/www.tiktok.com\/@amciencias"]}]}},"_links":{"self":[{"href":"https:\/\/amc.edu.mx\/amc2024\/wp-json\/wp\/v2\/pages\/2482","targetHints":{"allow":["GET"]}}],"collection":[{"href":"https:\/\/amc.edu.mx\/amc2024\/wp-json\/wp\/v2\/pages"}],"about":[{"href":"https:\/\/amc.edu.mx\/amc2024\/wp-json\/wp\/v2\/types\/page"}],"author":[{"embeddable":true,"href":"https:\/\/amc.edu.mx\/amc2024\/wp-json\/wp\/v2\/users\/1"}],"replies":[{"embeddable":true,"href":"https:\/\/amc.edu.mx\/amc2024\/wp-json\/wp\/v2\/comments?post=2482"}],"version-history":[{"count":2,"href":"https:\/\/amc.edu.mx\/amc2024\/wp-json\/wp\/v2\/pages\/2482\/revisions"}],"predecessor-version":[{"id":2484,"href":"https:\/\/amc.edu.mx\/amc2024\/wp-json\/wp\/v2\/pages\/2482\/revisions\/2484"}],"wp:attachment":[{"href":"https:\/\/amc.edu.mx\/amc2024\/wp-json\/wp\/v2\/media?parent=2482"}],"curies":[{"name":"wp","href":"https:\/\/api.w.org\/{rel}","templated":true}]}}