{"id":2465,"date":"2024-02-08T12:19:45","date_gmt":"2024-02-08T18:19:45","guid":{"rendered":"https:\/\/amc.edu.mx\/amc2024\/?page_id=2465"},"modified":"2024-02-08T14:00:46","modified_gmt":"2024-02-08T20:00:46","slug":"dra-maria-del-carmen-cisneros-gudino","status":"publish","type":"page","link":"https:\/\/amc.edu.mx\/amc2024\/dra-maria-del-carmen-cisneros-gudino\/","title":{"rendered":"Dra. Mar\u00eda del Carmen Cisneros Gudi\u00f1o"},"content":{"rendered":"\n<h2 class=\"wp-block-heading has-text-align-center\">Presidente Secci\u00f3n Centro-Sur<\/h2>\n\n\n<div class=\"wp-block-image\">\n<figure class=\"aligncenter size-full\"><img loading=\"lazy\" decoding=\"async\" width=\"429\" height=\"426\" src=\"https:\/\/amc.edu.mx\/amc2024\/wp-content\/uploads\/2023\/11\/Carmen_Cisneros.jpg\" alt=\"Carmen Cisneros Presidente Secci\u00f3n Centro-Sur de la AMC\" class=\"wp-image-1832\" srcset=\"https:\/\/amc.edu.mx\/amc2024\/wp-content\/uploads\/2023\/11\/Carmen_Cisneros.jpg 429w, https:\/\/amc.edu.mx\/amc2024\/wp-content\/uploads\/2023\/11\/Carmen_Cisneros-300x298.jpg 300w, https:\/\/amc.edu.mx\/amc2024\/wp-content\/uploads\/2023\/11\/Carmen_Cisneros-150x150.jpg 150w, https:\/\/amc.edu.mx\/amc2024\/wp-content\/uploads\/2023\/11\/Carmen_Cisneros-75x75.jpg 75w\" sizes=\"auto, (max-width: 429px) 100vw, 429px\" \/><\/figure>\n<\/div>\n\n\n<div class=\"wp-block-columns is-layout-flex wp-container-core-columns-is-layout-9d6595d7 wp-block-columns-is-layout-flex\">\n<div class=\"wp-block-column consejo80 is-layout-flow wp-block-column-is-layout-flow\" style=\"flex-basis:80%\">\n<div class=\"wp-block-columns is-layout-flex wp-container-core-columns-is-layout-9d6595d7 wp-block-columns-is-layout-flex\">\n<div class=\"wp-block-column consejo80 is-layout-flow wp-block-column-is-layout-flow\" style=\"flex-basis:80%\">\n<p><\/p>\n\n\n\n<p>Carmen Cisneros obtuvo su doctorado en f\u00edsica en 1976 en la Facultad de Ciencias de la UNAM despu\u00e9s de realizar una estancia en la Thermonuclear Division en Oak Ridge National Laboratory. A su regreso inici\u00f3 el \u00c1rea de F\u00edsica At\u00f3mica Experimental en M\u00e9xico en el Instituto de F\u00edsica de la UNAM. Posteriormente fue uno de los fundadores la Subsede de Cuernavaca, del ahora Instituto de Ciencias F\u00edsicas de la UNAM en Cuernavaca Morelos, del que se hizo cargo desde sus inicios como Subsede Laboratorio de Cuernavaca y donde su labor y compromiso fueron fundamentales en el desarrollo de la instituci\u00f3n. <\/p>\n\n\n\n<p>Carmen Cisneros ha estado asociada al Instituto de Ciencias F\u00edsicas desde 1985.Ha sido investigador o profesor visitante de Oak Ridge Nationanl Laboratory, The The Queens University of Belfast,The Wesleyan Uniersity , Universidad de Connecticut y de The Advanced Light Source de Berkeley. Ha sido organizadora y participante de varias escuelas de Verano en diferentes partes del mundo. Carmen Cisneros es miembro de la Academia Mexicana de Ciencias, miembro de la Academia de Ciencias de Morelos, Fellow of the American Physical Society, miembro de la Sociedad Mexicana de F\u00edsica, de la que fue presidenta (1996-1998); Miembro del SNI Nivel lll; ha sido Beller Lecturer; APS Presidente de la Federaci\u00f3n de Sociedades Latinoamericanas de F\u00edsica (1997-2001); Presea Tlacaelel del Edo. de Morelos (1998); miembro del &#8220;Advisory Committee of Physics Today (2002-2008); Directora de la Revista Mexicana de F\u00edsica (2004-2009); Shirley Award Advanced Light Source LBNL &#8220;For ground breaking advances in atomic and molecular physics including studies of photon ion beams&#8221; 2002; Medalla Fernando Alba 2008, Premio Universidad Nacional en el \u00e1rea de Investigaci\u00f3n en Ciencias Exactas 2008; Miembro de la Commission on Atomic Molecular and Optical Physics de IUPAP y reelecta para el per\u00edodo 2005-2008. En 2005 fue electa Vice-President de IUPAP, y actualmente es IUPAP Executive Council Delegate de la Commision for Optics y miembro del Technical Group on Atomic, Molecular and Plasma-Material lnteraction Data Evaluation and Development IAEA. As\u00ed mismo C. Cisneros ha sido miembro de innumerables comit\u00e9s dentro y fuera del pa\u00eds.<\/p>\n\n\n\n<p>La obra cient\u00edfica de C. Cisneros, en el \u00e1rea de su especialidad, F\u00edsica At\u00f3mica, Molecular y \u00d3ptica Experimentales, se encuentra plasmada en m\u00e1s de cien trabajos publicados en revistas internacionales de prestigio, entre las que se pueden mencionar: Physical Review, Physical Review Letters, Journal of Physics, European Journal of Physics, etc., los que han recibido un<br>n\u00famero considerable de citas, adem\u00e1s de cap\u00edtulos en libros y libros editados. Asimismo, ha desarrollado nuevos laboratorios y formado nuevas generaciones investigadores exitosos.<\/p>\n<\/div>\n<\/div>\n<\/div>\n<\/div>\n","protected":false},"excerpt":{"rendered":"<p>Presidente Secci\u00f3n Centro-Sur Carmen Cisneros obtuvo su doctorado en f\u00edsica en 1976 en la Facultad de Ciencias de la UNAM despu\u00e9s de realizar una estancia en la Thermonuclear Division en Oak Ridge National Laboratory. A su regreso inici\u00f3 el \u00c1rea de F\u00edsica At\u00f3mica Experimental en M\u00e9xico en el Instituto de F\u00edsica de la UNAM. Posteriormente fue uno de los fundadores la Subsede de Cuernavaca, del ahora Instituto de Ciencias F\u00edsicas de la UNAM en Cuernavaca Morelos, del que se hizo cargo desde sus inicios como Subsede Laboratorio de Cuernavaca y donde su labor y compromiso fueron fundamentales en el desarrollo de la instituci\u00f3n. Carmen Cisneros ha estado asociada al Instituto de Ciencias F\u00edsicas desde 1985.Ha sido investigador o profesor visitante de Oak Ridge Nationanl Laboratory, The The Queens University of Belfast,The Wesleyan Uniersity , Universidad de Connecticut y de The Advanced Light Source de Berkeley. Ha sido organizadora y participante de varias escuelas de Verano en diferentes partes del mundo. Carmen Cisneros es miembro de la Academia Mexicana de Ciencias, miembro de la Academia de Ciencias de Morelos, Fellow of the American Physical Society, miembro de la Sociedad Mexicana de F\u00edsica, de la que fue presidenta (1996-1998); Miembro del SNI Nivel lll; ha sido Beller Lecturer; APS Presidente de la Federaci\u00f3n de Sociedades Latinoamericanas de F\u00edsica (1997-2001); Presea Tlacaelel del Edo. de Morelos (1998); miembro del &#8220;Advisory Committee of Physics Today (2002-2008); Directora de la Revista Mexicana de F\u00edsica (2004-2009); Shirley Award Advanced Light Source LBNL &#8220;For ground breaking advances in atomic and molecular physics including studies of photon ion beams&#8221; 2002; Medalla Fernando Alba 2008, Premio Universidad Nacional en el \u00e1rea de Investigaci\u00f3n en Ciencias Exactas 2008; Miembro de la Commission on Atomic Molecular and Optical Physics de IUPAP y reelecta para el per\u00edodo 2005-2008. En 2005 fue electa Vice-President de IUPAP, y actualmente es IUPAP Executive Council Delegate de la Commision for Optics y miembro del Technical Group on Atomic, Molecular and Plasma-Material lnteraction Data Evaluation and Development IAEA. As\u00ed mismo C. Cisneros ha sido miembro de innumerables comit\u00e9s dentro y fuera del pa\u00eds. La obra cient\u00edfica de C. Cisneros, en el \u00e1rea de su especialidad, F\u00edsica At\u00f3mica, Molecular y \u00d3ptica Experimentales, se encuentra plasmada en m\u00e1s de cien trabajos publicados en revistas internacionales de prestigio, entre las que se pueden mencionar: Physical Review, Physical Review Letters, Journal of Physics, European Journal of Physics, etc., los que han recibido unn\u00famero considerable de citas, adem\u00e1s de cap\u00edtulos en libros y libros editados. Asimismo, ha desarrollado nuevos laboratorios y formado nuevas generaciones investigadores exitosos.<\/p>\n","protected":false},"author":1,"featured_media":0,"parent":0,"menu_order":0,"comment_status":"closed","ping_status":"closed","template":"","meta":{"pgc_sgb_lightbox_settings":"","footnotes":""},"class_list":["post-2465","page","type-page","status-publish","hentry"],"yoast_head":"<!-- This site is optimized with the Yoast SEO plugin v22.1 - https:\/\/yoast.com\/wordpress\/plugins\/seo\/ -->\n<title>Dra. Mar\u00eda del Carmen Cisneros Gudi\u00f1o - Academia Mexicana de Ciencias<\/title>\n<meta name=\"robots\" content=\"noindex, follow, max-snippet:-1, max-image-preview:large, max-video-preview:-1\" \/>\n<meta property=\"og:locale\" content=\"es_MX\" \/>\n<meta property=\"og:type\" content=\"article\" \/>\n<meta property=\"og:title\" content=\"Dra. Mar\u00eda del Carmen Cisneros Gudi\u00f1o - Academia Mexicana de Ciencias\" \/>\n<meta property=\"og:description\" content=\"Presidente Secci\u00f3n Centro-Sur Carmen Cisneros obtuvo su doctorado en f\u00edsica en 1976 en la Facultad de Ciencias de la UNAM despu\u00e9s de realizar una estancia en la Thermonuclear Division en Oak Ridge National Laboratory. A su regreso inici\u00f3 el \u00c1rea de F\u00edsica At\u00f3mica Experimental en M\u00e9xico en el Instituto de F\u00edsica de la UNAM. Posteriormente fue uno de los fundadores la Subsede de Cuernavaca, del ahora Instituto de Ciencias F\u00edsicas de la UNAM en Cuernavaca Morelos, del que se hizo cargo desde sus inicios como Subsede Laboratorio de Cuernavaca y donde su labor y compromiso fueron fundamentales en el desarrollo de la instituci\u00f3n. Carmen Cisneros ha estado asociada al Instituto de Ciencias F\u00edsicas desde 1985.Ha sido investigador o profesor visitante de Oak Ridge Nationanl Laboratory, The The Queens University of Belfast,The Wesleyan Uniersity , Universidad de Connecticut y de The Advanced Light Source de Berkeley. Ha sido organizadora y participante de varias escuelas de Verano en diferentes partes del mundo. Carmen Cisneros es miembro de la Academia Mexicana de Ciencias, miembro de la Academia de Ciencias de Morelos, Fellow of the American Physical Society, miembro de la Sociedad Mexicana de F\u00edsica, de la que fue presidenta (1996-1998); Miembro del SNI Nivel lll; ha sido Beller Lecturer; APS Presidente de la Federaci\u00f3n de Sociedades Latinoamericanas de F\u00edsica (1997-2001); Presea Tlacaelel del Edo. de Morelos (1998); miembro del &#8220;Advisory Committee of Physics Today (2002-2008); Directora de la Revista Mexicana de F\u00edsica (2004-2009); Shirley Award Advanced Light Source LBNL &#8220;For ground breaking advances in atomic and molecular physics including studies of photon ion beams&#8221; 2002; Medalla Fernando Alba 2008, Premio Universidad Nacional en el \u00e1rea de Investigaci\u00f3n en Ciencias Exactas 2008; Miembro de la Commission on Atomic Molecular and Optical Physics de IUPAP y reelecta para el per\u00edodo 2005-2008. En 2005 fue electa Vice-President de IUPAP, y actualmente es IUPAP Executive Council Delegate de la Commision for Optics y miembro del Technical Group on Atomic, Molecular and Plasma-Material lnteraction Data Evaluation and Development IAEA. As\u00ed mismo C. Cisneros ha sido miembro de innumerables comit\u00e9s dentro y fuera del pa\u00eds. La obra cient\u00edfica de C. Cisneros, en el \u00e1rea de su especialidad, F\u00edsica At\u00f3mica, Molecular y \u00d3ptica Experimentales, se encuentra plasmada en m\u00e1s de cien trabajos publicados en revistas internacionales de prestigio, entre las que se pueden mencionar: Physical Review, Physical Review Letters, Journal of Physics, European Journal of Physics, etc., los que han recibido unn\u00famero considerable de citas, adem\u00e1s de cap\u00edtulos en libros y libros editados. Asimismo, ha desarrollado nuevos laboratorios y formado nuevas generaciones investigadores exitosos.\" \/>\n<meta property=\"og:url\" content=\"https:\/\/amc.edu.mx\/amc2024\/dra-maria-del-carmen-cisneros-gudino\/\" \/>\n<meta property=\"og:site_name\" content=\"Academia Mexicana de Ciencias\" \/>\n<meta property=\"article:publisher\" content=\"https:\/\/www.facebook.com\/amciencias\" \/>\n<meta property=\"article:modified_time\" content=\"2024-02-08T20:00:46+00:00\" \/>\n<meta property=\"og:image\" content=\"https:\/\/amc.edu.mx\/amc2024\/wp-content\/uploads\/2023\/11\/Carmen_Cisneros.jpg\" \/>\n<meta name=\"twitter:card\" content=\"summary_large_image\" \/>\n<meta name=\"twitter:site\" content=\"@amciencias\" \/>\n<meta name=\"twitter:label1\" content=\"Tiempo de lectura\" \/>\n\t<meta name=\"twitter:data1\" content=\"3 minutos\" \/>\n<script type=\"application\/ld+json\" class=\"yoast-schema-graph\">{\"@context\":\"https:\/\/schema.org\",\"@graph\":[{\"@type\":\"WebPage\",\"@id\":\"https:\/\/amc.edu.mx\/amc2024\/dra-maria-del-carmen-cisneros-gudino\/\",\"url\":\"https:\/\/amc.edu.mx\/amc2024\/dra-maria-del-carmen-cisneros-gudino\/\",\"name\":\"Dra. Mar\u00eda del Carmen Cisneros Gudi\u00f1o - Academia Mexicana de Ciencias\",\"isPartOf\":{\"@id\":\"https:\/\/amc.edu.mx\/amc2024\/#website\"},\"datePublished\":\"2024-02-08T18:19:45+00:00\",\"dateModified\":\"2024-02-08T20:00:46+00:00\",\"breadcrumb\":{\"@id\":\"https:\/\/amc.edu.mx\/amc2024\/dra-maria-del-carmen-cisneros-gudino\/#breadcrumb\"},\"inLanguage\":\"es\",\"potentialAction\":[{\"@type\":\"ReadAction\",\"target\":[\"https:\/\/amc.edu.mx\/amc2024\/dra-maria-del-carmen-cisneros-gudino\/\"]}]},{\"@type\":\"BreadcrumbList\",\"@id\":\"https:\/\/amc.edu.mx\/amc2024\/dra-maria-del-carmen-cisneros-gudino\/#breadcrumb\",\"itemListElement\":[{\"@type\":\"ListItem\",\"position\":1,\"name\":\"Inicio\",\"item\":\"https:\/\/amc.edu.mx\/amc2024\/\"},{\"@type\":\"ListItem\",\"position\":2,\"name\":\"Dra. Mar\u00eda del Carmen Cisneros Gudi\u00f1o\"}]},{\"@type\":\"WebSite\",\"@id\":\"https:\/\/amc.edu.mx\/amc2024\/#website\",\"url\":\"https:\/\/amc.edu.mx\/amc2024\/\",\"name\":\"Academia Mexicana de Ciencias\",\"description\":\"ACADEMIA MEXICANA DE CIENCIAS\",\"publisher\":{\"@id\":\"https:\/\/amc.edu.mx\/amc2024\/#organization\"},\"alternateName\":\"AMC\",\"potentialAction\":[{\"@type\":\"SearchAction\",\"target\":{\"@type\":\"EntryPoint\",\"urlTemplate\":\"https:\/\/amc.edu.mx\/amc2024\/?s={search_term_string}\"},\"query-input\":\"required name=search_term_string\"}],\"inLanguage\":\"es\"},{\"@type\":\"Organization\",\"@id\":\"https:\/\/amc.edu.mx\/amc2024\/#organization\",\"name\":\"Academia Mexicana de Ciencias\",\"alternateName\":\"AMC\",\"url\":\"https:\/\/amc.edu.mx\/amc2024\/\",\"logo\":{\"@type\":\"ImageObject\",\"inLanguage\":\"es\",\"@id\":\"https:\/\/amc.edu.mx\/amc2024\/#\/schema\/logo\/image\/\",\"url\":\"https:\/\/amc.edu.mx\/amc2024\/wp-content\/uploads\/2023\/10\/logo_amc-1.png\",\"contentUrl\":\"https:\/\/amc.edu.mx\/amc2024\/wp-content\/uploads\/2023\/10\/logo_amc-1.png\",\"width\":455,\"height\":300,\"caption\":\"Academia Mexicana de Ciencias\"},\"image\":{\"@id\":\"https:\/\/amc.edu.mx\/amc2024\/#\/schema\/logo\/image\/\"},\"sameAs\":[\"https:\/\/www.facebook.com\/amciencias\",\"https:\/\/twitter.com\/amciencias\",\"https:\/\/www.instagram.com\/amciencias\",\"https:\/\/www.youtube.com\/@AMCiencias\",\"https:\/\/www.tiktok.com\/@amciencias\"]}]}<\/script>\n<!-- \/ Yoast SEO plugin. -->","yoast_head_json":{"title":"Dra. Mar\u00eda del Carmen Cisneros Gudi\u00f1o - Academia Mexicana de Ciencias","robots":{"index":"noindex","follow":"follow","max-snippet":"max-snippet:-1","max-image-preview":"max-image-preview:large","max-video-preview":"max-video-preview:-1"},"og_locale":"es_MX","og_type":"article","og_title":"Dra. Mar\u00eda del Carmen Cisneros Gudi\u00f1o - Academia Mexicana de Ciencias","og_description":"Presidente Secci\u00f3n Centro-Sur Carmen Cisneros obtuvo su doctorado en f\u00edsica en 1976 en la Facultad de Ciencias de la UNAM despu\u00e9s de realizar una estancia en la Thermonuclear Division en Oak Ridge National Laboratory. A su regreso inici\u00f3 el \u00c1rea de F\u00edsica At\u00f3mica Experimental en M\u00e9xico en el Instituto de F\u00edsica de la UNAM. Posteriormente fue uno de los fundadores la Subsede de Cuernavaca, del ahora Instituto de Ciencias F\u00edsicas de la UNAM en Cuernavaca Morelos, del que se hizo cargo desde sus inicios como Subsede Laboratorio de Cuernavaca y donde su labor y compromiso fueron fundamentales en el desarrollo de la instituci\u00f3n. Carmen Cisneros ha estado asociada al Instituto de Ciencias F\u00edsicas desde 1985.Ha sido investigador o profesor visitante de Oak Ridge Nationanl Laboratory, The The Queens University of Belfast,The Wesleyan Uniersity , Universidad de Connecticut y de The Advanced Light Source de Berkeley. Ha sido organizadora y participante de varias escuelas de Verano en diferentes partes del mundo. Carmen Cisneros es miembro de la Academia Mexicana de Ciencias, miembro de la Academia de Ciencias de Morelos, Fellow of the American Physical Society, miembro de la Sociedad Mexicana de F\u00edsica, de la que fue presidenta (1996-1998); Miembro del SNI Nivel lll; ha sido Beller Lecturer; APS Presidente de la Federaci\u00f3n de Sociedades Latinoamericanas de F\u00edsica (1997-2001); Presea Tlacaelel del Edo. de Morelos (1998); miembro del &#8220;Advisory Committee of Physics Today (2002-2008); Directora de la Revista Mexicana de F\u00edsica (2004-2009); Shirley Award Advanced Light Source LBNL &#8220;For ground breaking advances in atomic and molecular physics including studies of photon ion beams&#8221; 2002; Medalla Fernando Alba 2008, Premio Universidad Nacional en el \u00e1rea de Investigaci\u00f3n en Ciencias Exactas 2008; Miembro de la Commission on Atomic Molecular and Optical Physics de IUPAP y reelecta para el per\u00edodo 2005-2008. En 2005 fue electa Vice-President de IUPAP, y actualmente es IUPAP Executive Council Delegate de la Commision for Optics y miembro del Technical Group on Atomic, Molecular and Plasma-Material lnteraction Data Evaluation and Development IAEA. As\u00ed mismo C. Cisneros ha sido miembro de innumerables comit\u00e9s dentro y fuera del pa\u00eds. La obra cient\u00edfica de C. Cisneros, en el \u00e1rea de su especialidad, F\u00edsica At\u00f3mica, Molecular y \u00d3ptica Experimentales, se encuentra plasmada en m\u00e1s de cien trabajos publicados en revistas internacionales de prestigio, entre las que se pueden mencionar: Physical Review, Physical Review Letters, Journal of Physics, European Journal of Physics, etc., los que han recibido unn\u00famero considerable de citas, adem\u00e1s de cap\u00edtulos en libros y libros editados. Asimismo, ha desarrollado nuevos laboratorios y formado nuevas generaciones investigadores exitosos.","og_url":"https:\/\/amc.edu.mx\/amc2024\/dra-maria-del-carmen-cisneros-gudino\/","og_site_name":"Academia Mexicana de Ciencias","article_publisher":"https:\/\/www.facebook.com\/amciencias","article_modified_time":"2024-02-08T20:00:46+00:00","og_image":[{"url":"https:\/\/amc.edu.mx\/amc2024\/wp-content\/uploads\/2023\/11\/Carmen_Cisneros.jpg"}],"twitter_card":"summary_large_image","twitter_site":"@amciencias","twitter_misc":{"Tiempo de lectura":"3 minutos"},"schema":{"@context":"https:\/\/schema.org","@graph":[{"@type":"WebPage","@id":"https:\/\/amc.edu.mx\/amc2024\/dra-maria-del-carmen-cisneros-gudino\/","url":"https:\/\/amc.edu.mx\/amc2024\/dra-maria-del-carmen-cisneros-gudino\/","name":"Dra. Mar\u00eda del Carmen Cisneros Gudi\u00f1o - Academia Mexicana de Ciencias","isPartOf":{"@id":"https:\/\/amc.edu.mx\/amc2024\/#website"},"datePublished":"2024-02-08T18:19:45+00:00","dateModified":"2024-02-08T20:00:46+00:00","breadcrumb":{"@id":"https:\/\/amc.edu.mx\/amc2024\/dra-maria-del-carmen-cisneros-gudino\/#breadcrumb"},"inLanguage":"es","potentialAction":[{"@type":"ReadAction","target":["https:\/\/amc.edu.mx\/amc2024\/dra-maria-del-carmen-cisneros-gudino\/"]}]},{"@type":"BreadcrumbList","@id":"https:\/\/amc.edu.mx\/amc2024\/dra-maria-del-carmen-cisneros-gudino\/#breadcrumb","itemListElement":[{"@type":"ListItem","position":1,"name":"Inicio","item":"https:\/\/amc.edu.mx\/amc2024\/"},{"@type":"ListItem","position":2,"name":"Dra. Mar\u00eda del Carmen Cisneros Gudi\u00f1o"}]},{"@type":"WebSite","@id":"https:\/\/amc.edu.mx\/amc2024\/#website","url":"https:\/\/amc.edu.mx\/amc2024\/","name":"Academia Mexicana de Ciencias","description":"ACADEMIA MEXICANA DE CIENCIAS","publisher":{"@id":"https:\/\/amc.edu.mx\/amc2024\/#organization"},"alternateName":"AMC","potentialAction":[{"@type":"SearchAction","target":{"@type":"EntryPoint","urlTemplate":"https:\/\/amc.edu.mx\/amc2024\/?s={search_term_string}"},"query-input":"required name=search_term_string"}],"inLanguage":"es"},{"@type":"Organization","@id":"https:\/\/amc.edu.mx\/amc2024\/#organization","name":"Academia Mexicana de Ciencias","alternateName":"AMC","url":"https:\/\/amc.edu.mx\/amc2024\/","logo":{"@type":"ImageObject","inLanguage":"es","@id":"https:\/\/amc.edu.mx\/amc2024\/#\/schema\/logo\/image\/","url":"https:\/\/amc.edu.mx\/amc2024\/wp-content\/uploads\/2023\/10\/logo_amc-1.png","contentUrl":"https:\/\/amc.edu.mx\/amc2024\/wp-content\/uploads\/2023\/10\/logo_amc-1.png","width":455,"height":300,"caption":"Academia Mexicana de Ciencias"},"image":{"@id":"https:\/\/amc.edu.mx\/amc2024\/#\/schema\/logo\/image\/"},"sameAs":["https:\/\/www.facebook.com\/amciencias","https:\/\/twitter.com\/amciencias","https:\/\/www.instagram.com\/amciencias","https:\/\/www.youtube.com\/@AMCiencias","https:\/\/www.tiktok.com\/@amciencias"]}]}},"_links":{"self":[{"href":"https:\/\/amc.edu.mx\/amc2024\/wp-json\/wp\/v2\/pages\/2465","targetHints":{"allow":["GET"]}}],"collection":[{"href":"https:\/\/amc.edu.mx\/amc2024\/wp-json\/wp\/v2\/pages"}],"about":[{"href":"https:\/\/amc.edu.mx\/amc2024\/wp-json\/wp\/v2\/types\/page"}],"author":[{"embeddable":true,"href":"https:\/\/amc.edu.mx\/amc2024\/wp-json\/wp\/v2\/users\/1"}],"replies":[{"embeddable":true,"href":"https:\/\/amc.edu.mx\/amc2024\/wp-json\/wp\/v2\/comments?post=2465"}],"version-history":[{"count":11,"href":"https:\/\/amc.edu.mx\/amc2024\/wp-json\/wp\/v2\/pages\/2465\/revisions"}],"predecessor-version":[{"id":2481,"href":"https:\/\/amc.edu.mx\/amc2024\/wp-json\/wp\/v2\/pages\/2465\/revisions\/2481"}],"wp:attachment":[{"href":"https:\/\/amc.edu.mx\/amc2024\/wp-json\/wp\/v2\/media?parent=2465"}],"curies":[{"name":"wp","href":"https:\/\/api.w.org\/{rel}","templated":true}]}}