{"id":2456,"date":"2024-02-08T11:58:52","date_gmt":"2024-02-08T17:58:52","guid":{"rendered":"https:\/\/amc.edu.mx\/amc2024\/?page_id=2456"},"modified":"2024-02-08T11:58:54","modified_gmt":"2024-02-08T17:58:54","slug":"dra-maria-patricia-arias-rozas","status":"publish","type":"page","link":"https:\/\/amc.edu.mx\/amc2024\/dra-maria-patricia-arias-rozas\/","title":{"rendered":"Dra. Mar\u00eda Patricia Arias Rozas"},"content":{"rendered":"\n<h2 class=\"wp-block-heading has-text-align-center\">Presidente Secci\u00f3n Centro-Occidente<\/h2>\n\n\n<div class=\"wp-block-image\">\n<figure class=\"aligncenter size-full\"><img loading=\"lazy\" decoding=\"async\" width=\"429\" height=\"426\" src=\"https:\/\/amc.edu.mx\/amc2024\/wp-content\/uploads\/2023\/11\/Patricia_Arias.jpg\" alt=\"Patricia Arias presidente Secci\u00f3n Centro-Occidente dela AMC\" class=\"wp-image-1829\" srcset=\"https:\/\/amc.edu.mx\/amc2024\/wp-content\/uploads\/2023\/11\/Patricia_Arias.jpg 429w, https:\/\/amc.edu.mx\/amc2024\/wp-content\/uploads\/2023\/11\/Patricia_Arias-300x298.jpg 300w, https:\/\/amc.edu.mx\/amc2024\/wp-content\/uploads\/2023\/11\/Patricia_Arias-150x150.jpg 150w, https:\/\/amc.edu.mx\/amc2024\/wp-content\/uploads\/2023\/11\/Patricia_Arias-75x75.jpg 75w\" sizes=\"auto, (max-width: 429px) 100vw, 429px\" \/><\/figure>\n<\/div>\n\n\n<div class=\"wp-block-columns is-layout-flex wp-container-core-columns-is-layout-9d6595d7 wp-block-columns-is-layout-flex\">\n<div class=\"wp-block-column consejo80 is-layout-flow wp-block-column-is-layout-flow\" style=\"flex-basis:80%\">\n<p>Obtuvo el t\u00edtulo de Licenciatura y el grado de Maestr\u00eda en Antropolog\u00eda Social en la Universidad Iberoamericana de la Ciudad de M\u00e9xico y el de Doctorado (Nuevo R\u00e9gimen) en Geografia y Ordenamiento Territorial en la Universidad de Toulouse-Le Mirail, Francia. Es investigadora en la Universidad de Guadalajara. <\/p>\n\n\n\n<p>Ha realizado estancias de investigaci\u00f3n en las Universidades de Pennsylvania, Princeton, Vanderbilt en Estados Unidos; en Aix-en-Provence en Francia; en Bielefeld en Alemania. Es miembro del Sistema Nacional de Investigadores (nivel III). En 2018 recibi\u00f3 el Premio Tenamaxtle, concedido por CUNORTEUdG. <\/p>\n\n\n\n<p>Ha sido investigadora en el CIESAS, El Colegio de Michoac\u00e1n (Coordinadora del Centro de Estudios Antropol\u00f3gicos) y la Universidad de Guadalajara. <\/p>\n\n\n\n<p>Entre sus libros recientes se encuentran Mexicanos en Chicago. Diario de Campo de Robert Redfield, 1924-1925 (con Jorge Durand, 2008); Del arraigo a la di\u00e1spora. Dilemas de la familia rural (2009); Quehaceres y obras. El trabajo femenino en Los Altos de Jalisco (2015) ( con Imelda S\u00e1nchez y Martha Mu\u00f1oz); Migrantes exitosos. La franquicia social como modelo de negocios (2017) (coordinadora), Religiosidades trasplantadas. Recomposiciones religiosas en nuevos escenarios transnacionales ( con Ren\u00e9e de la Torre, coordinadoras) (2017). <\/p>\n\n\n\n<p>Sus art\u00edculos recientes son &#8220;Escenarios locales del colapso migratorio. Indicios desde los Altos de Jalisco&#8221; (2014) (con Jorge Durand) en Papeles de Poblaci\u00f3n, vol. 20, n\u00fam.81. julio-septiembre. pp.165-192; &#8220;El regreso inesperado. Migraci\u00f3n y nuevos arreglos residenciales&#8221; (2016) en Femmes latino-am\u00e9ricaines en contextes de migrations: partir, res ter, revenir en Am\u00e9rique Latine Histoire &amp; M\u00e9moire (ALHIM). 31. Universit\u00e9 Paris-VIII; &#8220;El trabajo femenino. Del permiso a la obligaci\u00f3n&#8221; (2016) en Papeles de Poblaci\u00f3n, vol.22, n\u00fam.90. pp.197-228; &#8220;El viaje de los huipiles. De Juchit\u00e1n a los Altos de Jalisco&#8221; (2017) en Nueva Antropolog\u00eda, 85, vol. XXIX, pp.11- 30.<\/p>\n<\/div>\n<\/div>\n","protected":false},"excerpt":{"rendered":"<p>Presidente Secci\u00f3n Centro-Occidente Obtuvo el t\u00edtulo de Licenciatura y el grado de Maestr\u00eda en Antropolog\u00eda Social en la Universidad Iberoamericana de la Ciudad de M\u00e9xico y el de Doctorado (Nuevo R\u00e9gimen) en Geografia y Ordenamiento Territorial en la Universidad de Toulouse-Le Mirail, Francia. Es investigadora en la Universidad de Guadalajara. Ha realizado estancias de investigaci\u00f3n en las Universidades de Pennsylvania, Princeton, Vanderbilt en Estados Unidos; en Aix-en-Provence en Francia; en Bielefeld en Alemania. Es miembro del Sistema Nacional de Investigadores (nivel III). En 2018 recibi\u00f3 el Premio Tenamaxtle, concedido por CUNORTEUdG. Ha sido investigadora en el CIESAS, El Colegio de Michoac\u00e1n (Coordinadora del Centro de Estudios Antropol\u00f3gicos) y la Universidad de Guadalajara. Entre sus libros recientes se encuentran Mexicanos en Chicago. Diario de Campo de Robert Redfield, 1924-1925 (con Jorge Durand, 2008); Del arraigo a la di\u00e1spora. Dilemas de la familia rural (2009); Quehaceres y obras. El trabajo femenino en Los Altos de Jalisco (2015) ( con Imelda S\u00e1nchez y Martha Mu\u00f1oz); Migrantes exitosos. La franquicia social como modelo de negocios (2017) (coordinadora), Religiosidades trasplantadas. Recomposiciones religiosas en nuevos escenarios transnacionales ( con Ren\u00e9e de la Torre, coordinadoras) (2017). Sus art\u00edculos recientes son &#8220;Escenarios locales del colapso migratorio. Indicios desde los Altos de Jalisco&#8221; (2014) (con Jorge Durand) en Papeles de Poblaci\u00f3n, vol. 20, n\u00fam.81. julio-septiembre. pp.165-192; &#8220;El regreso inesperado. Migraci\u00f3n y nuevos arreglos residenciales&#8221; (2016) en Femmes latino-am\u00e9ricaines en contextes de migrations: partir, res ter, revenir en Am\u00e9rique Latine Histoire &amp; M\u00e9moire (ALHIM). 31. Universit\u00e9 Paris-VIII; &#8220;El trabajo femenino. Del permiso a la obligaci\u00f3n&#8221; (2016) en Papeles de Poblaci\u00f3n, vol.22, n\u00fam.90. pp.197-228; &#8220;El viaje de los huipiles. De Juchit\u00e1n a los Altos de Jalisco&#8221; (2017) en Nueva Antropolog\u00eda, 85, vol. XXIX, pp.11- 30.<\/p>\n","protected":false},"author":1,"featured_media":0,"parent":0,"menu_order":0,"comment_status":"closed","ping_status":"closed","template":"","meta":{"pgc_sgb_lightbox_settings":"","footnotes":""},"class_list":["post-2456","page","type-page","status-publish","hentry"],"yoast_head":"<!-- This site is optimized with the Yoast SEO plugin v22.1 - https:\/\/yoast.com\/wordpress\/plugins\/seo\/ -->\n<title>Dra. Mar\u00eda Patricia Arias Rozas - Academia Mexicana de Ciencias<\/title>\n<meta name=\"robots\" content=\"noindex, follow, max-snippet:-1, max-image-preview:large, max-video-preview:-1\" \/>\n<meta property=\"og:locale\" content=\"es_MX\" \/>\n<meta property=\"og:type\" content=\"article\" \/>\n<meta property=\"og:title\" content=\"Dra. Mar\u00eda Patricia Arias Rozas - Academia Mexicana de Ciencias\" \/>\n<meta property=\"og:description\" content=\"Presidente Secci\u00f3n Centro-Occidente Obtuvo el t\u00edtulo de Licenciatura y el grado de Maestr\u00eda en Antropolog\u00eda Social en la Universidad Iberoamericana de la Ciudad de M\u00e9xico y el de Doctorado (Nuevo R\u00e9gimen) en Geografia y Ordenamiento Territorial en la Universidad de Toulouse-Le Mirail, Francia. Es investigadora en la Universidad de Guadalajara. Ha realizado estancias de investigaci\u00f3n en las Universidades de Pennsylvania, Princeton, Vanderbilt en Estados Unidos; en Aix-en-Provence en Francia; en Bielefeld en Alemania. Es miembro del Sistema Nacional de Investigadores (nivel III). En 2018 recibi\u00f3 el Premio Tenamaxtle, concedido por CUNORTEUdG. Ha sido investigadora en el CIESAS, El Colegio de Michoac\u00e1n (Coordinadora del Centro de Estudios Antropol\u00f3gicos) y la Universidad de Guadalajara. Entre sus libros recientes se encuentran Mexicanos en Chicago. Diario de Campo de Robert Redfield, 1924-1925 (con Jorge Durand, 2008); Del arraigo a la di\u00e1spora. Dilemas de la familia rural (2009); Quehaceres y obras. El trabajo femenino en Los Altos de Jalisco (2015) ( con Imelda S\u00e1nchez y Martha Mu\u00f1oz); Migrantes exitosos. La franquicia social como modelo de negocios (2017) (coordinadora), Religiosidades trasplantadas. Recomposiciones religiosas en nuevos escenarios transnacionales ( con Ren\u00e9e de la Torre, coordinadoras) (2017). Sus art\u00edculos recientes son &#8220;Escenarios locales del colapso migratorio. Indicios desde los Altos de Jalisco&#8221; (2014) (con Jorge Durand) en Papeles de Poblaci\u00f3n, vol. 20, n\u00fam.81. julio-septiembre. pp.165-192; &#8220;El regreso inesperado. Migraci\u00f3n y nuevos arreglos residenciales&#8221; (2016) en Femmes latino-am\u00e9ricaines en contextes de migrations: partir, res ter, revenir en Am\u00e9rique Latine Histoire &amp; M\u00e9moire (ALHIM). 31. Universit\u00e9 Paris-VIII; &#8220;El trabajo femenino. Del permiso a la obligaci\u00f3n&#8221; (2016) en Papeles de Poblaci\u00f3n, vol.22, n\u00fam.90. pp.197-228; &#8220;El viaje de los huipiles. De Juchit\u00e1n a los Altos de Jalisco&#8221; (2017) en Nueva Antropolog\u00eda, 85, vol. XXIX, pp.11- 30.\" \/>\n<meta property=\"og:url\" content=\"https:\/\/amc.edu.mx\/amc2024\/dra-maria-patricia-arias-rozas\/\" \/>\n<meta property=\"og:site_name\" content=\"Academia Mexicana de Ciencias\" \/>\n<meta property=\"article:publisher\" content=\"https:\/\/www.facebook.com\/amciencias\" \/>\n<meta property=\"article:modified_time\" content=\"2024-02-08T17:58:54+00:00\" \/>\n<meta property=\"og:image\" content=\"https:\/\/amc.edu.mx\/amc2024\/wp-content\/uploads\/2023\/11\/Patricia_Arias.jpg\" \/>\n<meta name=\"twitter:card\" content=\"summary_large_image\" \/>\n<meta name=\"twitter:site\" content=\"@amciencias\" \/>\n<meta name=\"twitter:label1\" content=\"Tiempo de lectura\" \/>\n\t<meta name=\"twitter:data1\" content=\"2 minutos\" \/>\n<script type=\"application\/ld+json\" class=\"yoast-schema-graph\">{\"@context\":\"https:\/\/schema.org\",\"@graph\":[{\"@type\":\"WebPage\",\"@id\":\"https:\/\/amc.edu.mx\/amc2024\/dra-maria-patricia-arias-rozas\/\",\"url\":\"https:\/\/amc.edu.mx\/amc2024\/dra-maria-patricia-arias-rozas\/\",\"name\":\"Dra. Mar\u00eda Patricia Arias Rozas - Academia Mexicana de Ciencias\",\"isPartOf\":{\"@id\":\"https:\/\/amc.edu.mx\/amc2024\/#website\"},\"datePublished\":\"2024-02-08T17:58:52+00:00\",\"dateModified\":\"2024-02-08T17:58:54+00:00\",\"breadcrumb\":{\"@id\":\"https:\/\/amc.edu.mx\/amc2024\/dra-maria-patricia-arias-rozas\/#breadcrumb\"},\"inLanguage\":\"es\",\"potentialAction\":[{\"@type\":\"ReadAction\",\"target\":[\"https:\/\/amc.edu.mx\/amc2024\/dra-maria-patricia-arias-rozas\/\"]}]},{\"@type\":\"BreadcrumbList\",\"@id\":\"https:\/\/amc.edu.mx\/amc2024\/dra-maria-patricia-arias-rozas\/#breadcrumb\",\"itemListElement\":[{\"@type\":\"ListItem\",\"position\":1,\"name\":\"Inicio\",\"item\":\"https:\/\/amc.edu.mx\/amc2024\/\"},{\"@type\":\"ListItem\",\"position\":2,\"name\":\"Dra. Mar\u00eda Patricia Arias Rozas\"}]},{\"@type\":\"WebSite\",\"@id\":\"https:\/\/amc.edu.mx\/amc2024\/#website\",\"url\":\"https:\/\/amc.edu.mx\/amc2024\/\",\"name\":\"Academia Mexicana de Ciencias\",\"description\":\"ACADEMIA MEXICANA DE CIENCIAS\",\"publisher\":{\"@id\":\"https:\/\/amc.edu.mx\/amc2024\/#organization\"},\"alternateName\":\"AMC\",\"potentialAction\":[{\"@type\":\"SearchAction\",\"target\":{\"@type\":\"EntryPoint\",\"urlTemplate\":\"https:\/\/amc.edu.mx\/amc2024\/?s={search_term_string}\"},\"query-input\":\"required name=search_term_string\"}],\"inLanguage\":\"es\"},{\"@type\":\"Organization\",\"@id\":\"https:\/\/amc.edu.mx\/amc2024\/#organization\",\"name\":\"Academia Mexicana de Ciencias\",\"alternateName\":\"AMC\",\"url\":\"https:\/\/amc.edu.mx\/amc2024\/\",\"logo\":{\"@type\":\"ImageObject\",\"inLanguage\":\"es\",\"@id\":\"https:\/\/amc.edu.mx\/amc2024\/#\/schema\/logo\/image\/\",\"url\":\"https:\/\/amc.edu.mx\/amc2024\/wp-content\/uploads\/2023\/10\/logo_amc-1.png\",\"contentUrl\":\"https:\/\/amc.edu.mx\/amc2024\/wp-content\/uploads\/2023\/10\/logo_amc-1.png\",\"width\":455,\"height\":300,\"caption\":\"Academia Mexicana de Ciencias\"},\"image\":{\"@id\":\"https:\/\/amc.edu.mx\/amc2024\/#\/schema\/logo\/image\/\"},\"sameAs\":[\"https:\/\/www.facebook.com\/amciencias\",\"https:\/\/twitter.com\/amciencias\",\"https:\/\/www.instagram.com\/amciencias\",\"https:\/\/www.youtube.com\/@AMCiencias\",\"https:\/\/www.tiktok.com\/@amciencias\"]}]}<\/script>\n<!-- \/ Yoast SEO plugin. -->","yoast_head_json":{"title":"Dra. Mar\u00eda Patricia Arias Rozas - Academia Mexicana de Ciencias","robots":{"index":"noindex","follow":"follow","max-snippet":"max-snippet:-1","max-image-preview":"max-image-preview:large","max-video-preview":"max-video-preview:-1"},"og_locale":"es_MX","og_type":"article","og_title":"Dra. Mar\u00eda Patricia Arias Rozas - Academia Mexicana de Ciencias","og_description":"Presidente Secci\u00f3n Centro-Occidente Obtuvo el t\u00edtulo de Licenciatura y el grado de Maestr\u00eda en Antropolog\u00eda Social en la Universidad Iberoamericana de la Ciudad de M\u00e9xico y el de Doctorado (Nuevo R\u00e9gimen) en Geografia y Ordenamiento Territorial en la Universidad de Toulouse-Le Mirail, Francia. Es investigadora en la Universidad de Guadalajara. Ha realizado estancias de investigaci\u00f3n en las Universidades de Pennsylvania, Princeton, Vanderbilt en Estados Unidos; en Aix-en-Provence en Francia; en Bielefeld en Alemania. Es miembro del Sistema Nacional de Investigadores (nivel III). En 2018 recibi\u00f3 el Premio Tenamaxtle, concedido por CUNORTEUdG. Ha sido investigadora en el CIESAS, El Colegio de Michoac\u00e1n (Coordinadora del Centro de Estudios Antropol\u00f3gicos) y la Universidad de Guadalajara. Entre sus libros recientes se encuentran Mexicanos en Chicago. Diario de Campo de Robert Redfield, 1924-1925 (con Jorge Durand, 2008); Del arraigo a la di\u00e1spora. Dilemas de la familia rural (2009); Quehaceres y obras. El trabajo femenino en Los Altos de Jalisco (2015) ( con Imelda S\u00e1nchez y Martha Mu\u00f1oz); Migrantes exitosos. La franquicia social como modelo de negocios (2017) (coordinadora), Religiosidades trasplantadas. Recomposiciones religiosas en nuevos escenarios transnacionales ( con Ren\u00e9e de la Torre, coordinadoras) (2017). Sus art\u00edculos recientes son &#8220;Escenarios locales del colapso migratorio. Indicios desde los Altos de Jalisco&#8221; (2014) (con Jorge Durand) en Papeles de Poblaci\u00f3n, vol. 20, n\u00fam.81. julio-septiembre. pp.165-192; &#8220;El regreso inesperado. Migraci\u00f3n y nuevos arreglos residenciales&#8221; (2016) en Femmes latino-am\u00e9ricaines en contextes de migrations: partir, res ter, revenir en Am\u00e9rique Latine Histoire &amp; M\u00e9moire (ALHIM). 31. Universit\u00e9 Paris-VIII; &#8220;El trabajo femenino. Del permiso a la obligaci\u00f3n&#8221; (2016) en Papeles de Poblaci\u00f3n, vol.22, n\u00fam.90. pp.197-228; &#8220;El viaje de los huipiles. De Juchit\u00e1n a los Altos de Jalisco&#8221; (2017) en Nueva Antropolog\u00eda, 85, vol. XXIX, pp.11- 30.","og_url":"https:\/\/amc.edu.mx\/amc2024\/dra-maria-patricia-arias-rozas\/","og_site_name":"Academia Mexicana de Ciencias","article_publisher":"https:\/\/www.facebook.com\/amciencias","article_modified_time":"2024-02-08T17:58:54+00:00","og_image":[{"url":"https:\/\/amc.edu.mx\/amc2024\/wp-content\/uploads\/2023\/11\/Patricia_Arias.jpg"}],"twitter_card":"summary_large_image","twitter_site":"@amciencias","twitter_misc":{"Tiempo de lectura":"2 minutos"},"schema":{"@context":"https:\/\/schema.org","@graph":[{"@type":"WebPage","@id":"https:\/\/amc.edu.mx\/amc2024\/dra-maria-patricia-arias-rozas\/","url":"https:\/\/amc.edu.mx\/amc2024\/dra-maria-patricia-arias-rozas\/","name":"Dra. Mar\u00eda Patricia Arias Rozas - Academia Mexicana de Ciencias","isPartOf":{"@id":"https:\/\/amc.edu.mx\/amc2024\/#website"},"datePublished":"2024-02-08T17:58:52+00:00","dateModified":"2024-02-08T17:58:54+00:00","breadcrumb":{"@id":"https:\/\/amc.edu.mx\/amc2024\/dra-maria-patricia-arias-rozas\/#breadcrumb"},"inLanguage":"es","potentialAction":[{"@type":"ReadAction","target":["https:\/\/amc.edu.mx\/amc2024\/dra-maria-patricia-arias-rozas\/"]}]},{"@type":"BreadcrumbList","@id":"https:\/\/amc.edu.mx\/amc2024\/dra-maria-patricia-arias-rozas\/#breadcrumb","itemListElement":[{"@type":"ListItem","position":1,"name":"Inicio","item":"https:\/\/amc.edu.mx\/amc2024\/"},{"@type":"ListItem","position":2,"name":"Dra. Mar\u00eda Patricia Arias Rozas"}]},{"@type":"WebSite","@id":"https:\/\/amc.edu.mx\/amc2024\/#website","url":"https:\/\/amc.edu.mx\/amc2024\/","name":"Academia Mexicana de Ciencias","description":"ACADEMIA MEXICANA DE CIENCIAS","publisher":{"@id":"https:\/\/amc.edu.mx\/amc2024\/#organization"},"alternateName":"AMC","potentialAction":[{"@type":"SearchAction","target":{"@type":"EntryPoint","urlTemplate":"https:\/\/amc.edu.mx\/amc2024\/?s={search_term_string}"},"query-input":"required name=search_term_string"}],"inLanguage":"es"},{"@type":"Organization","@id":"https:\/\/amc.edu.mx\/amc2024\/#organization","name":"Academia Mexicana de Ciencias","alternateName":"AMC","url":"https:\/\/amc.edu.mx\/amc2024\/","logo":{"@type":"ImageObject","inLanguage":"es","@id":"https:\/\/amc.edu.mx\/amc2024\/#\/schema\/logo\/image\/","url":"https:\/\/amc.edu.mx\/amc2024\/wp-content\/uploads\/2023\/10\/logo_amc-1.png","contentUrl":"https:\/\/amc.edu.mx\/amc2024\/wp-content\/uploads\/2023\/10\/logo_amc-1.png","width":455,"height":300,"caption":"Academia Mexicana de Ciencias"},"image":{"@id":"https:\/\/amc.edu.mx\/amc2024\/#\/schema\/logo\/image\/"},"sameAs":["https:\/\/www.facebook.com\/amciencias","https:\/\/twitter.com\/amciencias","https:\/\/www.instagram.com\/amciencias","https:\/\/www.youtube.com\/@AMCiencias","https:\/\/www.tiktok.com\/@amciencias"]}]}},"_links":{"self":[{"href":"https:\/\/amc.edu.mx\/amc2024\/wp-json\/wp\/v2\/pages\/2456","targetHints":{"allow":["GET"]}}],"collection":[{"href":"https:\/\/amc.edu.mx\/amc2024\/wp-json\/wp\/v2\/pages"}],"about":[{"href":"https:\/\/amc.edu.mx\/amc2024\/wp-json\/wp\/v2\/types\/page"}],"author":[{"embeddable":true,"href":"https:\/\/amc.edu.mx\/amc2024\/wp-json\/wp\/v2\/users\/1"}],"replies":[{"embeddable":true,"href":"https:\/\/amc.edu.mx\/amc2024\/wp-json\/wp\/v2\/comments?post=2456"}],"version-history":[{"count":1,"href":"https:\/\/amc.edu.mx\/amc2024\/wp-json\/wp\/v2\/pages\/2456\/revisions"}],"predecessor-version":[{"id":2457,"href":"https:\/\/amc.edu.mx\/amc2024\/wp-json\/wp\/v2\/pages\/2456\/revisions\/2457"}],"wp:attachment":[{"href":"https:\/\/amc.edu.mx\/amc2024\/wp-json\/wp\/v2\/media?parent=2456"}],"curies":[{"name":"wp","href":"https:\/\/api.w.org\/{rel}","templated":true}]}}