{"id":2281,"date":"2023-10-24T00:04:40","date_gmt":"2023-10-23T18:04:40","guid":{"rendered":"http:\/\/132.248.63.178\/?page_id=720"},"modified":"2024-02-27T23:14:28","modified_gmt":"2024-02-28T05:14:28","slug":"cita","status":"publish","type":"page","link":"https:\/\/amc.edu.mx\/amc2024\/cita\/","title":{"rendered":"Ciencia, Innovaci\u00f3n, Tecnolog\u00eda y Academia, C.I.T.A."},"content":{"rendered":"\n<div class=\"wp-block-columns is-layout-flex wp-container-core-columns-is-layout-9d6595d7 wp-block-columns-is-layout-flex\">\n<div class=\"wp-block-column is-layout-flow wp-block-column-is-layout-flow\" style=\"flex-basis:25%\"><nav class=\"is-responsive wp-block-navigation is-layout-flex wp-block-navigation-is-layout-flex\" aria-label=\"Men\u00fa-divulgaci\u00f3n\" \n\t\t data-wp-interactive=\"core\/navigation\" data-wp-context='{\"overlayOpenedBy\":{\"click\":false,\"hover\":false,\"focus\":false},\"type\":\"overlay\",\"roleAttribute\":\"\",\"ariaLabel\":\"Men\\u00fa\"}'><button aria-haspopup=\"dialog\" aria-label=\"Abrir el men\u00fa\" class=\"wp-block-navigation__responsive-container-open\" \n\t\t\t\tdata-wp-on--click=\"actions.openMenuOnClick\"\n\t\t\t\tdata-wp-on--keydown=\"actions.handleMenuKeydown\"\n\t\t\t><svg width=\"24\" height=\"24\" xmlns=\"http:\/\/www.w3.org\/2000\/svg\" viewBox=\"0 0 24 24\" aria-hidden=\"true\" focusable=\"false\"><path d=\"M4 7.5h16v1.5H4z\"><\/path><path d=\"M4 15h16v1.5H4z\"><\/path><\/svg><\/button>\n\t\t\t\t<div class=\"wp-block-navigation__responsive-container\"  id=\"modal-1\" \n\t\t\t\tdata-wp-class--has-modal-open=\"state.isMenuOpen\"\n\t\t\t\tdata-wp-class--is-menu-open=\"state.isMenuOpen\"\n\t\t\t\tdata-wp-watch=\"callbacks.initMenu\"\n\t\t\t\tdata-wp-on--keydown=\"actions.handleMenuKeydown\"\n\t\t\t\tdata-wp-on--focusout=\"actions.handleMenuFocusout\"\n\t\t\t\ttabindex=\"-1\"\n\t\t\t>\n\t\t\t\t\t<div class=\"wp-block-navigation__responsive-close\" tabindex=\"-1\">\n\t\t\t\t\t\t<div class=\"wp-block-navigation__responsive-dialog\" \n\t\t\t\tdata-wp-bind--aria-modal=\"state.ariaModal\"\n\t\t\t\tdata-wp-bind--aria-label=\"state.ariaLabel\"\n\t\t\t\tdata-wp-bind--role=\"state.roleAttribute\"\n\t\t\t>\n\t\t\t\t\t\t\t<button aria-label=\"Cerrar el men\u00fa\" class=\"wp-block-navigation__responsive-container-close\" \n\t\t\t\tdata-wp-on--click=\"actions.closeMenuOnClick\"\n\t\t\t><svg xmlns=\"http:\/\/www.w3.org\/2000\/svg\" viewBox=\"0 0 24 24\" width=\"24\" height=\"24\" aria-hidden=\"true\" focusable=\"false\"><path d=\"m13.06 12 6.47-6.47-1.06-1.06L12 10.94 5.53 4.47 4.47 5.53 10.94 12l-6.47 6.47 1.06 1.06L12 13.06l6.47 6.47 1.06-1.06L13.06 12Z\"><\/path><\/svg><\/button>\n\t\t\t\t\t\t\t<div class=\"wp-block-navigation__responsive-container-content\" \n\t\t\t\tdata-wp-watch=\"callbacks.focusFirstElement\"\n\t\t\t id=\"modal-1-content\">\n\t\t\t\t\t\t\t\t<ul class=\"wp-block-navigation__container is-responsive wp-block-navigation\"><li class=\" wp-block-navigation-item wp-block-navigation-link\"><a class=\"wp-block-navigation-item__content\"  href=\"https:\/\/amc.edu.mx\/amc2024\/divulgacion\/\"><span class=\"wp-block-navigation-item__label\">Divulgaci\u00f3n<\/span><\/a><\/li><li class=\" wp-block-navigation-item wp-block-navigation-link\"><a class=\"wp-block-navigation-item__content\"  href=\"https:\/\/amc.edu.mx\/amc2024\/cita\/\"><span class=\"wp-block-navigation-item__label\">Ciencia, Innovaci\u00f3n, Tecnolog\u00eda y Academia, C.I.T.A.<\/span><\/a><\/li><li class=\" wp-block-navigation-item wp-block-navigation-link\"><a class=\"wp-block-navigation-item__content\"  href=\"https:\/\/amc.edu.mx\/amc2024\/tu-mundo-conciencia\/\"><span class=\"wp-block-navigation-item__label\">Tu Mundo con Ciencia<\/span><\/a><\/li><li class=\" wp-block-navigation-item wp-block-navigation-link\"><a class=\"wp-block-navigation-item__content\"  href=\"https:\/\/amc.edu.mx\/amc2024\/charlas-con-autores\/\"><span class=\"wp-block-navigation-item__label\">Charlas con autores<\/span><\/a><\/li><li class=\" wp-block-navigation-item wp-block-navigation-link\"><a class=\"wp-block-navigation-item__content\"  href=\"https:\/\/amc.edu.mx\/amc2024\/podcast\/\"><span class=\"wp-block-navigation-item__label\">Podcast de la AMC<\/span><\/a><\/li><li class=\" wp-block-navigation-item wp-block-navigation-link\"><a class=\"wp-block-navigation-item__content\"  href=\"https:\/\/amc.edu.mx\/amc2024\/videos\/\"><span class=\"wp-block-navigation-item__label\">Videos<\/span><\/a><\/li><li class=\" wp-block-navigation-item wp-block-navigation-link\"><a class=\"wp-block-navigation-item__content\"  href=\"https:\/\/amc.edu.mx\/amc2024\/mujeres-en-la-ciencia\/\"><span class=\"wp-block-navigation-item__label\">Mujeres en la ciencia<\/span><\/a><\/li><li class=\" wp-block-navigation-item wp-block-navigation-link\"><a class=\"wp-block-navigation-item__content\"  href=\"https:\/\/amc.edu.mx\/amc2024\/webinar-de-la-amc\/\"><span class=\"wp-block-navigation-item__label\">Webinar de la AMC<\/span><\/a><\/li><li class=\" wp-block-navigation-item wp-block-navigation-link\"><a class=\"wp-block-navigation-item__content\"  href=\"https:\/\/amc.edu.mx\/amc2024\/concursos\/\"><span class=\"wp-block-navigation-item__label\">Concursos<\/span><\/a><\/li><li class=\" wp-block-navigation-item wp-block-navigation-link\"><a class=\"wp-block-navigation-item__content\"  href=\"https:\/\/amc.edu.mx\/amc2024\/ciencia-y-humanismo\/\"><span class=\"wp-block-navigation-item__label\">Ciencia y humanismo<\/span><\/a><\/li><li class=\" wp-block-navigation-item wp-block-navigation-link\"><a class=\"wp-block-navigation-item__content\"  href=\"https:\/\/amc.edu.mx\/amc2024\/construyendo-el-futuro-encuentros-de-ciencia\/\"><span class=\"wp-block-navigation-item__label\">Construyendo el futuro: Encuentros de ciencia<\/span><\/a><\/li><li class=\" wp-block-navigation-item wp-block-navigation-link\"><a class=\"wp-block-navigation-item__content\"  href=\"https:\/\/amc.edu.mx\/amc2024\/conferencias-de-premios-de-investigacion-de-la-amc\/\"><span class=\"wp-block-navigation-item__label\">Conferencias de Premios de Investigaci\u00f3n de la AMC<\/span><\/a><\/li><li class=\" wp-block-navigation-item wp-block-navigation-link\"><a class=\"wp-block-navigation-item__content\"  href=\"https:\/\/amc.edu.mx\/amc2024\/conferencias-de-miembros-correspondientes\/\"><span class=\"wp-block-navigation-item__label\">Conferencias de miembros correspondientes<\/span><\/a><\/li><\/ul>\n\t\t\t\t\t\t\t<\/div>\n\t\t\t\t\t\t<\/div>\n\t\t\t\t\t<\/div>\n\t\t\t\t<\/div><\/nav><\/div>\n\n\n\n<div class=\"wp-block-column is-layout-flow wp-block-column-is-layout-flow\" style=\"flex-basis:75%\">\n<figure class=\"wp-block-image size-large\"><img loading=\"lazy\" decoding=\"async\" width=\"1024\" height=\"358\" src=\"https:\/\/amc.edu.mx\/amc2024\/wp-content\/uploads\/2024\/02\/Noticia273-1-1024x358.jpeg\" alt=\"\" class=\"wp-image-2701\" srcset=\"https:\/\/amc.edu.mx\/amc2024\/wp-content\/uploads\/2024\/02\/Noticia273-1-1024x358.jpeg 1024w, https:\/\/amc.edu.mx\/amc2024\/wp-content\/uploads\/2024\/02\/Noticia273-1-300x105.jpeg 300w, https:\/\/amc.edu.mx\/amc2024\/wp-content\/uploads\/2024\/02\/Noticia273-1-768x269.jpeg 768w, https:\/\/amc.edu.mx\/amc2024\/wp-content\/uploads\/2024\/02\/Noticia273-1-1536x538.jpeg 1536w, https:\/\/amc.edu.mx\/amc2024\/wp-content\/uploads\/2024\/02\/Noticia273-1-2048x717.jpeg 2048w, https:\/\/amc.edu.mx\/amc2024\/wp-content\/uploads\/2024\/02\/Noticia273-1-1140x399.jpeg 1140w\" sizes=\"auto, (max-width: 1024px) 100vw, 1024px\" \/><\/figure>\n\n\n\n<p><\/p>\n\n\n\n<p><strong>Coordinadora: Dra. Julia Tag\u00fce\u00f1a<\/strong><\/p>\n\n\n\n<p>CITA (Ciencia, Innovaci\u00f3n, Tecnolog\u00eda y Academia) es una iniciativa de la Academia Mexicana de Ciencias (AMC) y el <a href=\"https:\/\/www.c3.unam.mx\/citas.html\" data-type=\"link\" data-id=\"https:\/\/www.c3.unam.mx\/citas.html\" target=\"_blank\" rel=\"noreferrer noopener\">Centro de Ciencias de la Complejidad (C3)<\/a> de la UNAM.&nbsp;<\/p>\n\n\n\n<p>Tiene como objetivo brindar un espacio mensual en el que se re\u00fanan miembros de distintas comunidades, de la ciencia, la tecnolog\u00eda, la innovaci\u00f3n, la comunicaci\u00f3n de la ciencia, y el p\u00fablico no especializado, para intercambiar perspectivas sobre temas cient\u00edficos y tecnol\u00f3gicos relevantes y coyunturales.<\/p>\n\n\n\n<div class=\"wp-block-columns is-layout-flex wp-container-core-columns-is-layout-9d6595d7 wp-block-columns-is-layout-flex\">\n<div class=\"wp-block-column is-layout-flow wp-block-column-is-layout-flow\">\n<figure class=\"wp-block-embed is-type-video is-provider-youtube wp-block-embed-youtube wp-embed-aspect-16-9 wp-has-aspect-ratio\"><div class=\"wp-block-embed__wrapper\">\n<iframe loading=\"lazy\" title=\"Turing, ChatGPT y las promesas de la Inteligencia Artificial\" width=\"960\" height=\"540\" src=\"https:\/\/www.youtube.com\/embed\/aRZYdisrUQc?feature=oembed\" frameborder=\"0\" allow=\"accelerometer; autoplay; clipboard-write; encrypted-media; gyroscope; picture-in-picture; web-share\" allowfullscreen><\/iframe>\n<\/div><figcaption class=\"wp-element-caption\"><strong>Turing, ChatGPT y las promesas de la Inteligencia Artificial<\/strong><br>Participa: Luis Pineda, Instituto de Investigaciones en Matem\u00e1ticas Aplicadas y en Sistemas, UNAM<\/figcaption><\/figure>\n<\/div>\n\n\n\n<div class=\"wp-block-column is-layout-flow wp-block-column-is-layout-flow\">\n<figure class=\"wp-block-embed is-type-video is-provider-youtube wp-block-embed-youtube wp-embed-aspect-16-9 wp-has-aspect-ratio\"><div class=\"wp-block-embed__wrapper\">\n<iframe loading=\"lazy\" title=\"La tecnolog\u00eda en el cuidado de la salud mental\" width=\"960\" height=\"540\" src=\"https:\/\/www.youtube.com\/embed\/LhaIB1JZy88?feature=oembed\" frameborder=\"0\" allow=\"accelerometer; autoplay; clipboard-write; encrypted-media; gyroscope; picture-in-picture; web-share\" allowfullscreen><\/iframe>\n<\/div><figcaption class=\"wp-element-caption\"><strong>La tecnolog\u00eda en el cuidado de la salud mental<br><\/strong>Participa: Mar\u00eda Elena Medina Mora, El Colegio Nacional, Facultad de Psicolog\u00eda, UNAM<\/figcaption><\/figure>\n<\/div>\n\n\n\n<div class=\"wp-block-column is-layout-flow wp-block-column-is-layout-flow\">\n<figure class=\"wp-block-embed is-type-video is-provider-youtube wp-block-embed-youtube wp-embed-aspect-16-9 wp-has-aspect-ratio\"><div class=\"wp-block-embed__wrapper\">\n<iframe loading=\"lazy\" title=\"Vida en el Universo\" width=\"960\" height=\"540\" src=\"https:\/\/www.youtube.com\/embed\/HxDAcXzIE7g?feature=oembed\" frameborder=\"0\" allow=\"accelerometer; autoplay; clipboard-write; encrypted-media; gyroscope; picture-in-picture; web-share\" allowfullscreen><\/iframe>\n<\/div><figcaption class=\"wp-element-caption\"><strong>Vida en el Universo<br><\/strong>Participa: Antonio Lazcano Araujo, El Colegio Nacional y Facultad de Ciencias, UNAM<\/figcaption><\/figure>\n<\/div>\n<\/div>\n\n\n\n<div class=\"wp-block-columns is-layout-flex wp-container-core-columns-is-layout-9d6595d7 wp-block-columns-is-layout-flex\">\n<div class=\"wp-block-column is-layout-flow wp-block-column-is-layout-flow\">\n<figure class=\"wp-block-embed is-type-video is-provider-youtube wp-block-embed-youtube wp-embed-aspect-16-9 wp-has-aspect-ratio\"><div class=\"wp-block-embed__wrapper\">\n<iframe loading=\"lazy\" title=\"Pol\u00edticas de Ciencia, Tecnolog\u00eda e Innovaci\u00f3n y problemas nacionales\" width=\"960\" height=\"540\" src=\"https:\/\/www.youtube.com\/embed\/UXq2ETx-Y4o?feature=oembed\" frameborder=\"0\" allow=\"accelerometer; autoplay; clipboard-write; encrypted-media; gyroscope; picture-in-picture; web-share\" allowfullscreen><\/iframe>\n<\/div><figcaption class=\"wp-element-caption\"><strong>Pol\u00edticas de Ciencia, Tecnolog\u00eda e Innovaci\u00f3n y problemas nacionales<br><\/strong>Participa: Mart\u00edn Puchet, Facultad de Econom\u00eda, UNAM<\/figcaption><\/figure>\n<\/div>\n\n\n\n<div class=\"wp-block-column is-layout-flow wp-block-column-is-layout-flow\">\n<figure class=\"wp-block-embed is-type-video is-provider-youtube wp-block-embed-youtube wp-embed-aspect-16-9 wp-has-aspect-ratio\"><div class=\"wp-block-embed__wrapper\">\n<iframe loading=\"lazy\" title=\"Por una universidad de cuidados: responsabilidad social desde la complejidad\" width=\"960\" height=\"540\" src=\"https:\/\/www.youtube.com\/embed\/AFpd_W60JOU?feature=oembed\" frameborder=\"0\" allow=\"accelerometer; autoplay; clipboard-write; encrypted-media; gyroscope; picture-in-picture; web-share\" allowfullscreen><\/iframe>\n<\/div><figcaption class=\"wp-element-caption\"><strong>Por una universidad de cuidados: responsabilidad social desde la complejidad<\/strong><br><a href=\"https:\/\/www.youtube.com\/@AMCiencias\"><\/a>Participa: Estela Rosell\u00f3 Sober\u00f3n, Instituto de Investigaciones Hist\u00f3ricas y Centro de Ciencias de la Complejidad de la UNAM<br><\/figcaption><\/figure>\n<\/div>\n\n\n\n<div class=\"wp-block-column is-layout-flow wp-block-column-is-layout-flow\">\n<figure class=\"wp-block-embed is-type-video is-provider-youtube wp-block-embed-youtube wp-embed-aspect-16-9 wp-has-aspect-ratio\"><div class=\"wp-block-embed__wrapper\">\n<iframe loading=\"lazy\" title=\"Planeta enfermo: los l\u00edmites de Gaia\" width=\"960\" height=\"540\" src=\"https:\/\/www.youtube.com\/embed\/6XtmfZD_Jlw?feature=oembed\" frameborder=\"0\" allow=\"accelerometer; autoplay; clipboard-write; encrypted-media; gyroscope; picture-in-picture; web-share\" allowfullscreen><\/iframe>\n<\/div><figcaption class=\"wp-element-caption\"><strong>Planeta enfermo: los l\u00edmites de Gaia<br><\/strong>Participa: Juan Claudio Toledo Instituto de Ciencias Nucleares y Centro de Ciencias de la Complejidad de la UNAM<\/figcaption><\/figure>\n<\/div>\n<\/div>\n<\/div>\n<\/div>\n\n\n\n<p><\/p>\n","protected":false},"excerpt":{"rendered":"<p>Coordinadora: Dra. Julia Tag\u00fce\u00f1a CITA (Ciencia, Innovaci\u00f3n, Tecnolog\u00eda y Academia) es una iniciativa de la Academia Mexicana de Ciencias (AMC) y el Centro de Ciencias de la Complejidad (C3) de la UNAM.&nbsp; Tiene como objetivo brindar un espacio mensual en el que se re\u00fanan miembros de distintas comunidades, de la ciencia, la tecnolog\u00eda, la innovaci\u00f3n, la comunicaci\u00f3n de la ciencia, y el p\u00fablico no especializado, para intercambiar perspectivas sobre temas cient\u00edficos y tecnol\u00f3gicos relevantes y coyunturales.<\/p>\n","protected":false},"author":1,"featured_media":0,"parent":0,"menu_order":0,"comment_status":"closed","ping_status":"closed","template":"","meta":{"pgc_sgb_lightbox_settings":"","footnotes":""},"class_list":["post-2281","page","type-page","status-publish","hentry"],"yoast_head":"<!-- This site is optimized with the Yoast SEO plugin v22.1 - https:\/\/yoast.com\/wordpress\/plugins\/seo\/ -->\n<title>Ciencia, Innovaci\u00f3n, Tecnolog\u00eda y Academia, C.I.T.A. - Academia Mexicana de Ciencias<\/title>\n<meta name=\"description\" content=\"CITA re\u00fane mensualmente a miembros de distintas comunidades para intercambiar perspectivas sobre ciencia, tecnolog\u00eda y humanidades.\" \/>\n<meta name=\"robots\" content=\"noindex, follow, max-snippet:-1, max-image-preview:large, max-video-preview:-1\" \/>\n<meta property=\"og:locale\" content=\"es_MX\" \/>\n<meta property=\"og:type\" content=\"article\" \/>\n<meta property=\"og:title\" content=\"Ciencia, Innovaci\u00f3n, Tecnolog\u00eda y Academia, C.I.T.A. - Academia Mexicana de Ciencias\" \/>\n<meta property=\"og:description\" content=\"CITA re\u00fane mensualmente a miembros de distintas comunidades para intercambiar perspectivas sobre ciencia, tecnolog\u00eda y humanidades.\" \/>\n<meta property=\"og:url\" content=\"https:\/\/amc.edu.mx\/amc2024\/cita\/\" \/>\n<meta property=\"og:site_name\" content=\"Academia Mexicana de Ciencias\" \/>\n<meta property=\"article:publisher\" content=\"https:\/\/www.facebook.com\/amciencias\" \/>\n<meta property=\"article:modified_time\" content=\"2024-02-28T05:14:28+00:00\" \/>\n<meta property=\"og:image\" content=\"https:\/\/amc.edu.mx\/amc2024\/wp-content\/uploads\/2024\/02\/Noticia273-1-1024x358.jpeg\" \/>\n<meta name=\"twitter:card\" content=\"summary_large_image\" \/>\n<meta name=\"twitter:site\" content=\"@amciencias\" \/>\n<meta name=\"twitter:label1\" content=\"Tiempo de lectura\" \/>\n\t<meta name=\"twitter:data1\" content=\"2 minutos\" \/>\n<script type=\"application\/ld+json\" class=\"yoast-schema-graph\">{\"@context\":\"https:\/\/schema.org\",\"@graph\":[{\"@type\":\"WebPage\",\"@id\":\"https:\/\/amc.edu.mx\/amc2024\/cita\/\",\"url\":\"https:\/\/amc.edu.mx\/amc2024\/cita\/\",\"name\":\"Ciencia, Innovaci\u00f3n, Tecnolog\u00eda y Academia, C.I.T.A. - Academia Mexicana de Ciencias\",\"isPartOf\":{\"@id\":\"https:\/\/amc.edu.mx\/amc2024\/#website\"},\"datePublished\":\"2023-10-23T18:04:40+00:00\",\"dateModified\":\"2024-02-28T05:14:28+00:00\",\"description\":\"CITA re\u00fane mensualmente a miembros de distintas comunidades para intercambiar perspectivas sobre ciencia, tecnolog\u00eda y humanidades.\",\"breadcrumb\":{\"@id\":\"https:\/\/amc.edu.mx\/amc2024\/cita\/#breadcrumb\"},\"inLanguage\":\"es\",\"potentialAction\":[{\"@type\":\"ReadAction\",\"target\":[\"https:\/\/amc.edu.mx\/amc2024\/cita\/\"]}]},{\"@type\":\"BreadcrumbList\",\"@id\":\"https:\/\/amc.edu.mx\/amc2024\/cita\/#breadcrumb\",\"itemListElement\":[{\"@type\":\"ListItem\",\"position\":1,\"name\":\"Inicio\",\"item\":\"https:\/\/amc.edu.mx\/amc2024\/\"},{\"@type\":\"ListItem\",\"position\":2,\"name\":\"Ciencia, Innovaci\u00f3n, Tecnolog\u00eda y Academia, C.I.T.A.\"}]},{\"@type\":\"WebSite\",\"@id\":\"https:\/\/amc.edu.mx\/amc2024\/#website\",\"url\":\"https:\/\/amc.edu.mx\/amc2024\/\",\"name\":\"Academia Mexicana de Ciencias\",\"description\":\"ACADEMIA MEXICANA DE CIENCIAS\",\"publisher\":{\"@id\":\"https:\/\/amc.edu.mx\/amc2024\/#organization\"},\"alternateName\":\"AMC\",\"potentialAction\":[{\"@type\":\"SearchAction\",\"target\":{\"@type\":\"EntryPoint\",\"urlTemplate\":\"https:\/\/amc.edu.mx\/amc2024\/?s={search_term_string}\"},\"query-input\":\"required name=search_term_string\"}],\"inLanguage\":\"es\"},{\"@type\":\"Organization\",\"@id\":\"https:\/\/amc.edu.mx\/amc2024\/#organization\",\"name\":\"Academia Mexicana de Ciencias\",\"alternateName\":\"AMC\",\"url\":\"https:\/\/amc.edu.mx\/amc2024\/\",\"logo\":{\"@type\":\"ImageObject\",\"inLanguage\":\"es\",\"@id\":\"https:\/\/amc.edu.mx\/amc2024\/#\/schema\/logo\/image\/\",\"url\":\"https:\/\/amc.edu.mx\/amc2024\/wp-content\/uploads\/2023\/10\/logo_amc-1.png\",\"contentUrl\":\"https:\/\/amc.edu.mx\/amc2024\/wp-content\/uploads\/2023\/10\/logo_amc-1.png\",\"width\":455,\"height\":300,\"caption\":\"Academia Mexicana de Ciencias\"},\"image\":{\"@id\":\"https:\/\/amc.edu.mx\/amc2024\/#\/schema\/logo\/image\/\"},\"sameAs\":[\"https:\/\/www.facebook.com\/amciencias\",\"https:\/\/twitter.com\/amciencias\",\"https:\/\/www.instagram.com\/amciencias\",\"https:\/\/www.youtube.com\/@AMCiencias\",\"https:\/\/www.tiktok.com\/@amciencias\"]}]}<\/script>\n<!-- \/ Yoast SEO plugin. -->","yoast_head_json":{"title":"Ciencia, Innovaci\u00f3n, Tecnolog\u00eda y Academia, C.I.T.A. - Academia Mexicana de Ciencias","description":"CITA re\u00fane mensualmente a miembros de distintas comunidades para intercambiar perspectivas sobre ciencia, tecnolog\u00eda y humanidades.","robots":{"index":"noindex","follow":"follow","max-snippet":"max-snippet:-1","max-image-preview":"max-image-preview:large","max-video-preview":"max-video-preview:-1"},"og_locale":"es_MX","og_type":"article","og_title":"Ciencia, Innovaci\u00f3n, Tecnolog\u00eda y Academia, C.I.T.A. - Academia Mexicana de Ciencias","og_description":"CITA re\u00fane mensualmente a miembros de distintas comunidades para intercambiar perspectivas sobre ciencia, tecnolog\u00eda y humanidades.","og_url":"https:\/\/amc.edu.mx\/amc2024\/cita\/","og_site_name":"Academia Mexicana de Ciencias","article_publisher":"https:\/\/www.facebook.com\/amciencias","article_modified_time":"2024-02-28T05:14:28+00:00","og_image":[{"url":"https:\/\/amc.edu.mx\/amc2024\/wp-content\/uploads\/2024\/02\/Noticia273-1-1024x358.jpeg"}],"twitter_card":"summary_large_image","twitter_site":"@amciencias","twitter_misc":{"Tiempo de lectura":"2 minutos"},"schema":{"@context":"https:\/\/schema.org","@graph":[{"@type":"WebPage","@id":"https:\/\/amc.edu.mx\/amc2024\/cita\/","url":"https:\/\/amc.edu.mx\/amc2024\/cita\/","name":"Ciencia, Innovaci\u00f3n, Tecnolog\u00eda y Academia, C.I.T.A. - Academia Mexicana de Ciencias","isPartOf":{"@id":"https:\/\/amc.edu.mx\/amc2024\/#website"},"datePublished":"2023-10-23T18:04:40+00:00","dateModified":"2024-02-28T05:14:28+00:00","description":"CITA re\u00fane mensualmente a miembros de distintas comunidades para intercambiar perspectivas sobre ciencia, tecnolog\u00eda y humanidades.","breadcrumb":{"@id":"https:\/\/amc.edu.mx\/amc2024\/cita\/#breadcrumb"},"inLanguage":"es","potentialAction":[{"@type":"ReadAction","target":["https:\/\/amc.edu.mx\/amc2024\/cita\/"]}]},{"@type":"BreadcrumbList","@id":"https:\/\/amc.edu.mx\/amc2024\/cita\/#breadcrumb","itemListElement":[{"@type":"ListItem","position":1,"name":"Inicio","item":"https:\/\/amc.edu.mx\/amc2024\/"},{"@type":"ListItem","position":2,"name":"Ciencia, Innovaci\u00f3n, Tecnolog\u00eda y Academia, C.I.T.A."}]},{"@type":"WebSite","@id":"https:\/\/amc.edu.mx\/amc2024\/#website","url":"https:\/\/amc.edu.mx\/amc2024\/","name":"Academia Mexicana de Ciencias","description":"ACADEMIA MEXICANA DE CIENCIAS","publisher":{"@id":"https:\/\/amc.edu.mx\/amc2024\/#organization"},"alternateName":"AMC","potentialAction":[{"@type":"SearchAction","target":{"@type":"EntryPoint","urlTemplate":"https:\/\/amc.edu.mx\/amc2024\/?s={search_term_string}"},"query-input":"required name=search_term_string"}],"inLanguage":"es"},{"@type":"Organization","@id":"https:\/\/amc.edu.mx\/amc2024\/#organization","name":"Academia Mexicana de Ciencias","alternateName":"AMC","url":"https:\/\/amc.edu.mx\/amc2024\/","logo":{"@type":"ImageObject","inLanguage":"es","@id":"https:\/\/amc.edu.mx\/amc2024\/#\/schema\/logo\/image\/","url":"https:\/\/amc.edu.mx\/amc2024\/wp-content\/uploads\/2023\/10\/logo_amc-1.png","contentUrl":"https:\/\/amc.edu.mx\/amc2024\/wp-content\/uploads\/2023\/10\/logo_amc-1.png","width":455,"height":300,"caption":"Academia Mexicana de Ciencias"},"image":{"@id":"https:\/\/amc.edu.mx\/amc2024\/#\/schema\/logo\/image\/"},"sameAs":["https:\/\/www.facebook.com\/amciencias","https:\/\/twitter.com\/amciencias","https:\/\/www.instagram.com\/amciencias","https:\/\/www.youtube.com\/@AMCiencias","https:\/\/www.tiktok.com\/@amciencias"]}]}},"_links":{"self":[{"href":"https:\/\/amc.edu.mx\/amc2024\/wp-json\/wp\/v2\/pages\/2281","targetHints":{"allow":["GET"]}}],"collection":[{"href":"https:\/\/amc.edu.mx\/amc2024\/wp-json\/wp\/v2\/pages"}],"about":[{"href":"https:\/\/amc.edu.mx\/amc2024\/wp-json\/wp\/v2\/types\/page"}],"author":[{"embeddable":true,"href":"https:\/\/amc.edu.mx\/amc2024\/wp-json\/wp\/v2\/users\/1"}],"replies":[{"embeddable":true,"href":"https:\/\/amc.edu.mx\/amc2024\/wp-json\/wp\/v2\/comments?post=2281"}],"version-history":[{"count":3,"href":"https:\/\/amc.edu.mx\/amc2024\/wp-json\/wp\/v2\/pages\/2281\/revisions"}],"predecessor-version":[{"id":3145,"href":"https:\/\/amc.edu.mx\/amc2024\/wp-json\/wp\/v2\/pages\/2281\/revisions\/3145"}],"wp:attachment":[{"href":"https:\/\/amc.edu.mx\/amc2024\/wp-json\/wp\/v2\/media?parent=2281"}],"curies":[{"name":"wp","href":"https:\/\/api.w.org\/{rel}","templated":true}]}}