{"id":209,"date":"2023-10-18T06:08:53","date_gmt":"2023-10-18T00:08:53","guid":{"rendered":"https:\/\/amc.edu.mx\/amc2024\/?page_id=209"},"modified":"2024-03-01T20:45:37","modified_gmt":"2024-03-02T02:45:37","slug":"instalaciones","status":"publish","type":"page","link":"https:\/\/amc.edu.mx\/amc2024\/instalaciones\/","title":{"rendered":"Instalaciones"},"content":{"rendered":"\n<div class=\"wp-block-columns is-layout-flex wp-container-core-columns-is-layout-9d6595d7 wp-block-columns-is-layout-flex\">\n<div class=\"wp-block-column is-layout-flow wp-block-column-is-layout-flow\" style=\"flex-basis:25%\"><nav class=\"is-responsive wp-block-navigation is-layout-flex wp-block-navigation-is-layout-flex\" aria-label=\"Menu-Acerca\" \n\t\t data-wp-interactive=\"core\/navigation\" data-wp-context='{\"overlayOpenedBy\":{\"click\":false,\"hover\":false,\"focus\":false},\"type\":\"overlay\",\"roleAttribute\":\"\",\"ariaLabel\":\"Men\\u00fa\"}'><button aria-haspopup=\"dialog\" aria-label=\"Abrir el men\u00fa\" class=\"wp-block-navigation__responsive-container-open\" \n\t\t\t\tdata-wp-on--click=\"actions.openMenuOnClick\"\n\t\t\t\tdata-wp-on--keydown=\"actions.handleMenuKeydown\"\n\t\t\t><svg width=\"24\" height=\"24\" xmlns=\"http:\/\/www.w3.org\/2000\/svg\" viewBox=\"0 0 24 24\" aria-hidden=\"true\" focusable=\"false\"><path d=\"M4 7.5h16v1.5H4z\"><\/path><path d=\"M4 15h16v1.5H4z\"><\/path><\/svg><\/button>\n\t\t\t\t<div class=\"wp-block-navigation__responsive-container\"  id=\"modal-1\" \n\t\t\t\tdata-wp-class--has-modal-open=\"state.isMenuOpen\"\n\t\t\t\tdata-wp-class--is-menu-open=\"state.isMenuOpen\"\n\t\t\t\tdata-wp-watch=\"callbacks.initMenu\"\n\t\t\t\tdata-wp-on--keydown=\"actions.handleMenuKeydown\"\n\t\t\t\tdata-wp-on--focusout=\"actions.handleMenuFocusout\"\n\t\t\t\ttabindex=\"-1\"\n\t\t\t>\n\t\t\t\t\t<div class=\"wp-block-navigation__responsive-close\" tabindex=\"-1\">\n\t\t\t\t\t\t<div class=\"wp-block-navigation__responsive-dialog\" \n\t\t\t\tdata-wp-bind--aria-modal=\"state.ariaModal\"\n\t\t\t\tdata-wp-bind--aria-label=\"state.ariaLabel\"\n\t\t\t\tdata-wp-bind--role=\"state.roleAttribute\"\n\t\t\t>\n\t\t\t\t\t\t\t<button aria-label=\"Cerrar el men\u00fa\" class=\"wp-block-navigation__responsive-container-close\" \n\t\t\t\tdata-wp-on--click=\"actions.closeMenuOnClick\"\n\t\t\t><svg xmlns=\"http:\/\/www.w3.org\/2000\/svg\" viewBox=\"0 0 24 24\" width=\"24\" height=\"24\" aria-hidden=\"true\" focusable=\"false\"><path d=\"m13.06 12 6.47-6.47-1.06-1.06L12 10.94 5.53 4.47 4.47 5.53 10.94 12l-6.47 6.47 1.06 1.06L12 13.06l6.47 6.47 1.06-1.06L13.06 12Z\"><\/path><\/svg><\/button>\n\t\t\t\t\t\t\t<div class=\"wp-block-navigation__responsive-container-content\" \n\t\t\t\tdata-wp-watch=\"callbacks.focusFirstElement\"\n\t\t\t id=\"modal-1-content\">\n\t\t\t\t\t\t\t\t<ul class=\"wp-block-navigation__container is-responsive wp-block-navigation\"><li class=\" wp-block-navigation-item wp-block-navigation-link\"><a class=\"wp-block-navigation-item__content\"  href=\"https:\/\/amc.edu.mx\/amc2024\/academia-mexicana-de-ciencias\/\"><span class=\"wp-block-navigation-item__label\">Acerca de<\/span><\/a><\/li><li class=\" wp-block-navigation-item wp-block-navigation-link\"><a class=\"wp-block-navigation-item__content\"  href=\"https:\/\/amc.edu.mx\/amc2024\/acerca-de\/\"><span class=\"wp-block-navigation-item__label\">Historia<\/span><\/a><\/li><li class=\" wp-block-navigation-item wp-block-navigation-link\"><a class=\"wp-block-navigation-item__content\"  href=\"https:\/\/amc.edu.mx\/amc2024\/consejo-directivo\/\"><span class=\"wp-block-navigation-item__label\">Consejo directivo<\/span><\/a><\/li><li class=\" wp-block-navigation-item wp-block-navigation-link\"><a class=\"wp-block-navigation-item__content\"  href=\"https:\/\/amc.edu.mx\/amc2024\/secciones-regionales\/\"><span class=\"wp-block-navigation-item__label\">Secciones regionales<\/span><\/a><\/li><li class=\" wp-block-navigation-item wp-block-navigation-link\"><a class=\"wp-block-navigation-item__content\"  href=\"https:\/\/amc.edu.mx\/amc2024\/consejo-asesor-de-expresidentes\/\"><span class=\"wp-block-navigation-item__label\">Consejo asesor de expresidentes<\/span><\/a><\/li><li class=\" wp-block-navigation-item wp-block-navigation-link\"><a class=\"wp-block-navigation-item__content\"  href=\"https:\/\/amc.edu.mx\/amc2024\/comision-de-membresia\/\"><span class=\"wp-block-navigation-item__label\">Comisi\u00f3n de\u00a0Membres\u00eda<\/span><\/a><\/li><li class=\" wp-block-navigation-item wp-block-navigation-link\"><a class=\"wp-block-navigation-item__content\"  href=\"https:\/\/amc.edu.mx\/amc2024\/comisiones\/\"><span class=\"wp-block-navigation-item__label\">Comisi\u00f3n de Premios<\/span><\/a><\/li><li class=\" wp-block-navigation-item wp-block-navigation-link\"><a class=\"wp-block-navigation-item__content\"  href=\"https:\/\/amc.edu.mx\/amc2024\/comision-de-derechos-humanos\/\"><span class=\"wp-block-navigation-item__label\">Comisi\u00f3n de Derechos Humanos<\/span><\/a><\/li><li class=\" wp-block-navigation-item wp-block-navigation-link\"><a class=\"wp-block-navigation-item__content\"  href=\"https:\/\/amc.edu.mx\/amc2024\/instalaciones\/\"><span class=\"wp-block-navigation-item__label\">Instalaciones<\/span><\/a><\/li><li class=\" wp-block-navigation-item wp-block-navigation-link\"><a class=\"wp-block-navigation-item__content\"  href=\"https:\/\/amc.edu.mx\/amc2024\/estatutos\/\"><span class=\"wp-block-navigation-item__label\">Estatutos<\/span><\/a><\/li><\/ul>\n\t\t\t\t\t\t\t<\/div>\n\t\t\t\t\t\t<\/div>\n\t\t\t\t\t<\/div>\n\t\t\t\t<\/div><\/nav><\/div>\n\n\n\n<div class=\"wp-block-column is-layout-flow wp-block-column-is-layout-flow\" style=\"flex-basis:75%\">\n<p>Las instalaciones de la Academia Mexicana de Ciencias se ubican en calle Cipreses s\/n, km 23.5 de la carretera federal M\u00e9xico &#8211; Cuernavaca, San Andr\u00e9s Totoltepec, Tlalpan, C.P. 14400, M\u00e9xico, Ciudad de M\u00e9xico.<\/p>\n\n\n\n<p><strong>Tel\u00e9fono:<\/strong> +52 55 58 49 49 05<\/p>\n\n\n\n<iframe src=\"https:\/\/www.google.com\/maps\/embed?pb=!1m14!1m8!1m3!1d60270.88968212553!2d-99.17379945415519!3d19.24185589904262!3m2!1i1024!2i768!4f13.1!3m3!1m2!1s0x85ce007cd101ce0d%3A0xe3f3e22eb8eaf670!2sAcademia%20Mexicana%20de%20Ciencias!5e0!3m2!1ses-419!2sus!4v1709245026733!5m2!1ses-419!2sus\" width=\"100%\"  height=\"250\" style=\"border:0;\" allowfullscreen=\"\" loading=\"lazy\" referrerpolicy=\"no-referrer-when-downgrade\"><\/iframe>\n\n\n<div class=\"pgc-sgb-cb wp-block-pgcsimplygalleryblock-masonry \" data-gallery-id=\"d3d30791\"><div class=\"sgb-preloader\" id=\"pr_d3d30791\">\n\t<div class=\"sgb-square\" style=\"background:#d4d4d4\"><\/div>\n\t<div class=\"sgb-square\" style=\"background:#d4d4d4\"><\/div>\n\t<div class=\"sgb-square\" style=\"background:#d4d4d4\"><\/div>\n\t<div class=\"sgb-square\" style=\"background:#d4d4d4\"><\/div><\/div><div class=\"simply-gallery-amp pgc_sgb_slider \" style=\"display: none;\"><div class=\"sgb-gallery\"><div class=\"sgb-item\"><a href=\"https:\/\/amc.edu.mx\/amc2024\/instalaciones\/panorama\/\" target=\"_blank\"><img decoding=\"async\" alt=\"Auditorio Galileo Galilei\" width=\"300\" height=\"108\" loading=\"lazy\" src=\"https:\/\/amc.edu.mx\/amc2024\/wp-content\/uploads\/2023\/11\/001-300x108.jpg\" srcset=\"https:\/\/amc.edu.mx\/amc2024\/wp-content\/uploads\/2023\/11\/001-300x108.jpg 300w,https:\/\/amc.edu.mx\/amc2024\/wp-content\/uploads\/2023\/11\/001-1024x367.jpg 1024w,https:\/\/amc.edu.mx\/amc2024\/wp-content\/uploads\/2023\/11\/001.jpg 1216w\" sizes=\"auto, 250px\"\/><\/a><div class=\"sgb-item-caption\"><em>Auditorio Galileo Galilei<\/em><\/div><\/div><div class=\"sgb-item\"><a href=\"https:\/\/amc.edu.mx\/amc2024\/instalaciones\/attachment\/6385\/\" target=\"_blank\"><img decoding=\"async\" alt=\"Unidad de Seminarios\" width=\"300\" height=\"225\" loading=\"lazy\" src=\"https:\/\/amc.edu.mx\/amc2024\/wp-content\/uploads\/2023\/11\/6385-300x225.jpg\" srcset=\"https:\/\/amc.edu.mx\/amc2024\/wp-content\/uploads\/2023\/11\/6385-300x225.jpg 300w,https:\/\/amc.edu.mx\/amc2024\/wp-content\/uploads\/2023\/11\/6385.jpg 972w\" sizes=\"auto, 250px\"\/><\/a><div class=\"sgb-item-caption\"><em>Unidad de Seminarios<\/em><\/div><\/div><div class=\"sgb-item\"><a href=\"https:\/\/amc.edu.mx\/amc2024\/instalaciones\/attachment\/6383\/\" target=\"_blank\"><img decoding=\"async\" alt=\"Unidad de Seminarios\" width=\"300\" height=\"225\" loading=\"lazy\" src=\"https:\/\/amc.edu.mx\/amc2024\/wp-content\/uploads\/2023\/11\/6383-300x225.jpg\" srcset=\"https:\/\/amc.edu.mx\/amc2024\/wp-content\/uploads\/2023\/11\/6383-300x225.jpg 300w,https:\/\/amc.edu.mx\/amc2024\/wp-content\/uploads\/2023\/11\/6383.jpg 972w\" sizes=\"auto, 250px\"\/><\/a><div class=\"sgb-item-caption\"><em>Unidad de Seminarios<\/em><\/div><\/div><div class=\"sgb-item\"><a href=\"https:\/\/amc.edu.mx\/amc2024\/instalaciones\/attachment\/0006\/\" target=\"_blank\"><img decoding=\"async\" alt=\"Unidad de Seminarios\" width=\"300\" height=\"225\" loading=\"lazy\" src=\"https:\/\/amc.edu.mx\/amc2024\/wp-content\/uploads\/2023\/11\/0006-300x225.jpg\" srcset=\"https:\/\/amc.edu.mx\/amc2024\/wp-content\/uploads\/2023\/11\/0006-300x225.jpg 300w,https:\/\/amc.edu.mx\/amc2024\/wp-content\/uploads\/2023\/11\/0006.jpg 960w\" sizes=\"auto, 250px\"\/><\/a><div class=\"sgb-item-caption\"><em>Unidad de Seminarios<\/em><\/div><\/div><div class=\"sgb-item\"><a href=\"https:\/\/amc.edu.mx\/amc2024\/instalaciones\/panorama-3\/\" target=\"_blank\"><img decoding=\"async\" alt=\"Auditorio Galileo Galilei\" width=\"300\" height=\"84\" loading=\"lazy\" src=\"https:\/\/amc.edu.mx\/amc2024\/wp-content\/uploads\/2023\/11\/003-300x84.jpg\" srcset=\"https:\/\/amc.edu.mx\/amc2024\/wp-content\/uploads\/2023\/11\/003-300x84.jpg 300w,https:\/\/amc.edu.mx\/amc2024\/wp-content\/uploads\/2023\/11\/003-1024x285.jpg 1024w,https:\/\/amc.edu.mx\/amc2024\/wp-content\/uploads\/2023\/11\/003.jpg 1536w\" sizes=\"auto, 250px\"\/><\/a><div class=\"sgb-item-caption\"><em>Auditorio Galileo Galilei<\/em><\/div><\/div><div class=\"sgb-item\"><a href=\"https:\/\/amc.edu.mx\/amc2024\/instalaciones\/panorama-2\/\" target=\"_blank\"><img decoding=\"async\" alt=\"Auditorio Galileo Galilei\" width=\"300\" height=\"102\" loading=\"lazy\" src=\"https:\/\/amc.edu.mx\/amc2024\/wp-content\/uploads\/2023\/11\/002-300x102.jpg\" srcset=\"https:\/\/amc.edu.mx\/amc2024\/wp-content\/uploads\/2023\/11\/002-300x102.jpg 300w,https:\/\/amc.edu.mx\/amc2024\/wp-content\/uploads\/2023\/11\/002-1024x349.jpg 1024w,https:\/\/amc.edu.mx\/amc2024\/wp-content\/uploads\/2023\/11\/002.jpg 1316w\" sizes=\"auto, 250px\"\/><\/a><div class=\"sgb-item-caption\"><em>Auditorio Galileo Galilei <\/em><\/div><\/div><\/div><\/div><script type=\"application\/json\" class=\"sgb-data\">{\"externalLink\":false,\"captionHAlign\":\"bottom\",\"collectionthumbHoverTitleTextBgColor\":\"rgba(23,35,105,0.8)\",\"collectionThumbSubMenuDownload\":false,\"collectionThumbSubMenuShare\":false,\"galleryType\":\"pgc_sgb_masonry\",\"galleryId\":\"d3d30791\",\"images\":[{\"id\":1603,\"title\":\"Auditorio Galileo Galilei\",\"url\":\"https:\/\/amc.edu.mx\/amc2024\/wp-content\/uploads\/2023\/11\/001.jpg\",\"link\":\"https:\/\/amc.edu.mx\/amc2024\/instalaciones\/panorama\/\",\"alt\":\"Auditorio Galileo Galilei\",\"description\":\"\",\"caption\":\"Auditorio Galileo Galilei\",\"mime\":\"image\/jpeg\",\"type\":\"image\",\"width\":1216,\"height\":436,\"sizes\":{\"thumbnail\":{\"height\":150,\"width\":150,\"url\":\"https:\/\/amc.edu.mx\/amc2024\/wp-content\/uploads\/2023\/11\/001-150x150.jpg\",\"orientation\":\"landscape\"},\"medium\":{\"height\":108,\"width\":300,\"url\":\"https:\/\/amc.edu.mx\/amc2024\/wp-content\/uploads\/2023\/11\/001-300x108.jpg\",\"orientation\":\"landscape\"},\"large\":{\"height\":367,\"width\":1024,\"url\":\"https:\/\/amc.edu.mx\/amc2024\/wp-content\/uploads\/2023\/11\/001-1024x367.jpg\",\"orientation\":\"landscape\"},\"full\":{\"url\":\"https:\/\/amc.edu.mx\/amc2024\/wp-content\/uploads\/2023\/11\/001.jpg\",\"height\":436,\"width\":1216,\"orientation\":\"landscape\"}},\"imageMeta\":{\"aperture\":\"0\",\"credit\":\"\",\"camera\":\"\",\"caption\":\"Panorama\",\"created_timestamp\":\"0\",\"copyright\":\"\",\"focal_length\":\"0\",\"iso\":\"0\",\"shutter_speed\":\"0\",\"title\":\"Panorama\",\"orientation\":\"0\",\"keywords\":[]},\"meta\":false,\"postlink\":\"https:\/\/amc.edu.mx\/amc2024\/instalaciones\/panorama\/\"},{\"id\":1609,\"title\":\"Unidad de Seminarios\",\"url\":\"https:\/\/amc.edu.mx\/amc2024\/wp-content\/uploads\/2023\/11\/6385.jpg\",\"link\":\"https:\/\/amc.edu.mx\/amc2024\/instalaciones\/attachment\/6385\/\",\"alt\":\"Unidad de Seminarios\",\"description\":\"\",\"caption\":\"Unidad de Seminarios\",\"mime\":\"image\/jpeg\",\"type\":\"image\",\"width\":972,\"height\":729,\"sizes\":{\"thumbnail\":{\"height\":150,\"width\":150,\"url\":\"https:\/\/amc.edu.mx\/amc2024\/wp-content\/uploads\/2023\/11\/6385-150x150.jpg\",\"orientation\":\"landscape\"},\"medium\":{\"height\":225,\"width\":300,\"url\":\"https:\/\/amc.edu.mx\/amc2024\/wp-content\/uploads\/2023\/11\/6385-300x225.jpg\",\"orientation\":\"landscape\"},\"full\":{\"url\":\"https:\/\/amc.edu.mx\/amc2024\/wp-content\/uploads\/2023\/11\/6385.jpg\",\"height\":729,\"width\":972,\"orientation\":\"landscape\"}},\"imageMeta\":{\"aperture\":\"3.7\",\"credit\":\"\",\"camera\":\"FinePix Z20fd\",\"caption\":\"\",\"created_timestamp\":\"1371473237\",\"copyright\":\"\",\"focal_length\":\"6.3\",\"iso\":\"1600\",\"shutter_speed\":\"0.014285714285714\",\"title\":\"\",\"orientation\":\"1\",\"keywords\":[]},\"meta\":false,\"postlink\":\"https:\/\/amc.edu.mx\/amc2024\/instalaciones\/attachment\/6385\/\"},{\"id\":1607,\"title\":\"Unidad de Seminarios\",\"url\":\"https:\/\/amc.edu.mx\/amc2024\/wp-content\/uploads\/2023\/11\/6383.jpg\",\"link\":\"https:\/\/amc.edu.mx\/amc2024\/instalaciones\/attachment\/6383\/\",\"alt\":\"Unidad de Seminarios\",\"description\":\"\",\"caption\":\"Unidad de Seminarios\",\"mime\":\"image\/jpeg\",\"type\":\"image\",\"width\":972,\"height\":729,\"sizes\":{\"thumbnail\":{\"height\":150,\"width\":150,\"url\":\"https:\/\/amc.edu.mx\/amc2024\/wp-content\/uploads\/2023\/11\/6383-150x150.jpg\",\"orientation\":\"landscape\"},\"medium\":{\"height\":225,\"width\":300,\"url\":\"https:\/\/amc.edu.mx\/amc2024\/wp-content\/uploads\/2023\/11\/6383-300x225.jpg\",\"orientation\":\"landscape\"},\"full\":{\"url\":\"https:\/\/amc.edu.mx\/amc2024\/wp-content\/uploads\/2023\/11\/6383.jpg\",\"height\":729,\"width\":972,\"orientation\":\"landscape\"}},\"imageMeta\":{\"aperture\":\"3.7\",\"credit\":\"\",\"camera\":\"FinePix Z20fd\",\"caption\":\"\",\"created_timestamp\":\"1371473189\",\"copyright\":\"\",\"focal_length\":\"6.3\",\"iso\":\"800\",\"shutter_speed\":\"0.0058823529411765\",\"title\":\"\",\"orientation\":\"1\",\"keywords\":[]},\"meta\":false,\"postlink\":\"https:\/\/amc.edu.mx\/amc2024\/instalaciones\/attachment\/6383\/\"},{\"id\":1606,\"title\":\"Unidad de Seminarios\",\"url\":\"https:\/\/amc.edu.mx\/amc2024\/wp-content\/uploads\/2023\/11\/0006.jpg\",\"link\":\"https:\/\/amc.edu.mx\/amc2024\/instalaciones\/attachment\/0006\/\",\"alt\":\"Unidad de Seminarios\",\"description\":\"\",\"caption\":\"Unidad de Seminarios\",\"mime\":\"image\/jpeg\",\"type\":\"image\",\"width\":960,\"height\":720,\"sizes\":{\"thumbnail\":{\"height\":150,\"width\":150,\"url\":\"https:\/\/amc.edu.mx\/amc2024\/wp-content\/uploads\/2023\/11\/0006-150x150.jpg\",\"orientation\":\"landscape\"},\"medium\":{\"height\":225,\"width\":300,\"url\":\"https:\/\/amc.edu.mx\/amc2024\/wp-content\/uploads\/2023\/11\/0006-300x225.jpg\",\"orientation\":\"landscape\"},\"full\":{\"url\":\"https:\/\/amc.edu.mx\/amc2024\/wp-content\/uploads\/2023\/11\/0006.jpg\",\"height\":720,\"width\":960,\"orientation\":\"landscape\"}},\"imageMeta\":{\"aperture\":\"2.8\",\"credit\":\"\",\"camera\":\"FinePix A303\",\"caption\":\"\",\"created_timestamp\":\"1009929670\",\"copyright\":\"\",\"focal_length\":\"5.7\",\"iso\":\"100\",\"shutter_speed\":\"0.16666666666667\",\"title\":\"\",\"orientation\":\"1\",\"keywords\":[]},\"meta\":false,\"postlink\":\"https:\/\/amc.edu.mx\/amc2024\/instalaciones\/attachment\/0006\/\"},{\"id\":1605,\"title\":\"Auditorio Galileo Galilei\",\"url\":\"https:\/\/amc.edu.mx\/amc2024\/wp-content\/uploads\/2023\/11\/003.jpg\",\"link\":\"https:\/\/amc.edu.mx\/amc2024\/instalaciones\/panorama-3\/\",\"alt\":\"Auditorio Galileo Galilei\",\"description\":\"\",\"caption\":\"Auditorio Galileo Galilei\",\"mime\":\"image\/jpeg\",\"type\":\"image\",\"width\":1536,\"height\":428,\"sizes\":{\"thumbnail\":{\"height\":150,\"width\":150,\"url\":\"https:\/\/amc.edu.mx\/amc2024\/wp-content\/uploads\/2023\/11\/003-150x150.jpg\",\"orientation\":\"landscape\"},\"medium\":{\"height\":84,\"width\":300,\"url\":\"https:\/\/amc.edu.mx\/amc2024\/wp-content\/uploads\/2023\/11\/003-300x84.jpg\",\"orientation\":\"landscape\"},\"large\":{\"height\":285,\"width\":1024,\"url\":\"https:\/\/amc.edu.mx\/amc2024\/wp-content\/uploads\/2023\/11\/003-1024x285.jpg\",\"orientation\":\"landscape\"},\"full\":{\"url\":\"https:\/\/amc.edu.mx\/amc2024\/wp-content\/uploads\/2023\/11\/003.jpg\",\"height\":428,\"width\":1536,\"orientation\":\"landscape\"}},\"imageMeta\":{\"aperture\":\"0\",\"credit\":\"\",\"camera\":\"\",\"caption\":\"Panorama\",\"created_timestamp\":\"1207834667\",\"copyright\":\"\",\"focal_length\":\"0\",\"iso\":\"0\",\"shutter_speed\":\"0\",\"title\":\"Panorama\",\"orientation\":\"0\",\"keywords\":[]},\"meta\":false,\"postlink\":\"https:\/\/amc.edu.mx\/amc2024\/instalaciones\/panorama-3\/\"},{\"id\":1604,\"title\":\"Auditorio Galileo Galilei\",\"url\":\"https:\/\/amc.edu.mx\/amc2024\/wp-content\/uploads\/2023\/11\/002.jpg\",\"link\":\"https:\/\/amc.edu.mx\/amc2024\/instalaciones\/panorama-2\/\",\"alt\":\"Auditorio Galileo Galilei\",\"description\":\"\",\"caption\":\"Auditorio Galileo Galilei \",\"mime\":\"image\/jpeg\",\"type\":\"image\",\"width\":1316,\"height\":448,\"sizes\":{\"thumbnail\":{\"height\":150,\"width\":150,\"url\":\"https:\/\/amc.edu.mx\/amc2024\/wp-content\/uploads\/2023\/11\/002-150x150.jpg\",\"orientation\":\"landscape\"},\"medium\":{\"height\":102,\"width\":300,\"url\":\"https:\/\/amc.edu.mx\/amc2024\/wp-content\/uploads\/2023\/11\/002-300x102.jpg\",\"orientation\":\"landscape\"},\"large\":{\"height\":349,\"width\":1024,\"url\":\"https:\/\/amc.edu.mx\/amc2024\/wp-content\/uploads\/2023\/11\/002-1024x349.jpg\",\"orientation\":\"landscape\"},\"full\":{\"url\":\"https:\/\/amc.edu.mx\/amc2024\/wp-content\/uploads\/2023\/11\/002.jpg\",\"height\":448,\"width\":1316,\"orientation\":\"landscape\"}},\"imageMeta\":{\"aperture\":\"0\",\"credit\":\"\",\"camera\":\"\",\"caption\":\"Panorama\",\"created_timestamp\":\"1207834542\",\"copyright\":\"\",\"focal_length\":\"0\",\"iso\":\"0\",\"shutter_speed\":\"0\",\"title\":\"Panorama\",\"orientation\":\"0\",\"keywords\":[]},\"meta\":false,\"postlink\":\"https:\/\/amc.edu.mx\/amc2024\/instalaciones\/panorama-2\/\"}],\"itemsMetaDataCollection\":[]}<\/script><script>(function(){if(window.PGC_SGB && window.PGC_SGB.searcher){window.PGC_SGB.searcher.initBlocks()}})()<\/script><\/div><\/div>\n<\/div>\n","protected":false},"excerpt":{"rendered":"<p>Las instalaciones de la Academia Mexicana de Ciencias se ubican en calle Cipreses s\/n, km 23.5 de la carretera federal M\u00e9xico &#8211; Cuernavaca, San Andr\u00e9s Totoltepec, Tlalpan, C.P. 14400, M\u00e9xico, Ciudad de M\u00e9xico. Tel\u00e9fono: +52 55 58 49 49 05<\/p>\n","protected":false},"author":1,"featured_media":0,"parent":0,"menu_order":0,"comment_status":"closed","ping_status":"closed","template":"","meta":{"pgc_sgb_lightbox_settings":"","footnotes":""},"class_list":["post-209","page","type-page","status-publish","hentry"],"yoast_head":"<!-- This site is optimized with the Yoast SEO plugin v22.1 - https:\/\/yoast.com\/wordpress\/plugins\/seo\/ -->\n<title>Instalaciones - Academia Mexicana de Ciencias<\/title>\n<meta name=\"robots\" content=\"noindex, follow, max-snippet:-1, max-image-preview:large, max-video-preview:-1\" \/>\n<meta property=\"og:locale\" content=\"es_MX\" \/>\n<meta property=\"og:type\" content=\"article\" \/>\n<meta property=\"og:title\" content=\"Instalaciones - Academia Mexicana de Ciencias\" \/>\n<meta property=\"og:description\" content=\"Las instalaciones de la Academia Mexicana de Ciencias se ubican en calle Cipreses s\/n, km 23.5 de la carretera federal M\u00e9xico &#8211; Cuernavaca, San Andr\u00e9s Totoltepec, Tlalpan, C.P. 14400, M\u00e9xico, Ciudad de M\u00e9xico. Tel\u00e9fono: +52 55 58 49 49 05\" \/>\n<meta property=\"og:url\" content=\"https:\/\/amc.edu.mx\/amc2024\/instalaciones\/\" \/>\n<meta property=\"og:site_name\" content=\"Academia Mexicana de Ciencias\" \/>\n<meta property=\"article:publisher\" content=\"https:\/\/www.facebook.com\/amciencias\" \/>\n<meta property=\"article:modified_time\" content=\"2024-03-02T02:45:37+00:00\" \/>\n<meta property=\"og:image\" content=\"https:\/\/amc.edu.mx\/amc2024\/wp-content\/uploads\/2023\/11\/001-1024x367.jpg\" \/>\n<meta name=\"twitter:card\" content=\"summary_large_image\" \/>\n<meta name=\"twitter:site\" content=\"@amciencias\" \/>\n<meta name=\"twitter:label1\" content=\"Tiempo de lectura\" \/>\n\t<meta name=\"twitter:data1\" content=\"2 minutos\" \/>\n<script type=\"application\/ld+json\" class=\"yoast-schema-graph\">{\"@context\":\"https:\/\/schema.org\",\"@graph\":[{\"@type\":\"WebPage\",\"@id\":\"https:\/\/amc.edu.mx\/amc2024\/instalaciones\/\",\"url\":\"https:\/\/amc.edu.mx\/amc2024\/instalaciones\/\",\"name\":\"Instalaciones - Academia Mexicana de Ciencias\",\"isPartOf\":{\"@id\":\"https:\/\/amc.edu.mx\/amc2024\/#website\"},\"datePublished\":\"2023-10-18T00:08:53+00:00\",\"dateModified\":\"2024-03-02T02:45:37+00:00\",\"breadcrumb\":{\"@id\":\"https:\/\/amc.edu.mx\/amc2024\/instalaciones\/#breadcrumb\"},\"inLanguage\":\"es\",\"potentialAction\":[{\"@type\":\"ReadAction\",\"target\":[\"https:\/\/amc.edu.mx\/amc2024\/instalaciones\/\"]}]},{\"@type\":\"BreadcrumbList\",\"@id\":\"https:\/\/amc.edu.mx\/amc2024\/instalaciones\/#breadcrumb\",\"itemListElement\":[{\"@type\":\"ListItem\",\"position\":1,\"name\":\"Inicio\",\"item\":\"https:\/\/amc.edu.mx\/amc2024\/\"},{\"@type\":\"ListItem\",\"position\":2,\"name\":\"Instalaciones\"}]},{\"@type\":\"WebSite\",\"@id\":\"https:\/\/amc.edu.mx\/amc2024\/#website\",\"url\":\"https:\/\/amc.edu.mx\/amc2024\/\",\"name\":\"Academia Mexicana de Ciencias\",\"description\":\"ACADEMIA MEXICANA DE CIENCIAS\",\"publisher\":{\"@id\":\"https:\/\/amc.edu.mx\/amc2024\/#organization\"},\"alternateName\":\"AMC\",\"potentialAction\":[{\"@type\":\"SearchAction\",\"target\":{\"@type\":\"EntryPoint\",\"urlTemplate\":\"https:\/\/amc.edu.mx\/amc2024\/?s={search_term_string}\"},\"query-input\":\"required name=search_term_string\"}],\"inLanguage\":\"es\"},{\"@type\":\"Organization\",\"@id\":\"https:\/\/amc.edu.mx\/amc2024\/#organization\",\"name\":\"Academia Mexicana de Ciencias\",\"alternateName\":\"AMC\",\"url\":\"https:\/\/amc.edu.mx\/amc2024\/\",\"logo\":{\"@type\":\"ImageObject\",\"inLanguage\":\"es\",\"@id\":\"https:\/\/amc.edu.mx\/amc2024\/#\/schema\/logo\/image\/\",\"url\":\"https:\/\/amc.edu.mx\/amc2024\/wp-content\/uploads\/2023\/10\/logo_amc-1.png\",\"contentUrl\":\"https:\/\/amc.edu.mx\/amc2024\/wp-content\/uploads\/2023\/10\/logo_amc-1.png\",\"width\":455,\"height\":300,\"caption\":\"Academia Mexicana de Ciencias\"},\"image\":{\"@id\":\"https:\/\/amc.edu.mx\/amc2024\/#\/schema\/logo\/image\/\"},\"sameAs\":[\"https:\/\/www.facebook.com\/amciencias\",\"https:\/\/twitter.com\/amciencias\",\"https:\/\/www.instagram.com\/amciencias\",\"https:\/\/www.youtube.com\/@AMCiencias\",\"https:\/\/www.tiktok.com\/@amciencias\"]}]}<\/script>\n<!-- \/ Yoast SEO plugin. -->","yoast_head_json":{"title":"Instalaciones - Academia Mexicana de Ciencias","robots":{"index":"noindex","follow":"follow","max-snippet":"max-snippet:-1","max-image-preview":"max-image-preview:large","max-video-preview":"max-video-preview:-1"},"og_locale":"es_MX","og_type":"article","og_title":"Instalaciones - Academia Mexicana de Ciencias","og_description":"Las instalaciones de la Academia Mexicana de Ciencias se ubican en calle Cipreses s\/n, km 23.5 de la carretera federal M\u00e9xico &#8211; Cuernavaca, San Andr\u00e9s Totoltepec, Tlalpan, C.P. 14400, M\u00e9xico, Ciudad de M\u00e9xico. Tel\u00e9fono: +52 55 58 49 49 05","og_url":"https:\/\/amc.edu.mx\/amc2024\/instalaciones\/","og_site_name":"Academia Mexicana de Ciencias","article_publisher":"https:\/\/www.facebook.com\/amciencias","article_modified_time":"2024-03-02T02:45:37+00:00","og_image":[{"url":"https:\/\/amc.edu.mx\/amc2024\/wp-content\/uploads\/2023\/11\/001-1024x367.jpg"}],"twitter_card":"summary_large_image","twitter_site":"@amciencias","twitter_misc":{"Tiempo de lectura":"2 minutos"},"schema":{"@context":"https:\/\/schema.org","@graph":[{"@type":"WebPage","@id":"https:\/\/amc.edu.mx\/amc2024\/instalaciones\/","url":"https:\/\/amc.edu.mx\/amc2024\/instalaciones\/","name":"Instalaciones - Academia Mexicana de Ciencias","isPartOf":{"@id":"https:\/\/amc.edu.mx\/amc2024\/#website"},"datePublished":"2023-10-18T00:08:53+00:00","dateModified":"2024-03-02T02:45:37+00:00","breadcrumb":{"@id":"https:\/\/amc.edu.mx\/amc2024\/instalaciones\/#breadcrumb"},"inLanguage":"es","potentialAction":[{"@type":"ReadAction","target":["https:\/\/amc.edu.mx\/amc2024\/instalaciones\/"]}]},{"@type":"BreadcrumbList","@id":"https:\/\/amc.edu.mx\/amc2024\/instalaciones\/#breadcrumb","itemListElement":[{"@type":"ListItem","position":1,"name":"Inicio","item":"https:\/\/amc.edu.mx\/amc2024\/"},{"@type":"ListItem","position":2,"name":"Instalaciones"}]},{"@type":"WebSite","@id":"https:\/\/amc.edu.mx\/amc2024\/#website","url":"https:\/\/amc.edu.mx\/amc2024\/","name":"Academia Mexicana de Ciencias","description":"ACADEMIA MEXICANA DE CIENCIAS","publisher":{"@id":"https:\/\/amc.edu.mx\/amc2024\/#organization"},"alternateName":"AMC","potentialAction":[{"@type":"SearchAction","target":{"@type":"EntryPoint","urlTemplate":"https:\/\/amc.edu.mx\/amc2024\/?s={search_term_string}"},"query-input":"required name=search_term_string"}],"inLanguage":"es"},{"@type":"Organization","@id":"https:\/\/amc.edu.mx\/amc2024\/#organization","name":"Academia Mexicana de Ciencias","alternateName":"AMC","url":"https:\/\/amc.edu.mx\/amc2024\/","logo":{"@type":"ImageObject","inLanguage":"es","@id":"https:\/\/amc.edu.mx\/amc2024\/#\/schema\/logo\/image\/","url":"https:\/\/amc.edu.mx\/amc2024\/wp-content\/uploads\/2023\/10\/logo_amc-1.png","contentUrl":"https:\/\/amc.edu.mx\/amc2024\/wp-content\/uploads\/2023\/10\/logo_amc-1.png","width":455,"height":300,"caption":"Academia Mexicana de Ciencias"},"image":{"@id":"https:\/\/amc.edu.mx\/amc2024\/#\/schema\/logo\/image\/"},"sameAs":["https:\/\/www.facebook.com\/amciencias","https:\/\/twitter.com\/amciencias","https:\/\/www.instagram.com\/amciencias","https:\/\/www.youtube.com\/@AMCiencias","https:\/\/www.tiktok.com\/@amciencias"]}]}},"_links":{"self":[{"href":"https:\/\/amc.edu.mx\/amc2024\/wp-json\/wp\/v2\/pages\/209","targetHints":{"allow":["GET"]}}],"collection":[{"href":"https:\/\/amc.edu.mx\/amc2024\/wp-json\/wp\/v2\/pages"}],"about":[{"href":"https:\/\/amc.edu.mx\/amc2024\/wp-json\/wp\/v2\/types\/page"}],"author":[{"embeddable":true,"href":"https:\/\/amc.edu.mx\/amc2024\/wp-json\/wp\/v2\/users\/1"}],"replies":[{"embeddable":true,"href":"https:\/\/amc.edu.mx\/amc2024\/wp-json\/wp\/v2\/comments?post=209"}],"version-history":[{"count":24,"href":"https:\/\/amc.edu.mx\/amc2024\/wp-json\/wp\/v2\/pages\/209\/revisions"}],"predecessor-version":[{"id":3957,"href":"https:\/\/amc.edu.mx\/amc2024\/wp-json\/wp\/v2\/pages\/209\/revisions\/3957"}],"wp:attachment":[{"href":"https:\/\/amc.edu.mx\/amc2024\/wp-json\/wp\/v2\/media?parent=209"}],"curies":[{"name":"wp","href":"https:\/\/api.w.org\/{rel}","templated":true}]}}