{"id":1958,"date":"2023-12-04T22:55:21","date_gmt":"2023-12-04T16:55:21","guid":{"rendered":"https:\/\/amc.edu.mx\/amc2024\/?page_id=1958"},"modified":"2024-03-01T20:44:49","modified_gmt":"2024-03-02T02:44:49","slug":"comision-de-membresia","status":"publish","type":"page","link":"https:\/\/amc.edu.mx\/amc2024\/comision-de-membresia\/","title":{"rendered":"Comisi\u00f3n de\u00a0Membres\u00eda"},"content":{"rendered":"\n<div class=\"wp-block-columns is-layout-flex wp-container-core-columns-is-layout-9d6595d7 wp-block-columns-is-layout-flex\">\n<div class=\"wp-block-column is-layout-flow wp-block-column-is-layout-flow\" style=\"flex-basis:25%\"><nav class=\"is-responsive wp-block-navigation is-layout-flex wp-block-navigation-is-layout-flex\" aria-label=\"Menu-Acerca\" \n\t\t data-wp-interactive=\"core\/navigation\" data-wp-context='{\"overlayOpenedBy\":{\"click\":false,\"hover\":false,\"focus\":false},\"type\":\"overlay\",\"roleAttribute\":\"\",\"ariaLabel\":\"Men\\u00fa\"}'><button aria-haspopup=\"dialog\" aria-label=\"Abrir el men\u00fa\" class=\"wp-block-navigation__responsive-container-open\" \n\t\t\t\tdata-wp-on--click=\"actions.openMenuOnClick\"\n\t\t\t\tdata-wp-on--keydown=\"actions.handleMenuKeydown\"\n\t\t\t><svg width=\"24\" height=\"24\" xmlns=\"http:\/\/www.w3.org\/2000\/svg\" viewBox=\"0 0 24 24\" aria-hidden=\"true\" focusable=\"false\"><path d=\"M4 7.5h16v1.5H4z\"><\/path><path d=\"M4 15h16v1.5H4z\"><\/path><\/svg><\/button>\n\t\t\t\t<div class=\"wp-block-navigation__responsive-container\"  id=\"modal-1\" \n\t\t\t\tdata-wp-class--has-modal-open=\"state.isMenuOpen\"\n\t\t\t\tdata-wp-class--is-menu-open=\"state.isMenuOpen\"\n\t\t\t\tdata-wp-watch=\"callbacks.initMenu\"\n\t\t\t\tdata-wp-on--keydown=\"actions.handleMenuKeydown\"\n\t\t\t\tdata-wp-on--focusout=\"actions.handleMenuFocusout\"\n\t\t\t\ttabindex=\"-1\"\n\t\t\t>\n\t\t\t\t\t<div class=\"wp-block-navigation__responsive-close\" tabindex=\"-1\">\n\t\t\t\t\t\t<div class=\"wp-block-navigation__responsive-dialog\" \n\t\t\t\tdata-wp-bind--aria-modal=\"state.ariaModal\"\n\t\t\t\tdata-wp-bind--aria-label=\"state.ariaLabel\"\n\t\t\t\tdata-wp-bind--role=\"state.roleAttribute\"\n\t\t\t>\n\t\t\t\t\t\t\t<button aria-label=\"Cerrar el men\u00fa\" class=\"wp-block-navigation__responsive-container-close\" \n\t\t\t\tdata-wp-on--click=\"actions.closeMenuOnClick\"\n\t\t\t><svg xmlns=\"http:\/\/www.w3.org\/2000\/svg\" viewBox=\"0 0 24 24\" width=\"24\" height=\"24\" aria-hidden=\"true\" focusable=\"false\"><path d=\"m13.06 12 6.47-6.47-1.06-1.06L12 10.94 5.53 4.47 4.47 5.53 10.94 12l-6.47 6.47 1.06 1.06L12 13.06l6.47 6.47 1.06-1.06L13.06 12Z\"><\/path><\/svg><\/button>\n\t\t\t\t\t\t\t<div class=\"wp-block-navigation__responsive-container-content\" \n\t\t\t\tdata-wp-watch=\"callbacks.focusFirstElement\"\n\t\t\t id=\"modal-1-content\">\n\t\t\t\t\t\t\t\t<ul class=\"wp-block-navigation__container is-responsive wp-block-navigation\"><li class=\" wp-block-navigation-item wp-block-navigation-link\"><a class=\"wp-block-navigation-item__content\"  href=\"https:\/\/amc.edu.mx\/amc2024\/academia-mexicana-de-ciencias\/\"><span class=\"wp-block-navigation-item__label\">Acerca de<\/span><\/a><\/li><li class=\" wp-block-navigation-item wp-block-navigation-link\"><a class=\"wp-block-navigation-item__content\"  href=\"https:\/\/amc.edu.mx\/amc2024\/acerca-de\/\"><span class=\"wp-block-navigation-item__label\">Historia<\/span><\/a><\/li><li class=\" wp-block-navigation-item wp-block-navigation-link\"><a class=\"wp-block-navigation-item__content\"  href=\"https:\/\/amc.edu.mx\/amc2024\/consejo-directivo\/\"><span class=\"wp-block-navigation-item__label\">Consejo directivo<\/span><\/a><\/li><li class=\" wp-block-navigation-item wp-block-navigation-link\"><a class=\"wp-block-navigation-item__content\"  href=\"https:\/\/amc.edu.mx\/amc2024\/secciones-regionales\/\"><span class=\"wp-block-navigation-item__label\">Secciones regionales<\/span><\/a><\/li><li class=\" wp-block-navigation-item wp-block-navigation-link\"><a class=\"wp-block-navigation-item__content\"  href=\"https:\/\/amc.edu.mx\/amc2024\/consejo-asesor-de-expresidentes\/\"><span class=\"wp-block-navigation-item__label\">Consejo asesor de expresidentes<\/span><\/a><\/li><li class=\" wp-block-navigation-item wp-block-navigation-link\"><a class=\"wp-block-navigation-item__content\"  href=\"https:\/\/amc.edu.mx\/amc2024\/comision-de-membresia\/\"><span class=\"wp-block-navigation-item__label\">Comisi\u00f3n de\u00a0Membres\u00eda<\/span><\/a><\/li><li class=\" wp-block-navigation-item wp-block-navigation-link\"><a class=\"wp-block-navigation-item__content\"  href=\"https:\/\/amc.edu.mx\/amc2024\/comisiones\/\"><span class=\"wp-block-navigation-item__label\">Comisi\u00f3n de Premios<\/span><\/a><\/li><li class=\" wp-block-navigation-item wp-block-navigation-link\"><a class=\"wp-block-navigation-item__content\"  href=\"https:\/\/amc.edu.mx\/amc2024\/comision-de-derechos-humanos\/\"><span class=\"wp-block-navigation-item__label\">Comisi\u00f3n de Derechos Humanos<\/span><\/a><\/li><li class=\" wp-block-navigation-item wp-block-navigation-link\"><a class=\"wp-block-navigation-item__content\"  href=\"https:\/\/amc.edu.mx\/amc2024\/instalaciones\/\"><span class=\"wp-block-navigation-item__label\">Instalaciones<\/span><\/a><\/li><li class=\" wp-block-navigation-item wp-block-navigation-link\"><a class=\"wp-block-navigation-item__content\"  href=\"https:\/\/amc.edu.mx\/amc2024\/estatutos\/\"><span class=\"wp-block-navigation-item__label\">Estatutos<\/span><\/a><\/li><\/ul>\n\t\t\t\t\t\t\t<\/div>\n\t\t\t\t\t\t<\/div>\n\t\t\t\t\t<\/div>\n\t\t\t\t<\/div><\/nav><\/div>\n\n\n\n<div class=\"wp-block-column is-layout-flow wp-block-column-is-layout-flow\" style=\"flex-basis:75%\">\n<p>La Comisi\u00f3n de Membres\u00eda est\u00e1 integrada por el&nbsp;(la)&nbsp;vicepresidente(a)&nbsp;de la Academia, quien&nbsp;act\u00faa&nbsp;como presidente(a)&nbsp;de la misma, y diez miembros, cada uno de los cuales durar\u00e1 cuatro a\u00f1os en su cargo.<\/p>\n\n\n\n<p class=\"has-text-align-center\"><a data-type=\"page\" data-id=\"1898\" href=\"https:\/\/amc.edu.mx\/amc2024\/index.php\/vicepresidenta\/\">Telma Castro Romero<\/a><br>Vicepresidenta de la AMC y presidenta de la comisi\u00f3n<\/p>\n\n\n\n<div class=\"wp-block-group\"><div class=\"wp-block-group__inner-container is-layout-constrained wp-block-group-is-layout-constrained\">\n<div class=\"wp-block-columns is-layout-flex wp-container-core-columns-is-layout-9d6595d7 wp-block-columns-is-layout-flex\">\n<div class=\"wp-block-column region-datos is-layout-flow wp-block-column-is-layout-flow\">\n<h2 class=\"wp-block-heading has-text-align-center separador\">Ciencias Exactas<\/h2>\n\n\n\n<p class=\"has-text-align-center\"><strong>Martha Patricia Guerrero Mata<br><\/strong>Facultad de Ingenier\u00eda Mec\u00e1nica y El\u00e9ctrica<br>Universidad Aut\u00f3noma de Nuevo Le\u00f3n<\/p>\n\n\n\n<p class=\"has-text-align-center\"><strong>Myriam Mondrag\u00f3n Ceballos<br><\/strong>Instituto de F\u00edsica<br>Universidad Nacional Aut\u00f3noma de M\u00e9xico<\/p>\n\n\n\n<p class=\"has-text-align-center\"><strong>Liliana Quintanar Vera<br><\/strong>Departamento de Qu\u00edmica<br>Centro de Investigaci\u00f3n y de Estudios Avanzados \u2013 IPN<\/p>\n\n\n\n<p class=\"has-text-align-center\"><strong>Jes\u00fas Ruperto Muci\u00f1o Raymundo<br><\/strong>Centro de Ciencias Matem\u00e1ticas&nbsp;<br>Universidad Nacional Aut\u00f3noma de M\u00e9xico<\/p>\n<\/div>\n<\/div>\n\n\n\n<div class=\"wp-block-columns is-layout-flex wp-container-core-columns-is-layout-9d6595d7 wp-block-columns-is-layout-flex\">\n<div class=\"wp-block-column region-datos is-layout-flow wp-block-column-is-layout-flow\">\n<h2 class=\"wp-block-heading has-text-align-center separador\">Ciencias Naturales<\/h2>\n\n\n\n<p class=\"has-text-align-center\"><strong>Carmen Yolanda Aceves Velasco<br><\/strong>Instituto de Neurobiolog\u00eda<br>Universidad Nacional Aut\u00f3noma de M\u00e9xico, Juriquilla<\/p>\n\n\n\n<p class=\"has-text-align-center\"><strong>Mar\u00eda Leonor L\u00f3pez Meraz<br><\/strong>Instituto de Investigaciones Cerebrales<br>Universidad Veracruzana<\/p>\n\n\n\n<p class=\"has-text-align-center\"><strong>Guadalupe Virginia Nev\u00e1rez Moorill\u00f3n<br><\/strong>Facultad de Ciencias Qu\u00edmicas<br>Universidad Aut\u00f3noma de Chihuahua<\/p>\n<\/div>\n<\/div>\n\n\n\n<div class=\"wp-block-columns is-layout-flex wp-container-core-columns-is-layout-9d6595d7 wp-block-columns-is-layout-flex\">\n<div class=\"wp-block-column region-datos is-layout-flow wp-block-column-is-layout-flow\">\n<h2 class=\"wp-block-heading has-text-align-center separador\">Ciencias Sociales y Humanidades<\/h2>\n\n\n\n<p class=\"has-text-align-center\"><strong>Pedro Jos\u00e9 Bracamonte y Sosa<br><\/strong>Programa Peninsular<br>Centro de Investigaciones y Estudios Superiores en Antropolog\u00eda Social &#8211; Unidad M\u00e9rida<\/p>\n\n\n\n<p class=\"has-text-align-center\"><strong>Olga Odgers Ortiz<br><\/strong>Departamento de Estudios Sociales<br>El Colegio de la Frontera Norte<\/p>\n\n\n\n<p class=\"has-text-align-center\"><strong>Judith Zubieta Garc\u00eda<br><\/strong>Instituto de Investigaciones Sociales<br>Universidad Nacional Aut\u00f3noma de M\u00e9xico<\/p>\n<\/div>\n<\/div>\n<\/div><\/div>\n<\/div>\n<\/div>\n","protected":false},"excerpt":{"rendered":"<p>La Comisi\u00f3n de Membres\u00eda est\u00e1 integrada por el&nbsp;(la)&nbsp;vicepresidente(a)&nbsp;de la Academia, quien&nbsp;act\u00faa&nbsp;como presidente(a)&nbsp;de la misma, y diez miembros, cada uno de los cuales durar\u00e1 cuatro a\u00f1os en su cargo. Telma Castro RomeroVicepresidenta de la AMC y presidenta de la comisi\u00f3n Ciencias Exactas Martha Patricia Guerrero MataFacultad de Ingenier\u00eda Mec\u00e1nica y El\u00e9ctricaUniversidad Aut\u00f3noma de Nuevo Le\u00f3n Myriam Mondrag\u00f3n CeballosInstituto de F\u00edsicaUniversidad Nacional Aut\u00f3noma de M\u00e9xico Liliana Quintanar VeraDepartamento de Qu\u00edmicaCentro de Investigaci\u00f3n y de Estudios Avanzados \u2013 IPN Jes\u00fas Ruperto Muci\u00f1o RaymundoCentro de Ciencias Matem\u00e1ticas&nbsp;Universidad Nacional Aut\u00f3noma de M\u00e9xico Ciencias Naturales Carmen Yolanda Aceves VelascoInstituto de Neurobiolog\u00edaUniversidad Nacional Aut\u00f3noma de M\u00e9xico, Juriquilla Mar\u00eda Leonor L\u00f3pez MerazInstituto de Investigaciones CerebralesUniversidad Veracruzana Guadalupe Virginia Nev\u00e1rez Moorill\u00f3nFacultad de Ciencias Qu\u00edmicasUniversidad Aut\u00f3noma de Chihuahua Ciencias Sociales y Humanidades Pedro Jos\u00e9 Bracamonte y SosaPrograma PeninsularCentro de Investigaciones y Estudios Superiores en Antropolog\u00eda Social &#8211; Unidad M\u00e9rida Olga Odgers OrtizDepartamento de Estudios SocialesEl Colegio de la Frontera Norte Judith Zubieta Garc\u00edaInstituto de Investigaciones SocialesUniversidad Nacional Aut\u00f3noma de M\u00e9xico<\/p>\n","protected":false},"author":2,"featured_media":0,"parent":0,"menu_order":0,"comment_status":"closed","ping_status":"closed","template":"","meta":{"pgc_sgb_lightbox_settings":"","footnotes":""},"class_list":["post-1958","page","type-page","status-publish","hentry"],"yoast_head":"<!-- This site is optimized with the Yoast SEO plugin v22.1 - https:\/\/yoast.com\/wordpress\/plugins\/seo\/ -->\n<title>Comisi\u00f3n de\u00a0Membres\u00eda - Academia Mexicana de Ciencias<\/title>\n<meta name=\"robots\" content=\"noindex, follow, max-snippet:-1, max-image-preview:large, max-video-preview:-1\" \/>\n<meta property=\"og:locale\" content=\"es_MX\" \/>\n<meta property=\"og:type\" content=\"article\" \/>\n<meta property=\"og:title\" content=\"Comisi\u00f3n de\u00a0Membres\u00eda - Academia Mexicana de Ciencias\" \/>\n<meta property=\"og:description\" content=\"La Comisi\u00f3n de Membres\u00eda est\u00e1 integrada por el&nbsp;(la)&nbsp;vicepresidente(a)&nbsp;de la Academia, quien&nbsp;act\u00faa&nbsp;como presidente(a)&nbsp;de la misma, y diez miembros, cada uno de los cuales durar\u00e1 cuatro a\u00f1os en su cargo. Telma Castro RomeroVicepresidenta de la AMC y presidenta de la comisi\u00f3n Ciencias Exactas Martha Patricia Guerrero MataFacultad de Ingenier\u00eda Mec\u00e1nica y El\u00e9ctricaUniversidad Aut\u00f3noma de Nuevo Le\u00f3n Myriam Mondrag\u00f3n CeballosInstituto de F\u00edsicaUniversidad Nacional Aut\u00f3noma de M\u00e9xico Liliana Quintanar VeraDepartamento de Qu\u00edmicaCentro de Investigaci\u00f3n y de Estudios Avanzados \u2013 IPN Jes\u00fas Ruperto Muci\u00f1o RaymundoCentro de Ciencias Matem\u00e1ticas&nbsp;Universidad Nacional Aut\u00f3noma de M\u00e9xico Ciencias Naturales Carmen Yolanda Aceves VelascoInstituto de Neurobiolog\u00edaUniversidad Nacional Aut\u00f3noma de M\u00e9xico, Juriquilla Mar\u00eda Leonor L\u00f3pez MerazInstituto de Investigaciones CerebralesUniversidad Veracruzana Guadalupe Virginia Nev\u00e1rez Moorill\u00f3nFacultad de Ciencias Qu\u00edmicasUniversidad Aut\u00f3noma de Chihuahua Ciencias Sociales y Humanidades Pedro Jos\u00e9 Bracamonte y SosaPrograma PeninsularCentro de Investigaciones y Estudios Superiores en Antropolog\u00eda Social &#8211; Unidad M\u00e9rida Olga Odgers OrtizDepartamento de Estudios SocialesEl Colegio de la Frontera Norte Judith Zubieta Garc\u00edaInstituto de Investigaciones SocialesUniversidad Nacional Aut\u00f3noma de M\u00e9xico\" \/>\n<meta property=\"og:url\" content=\"https:\/\/amc.edu.mx\/amc2024\/comision-de-membresia\/\" \/>\n<meta property=\"og:site_name\" content=\"Academia Mexicana de Ciencias\" \/>\n<meta property=\"article:publisher\" content=\"https:\/\/www.facebook.com\/amciencias\" \/>\n<meta property=\"article:modified_time\" content=\"2024-03-02T02:44:49+00:00\" \/>\n<meta name=\"twitter:card\" content=\"summary_large_image\" \/>\n<meta name=\"twitter:site\" content=\"@amciencias\" \/>\n<meta name=\"twitter:label1\" content=\"Tiempo de lectura\" \/>\n\t<meta name=\"twitter:data1\" content=\"1 minuto\" \/>\n<script type=\"application\/ld+json\" class=\"yoast-schema-graph\">{\"@context\":\"https:\/\/schema.org\",\"@graph\":[{\"@type\":\"WebPage\",\"@id\":\"https:\/\/amc.edu.mx\/amc2024\/comision-de-membresia\/\",\"url\":\"https:\/\/amc.edu.mx\/amc2024\/comision-de-membresia\/\",\"name\":\"Comisi\u00f3n de\u00a0Membres\u00eda - Academia Mexicana de Ciencias\",\"isPartOf\":{\"@id\":\"https:\/\/amc.edu.mx\/amc2024\/#website\"},\"datePublished\":\"2023-12-04T16:55:21+00:00\",\"dateModified\":\"2024-03-02T02:44:49+00:00\",\"breadcrumb\":{\"@id\":\"https:\/\/amc.edu.mx\/amc2024\/comision-de-membresia\/#breadcrumb\"},\"inLanguage\":\"es\",\"potentialAction\":[{\"@type\":\"ReadAction\",\"target\":[\"https:\/\/amc.edu.mx\/amc2024\/comision-de-membresia\/\"]}]},{\"@type\":\"BreadcrumbList\",\"@id\":\"https:\/\/amc.edu.mx\/amc2024\/comision-de-membresia\/#breadcrumb\",\"itemListElement\":[{\"@type\":\"ListItem\",\"position\":1,\"name\":\"Inicio\",\"item\":\"https:\/\/amc.edu.mx\/amc2024\/\"},{\"@type\":\"ListItem\",\"position\":2,\"name\":\"Comisi\u00f3n de\u00a0Membres\u00eda\"}]},{\"@type\":\"WebSite\",\"@id\":\"https:\/\/amc.edu.mx\/amc2024\/#website\",\"url\":\"https:\/\/amc.edu.mx\/amc2024\/\",\"name\":\"Academia Mexicana de Ciencias\",\"description\":\"ACADEMIA MEXICANA DE CIENCIAS\",\"publisher\":{\"@id\":\"https:\/\/amc.edu.mx\/amc2024\/#organization\"},\"alternateName\":\"AMC\",\"potentialAction\":[{\"@type\":\"SearchAction\",\"target\":{\"@type\":\"EntryPoint\",\"urlTemplate\":\"https:\/\/amc.edu.mx\/amc2024\/?s={search_term_string}\"},\"query-input\":\"required name=search_term_string\"}],\"inLanguage\":\"es\"},{\"@type\":\"Organization\",\"@id\":\"https:\/\/amc.edu.mx\/amc2024\/#organization\",\"name\":\"Academia Mexicana de Ciencias\",\"alternateName\":\"AMC\",\"url\":\"https:\/\/amc.edu.mx\/amc2024\/\",\"logo\":{\"@type\":\"ImageObject\",\"inLanguage\":\"es\",\"@id\":\"https:\/\/amc.edu.mx\/amc2024\/#\/schema\/logo\/image\/\",\"url\":\"https:\/\/amc.edu.mx\/amc2024\/wp-content\/uploads\/2023\/10\/logo_amc-1.png\",\"contentUrl\":\"https:\/\/amc.edu.mx\/amc2024\/wp-content\/uploads\/2023\/10\/logo_amc-1.png\",\"width\":455,\"height\":300,\"caption\":\"Academia Mexicana de Ciencias\"},\"image\":{\"@id\":\"https:\/\/amc.edu.mx\/amc2024\/#\/schema\/logo\/image\/\"},\"sameAs\":[\"https:\/\/www.facebook.com\/amciencias\",\"https:\/\/twitter.com\/amciencias\",\"https:\/\/www.instagram.com\/amciencias\",\"https:\/\/www.youtube.com\/@AMCiencias\",\"https:\/\/www.tiktok.com\/@amciencias\"]}]}<\/script>\n<!-- \/ Yoast SEO plugin. -->","yoast_head_json":{"title":"Comisi\u00f3n de\u00a0Membres\u00eda - Academia Mexicana de Ciencias","robots":{"index":"noindex","follow":"follow","max-snippet":"max-snippet:-1","max-image-preview":"max-image-preview:large","max-video-preview":"max-video-preview:-1"},"og_locale":"es_MX","og_type":"article","og_title":"Comisi\u00f3n de\u00a0Membres\u00eda - Academia Mexicana de Ciencias","og_description":"La Comisi\u00f3n de Membres\u00eda est\u00e1 integrada por el&nbsp;(la)&nbsp;vicepresidente(a)&nbsp;de la Academia, quien&nbsp;act\u00faa&nbsp;como presidente(a)&nbsp;de la misma, y diez miembros, cada uno de los cuales durar\u00e1 cuatro a\u00f1os en su cargo. Telma Castro RomeroVicepresidenta de la AMC y presidenta de la comisi\u00f3n Ciencias Exactas Martha Patricia Guerrero MataFacultad de Ingenier\u00eda Mec\u00e1nica y El\u00e9ctricaUniversidad Aut\u00f3noma de Nuevo Le\u00f3n Myriam Mondrag\u00f3n CeballosInstituto de F\u00edsicaUniversidad Nacional Aut\u00f3noma de M\u00e9xico Liliana Quintanar VeraDepartamento de Qu\u00edmicaCentro de Investigaci\u00f3n y de Estudios Avanzados \u2013 IPN Jes\u00fas Ruperto Muci\u00f1o RaymundoCentro de Ciencias Matem\u00e1ticas&nbsp;Universidad Nacional Aut\u00f3noma de M\u00e9xico Ciencias Naturales Carmen Yolanda Aceves VelascoInstituto de Neurobiolog\u00edaUniversidad Nacional Aut\u00f3noma de M\u00e9xico, Juriquilla Mar\u00eda Leonor L\u00f3pez MerazInstituto de Investigaciones CerebralesUniversidad Veracruzana Guadalupe Virginia Nev\u00e1rez Moorill\u00f3nFacultad de Ciencias Qu\u00edmicasUniversidad Aut\u00f3noma de Chihuahua Ciencias Sociales y Humanidades Pedro Jos\u00e9 Bracamonte y SosaPrograma PeninsularCentro de Investigaciones y Estudios Superiores en Antropolog\u00eda Social &#8211; Unidad M\u00e9rida Olga Odgers OrtizDepartamento de Estudios SocialesEl Colegio de la Frontera Norte Judith Zubieta Garc\u00edaInstituto de Investigaciones SocialesUniversidad Nacional Aut\u00f3noma de M\u00e9xico","og_url":"https:\/\/amc.edu.mx\/amc2024\/comision-de-membresia\/","og_site_name":"Academia Mexicana de Ciencias","article_publisher":"https:\/\/www.facebook.com\/amciencias","article_modified_time":"2024-03-02T02:44:49+00:00","twitter_card":"summary_large_image","twitter_site":"@amciencias","twitter_misc":{"Tiempo de lectura":"1 minuto"},"schema":{"@context":"https:\/\/schema.org","@graph":[{"@type":"WebPage","@id":"https:\/\/amc.edu.mx\/amc2024\/comision-de-membresia\/","url":"https:\/\/amc.edu.mx\/amc2024\/comision-de-membresia\/","name":"Comisi\u00f3n de\u00a0Membres\u00eda - Academia Mexicana de Ciencias","isPartOf":{"@id":"https:\/\/amc.edu.mx\/amc2024\/#website"},"datePublished":"2023-12-04T16:55:21+00:00","dateModified":"2024-03-02T02:44:49+00:00","breadcrumb":{"@id":"https:\/\/amc.edu.mx\/amc2024\/comision-de-membresia\/#breadcrumb"},"inLanguage":"es","potentialAction":[{"@type":"ReadAction","target":["https:\/\/amc.edu.mx\/amc2024\/comision-de-membresia\/"]}]},{"@type":"BreadcrumbList","@id":"https:\/\/amc.edu.mx\/amc2024\/comision-de-membresia\/#breadcrumb","itemListElement":[{"@type":"ListItem","position":1,"name":"Inicio","item":"https:\/\/amc.edu.mx\/amc2024\/"},{"@type":"ListItem","position":2,"name":"Comisi\u00f3n de\u00a0Membres\u00eda"}]},{"@type":"WebSite","@id":"https:\/\/amc.edu.mx\/amc2024\/#website","url":"https:\/\/amc.edu.mx\/amc2024\/","name":"Academia Mexicana de Ciencias","description":"ACADEMIA MEXICANA DE CIENCIAS","publisher":{"@id":"https:\/\/amc.edu.mx\/amc2024\/#organization"},"alternateName":"AMC","potentialAction":[{"@type":"SearchAction","target":{"@type":"EntryPoint","urlTemplate":"https:\/\/amc.edu.mx\/amc2024\/?s={search_term_string}"},"query-input":"required name=search_term_string"}],"inLanguage":"es"},{"@type":"Organization","@id":"https:\/\/amc.edu.mx\/amc2024\/#organization","name":"Academia Mexicana de Ciencias","alternateName":"AMC","url":"https:\/\/amc.edu.mx\/amc2024\/","logo":{"@type":"ImageObject","inLanguage":"es","@id":"https:\/\/amc.edu.mx\/amc2024\/#\/schema\/logo\/image\/","url":"https:\/\/amc.edu.mx\/amc2024\/wp-content\/uploads\/2023\/10\/logo_amc-1.png","contentUrl":"https:\/\/amc.edu.mx\/amc2024\/wp-content\/uploads\/2023\/10\/logo_amc-1.png","width":455,"height":300,"caption":"Academia Mexicana de Ciencias"},"image":{"@id":"https:\/\/amc.edu.mx\/amc2024\/#\/schema\/logo\/image\/"},"sameAs":["https:\/\/www.facebook.com\/amciencias","https:\/\/twitter.com\/amciencias","https:\/\/www.instagram.com\/amciencias","https:\/\/www.youtube.com\/@AMCiencias","https:\/\/www.tiktok.com\/@amciencias"]}]}},"_links":{"self":[{"href":"https:\/\/amc.edu.mx\/amc2024\/wp-json\/wp\/v2\/pages\/1958","targetHints":{"allow":["GET"]}}],"collection":[{"href":"https:\/\/amc.edu.mx\/amc2024\/wp-json\/wp\/v2\/pages"}],"about":[{"href":"https:\/\/amc.edu.mx\/amc2024\/wp-json\/wp\/v2\/types\/page"}],"author":[{"embeddable":true,"href":"https:\/\/amc.edu.mx\/amc2024\/wp-json\/wp\/v2\/users\/2"}],"replies":[{"embeddable":true,"href":"https:\/\/amc.edu.mx\/amc2024\/wp-json\/wp\/v2\/comments?post=1958"}],"version-history":[{"count":16,"href":"https:\/\/amc.edu.mx\/amc2024\/wp-json\/wp\/v2\/pages\/1958\/revisions"}],"predecessor-version":[{"id":3955,"href":"https:\/\/amc.edu.mx\/amc2024\/wp-json\/wp\/v2\/pages\/1958\/revisions\/3955"}],"wp:attachment":[{"href":"https:\/\/amc.edu.mx\/amc2024\/wp-json\/wp\/v2\/media?parent=1958"}],"curies":[{"name":"wp","href":"https:\/\/api.w.org\/{rel}","templated":true}]}}