{"id":1910,"date":"2023-11-29T23:04:31","date_gmt":"2023-11-29T17:04:31","guid":{"rendered":"https:\/\/amc.edu.mx\/amc2024\/?page_id=1910"},"modified":"2024-02-08T11:38:58","modified_gmt":"2024-02-08T17:38:58","slug":"sergio_lopez","status":"publish","type":"page","link":"https:\/\/amc.edu.mx\/amc2024\/sergio_lopez\/","title":{"rendered":"Dr. Sergio L\u00f3pez Ayll\u00f3n"},"content":{"rendered":"\n<h2 class=\"wp-block-heading has-text-align-center\">Secretario<\/h2>\n\n\n<div class=\"wp-block-image\">\n<figure class=\"aligncenter size-full is-resized\"><img loading=\"lazy\" decoding=\"async\" width=\"429\" height=\"426\" src=\"https:\/\/amc.edu.mx\/amc2024\/wp-content\/uploads\/2023\/10\/Sergio-Lopez-.jpg\" alt=\"\" class=\"wp-image-1395\" style=\"width:429px;height:auto\" srcset=\"https:\/\/amc.edu.mx\/amc2024\/wp-content\/uploads\/2023\/10\/Sergio-Lopez-.jpg 429w, https:\/\/amc.edu.mx\/amc2024\/wp-content\/uploads\/2023\/10\/Sergio-Lopez--300x298.jpg 300w, https:\/\/amc.edu.mx\/amc2024\/wp-content\/uploads\/2023\/10\/Sergio-Lopez--150x150.jpg 150w, https:\/\/amc.edu.mx\/amc2024\/wp-content\/uploads\/2023\/10\/Sergio-Lopez--75x75.jpg 75w\" sizes=\"auto, (max-width: 429px) 100vw, 429px\" \/><\/figure>\n<\/div>\n\n\n<div class=\"wp-block-columns is-layout-flex wp-container-core-columns-is-layout-9d6595d7 wp-block-columns-is-layout-flex\">\n<div class=\"wp-block-column consejo80 is-layout-flow wp-block-column-is-layout-flow\" style=\"flex-basis:80%\">\n<p>Es licenciado (1983) y doctor (1997) en derecho por la Universidad Nacional Aut\u00f3noma de M\u00e9xico. Obtuvo su maestr\u00eda en sociolog\u00eda del derecho y relaciones sociales en la Universidad de Derecho, Econom\u00eda y Ciencias Sociales de Par\u00eds (1987). Es profesor investigador de la Divisi\u00f3n de Estudios Jur\u00eddicos del Centro de Investigaci\u00f3n y Docencia Econ\u00f3micas (CIDE), instituci\u00f3n de la cual se desempe\u00f1\u00f3 como Director General entre febrero de 2013 y julio de 2021. Actualmente realiza una estancia sab\u00e1tica en el Instituto de Investigaciones Jur\u00eddicas de la UNAM.<\/p>\n\n\n\n<p>Es miembro del Sistema Nacional de Investigadores (Nivel III), de la Academia Mexicana de Ciencias y de la International Academy of Comparative Law, entre otras asociaciones. Sus l\u00edneas de investigaci\u00f3n incluyen el acceso a la informaci\u00f3n, la transparencia y la rendici\u00f3n de cuentas; la regulaci\u00f3n y las pol\u00edticas p\u00fablicas; el poder judicial y la sociolog\u00eda del derecho. Ha publicado y editado m\u00e1s de 18 libros y ha publicado m\u00e1s de 100 art\u00edculos y cap\u00edtulos de libros tanto en M\u00e9xico como en el extranjero. Su experiencia docente incluye cursos de licenciatura, posgrado y extensi\u00f3n en las m\u00e1s importantes instituciones educativas del pa\u00eds.<\/p>\n\n\n\n<p>Como parte de su labor ha participado o dirigido varios proyectos de investigaci\u00f3n relevantes y con incidencia. Entre otros cabe destacar el Libro Blanco de la Reforma Judicial (2006), la M\u00e9trica de Transparencia 2010; el Diagn\u00f3stico del funcionamiento del sistema de impartici\u00f3n de justicia en materia administrativa a nivel nacional en M\u00e9xico (2012); el Diagn\u00f3stico de Justicia Cotidiana (2014); la Consulta Nacional sobre el Modelo de Procuraci\u00f3n de Justicia (2017) y el Estudio para elaborar una propuesta de pol\u00edtica p\u00fablica en materia de justicia transicional para la CNDH (2018). Adem\u00e1s, ha realizado trabajos de investigaci\u00f3n aplicada para muy diversas instituciones p\u00fablicas gubernamentales y no gubernamentales.<\/p>\n\n\n\n<p>Ha participado en el dise\u00f1o de diversas reformas constitucionales, legales y reglamentarias en materia de derechos fundamentales, administraci\u00f3n p\u00fablica, administraci\u00f3n de justicia, regulaci\u00f3n, comercio internacional, as\u00ed como ciencia y tecnolog\u00eda. En la administraci\u00f3n p\u00fablica federal se desempe\u00f1\u00f3 en como director de la Direcci\u00f3n de Am\u00e9rica del Norte y Soluci\u00f3n de Controversias de la Subsecretar\u00eda de Negociaciones Comerciales Internacionales (Secofi) y Coordinador General de Proyectos Especiales de la Comisi\u00f3n Federal de Mejora Regulatoria.<\/p>\n\n\n\n<p>Cabe destacar que fue miembro de la Comisi\u00f3n de Selecci\u00f3n del Comit\u00e9 de Participaci\u00f3n Ciudadana del Sistema Nacional Anticorrupci\u00f3n (2016-2019) y del Comit\u00e9 t\u00e9cnico de selecci\u00f3n de consejeros del INE (2019). Ha sido columnista del Universal y otros medios nacionales (Nexos, Proceso) y publica quincenalmente la columna \u201cEntresijos del derecho\u201d en Milenio.<\/p>\n<\/div>\n<\/div>\n","protected":false},"excerpt":{"rendered":"<p>Secretario Es licenciado (1983) y doctor (1997) en derecho por la Universidad Nacional Aut\u00f3noma de M\u00e9xico. Obtuvo su maestr\u00eda en sociolog\u00eda del derecho y relaciones sociales en la Universidad de Derecho, Econom\u00eda y Ciencias Sociales de Par\u00eds (1987). Es profesor investigador de la Divisi\u00f3n de Estudios Jur\u00eddicos del Centro de Investigaci\u00f3n y Docencia Econ\u00f3micas (CIDE), instituci\u00f3n de la cual se desempe\u00f1\u00f3 como Director General entre febrero de 2013 y julio de 2021. Actualmente realiza una estancia sab\u00e1tica en el Instituto de Investigaciones Jur\u00eddicas de la UNAM. Es miembro del Sistema Nacional de Investigadores (Nivel III), de la Academia Mexicana de Ciencias y de la International Academy of Comparative Law, entre otras asociaciones. Sus l\u00edneas de investigaci\u00f3n incluyen el acceso a la informaci\u00f3n, la transparencia y la rendici\u00f3n de cuentas; la regulaci\u00f3n y las pol\u00edticas p\u00fablicas; el poder judicial y la sociolog\u00eda del derecho. Ha publicado y editado m\u00e1s de 18 libros y ha publicado m\u00e1s de 100 art\u00edculos y cap\u00edtulos de libros tanto en M\u00e9xico como en el extranjero. Su experiencia docente incluye cursos de licenciatura, posgrado y extensi\u00f3n en las m\u00e1s importantes instituciones educativas del pa\u00eds. Como parte de su labor ha participado o dirigido varios proyectos de investigaci\u00f3n relevantes y con incidencia. Entre otros cabe destacar el Libro Blanco de la Reforma Judicial (2006), la M\u00e9trica de Transparencia 2010; el Diagn\u00f3stico del funcionamiento del sistema de impartici\u00f3n de justicia en materia administrativa a nivel nacional en M\u00e9xico (2012); el Diagn\u00f3stico de Justicia Cotidiana (2014); la Consulta Nacional sobre el Modelo de Procuraci\u00f3n de Justicia (2017) y el Estudio para elaborar una propuesta de pol\u00edtica p\u00fablica en materia de justicia transicional para la CNDH (2018). Adem\u00e1s, ha realizado trabajos de investigaci\u00f3n aplicada para muy diversas instituciones p\u00fablicas gubernamentales y no gubernamentales. Ha participado en el dise\u00f1o de diversas reformas constitucionales, legales y reglamentarias en materia de derechos fundamentales, administraci\u00f3n p\u00fablica, administraci\u00f3n de justicia, regulaci\u00f3n, comercio internacional, as\u00ed como ciencia y tecnolog\u00eda. En la administraci\u00f3n p\u00fablica federal se desempe\u00f1\u00f3 en como director de la Direcci\u00f3n de Am\u00e9rica del Norte y Soluci\u00f3n de Controversias de la Subsecretar\u00eda de Negociaciones Comerciales Internacionales (Secofi) y Coordinador General de Proyectos Especiales de la Comisi\u00f3n Federal de Mejora Regulatoria. Cabe destacar que fue miembro de la Comisi\u00f3n de Selecci\u00f3n del Comit\u00e9 de Participaci\u00f3n Ciudadana del Sistema Nacional Anticorrupci\u00f3n (2016-2019) y del Comit\u00e9 t\u00e9cnico de selecci\u00f3n de consejeros del INE (2019). Ha sido columnista del Universal y otros medios nacionales (Nexos, Proceso) y publica quincenalmente la columna \u201cEntresijos del derecho\u201d en Milenio.<\/p>\n","protected":false},"author":1,"featured_media":0,"parent":0,"menu_order":0,"comment_status":"closed","ping_status":"closed","template":"","meta":{"pgc_sgb_lightbox_settings":"","footnotes":""},"class_list":["post-1910","page","type-page","status-publish","hentry"],"yoast_head":"<!-- This site is optimized with the Yoast SEO plugin v22.1 - https:\/\/yoast.com\/wordpress\/plugins\/seo\/ -->\n<title>Dr. Sergio L\u00f3pez Ayll\u00f3n - Academia Mexicana de Ciencias<\/title>\n<meta name=\"robots\" content=\"noindex, follow, max-snippet:-1, max-image-preview:large, max-video-preview:-1\" \/>\n<meta property=\"og:locale\" content=\"es_MX\" \/>\n<meta property=\"og:type\" content=\"article\" \/>\n<meta property=\"og:title\" content=\"Dr. Sergio L\u00f3pez Ayll\u00f3n - Academia Mexicana de Ciencias\" \/>\n<meta property=\"og:description\" content=\"Secretario Es licenciado (1983) y doctor (1997) en derecho por la Universidad Nacional Aut\u00f3noma de M\u00e9xico. Obtuvo su maestr\u00eda en sociolog\u00eda del derecho y relaciones sociales en la Universidad de Derecho, Econom\u00eda y Ciencias Sociales de Par\u00eds (1987). Es profesor investigador de la Divisi\u00f3n de Estudios Jur\u00eddicos del Centro de Investigaci\u00f3n y Docencia Econ\u00f3micas (CIDE), instituci\u00f3n de la cual se desempe\u00f1\u00f3 como Director General entre febrero de 2013 y julio de 2021. Actualmente realiza una estancia sab\u00e1tica en el Instituto de Investigaciones Jur\u00eddicas de la UNAM. Es miembro del Sistema Nacional de Investigadores (Nivel III), de la Academia Mexicana de Ciencias y de la International Academy of Comparative Law, entre otras asociaciones. Sus l\u00edneas de investigaci\u00f3n incluyen el acceso a la informaci\u00f3n, la transparencia y la rendici\u00f3n de cuentas; la regulaci\u00f3n y las pol\u00edticas p\u00fablicas; el poder judicial y la sociolog\u00eda del derecho. Ha publicado y editado m\u00e1s de 18 libros y ha publicado m\u00e1s de 100 art\u00edculos y cap\u00edtulos de libros tanto en M\u00e9xico como en el extranjero. Su experiencia docente incluye cursos de licenciatura, posgrado y extensi\u00f3n en las m\u00e1s importantes instituciones educativas del pa\u00eds. Como parte de su labor ha participado o dirigido varios proyectos de investigaci\u00f3n relevantes y con incidencia. Entre otros cabe destacar el Libro Blanco de la Reforma Judicial (2006), la M\u00e9trica de Transparencia 2010; el Diagn\u00f3stico del funcionamiento del sistema de impartici\u00f3n de justicia en materia administrativa a nivel nacional en M\u00e9xico (2012); el Diagn\u00f3stico de Justicia Cotidiana (2014); la Consulta Nacional sobre el Modelo de Procuraci\u00f3n de Justicia (2017) y el Estudio para elaborar una propuesta de pol\u00edtica p\u00fablica en materia de justicia transicional para la CNDH (2018). Adem\u00e1s, ha realizado trabajos de investigaci\u00f3n aplicada para muy diversas instituciones p\u00fablicas gubernamentales y no gubernamentales. Ha participado en el dise\u00f1o de diversas reformas constitucionales, legales y reglamentarias en materia de derechos fundamentales, administraci\u00f3n p\u00fablica, administraci\u00f3n de justicia, regulaci\u00f3n, comercio internacional, as\u00ed como ciencia y tecnolog\u00eda. En la administraci\u00f3n p\u00fablica federal se desempe\u00f1\u00f3 en como director de la Direcci\u00f3n de Am\u00e9rica del Norte y Soluci\u00f3n de Controversias de la Subsecretar\u00eda de Negociaciones Comerciales Internacionales (Secofi) y Coordinador General de Proyectos Especiales de la Comisi\u00f3n Federal de Mejora Regulatoria. Cabe destacar que fue miembro de la Comisi\u00f3n de Selecci\u00f3n del Comit\u00e9 de Participaci\u00f3n Ciudadana del Sistema Nacional Anticorrupci\u00f3n (2016-2019) y del Comit\u00e9 t\u00e9cnico de selecci\u00f3n de consejeros del INE (2019). Ha sido columnista del Universal y otros medios nacionales (Nexos, Proceso) y publica quincenalmente la columna \u201cEntresijos del derecho\u201d en Milenio.\" \/>\n<meta property=\"og:url\" content=\"https:\/\/amc.edu.mx\/amc2024\/sergio_lopez\/\" \/>\n<meta property=\"og:site_name\" content=\"Academia Mexicana de Ciencias\" \/>\n<meta property=\"article:publisher\" content=\"https:\/\/www.facebook.com\/amciencias\" \/>\n<meta property=\"article:modified_time\" content=\"2024-02-08T17:38:58+00:00\" \/>\n<meta property=\"og:image\" content=\"https:\/\/amc.edu.mx\/amc2024\/wp-content\/uploads\/2023\/10\/Sergio-Lopez-.jpg\" \/>\n<meta name=\"twitter:card\" content=\"summary_large_image\" \/>\n<meta name=\"twitter:site\" content=\"@amciencias\" \/>\n<meta name=\"twitter:label1\" content=\"Tiempo de lectura\" \/>\n\t<meta name=\"twitter:data1\" content=\"3 minutos\" \/>\n<script type=\"application\/ld+json\" class=\"yoast-schema-graph\">{\"@context\":\"https:\/\/schema.org\",\"@graph\":[{\"@type\":\"WebPage\",\"@id\":\"https:\/\/amc.edu.mx\/amc2024\/sergio_lopez\/\",\"url\":\"https:\/\/amc.edu.mx\/amc2024\/sergio_lopez\/\",\"name\":\"Dr. Sergio L\u00f3pez Ayll\u00f3n - Academia Mexicana de Ciencias\",\"isPartOf\":{\"@id\":\"https:\/\/amc.edu.mx\/amc2024\/#website\"},\"datePublished\":\"2023-11-29T17:04:31+00:00\",\"dateModified\":\"2024-02-08T17:38:58+00:00\",\"breadcrumb\":{\"@id\":\"https:\/\/amc.edu.mx\/amc2024\/sergio_lopez\/#breadcrumb\"},\"inLanguage\":\"es\",\"potentialAction\":[{\"@type\":\"ReadAction\",\"target\":[\"https:\/\/amc.edu.mx\/amc2024\/sergio_lopez\/\"]}]},{\"@type\":\"BreadcrumbList\",\"@id\":\"https:\/\/amc.edu.mx\/amc2024\/sergio_lopez\/#breadcrumb\",\"itemListElement\":[{\"@type\":\"ListItem\",\"position\":1,\"name\":\"Inicio\",\"item\":\"https:\/\/amc.edu.mx\/amc2024\/\"},{\"@type\":\"ListItem\",\"position\":2,\"name\":\"Dr. Sergio L\u00f3pez Ayll\u00f3n\"}]},{\"@type\":\"WebSite\",\"@id\":\"https:\/\/amc.edu.mx\/amc2024\/#website\",\"url\":\"https:\/\/amc.edu.mx\/amc2024\/\",\"name\":\"Academia Mexicana de Ciencias\",\"description\":\"ACADEMIA MEXICANA DE CIENCIAS\",\"publisher\":{\"@id\":\"https:\/\/amc.edu.mx\/amc2024\/#organization\"},\"alternateName\":\"AMC\",\"potentialAction\":[{\"@type\":\"SearchAction\",\"target\":{\"@type\":\"EntryPoint\",\"urlTemplate\":\"https:\/\/amc.edu.mx\/amc2024\/?s={search_term_string}\"},\"query-input\":\"required name=search_term_string\"}],\"inLanguage\":\"es\"},{\"@type\":\"Organization\",\"@id\":\"https:\/\/amc.edu.mx\/amc2024\/#organization\",\"name\":\"Academia Mexicana de Ciencias\",\"alternateName\":\"AMC\",\"url\":\"https:\/\/amc.edu.mx\/amc2024\/\",\"logo\":{\"@type\":\"ImageObject\",\"inLanguage\":\"es\",\"@id\":\"https:\/\/amc.edu.mx\/amc2024\/#\/schema\/logo\/image\/\",\"url\":\"https:\/\/amc.edu.mx\/amc2024\/wp-content\/uploads\/2023\/10\/logo_amc-1.png\",\"contentUrl\":\"https:\/\/amc.edu.mx\/amc2024\/wp-content\/uploads\/2023\/10\/logo_amc-1.png\",\"width\":455,\"height\":300,\"caption\":\"Academia Mexicana de Ciencias\"},\"image\":{\"@id\":\"https:\/\/amc.edu.mx\/amc2024\/#\/schema\/logo\/image\/\"},\"sameAs\":[\"https:\/\/www.facebook.com\/amciencias\",\"https:\/\/twitter.com\/amciencias\",\"https:\/\/www.instagram.com\/amciencias\",\"https:\/\/www.youtube.com\/@AMCiencias\",\"https:\/\/www.tiktok.com\/@amciencias\"]}]}<\/script>\n<!-- \/ Yoast SEO plugin. -->","yoast_head_json":{"title":"Dr. Sergio L\u00f3pez Ayll\u00f3n - Academia Mexicana de Ciencias","robots":{"index":"noindex","follow":"follow","max-snippet":"max-snippet:-1","max-image-preview":"max-image-preview:large","max-video-preview":"max-video-preview:-1"},"og_locale":"es_MX","og_type":"article","og_title":"Dr. Sergio L\u00f3pez Ayll\u00f3n - Academia Mexicana de Ciencias","og_description":"Secretario Es licenciado (1983) y doctor (1997) en derecho por la Universidad Nacional Aut\u00f3noma de M\u00e9xico. Obtuvo su maestr\u00eda en sociolog\u00eda del derecho y relaciones sociales en la Universidad de Derecho, Econom\u00eda y Ciencias Sociales de Par\u00eds (1987). Es profesor investigador de la Divisi\u00f3n de Estudios Jur\u00eddicos del Centro de Investigaci\u00f3n y Docencia Econ\u00f3micas (CIDE), instituci\u00f3n de la cual se desempe\u00f1\u00f3 como Director General entre febrero de 2013 y julio de 2021. Actualmente realiza una estancia sab\u00e1tica en el Instituto de Investigaciones Jur\u00eddicas de la UNAM. Es miembro del Sistema Nacional de Investigadores (Nivel III), de la Academia Mexicana de Ciencias y de la International Academy of Comparative Law, entre otras asociaciones. Sus l\u00edneas de investigaci\u00f3n incluyen el acceso a la informaci\u00f3n, la transparencia y la rendici\u00f3n de cuentas; la regulaci\u00f3n y las pol\u00edticas p\u00fablicas; el poder judicial y la sociolog\u00eda del derecho. Ha publicado y editado m\u00e1s de 18 libros y ha publicado m\u00e1s de 100 art\u00edculos y cap\u00edtulos de libros tanto en M\u00e9xico como en el extranjero. Su experiencia docente incluye cursos de licenciatura, posgrado y extensi\u00f3n en las m\u00e1s importantes instituciones educativas del pa\u00eds. Como parte de su labor ha participado o dirigido varios proyectos de investigaci\u00f3n relevantes y con incidencia. Entre otros cabe destacar el Libro Blanco de la Reforma Judicial (2006), la M\u00e9trica de Transparencia 2010; el Diagn\u00f3stico del funcionamiento del sistema de impartici\u00f3n de justicia en materia administrativa a nivel nacional en M\u00e9xico (2012); el Diagn\u00f3stico de Justicia Cotidiana (2014); la Consulta Nacional sobre el Modelo de Procuraci\u00f3n de Justicia (2017) y el Estudio para elaborar una propuesta de pol\u00edtica p\u00fablica en materia de justicia transicional para la CNDH (2018). Adem\u00e1s, ha realizado trabajos de investigaci\u00f3n aplicada para muy diversas instituciones p\u00fablicas gubernamentales y no gubernamentales. Ha participado en el dise\u00f1o de diversas reformas constitucionales, legales y reglamentarias en materia de derechos fundamentales, administraci\u00f3n p\u00fablica, administraci\u00f3n de justicia, regulaci\u00f3n, comercio internacional, as\u00ed como ciencia y tecnolog\u00eda. En la administraci\u00f3n p\u00fablica federal se desempe\u00f1\u00f3 en como director de la Direcci\u00f3n de Am\u00e9rica del Norte y Soluci\u00f3n de Controversias de la Subsecretar\u00eda de Negociaciones Comerciales Internacionales (Secofi) y Coordinador General de Proyectos Especiales de la Comisi\u00f3n Federal de Mejora Regulatoria. Cabe destacar que fue miembro de la Comisi\u00f3n de Selecci\u00f3n del Comit\u00e9 de Participaci\u00f3n Ciudadana del Sistema Nacional Anticorrupci\u00f3n (2016-2019) y del Comit\u00e9 t\u00e9cnico de selecci\u00f3n de consejeros del INE (2019). Ha sido columnista del Universal y otros medios nacionales (Nexos, Proceso) y publica quincenalmente la columna \u201cEntresijos del derecho\u201d en Milenio.","og_url":"https:\/\/amc.edu.mx\/amc2024\/sergio_lopez\/","og_site_name":"Academia Mexicana de Ciencias","article_publisher":"https:\/\/www.facebook.com\/amciencias","article_modified_time":"2024-02-08T17:38:58+00:00","og_image":[{"url":"https:\/\/amc.edu.mx\/amc2024\/wp-content\/uploads\/2023\/10\/Sergio-Lopez-.jpg"}],"twitter_card":"summary_large_image","twitter_site":"@amciencias","twitter_misc":{"Tiempo de lectura":"3 minutos"},"schema":{"@context":"https:\/\/schema.org","@graph":[{"@type":"WebPage","@id":"https:\/\/amc.edu.mx\/amc2024\/sergio_lopez\/","url":"https:\/\/amc.edu.mx\/amc2024\/sergio_lopez\/","name":"Dr. Sergio L\u00f3pez Ayll\u00f3n - Academia Mexicana de Ciencias","isPartOf":{"@id":"https:\/\/amc.edu.mx\/amc2024\/#website"},"datePublished":"2023-11-29T17:04:31+00:00","dateModified":"2024-02-08T17:38:58+00:00","breadcrumb":{"@id":"https:\/\/amc.edu.mx\/amc2024\/sergio_lopez\/#breadcrumb"},"inLanguage":"es","potentialAction":[{"@type":"ReadAction","target":["https:\/\/amc.edu.mx\/amc2024\/sergio_lopez\/"]}]},{"@type":"BreadcrumbList","@id":"https:\/\/amc.edu.mx\/amc2024\/sergio_lopez\/#breadcrumb","itemListElement":[{"@type":"ListItem","position":1,"name":"Inicio","item":"https:\/\/amc.edu.mx\/amc2024\/"},{"@type":"ListItem","position":2,"name":"Dr. Sergio L\u00f3pez Ayll\u00f3n"}]},{"@type":"WebSite","@id":"https:\/\/amc.edu.mx\/amc2024\/#website","url":"https:\/\/amc.edu.mx\/amc2024\/","name":"Academia Mexicana de Ciencias","description":"ACADEMIA MEXICANA DE CIENCIAS","publisher":{"@id":"https:\/\/amc.edu.mx\/amc2024\/#organization"},"alternateName":"AMC","potentialAction":[{"@type":"SearchAction","target":{"@type":"EntryPoint","urlTemplate":"https:\/\/amc.edu.mx\/amc2024\/?s={search_term_string}"},"query-input":"required name=search_term_string"}],"inLanguage":"es"},{"@type":"Organization","@id":"https:\/\/amc.edu.mx\/amc2024\/#organization","name":"Academia Mexicana de Ciencias","alternateName":"AMC","url":"https:\/\/amc.edu.mx\/amc2024\/","logo":{"@type":"ImageObject","inLanguage":"es","@id":"https:\/\/amc.edu.mx\/amc2024\/#\/schema\/logo\/image\/","url":"https:\/\/amc.edu.mx\/amc2024\/wp-content\/uploads\/2023\/10\/logo_amc-1.png","contentUrl":"https:\/\/amc.edu.mx\/amc2024\/wp-content\/uploads\/2023\/10\/logo_amc-1.png","width":455,"height":300,"caption":"Academia Mexicana de Ciencias"},"image":{"@id":"https:\/\/amc.edu.mx\/amc2024\/#\/schema\/logo\/image\/"},"sameAs":["https:\/\/www.facebook.com\/amciencias","https:\/\/twitter.com\/amciencias","https:\/\/www.instagram.com\/amciencias","https:\/\/www.youtube.com\/@AMCiencias","https:\/\/www.tiktok.com\/@amciencias"]}]}},"_links":{"self":[{"href":"https:\/\/amc.edu.mx\/amc2024\/wp-json\/wp\/v2\/pages\/1910","targetHints":{"allow":["GET"]}}],"collection":[{"href":"https:\/\/amc.edu.mx\/amc2024\/wp-json\/wp\/v2\/pages"}],"about":[{"href":"https:\/\/amc.edu.mx\/amc2024\/wp-json\/wp\/v2\/types\/page"}],"author":[{"embeddable":true,"href":"https:\/\/amc.edu.mx\/amc2024\/wp-json\/wp\/v2\/users\/1"}],"replies":[{"embeddable":true,"href":"https:\/\/amc.edu.mx\/amc2024\/wp-json\/wp\/v2\/comments?post=1910"}],"version-history":[{"count":5,"href":"https:\/\/amc.edu.mx\/amc2024\/wp-json\/wp\/v2\/pages\/1910\/revisions"}],"predecessor-version":[{"id":2455,"href":"https:\/\/amc.edu.mx\/amc2024\/wp-json\/wp\/v2\/pages\/1910\/revisions\/2455"}],"wp:attachment":[{"href":"https:\/\/amc.edu.mx\/amc2024\/wp-json\/wp\/v2\/media?parent=1910"}],"curies":[{"name":"wp","href":"https:\/\/api.w.org\/{rel}","templated":true}]}}