{"id":1907,"date":"2023-11-29T23:01:57","date_gmt":"2023-11-29T17:01:57","guid":{"rendered":"https:\/\/amc.edu.mx\/amc2024\/?page_id=1907"},"modified":"2024-02-08T11:35:28","modified_gmt":"2024-02-08T17:35:28","slug":"secretaria","status":"publish","type":"page","link":"https:\/\/amc.edu.mx\/amc2024\/secretaria\/","title":{"rendered":"Secretaria"},"content":{"rendered":"<div class=\"wp-block-image foto_personal\">\n<figure class=\"aligncenter size-full\"><img loading=\"lazy\" decoding=\"async\" width=\"429\" height=\"426\" src=\"https:\/\/amc.edu.mx\/amc2024\/wp-content\/uploads\/2023\/10\/Elva_Escobar.jpg\" alt=\"\" class=\"wp-image-1394\" srcset=\"https:\/\/amc.edu.mx\/amc2024\/wp-content\/uploads\/2023\/10\/Elva_Escobar.jpg 429w, https:\/\/amc.edu.mx\/amc2024\/wp-content\/uploads\/2023\/10\/Elva_Escobar-300x298.jpg 300w, https:\/\/amc.edu.mx\/amc2024\/wp-content\/uploads\/2023\/10\/Elva_Escobar-150x150.jpg 150w, https:\/\/amc.edu.mx\/amc2024\/wp-content\/uploads\/2023\/10\/Elva_Escobar-75x75.jpg 75w\" sizes=\"auto, (max-width: 429px) 100vw, 429px\" \/><\/figure>\n<\/div>\n\n\n<h2 class=\"wp-block-heading has-text-align-center\">Dra. Elva Guadalupe Escobar Briones<\/h2>\n\n\n\n<div class=\"wp-block-columns is-layout-flex wp-container-core-columns-is-layout-9d6595d7 wp-block-columns-is-layout-flex\">\n<div class=\"wp-block-column consejo80 is-layout-flow wp-block-column-is-layout-flow\" style=\"flex-basis:80%\">\n<p>Elva Escobar es doctora en Oceanograf\u00eda Biol\u00f3gica por la Universidad Nacional Aut\u00f3noma de M\u00e9xico. Es investigadora Titular C del Instituto de Ciencias del Mar y Limnolog\u00eda de la UNAM donde realiza investigaci\u00f3n en los ecosistemas de mar profundo a bordo de los buques oceanogr\u00e1ficos, entre los que se destaca la exploraci\u00f3n y descubrimiento de especies nuevas, ecosistemas marinos y la descripci\u00f3n de patrones de diversidad.<\/p>\n\n\n\n<p>Ese conocimiento se ha aplicado por la toma de decisiones para realizar propuestas y dise\u00f1o de \u00e1reas prioritarias para la conservaci\u00f3n.<\/p>\n\n\n\n<p>Ha sido investigadora principal y participante de proyectos con financiamiento nacional e internacional para generar conocimiento en ciencia b\u00e1sica en temas de mar profundo con la participaci\u00f3n en campa\u00f1as oceanogr\u00e1ficas. Resultado de \u00e9stos publicaciones indizadas con arbitraje, cap\u00edtulos de libros, libros, memorias in extenso y de divulgaci\u00f3n arbitradas citadas 5,147 por sus pares, con un \u00edndice H de 36 y un\u00edndice i10 de 85 son contribuciones al conocimiento cient\u00edfico y t\u00e9cnico. Ha sido docente por 39 a\u00f1os, miembro de comit\u00e9s tutorales y jurados y ha dirigido m\u00e1s de 60 tesis de alumnos graduados de licenciatura, maestr\u00eda y doctorado en M\u00e9xico. Desde los buques capacita nuevas generaciones en el uso de equipos de colecta de sedimento superficial. El Sistema Nacional de Investigadores del CONACyT la ha reconocido con el Nivel 3 y la UNAM con PRIDE D.<\/p>\n\n\n\n<p>Ha participado como miembro de diversos comit\u00e9s nacionales, regionales e internacionales. Por su experiencia en temas de la agenda ambiental nacional e internacional ha apoyado la negociaci\u00f3n internacional desde 2004 en temas de la Evaluaci\u00f3n de las Evaluaciones del Ambiente Marino (Regular Process) de los cuales han derivado la Evaluaci\u00f3n del Oc\u00e9ano Mundial (WOA I y II); coordin\u00f3 la generaci\u00f3n de los criterios de conservaci\u00f3n de la Diversidad Biol\u00f3gica fuera de Jurisdicci\u00f3n Nacional del CBD; la clasificaci\u00f3n biogeogr\u00e1fica del oc\u00e9ano abierto y fondos marinos profundo global (GOODS) y otros de la agenda de Naciones Unidas.<\/p>\n\n\n\n<p>Entre sus participaciones como experto destacan la presidencia del Consejo Asesor Archipi\u00e9lago Revillagigedo, como EAGLE de la Lista Verde de IUCN Compass, el Comit\u00e9 Espejo de Normalizaci\u00f3n sobre Biodiversidad; como miembro de la Comisi\u00f3n Jur\u00eddica y T\u00e9cnica de la Autoridad Internacional de los Fondos Marinos de Naciones Unidas en representaci\u00f3n del pa\u00eds (2006-\u00ad\u20102015); como miembro del comit\u00e9 de \u00c1reas Ecol\u00f3gica y Biol\u00f3gicamente Significativas (EBSA) de la Convenci\u00f3n de Diversidad Biol\u00f3gica (2008-\u00ad\u2010 2018), en 2016 como experto para la redacci\u00f3n de la estructura del reporte Oc\u00e9anos y Criosfera del IPCC; y el Grupo de Expertos para la Planeaci\u00f3n del Decenio de Naciones Unidas de la Investigaci\u00f3n de los Oc\u00e9anospara el Desarrollo Sostenible 2021-\u00ad\u20102030 (2019-\u00ad\u2010 2021).<\/p>\n\n\n\n<p>Es miembro de los comit\u00e9s de Comprensi\u00f3n de los sistemas oce\u00e1nicos del Golfo y de Conexiones para sostener la ciencia en Am\u00e9rica Latina de la Academia de Ciencias, Ingenier\u00edas y Medicina de los Estados Unidos (NASEM); del Comit\u00e9 de \u00c9tica de la Sociedad<\/p>\n\n\n\n<p>Oceanogr\u00e1fica y l\u00edder ejecutivo de la Iniciativa de Gesti\u00f3n de Mar Profundo creada en la UNAM hace una d\u00e9cada. Apoya la toma de decisiones de CONACyT, CONABIO y CONANP. Es miembro de la Academia Mexicana de Ciencias desde 1999 y de diversas sociedades en las ciencias del mar.<br>Entre las distinciones m\u00e1s recientemente recibidas est\u00e1n Alumno Distinguido de la UAM-\u00ad\u2010 Iztapalapa 2017, la dedicaci\u00f3n de especies nuevas y la direcci\u00f3n del Instituto de Ciencias del Mar y Limnolog\u00eda de la UNAM (2011 \u2013 2019).<\/p>\n<\/div>\n<\/div>\n","protected":false},"excerpt":{"rendered":"<p>Dra. Elva Guadalupe Escobar Briones Elva Escobar es doctora en Oceanograf\u00eda Biol\u00f3gica por la Universidad Nacional Aut\u00f3noma de M\u00e9xico. Es investigadora Titular C del Instituto de Ciencias del Mar y Limnolog\u00eda de la UNAM donde realiza investigaci\u00f3n en los ecosistemas de mar profundo a bordo de los buques oceanogr\u00e1ficos, entre los que se destaca la exploraci\u00f3n y descubrimiento de especies nuevas, ecosistemas marinos y la descripci\u00f3n de patrones de diversidad. Ese conocimiento se ha aplicado por la toma de decisiones para realizar propuestas y dise\u00f1o de \u00e1reas prioritarias para la conservaci\u00f3n. Ha sido investigadora principal y participante de proyectos con financiamiento nacional e internacional para generar conocimiento en ciencia b\u00e1sica en temas de mar profundo con la participaci\u00f3n en campa\u00f1as oceanogr\u00e1ficas. Resultado de \u00e9stos publicaciones indizadas con arbitraje, cap\u00edtulos de libros, libros, memorias in extenso y de divulgaci\u00f3n arbitradas citadas 5,147 por sus pares, con un \u00edndice H de 36 y un\u00edndice i10 de 85 son contribuciones al conocimiento cient\u00edfico y t\u00e9cnico. Ha sido docente por 39 a\u00f1os, miembro de comit\u00e9s tutorales y jurados y ha dirigido m\u00e1s de 60 tesis de alumnos graduados de licenciatura, maestr\u00eda y doctorado en M\u00e9xico. Desde los buques capacita nuevas generaciones en el uso de equipos de colecta de sedimento superficial. El Sistema Nacional de Investigadores del CONACyT la ha reconocido con el Nivel 3 y la UNAM con PRIDE D. Ha participado como miembro de diversos comit\u00e9s nacionales, regionales e internacionales. Por su experiencia en temas de la agenda ambiental nacional e internacional ha apoyado la negociaci\u00f3n internacional desde 2004 en temas de la Evaluaci\u00f3n de las Evaluaciones del Ambiente Marino (Regular Process) de los cuales han derivado la Evaluaci\u00f3n del Oc\u00e9ano Mundial (WOA I y II); coordin\u00f3 la generaci\u00f3n de los criterios de conservaci\u00f3n de la Diversidad Biol\u00f3gica fuera de Jurisdicci\u00f3n Nacional del CBD; la clasificaci\u00f3n biogeogr\u00e1fica del oc\u00e9ano abierto y fondos marinos profundo global (GOODS) y otros de la agenda de Naciones Unidas. Entre sus participaciones como experto destacan la presidencia del Consejo Asesor Archipi\u00e9lago Revillagigedo, como EAGLE de la Lista Verde de IUCN Compass, el Comit\u00e9 Espejo de Normalizaci\u00f3n sobre Biodiversidad; como miembro de la Comisi\u00f3n Jur\u00eddica y T\u00e9cnica de la Autoridad Internacional de los Fondos Marinos de Naciones Unidas en representaci\u00f3n del pa\u00eds (2006-\u00ad\u20102015); como miembro del comit\u00e9 de \u00c1reas Ecol\u00f3gica y Biol\u00f3gicamente Significativas (EBSA) de la Convenci\u00f3n de Diversidad Biol\u00f3gica (2008-\u00ad\u2010 2018), en 2016 como experto para la redacci\u00f3n de la estructura del reporte Oc\u00e9anos y Criosfera del IPCC; y el Grupo de Expertos para la Planeaci\u00f3n del Decenio de Naciones Unidas de la Investigaci\u00f3n de los Oc\u00e9anospara el Desarrollo Sostenible 2021-\u00ad\u20102030 (2019-\u00ad\u2010 2021). Es miembro de los comit\u00e9s de Comprensi\u00f3n de los sistemas oce\u00e1nicos del Golfo y de Conexiones para sostener la ciencia en Am\u00e9rica Latina de la Academia de Ciencias, Ingenier\u00edas y Medicina de los Estados Unidos (NASEM); del Comit\u00e9 de \u00c9tica de la Sociedad Oceanogr\u00e1fica y l\u00edder ejecutivo de la Iniciativa de Gesti\u00f3n de Mar Profundo creada en la UNAM hace una d\u00e9cada. Apoya la toma de decisiones de CONACyT, CONABIO y CONANP. Es miembro de la Academia Mexicana de Ciencias desde 1999 y de diversas sociedades en las ciencias del mar.Entre las distinciones m\u00e1s recientemente recibidas est\u00e1n Alumno Distinguido de la UAM-\u00ad\u2010 Iztapalapa 2017, la dedicaci\u00f3n de especies nuevas y la direcci\u00f3n del Instituto de Ciencias del Mar y Limnolog\u00eda de la UNAM (2011 \u2013 2019).<\/p>\n","protected":false},"author":1,"featured_media":0,"parent":0,"menu_order":0,"comment_status":"closed","ping_status":"closed","template":"","meta":{"pgc_sgb_lightbox_settings":"","footnotes":""},"class_list":["post-1907","page","type-page","status-publish","hentry"],"yoast_head":"<!-- This site is optimized with the Yoast SEO plugin v22.1 - https:\/\/yoast.com\/wordpress\/plugins\/seo\/ -->\n<title>Secretaria - Academia Mexicana de Ciencias<\/title>\n<meta name=\"robots\" content=\"noindex, follow, max-snippet:-1, max-image-preview:large, max-video-preview:-1\" \/>\n<meta property=\"og:locale\" content=\"es_MX\" \/>\n<meta property=\"og:type\" content=\"article\" \/>\n<meta property=\"og:title\" content=\"Secretaria - Academia Mexicana de Ciencias\" \/>\n<meta property=\"og:description\" content=\"Dra. Elva Guadalupe Escobar Briones Elva Escobar es doctora en Oceanograf\u00eda Biol\u00f3gica por la Universidad Nacional Aut\u00f3noma de M\u00e9xico. Es investigadora Titular C del Instituto de Ciencias del Mar y Limnolog\u00eda de la UNAM donde realiza investigaci\u00f3n en los ecosistemas de mar profundo a bordo de los buques oceanogr\u00e1ficos, entre los que se destaca la exploraci\u00f3n y descubrimiento de especies nuevas, ecosistemas marinos y la descripci\u00f3n de patrones de diversidad. Ese conocimiento se ha aplicado por la toma de decisiones para realizar propuestas y dise\u00f1o de \u00e1reas prioritarias para la conservaci\u00f3n. Ha sido investigadora principal y participante de proyectos con financiamiento nacional e internacional para generar conocimiento en ciencia b\u00e1sica en temas de mar profundo con la participaci\u00f3n en campa\u00f1as oceanogr\u00e1ficas. Resultado de \u00e9stos publicaciones indizadas con arbitraje, cap\u00edtulos de libros, libros, memorias in extenso y de divulgaci\u00f3n arbitradas citadas 5,147 por sus pares, con un \u00edndice H de 36 y un\u00edndice i10 de 85 son contribuciones al conocimiento cient\u00edfico y t\u00e9cnico. Ha sido docente por 39 a\u00f1os, miembro de comit\u00e9s tutorales y jurados y ha dirigido m\u00e1s de 60 tesis de alumnos graduados de licenciatura, maestr\u00eda y doctorado en M\u00e9xico. Desde los buques capacita nuevas generaciones en el uso de equipos de colecta de sedimento superficial. El Sistema Nacional de Investigadores del CONACyT la ha reconocido con el Nivel 3 y la UNAM con PRIDE D. Ha participado como miembro de diversos comit\u00e9s nacionales, regionales e internacionales. Por su experiencia en temas de la agenda ambiental nacional e internacional ha apoyado la negociaci\u00f3n internacional desde 2004 en temas de la Evaluaci\u00f3n de las Evaluaciones del Ambiente Marino (Regular Process) de los cuales han derivado la Evaluaci\u00f3n del Oc\u00e9ano Mundial (WOA I y II); coordin\u00f3 la generaci\u00f3n de los criterios de conservaci\u00f3n de la Diversidad Biol\u00f3gica fuera de Jurisdicci\u00f3n Nacional del CBD; la clasificaci\u00f3n biogeogr\u00e1fica del oc\u00e9ano abierto y fondos marinos profundo global (GOODS) y otros de la agenda de Naciones Unidas. Entre sus participaciones como experto destacan la presidencia del Consejo Asesor Archipi\u00e9lago Revillagigedo, como EAGLE de la Lista Verde de IUCN Compass, el Comit\u00e9 Espejo de Normalizaci\u00f3n sobre Biodiversidad; como miembro de la Comisi\u00f3n Jur\u00eddica y T\u00e9cnica de la Autoridad Internacional de los Fondos Marinos de Naciones Unidas en representaci\u00f3n del pa\u00eds (2006-\u00ad\u20102015); como miembro del comit\u00e9 de \u00c1reas Ecol\u00f3gica y Biol\u00f3gicamente Significativas (EBSA) de la Convenci\u00f3n de Diversidad Biol\u00f3gica (2008-\u00ad\u2010 2018), en 2016 como experto para la redacci\u00f3n de la estructura del reporte Oc\u00e9anos y Criosfera del IPCC; y el Grupo de Expertos para la Planeaci\u00f3n del Decenio de Naciones Unidas de la Investigaci\u00f3n de los Oc\u00e9anospara el Desarrollo Sostenible 2021-\u00ad\u20102030 (2019-\u00ad\u2010 2021). Es miembro de los comit\u00e9s de Comprensi\u00f3n de los sistemas oce\u00e1nicos del Golfo y de Conexiones para sostener la ciencia en Am\u00e9rica Latina de la Academia de Ciencias, Ingenier\u00edas y Medicina de los Estados Unidos (NASEM); del Comit\u00e9 de \u00c9tica de la Sociedad Oceanogr\u00e1fica y l\u00edder ejecutivo de la Iniciativa de Gesti\u00f3n de Mar Profundo creada en la UNAM hace una d\u00e9cada. Apoya la toma de decisiones de CONACyT, CONABIO y CONANP. Es miembro de la Academia Mexicana de Ciencias desde 1999 y de diversas sociedades en las ciencias del mar.Entre las distinciones m\u00e1s recientemente recibidas est\u00e1n Alumno Distinguido de la UAM-\u00ad\u2010 Iztapalapa 2017, la dedicaci\u00f3n de especies nuevas y la direcci\u00f3n del Instituto de Ciencias del Mar y Limnolog\u00eda de la UNAM (2011 \u2013 2019).\" \/>\n<meta property=\"og:url\" content=\"https:\/\/amc.edu.mx\/amc2024\/secretaria\/\" \/>\n<meta property=\"og:site_name\" content=\"Academia Mexicana de Ciencias\" \/>\n<meta property=\"article:publisher\" content=\"https:\/\/www.facebook.com\/amciencias\" \/>\n<meta property=\"article:modified_time\" content=\"2024-02-08T17:35:28+00:00\" \/>\n<meta property=\"og:image\" content=\"https:\/\/amc.edu.mx\/amc2024\/wp-content\/uploads\/2023\/10\/Elva_Escobar.jpg\" \/>\n<meta name=\"twitter:card\" content=\"summary_large_image\" \/>\n<meta name=\"twitter:site\" content=\"@amciencias\" \/>\n<meta name=\"twitter:label1\" content=\"Tiempo de lectura\" \/>\n\t<meta name=\"twitter:data1\" content=\"3 minutos\" \/>\n<script type=\"application\/ld+json\" class=\"yoast-schema-graph\">{\"@context\":\"https:\/\/schema.org\",\"@graph\":[{\"@type\":\"WebPage\",\"@id\":\"https:\/\/amc.edu.mx\/amc2024\/secretaria\/\",\"url\":\"https:\/\/amc.edu.mx\/amc2024\/secretaria\/\",\"name\":\"Secretaria - Academia Mexicana de Ciencias\",\"isPartOf\":{\"@id\":\"https:\/\/amc.edu.mx\/amc2024\/#website\"},\"datePublished\":\"2023-11-29T17:01:57+00:00\",\"dateModified\":\"2024-02-08T17:35:28+00:00\",\"breadcrumb\":{\"@id\":\"https:\/\/amc.edu.mx\/amc2024\/secretaria\/#breadcrumb\"},\"inLanguage\":\"es\",\"potentialAction\":[{\"@type\":\"ReadAction\",\"target\":[\"https:\/\/amc.edu.mx\/amc2024\/secretaria\/\"]}]},{\"@type\":\"BreadcrumbList\",\"@id\":\"https:\/\/amc.edu.mx\/amc2024\/secretaria\/#breadcrumb\",\"itemListElement\":[{\"@type\":\"ListItem\",\"position\":1,\"name\":\"Inicio\",\"item\":\"https:\/\/amc.edu.mx\/amc2024\/\"},{\"@type\":\"ListItem\",\"position\":2,\"name\":\"Secretaria\"}]},{\"@type\":\"WebSite\",\"@id\":\"https:\/\/amc.edu.mx\/amc2024\/#website\",\"url\":\"https:\/\/amc.edu.mx\/amc2024\/\",\"name\":\"Academia Mexicana de Ciencias\",\"description\":\"ACADEMIA MEXICANA DE CIENCIAS\",\"publisher\":{\"@id\":\"https:\/\/amc.edu.mx\/amc2024\/#organization\"},\"alternateName\":\"AMC\",\"potentialAction\":[{\"@type\":\"SearchAction\",\"target\":{\"@type\":\"EntryPoint\",\"urlTemplate\":\"https:\/\/amc.edu.mx\/amc2024\/?s={search_term_string}\"},\"query-input\":\"required name=search_term_string\"}],\"inLanguage\":\"es\"},{\"@type\":\"Organization\",\"@id\":\"https:\/\/amc.edu.mx\/amc2024\/#organization\",\"name\":\"Academia Mexicana de Ciencias\",\"alternateName\":\"AMC\",\"url\":\"https:\/\/amc.edu.mx\/amc2024\/\",\"logo\":{\"@type\":\"ImageObject\",\"inLanguage\":\"es\",\"@id\":\"https:\/\/amc.edu.mx\/amc2024\/#\/schema\/logo\/image\/\",\"url\":\"https:\/\/amc.edu.mx\/amc2024\/wp-content\/uploads\/2023\/10\/logo_amc-1.png\",\"contentUrl\":\"https:\/\/amc.edu.mx\/amc2024\/wp-content\/uploads\/2023\/10\/logo_amc-1.png\",\"width\":455,\"height\":300,\"caption\":\"Academia Mexicana de Ciencias\"},\"image\":{\"@id\":\"https:\/\/amc.edu.mx\/amc2024\/#\/schema\/logo\/image\/\"},\"sameAs\":[\"https:\/\/www.facebook.com\/amciencias\",\"https:\/\/twitter.com\/amciencias\",\"https:\/\/www.instagram.com\/amciencias\",\"https:\/\/www.youtube.com\/@AMCiencias\",\"https:\/\/www.tiktok.com\/@amciencias\"]}]}<\/script>\n<!-- \/ Yoast SEO plugin. -->","yoast_head_json":{"title":"Secretaria - Academia Mexicana de Ciencias","robots":{"index":"noindex","follow":"follow","max-snippet":"max-snippet:-1","max-image-preview":"max-image-preview:large","max-video-preview":"max-video-preview:-1"},"og_locale":"es_MX","og_type":"article","og_title":"Secretaria - Academia Mexicana de Ciencias","og_description":"Dra. Elva Guadalupe Escobar Briones Elva Escobar es doctora en Oceanograf\u00eda Biol\u00f3gica por la Universidad Nacional Aut\u00f3noma de M\u00e9xico. Es investigadora Titular C del Instituto de Ciencias del Mar y Limnolog\u00eda de la UNAM donde realiza investigaci\u00f3n en los ecosistemas de mar profundo a bordo de los buques oceanogr\u00e1ficos, entre los que se destaca la exploraci\u00f3n y descubrimiento de especies nuevas, ecosistemas marinos y la descripci\u00f3n de patrones de diversidad. Ese conocimiento se ha aplicado por la toma de decisiones para realizar propuestas y dise\u00f1o de \u00e1reas prioritarias para la conservaci\u00f3n. Ha sido investigadora principal y participante de proyectos con financiamiento nacional e internacional para generar conocimiento en ciencia b\u00e1sica en temas de mar profundo con la participaci\u00f3n en campa\u00f1as oceanogr\u00e1ficas. Resultado de \u00e9stos publicaciones indizadas con arbitraje, cap\u00edtulos de libros, libros, memorias in extenso y de divulgaci\u00f3n arbitradas citadas 5,147 por sus pares, con un \u00edndice H de 36 y un\u00edndice i10 de 85 son contribuciones al conocimiento cient\u00edfico y t\u00e9cnico. Ha sido docente por 39 a\u00f1os, miembro de comit\u00e9s tutorales y jurados y ha dirigido m\u00e1s de 60 tesis de alumnos graduados de licenciatura, maestr\u00eda y doctorado en M\u00e9xico. Desde los buques capacita nuevas generaciones en el uso de equipos de colecta de sedimento superficial. El Sistema Nacional de Investigadores del CONACyT la ha reconocido con el Nivel 3 y la UNAM con PRIDE D. Ha participado como miembro de diversos comit\u00e9s nacionales, regionales e internacionales. Por su experiencia en temas de la agenda ambiental nacional e internacional ha apoyado la negociaci\u00f3n internacional desde 2004 en temas de la Evaluaci\u00f3n de las Evaluaciones del Ambiente Marino (Regular Process) de los cuales han derivado la Evaluaci\u00f3n del Oc\u00e9ano Mundial (WOA I y II); coordin\u00f3 la generaci\u00f3n de los criterios de conservaci\u00f3n de la Diversidad Biol\u00f3gica fuera de Jurisdicci\u00f3n Nacional del CBD; la clasificaci\u00f3n biogeogr\u00e1fica del oc\u00e9ano abierto y fondos marinos profundo global (GOODS) y otros de la agenda de Naciones Unidas. Entre sus participaciones como experto destacan la presidencia del Consejo Asesor Archipi\u00e9lago Revillagigedo, como EAGLE de la Lista Verde de IUCN Compass, el Comit\u00e9 Espejo de Normalizaci\u00f3n sobre Biodiversidad; como miembro de la Comisi\u00f3n Jur\u00eddica y T\u00e9cnica de la Autoridad Internacional de los Fondos Marinos de Naciones Unidas en representaci\u00f3n del pa\u00eds (2006-\u00ad\u20102015); como miembro del comit\u00e9 de \u00c1reas Ecol\u00f3gica y Biol\u00f3gicamente Significativas (EBSA) de la Convenci\u00f3n de Diversidad Biol\u00f3gica (2008-\u00ad\u2010 2018), en 2016 como experto para la redacci\u00f3n de la estructura del reporte Oc\u00e9anos y Criosfera del IPCC; y el Grupo de Expertos para la Planeaci\u00f3n del Decenio de Naciones Unidas de la Investigaci\u00f3n de los Oc\u00e9anospara el Desarrollo Sostenible 2021-\u00ad\u20102030 (2019-\u00ad\u2010 2021). Es miembro de los comit\u00e9s de Comprensi\u00f3n de los sistemas oce\u00e1nicos del Golfo y de Conexiones para sostener la ciencia en Am\u00e9rica Latina de la Academia de Ciencias, Ingenier\u00edas y Medicina de los Estados Unidos (NASEM); del Comit\u00e9 de \u00c9tica de la Sociedad Oceanogr\u00e1fica y l\u00edder ejecutivo de la Iniciativa de Gesti\u00f3n de Mar Profundo creada en la UNAM hace una d\u00e9cada. Apoya la toma de decisiones de CONACyT, CONABIO y CONANP. Es miembro de la Academia Mexicana de Ciencias desde 1999 y de diversas sociedades en las ciencias del mar.Entre las distinciones m\u00e1s recientemente recibidas est\u00e1n Alumno Distinguido de la UAM-\u00ad\u2010 Iztapalapa 2017, la dedicaci\u00f3n de especies nuevas y la direcci\u00f3n del Instituto de Ciencias del Mar y Limnolog\u00eda de la UNAM (2011 \u2013 2019).","og_url":"https:\/\/amc.edu.mx\/amc2024\/secretaria\/","og_site_name":"Academia Mexicana de Ciencias","article_publisher":"https:\/\/www.facebook.com\/amciencias","article_modified_time":"2024-02-08T17:35:28+00:00","og_image":[{"url":"https:\/\/amc.edu.mx\/amc2024\/wp-content\/uploads\/2023\/10\/Elva_Escobar.jpg"}],"twitter_card":"summary_large_image","twitter_site":"@amciencias","twitter_misc":{"Tiempo de lectura":"3 minutos"},"schema":{"@context":"https:\/\/schema.org","@graph":[{"@type":"WebPage","@id":"https:\/\/amc.edu.mx\/amc2024\/secretaria\/","url":"https:\/\/amc.edu.mx\/amc2024\/secretaria\/","name":"Secretaria - Academia Mexicana de Ciencias","isPartOf":{"@id":"https:\/\/amc.edu.mx\/amc2024\/#website"},"datePublished":"2023-11-29T17:01:57+00:00","dateModified":"2024-02-08T17:35:28+00:00","breadcrumb":{"@id":"https:\/\/amc.edu.mx\/amc2024\/secretaria\/#breadcrumb"},"inLanguage":"es","potentialAction":[{"@type":"ReadAction","target":["https:\/\/amc.edu.mx\/amc2024\/secretaria\/"]}]},{"@type":"BreadcrumbList","@id":"https:\/\/amc.edu.mx\/amc2024\/secretaria\/#breadcrumb","itemListElement":[{"@type":"ListItem","position":1,"name":"Inicio","item":"https:\/\/amc.edu.mx\/amc2024\/"},{"@type":"ListItem","position":2,"name":"Secretaria"}]},{"@type":"WebSite","@id":"https:\/\/amc.edu.mx\/amc2024\/#website","url":"https:\/\/amc.edu.mx\/amc2024\/","name":"Academia Mexicana de Ciencias","description":"ACADEMIA MEXICANA DE CIENCIAS","publisher":{"@id":"https:\/\/amc.edu.mx\/amc2024\/#organization"},"alternateName":"AMC","potentialAction":[{"@type":"SearchAction","target":{"@type":"EntryPoint","urlTemplate":"https:\/\/amc.edu.mx\/amc2024\/?s={search_term_string}"},"query-input":"required name=search_term_string"}],"inLanguage":"es"},{"@type":"Organization","@id":"https:\/\/amc.edu.mx\/amc2024\/#organization","name":"Academia Mexicana de Ciencias","alternateName":"AMC","url":"https:\/\/amc.edu.mx\/amc2024\/","logo":{"@type":"ImageObject","inLanguage":"es","@id":"https:\/\/amc.edu.mx\/amc2024\/#\/schema\/logo\/image\/","url":"https:\/\/amc.edu.mx\/amc2024\/wp-content\/uploads\/2023\/10\/logo_amc-1.png","contentUrl":"https:\/\/amc.edu.mx\/amc2024\/wp-content\/uploads\/2023\/10\/logo_amc-1.png","width":455,"height":300,"caption":"Academia Mexicana de Ciencias"},"image":{"@id":"https:\/\/amc.edu.mx\/amc2024\/#\/schema\/logo\/image\/"},"sameAs":["https:\/\/www.facebook.com\/amciencias","https:\/\/twitter.com\/amciencias","https:\/\/www.instagram.com\/amciencias","https:\/\/www.youtube.com\/@AMCiencias","https:\/\/www.tiktok.com\/@amciencias"]}]}},"_links":{"self":[{"href":"https:\/\/amc.edu.mx\/amc2024\/wp-json\/wp\/v2\/pages\/1907","targetHints":{"allow":["GET"]}}],"collection":[{"href":"https:\/\/amc.edu.mx\/amc2024\/wp-json\/wp\/v2\/pages"}],"about":[{"href":"https:\/\/amc.edu.mx\/amc2024\/wp-json\/wp\/v2\/types\/page"}],"author":[{"embeddable":true,"href":"https:\/\/amc.edu.mx\/amc2024\/wp-json\/wp\/v2\/users\/1"}],"replies":[{"embeddable":true,"href":"https:\/\/amc.edu.mx\/amc2024\/wp-json\/wp\/v2\/comments?post=1907"}],"version-history":[{"count":2,"href":"https:\/\/amc.edu.mx\/amc2024\/wp-json\/wp\/v2\/pages\/1907\/revisions"}],"predecessor-version":[{"id":2454,"href":"https:\/\/amc.edu.mx\/amc2024\/wp-json\/wp\/v2\/pages\/1907\/revisions\/2454"}],"wp:attachment":[{"href":"https:\/\/amc.edu.mx\/amc2024\/wp-json\/wp\/v2\/media?parent=1907"}],"curies":[{"name":"wp","href":"https:\/\/api.w.org\/{rel}","templated":true}]}}