{"id":1888,"date":"2023-11-29T22:08:07","date_gmt":"2023-11-29T16:08:07","guid":{"rendered":"https:\/\/amc.edu.mx\/amc2024\/?page_id=1888"},"modified":"2024-02-08T11:16:46","modified_gmt":"2024-02-08T17:16:46","slug":"presidente","status":"publish","type":"page","link":"https:\/\/amc.edu.mx\/amc2024\/presidente\/","title":{"rendered":"Dr. Jos\u00e9 Antonio Seade Kuri"},"content":{"rendered":"\n<h2 class=\"wp-block-heading has-text-align-center\"><strong>Presidente<\/strong><\/h2>\n\n\n<div class=\"wp-block-image foto_personal\">\n<figure class=\"aligncenter size-full\"><img loading=\"lazy\" decoding=\"async\" width=\"429\" height=\"426\" src=\"https:\/\/amc.edu.mx\/amc2024\/wp-content\/uploads\/2023\/10\/Jesus_Seade.jpg\" alt=\"\" class=\"wp-image-1389\" srcset=\"https:\/\/amc.edu.mx\/amc2024\/wp-content\/uploads\/2023\/10\/Jesus_Seade.jpg 429w, https:\/\/amc.edu.mx\/amc2024\/wp-content\/uploads\/2023\/10\/Jesus_Seade-300x298.jpg 300w, https:\/\/amc.edu.mx\/amc2024\/wp-content\/uploads\/2023\/10\/Jesus_Seade-150x150.jpg 150w, https:\/\/amc.edu.mx\/amc2024\/wp-content\/uploads\/2023\/10\/Jesus_Seade-75x75.jpg 75w\" sizes=\"auto, (max-width: 429px) 100vw, 429px\" \/><\/figure>\n<\/div>\n\n\n<div class=\"wp-block-columns is-layout-flex wp-container-core-columns-is-layout-9d6595d7 wp-block-columns-is-layout-flex\">\n<div class=\"wp-block-column consejo80 is-layout-flow wp-block-column-is-layout-flow\" style=\"flex-basis:80%\">\n<p>Obtuvo su licenciatura en matem\u00e1ticas en la Universidad Nacional Aut\u00f3noma de M\u00e9xico (UNAM) en 1976, y su maestr\u00eda y doctorado en la Universidad de Oxford, Inglaterra, en 1977 y 1980, respectivamente. Desde 1980 trabaja en el Instituto de Matem\u00e1ticas de la UNAM.\u00a0 Miembro de la AMC desde 1985 y miembro de la Academia Mundial de Ciencias (TWAS) desde 2003.<br>\u00a0<br>Sus intereses en investigaci\u00f3n son la teor\u00eda de singularidades, los sistemas din\u00e1micos y la geometr\u00eda compleja, y es autor de cerca de 100 art\u00edculos y libros de investigaci\u00f3n en esos campos, en los que es reconocido como una autoridad mundial.<br>\u00a0<br>Ha sido galardonado con el Premio Ferran Sunyer i Balaguer dos veces (2005 y 2012), y en 2021 recibi\u00f3 la Medalla Solomon Lefschetz, que otorga cada cuatro a\u00f1os el Mathematical Council of the Americas. Fue presidente de la Sociedad Matem\u00e1tica Mexicana (1986-1987) y fund\u00f3 las Olimpiadas Matem\u00e1ticas Mexicanas. Tambi\u00e9n fund\u00f3 el Laboratorio Internacional Solomon Lefschetz de Matem\u00e1ticas en Cuernavaca, M\u00e9xico, que est\u00e1 asociado con el CNRS de Francia, y fue director de ese laboratorio de 2009 a 2022. Miembro del Consejo Cient\u00edfico de UMALCA, la Uni\u00f3n Matem\u00e1tica de Am\u00e9rica Latina y el Caribe (2001-2009) y miembro del Comit\u00e9 Ejecutivo de UMALCA hasta 2017. Fue director de Casa Matem\u00e1tica Oaxaca de enero 2017 a enero 2023, y director del Instituto de Matem\u00e1ticas de la Universidad Nacional Aut\u00f3noma de M\u00e9xico por dos per\u00edodos, de 2014 a 2022.<br>\u00a0<br>Es investigador nivel III del Sistema Nacional de Investigadores del gobierno de M\u00e9xico desde 1999, em\u00e9rito del mismo desde 2020. Electo vicepresidente de la Academia Mexicana de Ciencias en julio 2020 y Presidente de la misma desde el 3 de agosto de 2023.<\/p>\n<\/div>\n<\/div>\n","protected":false},"excerpt":{"rendered":"<p>Presidente Obtuvo su licenciatura en matem\u00e1ticas en la Universidad Nacional Aut\u00f3noma de M\u00e9xico (UNAM) en 1976, y su maestr\u00eda y doctorado en la Universidad de Oxford, Inglaterra, en 1977 y 1980, respectivamente. Desde 1980 trabaja en el Instituto de Matem\u00e1ticas de la UNAM.\u00a0 Miembro de la AMC desde 1985 y miembro de la Academia Mundial de Ciencias (TWAS) desde 2003.\u00a0Sus intereses en investigaci\u00f3n son la teor\u00eda de singularidades, los sistemas din\u00e1micos y la geometr\u00eda compleja, y es autor de cerca de 100 art\u00edculos y libros de investigaci\u00f3n en esos campos, en los que es reconocido como una autoridad mundial.\u00a0Ha sido galardonado con el Premio Ferran Sunyer i Balaguer dos veces (2005 y 2012), y en 2021 recibi\u00f3 la Medalla Solomon Lefschetz, que otorga cada cuatro a\u00f1os el Mathematical Council of the Americas. Fue presidente de la Sociedad Matem\u00e1tica Mexicana (1986-1987) y fund\u00f3 las Olimpiadas Matem\u00e1ticas Mexicanas. Tambi\u00e9n fund\u00f3 el Laboratorio Internacional Solomon Lefschetz de Matem\u00e1ticas en Cuernavaca, M\u00e9xico, que est\u00e1 asociado con el CNRS de Francia, y fue director de ese laboratorio de 2009 a 2022. Miembro del Consejo Cient\u00edfico de UMALCA, la Uni\u00f3n Matem\u00e1tica de Am\u00e9rica Latina y el Caribe (2001-2009) y miembro del Comit\u00e9 Ejecutivo de UMALCA hasta 2017. Fue director de Casa Matem\u00e1tica Oaxaca de enero 2017 a enero 2023, y director del Instituto de Matem\u00e1ticas de la Universidad Nacional Aut\u00f3noma de M\u00e9xico por dos per\u00edodos, de 2014 a 2022.\u00a0Es investigador nivel III del Sistema Nacional de Investigadores del gobierno de M\u00e9xico desde 1999, em\u00e9rito del mismo desde 2020. Electo vicepresidente de la Academia Mexicana de Ciencias en julio 2020 y Presidente de la misma desde el 3 de agosto de 2023.<\/p>\n","protected":false},"author":1,"featured_media":0,"parent":0,"menu_order":0,"comment_status":"closed","ping_status":"closed","template":"","meta":{"pgc_sgb_lightbox_settings":"","footnotes":""},"class_list":["post-1888","page","type-page","status-publish","hentry"],"yoast_head":"<!-- This site is optimized with the Yoast SEO plugin v22.1 - https:\/\/yoast.com\/wordpress\/plugins\/seo\/ -->\n<title>Dr. Jos\u00e9 Antonio Seade Kuri - Academia Mexicana de Ciencias<\/title>\n<meta name=\"robots\" content=\"noindex, follow, max-snippet:-1, max-image-preview:large, max-video-preview:-1\" \/>\n<meta property=\"og:locale\" content=\"es_MX\" \/>\n<meta property=\"og:type\" content=\"article\" \/>\n<meta property=\"og:title\" content=\"Dr. Jos\u00e9 Antonio Seade Kuri - Academia Mexicana de Ciencias\" \/>\n<meta property=\"og:description\" content=\"Presidente Obtuvo su licenciatura en matem\u00e1ticas en la Universidad Nacional Aut\u00f3noma de M\u00e9xico (UNAM) en 1976, y su maestr\u00eda y doctorado en la Universidad de Oxford, Inglaterra, en 1977 y 1980, respectivamente. Desde 1980 trabaja en el Instituto de Matem\u00e1ticas de la UNAM.\u00a0 Miembro de la AMC desde 1985 y miembro de la Academia Mundial de Ciencias (TWAS) desde 2003.\u00a0Sus intereses en investigaci\u00f3n son la teor\u00eda de singularidades, los sistemas din\u00e1micos y la geometr\u00eda compleja, y es autor de cerca de 100 art\u00edculos y libros de investigaci\u00f3n en esos campos, en los que es reconocido como una autoridad mundial.\u00a0Ha sido galardonado con el Premio Ferran Sunyer i Balaguer dos veces (2005 y 2012), y en 2021 recibi\u00f3 la Medalla Solomon Lefschetz, que otorga cada cuatro a\u00f1os el Mathematical Council of the Americas. Fue presidente de la Sociedad Matem\u00e1tica Mexicana (1986-1987) y fund\u00f3 las Olimpiadas Matem\u00e1ticas Mexicanas. Tambi\u00e9n fund\u00f3 el Laboratorio Internacional Solomon Lefschetz de Matem\u00e1ticas en Cuernavaca, M\u00e9xico, que est\u00e1 asociado con el CNRS de Francia, y fue director de ese laboratorio de 2009 a 2022. Miembro del Consejo Cient\u00edfico de UMALCA, la Uni\u00f3n Matem\u00e1tica de Am\u00e9rica Latina y el Caribe (2001-2009) y miembro del Comit\u00e9 Ejecutivo de UMALCA hasta 2017. Fue director de Casa Matem\u00e1tica Oaxaca de enero 2017 a enero 2023, y director del Instituto de Matem\u00e1ticas de la Universidad Nacional Aut\u00f3noma de M\u00e9xico por dos per\u00edodos, de 2014 a 2022.\u00a0Es investigador nivel III del Sistema Nacional de Investigadores del gobierno de M\u00e9xico desde 1999, em\u00e9rito del mismo desde 2020. Electo vicepresidente de la Academia Mexicana de Ciencias en julio 2020 y Presidente de la misma desde el 3 de agosto de 2023.\" \/>\n<meta property=\"og:url\" content=\"https:\/\/amc.edu.mx\/amc2024\/presidente\/\" \/>\n<meta property=\"og:site_name\" content=\"Academia Mexicana de Ciencias\" \/>\n<meta property=\"article:publisher\" content=\"https:\/\/www.facebook.com\/amciencias\" \/>\n<meta property=\"article:modified_time\" content=\"2024-02-08T17:16:46+00:00\" \/>\n<meta property=\"og:image\" content=\"https:\/\/amc.edu.mx\/amc2024\/wp-content\/uploads\/2023\/10\/Jesus_Seade.jpg\" \/>\n<meta name=\"twitter:card\" content=\"summary_large_image\" \/>\n<meta name=\"twitter:site\" content=\"@amciencias\" \/>\n<meta name=\"twitter:label1\" content=\"Tiempo de lectura\" \/>\n\t<meta name=\"twitter:data1\" content=\"2 minutos\" \/>\n<script type=\"application\/ld+json\" class=\"yoast-schema-graph\">{\"@context\":\"https:\/\/schema.org\",\"@graph\":[{\"@type\":\"WebPage\",\"@id\":\"https:\/\/amc.edu.mx\/amc2024\/presidente\/\",\"url\":\"https:\/\/amc.edu.mx\/amc2024\/presidente\/\",\"name\":\"Dr. Jos\u00e9 Antonio Seade Kuri - Academia Mexicana de Ciencias\",\"isPartOf\":{\"@id\":\"https:\/\/amc.edu.mx\/amc2024\/#website\"},\"datePublished\":\"2023-11-29T16:08:07+00:00\",\"dateModified\":\"2024-02-08T17:16:46+00:00\",\"breadcrumb\":{\"@id\":\"https:\/\/amc.edu.mx\/amc2024\/presidente\/#breadcrumb\"},\"inLanguage\":\"es\",\"potentialAction\":[{\"@type\":\"ReadAction\",\"target\":[\"https:\/\/amc.edu.mx\/amc2024\/presidente\/\"]}]},{\"@type\":\"BreadcrumbList\",\"@id\":\"https:\/\/amc.edu.mx\/amc2024\/presidente\/#breadcrumb\",\"itemListElement\":[{\"@type\":\"ListItem\",\"position\":1,\"name\":\"Inicio\",\"item\":\"https:\/\/amc.edu.mx\/amc2024\/\"},{\"@type\":\"ListItem\",\"position\":2,\"name\":\"Dr. Jos\u00e9 Antonio Seade Kuri\"}]},{\"@type\":\"WebSite\",\"@id\":\"https:\/\/amc.edu.mx\/amc2024\/#website\",\"url\":\"https:\/\/amc.edu.mx\/amc2024\/\",\"name\":\"Academia Mexicana de Ciencias\",\"description\":\"ACADEMIA MEXICANA DE CIENCIAS\",\"publisher\":{\"@id\":\"https:\/\/amc.edu.mx\/amc2024\/#organization\"},\"alternateName\":\"AMC\",\"potentialAction\":[{\"@type\":\"SearchAction\",\"target\":{\"@type\":\"EntryPoint\",\"urlTemplate\":\"https:\/\/amc.edu.mx\/amc2024\/?s={search_term_string}\"},\"query-input\":\"required name=search_term_string\"}],\"inLanguage\":\"es\"},{\"@type\":\"Organization\",\"@id\":\"https:\/\/amc.edu.mx\/amc2024\/#organization\",\"name\":\"Academia Mexicana de Ciencias\",\"alternateName\":\"AMC\",\"url\":\"https:\/\/amc.edu.mx\/amc2024\/\",\"logo\":{\"@type\":\"ImageObject\",\"inLanguage\":\"es\",\"@id\":\"https:\/\/amc.edu.mx\/amc2024\/#\/schema\/logo\/image\/\",\"url\":\"https:\/\/amc.edu.mx\/amc2024\/wp-content\/uploads\/2023\/10\/logo_amc-1.png\",\"contentUrl\":\"https:\/\/amc.edu.mx\/amc2024\/wp-content\/uploads\/2023\/10\/logo_amc-1.png\",\"width\":455,\"height\":300,\"caption\":\"Academia Mexicana de Ciencias\"},\"image\":{\"@id\":\"https:\/\/amc.edu.mx\/amc2024\/#\/schema\/logo\/image\/\"},\"sameAs\":[\"https:\/\/www.facebook.com\/amciencias\",\"https:\/\/twitter.com\/amciencias\",\"https:\/\/www.instagram.com\/amciencias\",\"https:\/\/www.youtube.com\/@AMCiencias\",\"https:\/\/www.tiktok.com\/@amciencias\"]}]}<\/script>\n<!-- \/ Yoast SEO plugin. -->","yoast_head_json":{"title":"Dr. Jos\u00e9 Antonio Seade Kuri - Academia Mexicana de Ciencias","robots":{"index":"noindex","follow":"follow","max-snippet":"max-snippet:-1","max-image-preview":"max-image-preview:large","max-video-preview":"max-video-preview:-1"},"og_locale":"es_MX","og_type":"article","og_title":"Dr. Jos\u00e9 Antonio Seade Kuri - Academia Mexicana de Ciencias","og_description":"Presidente Obtuvo su licenciatura en matem\u00e1ticas en la Universidad Nacional Aut\u00f3noma de M\u00e9xico (UNAM) en 1976, y su maestr\u00eda y doctorado en la Universidad de Oxford, Inglaterra, en 1977 y 1980, respectivamente. Desde 1980 trabaja en el Instituto de Matem\u00e1ticas de la UNAM.\u00a0 Miembro de la AMC desde 1985 y miembro de la Academia Mundial de Ciencias (TWAS) desde 2003.\u00a0Sus intereses en investigaci\u00f3n son la teor\u00eda de singularidades, los sistemas din\u00e1micos y la geometr\u00eda compleja, y es autor de cerca de 100 art\u00edculos y libros de investigaci\u00f3n en esos campos, en los que es reconocido como una autoridad mundial.\u00a0Ha sido galardonado con el Premio Ferran Sunyer i Balaguer dos veces (2005 y 2012), y en 2021 recibi\u00f3 la Medalla Solomon Lefschetz, que otorga cada cuatro a\u00f1os el Mathematical Council of the Americas. Fue presidente de la Sociedad Matem\u00e1tica Mexicana (1986-1987) y fund\u00f3 las Olimpiadas Matem\u00e1ticas Mexicanas. Tambi\u00e9n fund\u00f3 el Laboratorio Internacional Solomon Lefschetz de Matem\u00e1ticas en Cuernavaca, M\u00e9xico, que est\u00e1 asociado con el CNRS de Francia, y fue director de ese laboratorio de 2009 a 2022. Miembro del Consejo Cient\u00edfico de UMALCA, la Uni\u00f3n Matem\u00e1tica de Am\u00e9rica Latina y el Caribe (2001-2009) y miembro del Comit\u00e9 Ejecutivo de UMALCA hasta 2017. Fue director de Casa Matem\u00e1tica Oaxaca de enero 2017 a enero 2023, y director del Instituto de Matem\u00e1ticas de la Universidad Nacional Aut\u00f3noma de M\u00e9xico por dos per\u00edodos, de 2014 a 2022.\u00a0Es investigador nivel III del Sistema Nacional de Investigadores del gobierno de M\u00e9xico desde 1999, em\u00e9rito del mismo desde 2020. Electo vicepresidente de la Academia Mexicana de Ciencias en julio 2020 y Presidente de la misma desde el 3 de agosto de 2023.","og_url":"https:\/\/amc.edu.mx\/amc2024\/presidente\/","og_site_name":"Academia Mexicana de Ciencias","article_publisher":"https:\/\/www.facebook.com\/amciencias","article_modified_time":"2024-02-08T17:16:46+00:00","og_image":[{"url":"https:\/\/amc.edu.mx\/amc2024\/wp-content\/uploads\/2023\/10\/Jesus_Seade.jpg"}],"twitter_card":"summary_large_image","twitter_site":"@amciencias","twitter_misc":{"Tiempo de lectura":"2 minutos"},"schema":{"@context":"https:\/\/schema.org","@graph":[{"@type":"WebPage","@id":"https:\/\/amc.edu.mx\/amc2024\/presidente\/","url":"https:\/\/amc.edu.mx\/amc2024\/presidente\/","name":"Dr. Jos\u00e9 Antonio Seade Kuri - Academia Mexicana de Ciencias","isPartOf":{"@id":"https:\/\/amc.edu.mx\/amc2024\/#website"},"datePublished":"2023-11-29T16:08:07+00:00","dateModified":"2024-02-08T17:16:46+00:00","breadcrumb":{"@id":"https:\/\/amc.edu.mx\/amc2024\/presidente\/#breadcrumb"},"inLanguage":"es","potentialAction":[{"@type":"ReadAction","target":["https:\/\/amc.edu.mx\/amc2024\/presidente\/"]}]},{"@type":"BreadcrumbList","@id":"https:\/\/amc.edu.mx\/amc2024\/presidente\/#breadcrumb","itemListElement":[{"@type":"ListItem","position":1,"name":"Inicio","item":"https:\/\/amc.edu.mx\/amc2024\/"},{"@type":"ListItem","position":2,"name":"Dr. Jos\u00e9 Antonio Seade Kuri"}]},{"@type":"WebSite","@id":"https:\/\/amc.edu.mx\/amc2024\/#website","url":"https:\/\/amc.edu.mx\/amc2024\/","name":"Academia Mexicana de Ciencias","description":"ACADEMIA MEXICANA DE CIENCIAS","publisher":{"@id":"https:\/\/amc.edu.mx\/amc2024\/#organization"},"alternateName":"AMC","potentialAction":[{"@type":"SearchAction","target":{"@type":"EntryPoint","urlTemplate":"https:\/\/amc.edu.mx\/amc2024\/?s={search_term_string}"},"query-input":"required name=search_term_string"}],"inLanguage":"es"},{"@type":"Organization","@id":"https:\/\/amc.edu.mx\/amc2024\/#organization","name":"Academia Mexicana de Ciencias","alternateName":"AMC","url":"https:\/\/amc.edu.mx\/amc2024\/","logo":{"@type":"ImageObject","inLanguage":"es","@id":"https:\/\/amc.edu.mx\/amc2024\/#\/schema\/logo\/image\/","url":"https:\/\/amc.edu.mx\/amc2024\/wp-content\/uploads\/2023\/10\/logo_amc-1.png","contentUrl":"https:\/\/amc.edu.mx\/amc2024\/wp-content\/uploads\/2023\/10\/logo_amc-1.png","width":455,"height":300,"caption":"Academia Mexicana de Ciencias"},"image":{"@id":"https:\/\/amc.edu.mx\/amc2024\/#\/schema\/logo\/image\/"},"sameAs":["https:\/\/www.facebook.com\/amciencias","https:\/\/twitter.com\/amciencias","https:\/\/www.instagram.com\/amciencias","https:\/\/www.youtube.com\/@AMCiencias","https:\/\/www.tiktok.com\/@amciencias"]}]}},"_links":{"self":[{"href":"https:\/\/amc.edu.mx\/amc2024\/wp-json\/wp\/v2\/pages\/1888","targetHints":{"allow":["GET"]}}],"collection":[{"href":"https:\/\/amc.edu.mx\/amc2024\/wp-json\/wp\/v2\/pages"}],"about":[{"href":"https:\/\/amc.edu.mx\/amc2024\/wp-json\/wp\/v2\/types\/page"}],"author":[{"embeddable":true,"href":"https:\/\/amc.edu.mx\/amc2024\/wp-json\/wp\/v2\/users\/1"}],"replies":[{"embeddable":true,"href":"https:\/\/amc.edu.mx\/amc2024\/wp-json\/wp\/v2\/comments?post=1888"}],"version-history":[{"count":6,"href":"https:\/\/amc.edu.mx\/amc2024\/wp-json\/wp\/v2\/pages\/1888\/revisions"}],"predecessor-version":[{"id":2441,"href":"https:\/\/amc.edu.mx\/amc2024\/wp-json\/wp\/v2\/pages\/1888\/revisions\/2441"}],"wp:attachment":[{"href":"https:\/\/amc.edu.mx\/amc2024\/wp-json\/wp\/v2\/media?parent=1888"}],"curies":[{"name":"wp","href":"https:\/\/api.w.org\/{rel}","templated":true}]}}