{"id":138,"date":"2023-10-17T06:55:53","date_gmt":"2023-10-17T00:55:53","guid":{"rendered":"https:\/\/amc.edu.mx\/amc2024\/?page_id=138"},"modified":"2023-11-11T02:46:09","modified_gmt":"2023-11-10T20:46:09","slug":"convocatorias","status":"publish","type":"page","link":"https:\/\/amc.edu.mx\/amc2024\/convocatorias\/","title":{"rendered":"Convocatorias"},"content":{"rendered":"\n<h2 class=\"wp-block-heading\">Convocatorias Nacionales<\/h2>\n\n\n<style>.wp-show-posts-columns#wpsp-1150 {margin-left: -2em; }.wp-show-posts-columns#wpsp-1150 .wp-show-posts-inner {margin: 0 0 2em 2em; }<\/style><section id=\"wpsp-1150\" class=\" wp-show-posts-columns wp-show-posts\" style=\"\"><article class=\" wp-show-posts-single post-2909 post type-post status-publish format-standard has-post-thumbnail hentry category-convocatoria-nacional category-convocatoria-premio category-convocatoria wpsp-col-3\" itemtype=\"http:\/\/schema.org\/CreativeWork\" itemscope><div class=\"wp-show-posts-inner\" style=\"\">\t\t<div class=\"wp-show-posts-image  wpsp-image-left \">\n\t\t\t<a href=\"https:\/\/amc.edu.mx\/amc2024\/becas-y-premio-para-mujeres-en-la-ciencia-loreal-unesco-amc-2024\/\"  title=\"Becas y Premio para Mujeres en la Ciencia L&#8217;Or\u00e9al-UNESCO-AMC 2024\"><img loading=\"lazy\" decoding=\"async\" width=\"600\" height=\"278\" src=\"https:\/\/amc.edu.mx\/amc2024\/wp-content\/uploads\/2024\/02\/Premio-y-Beca-Loreal-AMC.png\" class=\"attachment-full size-full wp-post-image\" alt=\"\" itemprop=\"image\" srcset=\"https:\/\/amc.edu.mx\/amc2024\/wp-content\/uploads\/2024\/02\/Premio-y-Beca-Loreal-AMC.png 600w, https:\/\/amc.edu.mx\/amc2024\/wp-content\/uploads\/2024\/02\/Premio-y-Beca-Loreal-AMC-300x139.png 300w\" sizes=\"auto, (max-width: 600px) 100vw, 600px\" \/><\/a>\t\t<\/div>\n\t\t\t\t\t\t\t\t<header class=\"wp-show-posts-entry-header\">\n\t\t\t\t\t\t\t<h2 class=\"wp-show-posts-entry-title\" itemprop=\"headline\"><a href=\"https:\/\/amc.edu.mx\/amc2024\/becas-y-premio-para-mujeres-en-la-ciencia-loreal-unesco-amc-2024\/\" rel=\"bookmark\">Becas y Premio para Mujeres en la Ciencia L&#8217;Or\u00e9al-UNESCO-AMC 2024<\/a><\/h2>\t\t\t\t\t\t<\/header><!-- .entry-header -->\n\t\t\t\t\t<\/div><!-- wp-show-posts-inner --><\/article><div class=\"wpsp-clear\"><\/div><\/section><!-- .wp-show-posts -->\n\n\n\n<h2 class=\"wp-block-heading\">Convocatorias Internacionales<\/h2>\n\n\n<style>.wp-show-posts-columns#wpsp-1274 {margin-left: -2em; }.wp-show-posts-columns#wpsp-1274 .wp-show-posts-inner {margin: 0 0 2em 2em; }<\/style><section id=\"wpsp-1274\" class=\" wp-show-posts-columns wp-show-posts\" style=\"\"><article class=\" wp-show-posts-single post-1272 post type-post status-publish format-standard has-post-thumbnail hentry category-convocatoria-internacional wpsp-col-3\" itemtype=\"http:\/\/schema.org\/CreativeWork\" itemscope><div class=\"wp-show-posts-inner\" style=\"\">\t\t<div class=\"wp-show-posts-image  wpsp-image-center \">\n\t\t\t<a href=\"https:\/\/amc.edu.mx\/amc2024\/convocatoria-lindau-24\/\"  title=\"73rd Lindau Nobel Laureate Meeting\"><img loading=\"lazy\" decoding=\"async\" width=\"600\" height=\"278\" src=\"https:\/\/amc.edu.mx\/amc2024\/wp-content\/uploads\/2023\/10\/logo_lindau.jpg\" class=\"attachment-full size-full wp-post-image\" alt=\"Fundaci\u00f3n Lindau\" itemprop=\"image\" srcset=\"https:\/\/amc.edu.mx\/amc2024\/wp-content\/uploads\/2023\/10\/logo_lindau.jpg 600w, https:\/\/amc.edu.mx\/amc2024\/wp-content\/uploads\/2023\/10\/logo_lindau-300x139.jpg 300w\" sizes=\"auto, (max-width: 600px) 100vw, 600px\" \/><\/a>\t\t<\/div>\n\t\t\t\t\t\t\t\t<header class=\"wp-show-posts-entry-header\">\n\t\t\t\t\t\t\t<h3 class=\"wp-show-posts-entry-title\" itemprop=\"headline\"><a href=\"https:\/\/amc.edu.mx\/amc2024\/convocatoria-lindau-24\/\" rel=\"bookmark\">73rd Lindau Nobel Laureate Meeting<\/a><\/h3>\t\t\t\t\t\t<\/header><!-- .entry-header -->\n\t\t\t\t\t<\/div><!-- wp-show-posts-inner --><\/article><article class=\" wp-show-posts-single post-3886 post type-post status-publish format-standard has-post-thumbnail hentry category-convocatoria-internacional wpsp-col-3\" itemtype=\"http:\/\/schema.org\/CreativeWork\" itemscope><div class=\"wp-show-posts-inner\" style=\"\">\t\t<div class=\"wp-show-posts-image  wpsp-image-center \">\n\t\t\t<a href=\"https:\/\/amc.edu.mx\/amc2024\/visita-de-profesores-distinguidos-2018\/\"  title=\"Visita de Profesores Distinguidos\"><img loading=\"lazy\" decoding=\"async\" width=\"600\" height=\"278\" src=\"https:\/\/amc.edu.mx\/amc2024\/wp-content\/uploads\/2024\/03\/profesores-distinguidos.png\" class=\"attachment-full size-full wp-post-image\" alt=\"profesores distinguidos\" itemprop=\"image\" srcset=\"https:\/\/amc.edu.mx\/amc2024\/wp-content\/uploads\/2024\/03\/profesores-distinguidos.png 600w, https:\/\/amc.edu.mx\/amc2024\/wp-content\/uploads\/2024\/03\/profesores-distinguidos-300x139.png 300w\" sizes=\"auto, (max-width: 600px) 100vw, 600px\" \/><\/a>\t\t<\/div>\n\t\t\t\t\t\t\t\t<header class=\"wp-show-posts-entry-header\">\n\t\t\t\t\t\t\t<h3 class=\"wp-show-posts-entry-title\" itemprop=\"headline\"><a href=\"https:\/\/amc.edu.mx\/amc2024\/visita-de-profesores-distinguidos-2018\/\" rel=\"bookmark\">Visita de Profesores Distinguidos<\/a><\/h3>\t\t\t\t\t\t<\/header><!-- .entry-header -->\n\t\t\t\t\t<\/div><!-- wp-show-posts-inner --><\/article><article class=\" wp-show-posts-single post-1662 post type-post status-publish format-standard has-post-thumbnail hentry category-convocatoria-internacional wpsp-col-3\" itemtype=\"http:\/\/schema.org\/CreativeWork\" itemscope><div class=\"wp-show-posts-inner\" style=\"\">\t\t<div class=\"wp-show-posts-image  wpsp-image-center \">\n\t\t\t<a href=\"https:\/\/amc.edu.mx\/amc2024\/copnvocatoria-10-nov\/\"  title=\"Estancias de Verano para Investigadores J\u00f3venes\"><img loading=\"lazy\" decoding=\"async\" width=\"600\" height=\"278\" src=\"https:\/\/amc.edu.mx\/amc2024\/wp-content\/uploads\/2023\/11\/conv_est_eua.jpg\" class=\"attachment-full size-full wp-post-image\" alt=\"Estancia EUA\" itemprop=\"image\" srcset=\"https:\/\/amc.edu.mx\/amc2024\/wp-content\/uploads\/2023\/11\/conv_est_eua.jpg 600w, https:\/\/amc.edu.mx\/amc2024\/wp-content\/uploads\/2023\/11\/conv_est_eua-300x139.jpg 300w\" sizes=\"auto, (max-width: 600px) 100vw, 600px\" \/><\/a>\t\t<\/div>\n\t\t\t\t\t\t\t\t<header class=\"wp-show-posts-entry-header\">\n\t\t\t\t\t\t\t<h3 class=\"wp-show-posts-entry-title\" itemprop=\"headline\"><a href=\"https:\/\/amc.edu.mx\/amc2024\/copnvocatoria-10-nov\/\" rel=\"bookmark\">Estancias de Verano para Investigadores J\u00f3venes<\/a><\/h3>\t\t\t\t\t\t<\/header><!-- .entry-header -->\n\t\t\t\t\t<\/div><!-- wp-show-posts-inner --><\/article><div class=\"wpsp-clear\"><\/div><\/section><!-- .wp-show-posts -->\n\n\n\n<h2 class=\"wp-block-heading\">Convocatorias de premios<\/h2>\n\n\n<style>.wp-show-posts-columns#wpsp-1743 {margin-left: -2em; }.wp-show-posts-columns#wpsp-1743 .wp-show-posts-inner {margin: 0 0 2em 2em; }<\/style><section id=\"wpsp-1743\" class=\" wp-show-posts-columns wp-show-posts\" style=\"\"><article class=\" wp-show-posts-single post-2909 post type-post status-publish format-standard has-post-thumbnail hentry category-convocatoria-nacional category-convocatoria-premio category-convocatoria wpsp-col-4\" itemtype=\"http:\/\/schema.org\/CreativeWork\" itemscope><div class=\"wp-show-posts-inner\" style=\"\">\t\t<div class=\"wp-show-posts-image  wpsp-image-center \">\n\t\t\t<a href=\"https:\/\/amc.edu.mx\/amc2024\/becas-y-premio-para-mujeres-en-la-ciencia-loreal-unesco-amc-2024\/\"  title=\"Becas y Premio para Mujeres en la Ciencia L&#8217;Or\u00e9al-UNESCO-AMC 2024\"><img loading=\"lazy\" decoding=\"async\" width=\"600\" height=\"278\" src=\"https:\/\/amc.edu.mx\/amc2024\/wp-content\/uploads\/2024\/02\/Premio-y-Beca-Loreal-AMC.png\" class=\"attachment-full size-full wp-post-image\" alt=\"\" itemprop=\"image\" srcset=\"https:\/\/amc.edu.mx\/amc2024\/wp-content\/uploads\/2024\/02\/Premio-y-Beca-Loreal-AMC.png 600w, https:\/\/amc.edu.mx\/amc2024\/wp-content\/uploads\/2024\/02\/Premio-y-Beca-Loreal-AMC-300x139.png 300w\" sizes=\"auto, (max-width: 600px) 100vw, 600px\" \/><\/a>\t\t<\/div>\n\t\t\t\t\t\t\t\t<header class=\"wp-show-posts-entry-header\">\n\t\t\t\t\t\t\t<h2 class=\"wp-show-posts-entry-title\" itemprop=\"headline\"><a href=\"https:\/\/amc.edu.mx\/amc2024\/becas-y-premio-para-mujeres-en-la-ciencia-loreal-unesco-amc-2024\/\" rel=\"bookmark\">Becas y Premio para Mujeres en la Ciencia L&#8217;Or\u00e9al-UNESCO-AMC 2024<\/a><\/h2>\t\t\t\t\t\t<\/header><!-- .entry-header -->\n\t\t\t\t\t<\/div><!-- wp-show-posts-inner --><\/article><article class=\" wp-show-posts-single post-961 post type-post status-publish format-standard has-post-thumbnail hentry category-convocatoria-premio wpsp-col-4\" itemtype=\"http:\/\/schema.org\/CreativeWork\" itemscope><div class=\"wp-show-posts-inner\" style=\"\">\t\t<div class=\"wp-show-posts-image  wpsp-image-center \">\n\t\t\t<a href=\"https:\/\/amc.edu.mx\/amc2024\/premios-de-investigacion-para-cientificos-jovenes\/\"  title=\"Premios de investigaci\u00f3n para cient\u00edficos j\u00f3venes\"><img loading=\"lazy\" decoding=\"async\" width=\"600\" height=\"278\" src=\"https:\/\/amc.edu.mx\/amc2024\/wp-content\/uploads\/2023\/11\/conv_jovenes-1.jpg\" class=\"attachment-full size-full wp-post-image\" alt=\"Convocatoria jovenes cient\u00edficos\" itemprop=\"image\" srcset=\"https:\/\/amc.edu.mx\/amc2024\/wp-content\/uploads\/2023\/11\/conv_jovenes-1.jpg 600w, https:\/\/amc.edu.mx\/amc2024\/wp-content\/uploads\/2023\/11\/conv_jovenes-1-300x139.jpg 300w\" sizes=\"auto, (max-width: 600px) 100vw, 600px\" \/><\/a>\t\t<\/div>\n\t\t\t\t\t\t\t\t<header class=\"wp-show-posts-entry-header\">\n\t\t\t\t\t\t\t<h2 class=\"wp-show-posts-entry-title\" itemprop=\"headline\"><a href=\"https:\/\/amc.edu.mx\/amc2024\/premios-de-investigacion-para-cientificos-jovenes\/\" rel=\"bookmark\">Premios de investigaci\u00f3n para cient\u00edficos j\u00f3venes<\/a><\/h2>\t\t\t\t\t\t<\/header><!-- .entry-header -->\n\t\t\t\t\t<\/div><!-- wp-show-posts-inner --><\/article><article class=\" wp-show-posts-single post-945 post type-post status-publish format-standard has-post-thumbnail hentry category-convocatoria-premio wpsp-col-4\" itemtype=\"http:\/\/schema.org\/CreativeWork\" itemscope><div class=\"wp-show-posts-inner\" style=\"\">\t\t<div class=\"wp-show-posts-image  wpsp-image-center \">\n\t\t\t<a href=\"https:\/\/amc.edu.mx\/amc2024\/premios-de-la-academia-a-las-mejores-tesis-de-doctorado-en-ciencias-sociales-y-humanidades-para-jovenes-investigadores-2023\/\"  title=\"Premios de la Academia a las mejores tesis de doctorado en Ciencias sociales y Humanidades para j\u00f3venes investigadores 2023\"><img loading=\"lazy\" decoding=\"async\" width=\"600\" height=\"278\" src=\"https:\/\/amc.edu.mx\/amc2024\/wp-content\/uploads\/2023\/10\/conv_mejor_tesis.jpg\" class=\"attachment-full size-full wp-post-image\" alt=\"Imagen convocatoria mejor tesis de doctorado\" itemprop=\"image\" srcset=\"https:\/\/amc.edu.mx\/amc2024\/wp-content\/uploads\/2023\/10\/conv_mejor_tesis.jpg 600w, https:\/\/amc.edu.mx\/amc2024\/wp-content\/uploads\/2023\/10\/conv_mejor_tesis-300x139.jpg 300w\" sizes=\"auto, (max-width: 600px) 100vw, 600px\" \/><\/a>\t\t<\/div>\n\t\t\t\t\t\t\t\t<header class=\"wp-show-posts-entry-header\">\n\t\t\t\t\t\t\t<h2 class=\"wp-show-posts-entry-title\" itemprop=\"headline\"><a href=\"https:\/\/amc.edu.mx\/amc2024\/premios-de-la-academia-a-las-mejores-tesis-de-doctorado-en-ciencias-sociales-y-humanidades-para-jovenes-investigadores-2023\/\" rel=\"bookmark\">Premios de la Academia a las mejores tesis de doctorado en Ciencias sociales y Humanidades para j\u00f3venes investigadores 2023<\/a><\/h2>\t\t\t\t\t\t<\/header><!-- .entry-header -->\n\t\t\t\t\t<\/div><!-- wp-show-posts-inner --><\/article><div class=\"wpsp-clear\"><\/div><\/section><!-- .wp-show-posts -->\n","protected":false},"excerpt":{"rendered":"<p>Convocatorias Nacionales Convocatorias Internacionales Convocatorias de premios<\/p>\n","protected":false},"author":1,"featured_media":0,"parent":0,"menu_order":0,"comment_status":"closed","ping_status":"closed","template":"","meta":{"pgc_sgb_lightbox_settings":"","footnotes":""},"class_list":["post-138","page","type-page","status-publish","hentry"],"yoast_head":"<!-- This site is optimized with the Yoast SEO plugin v22.1 - https:\/\/yoast.com\/wordpress\/plugins\/seo\/ -->\n<title>Convocatorias - Academia Mexicana de Ciencias<\/title>\n<meta name=\"robots\" content=\"noindex, follow, max-snippet:-1, max-image-preview:large, max-video-preview:-1\" \/>\n<meta property=\"og:locale\" content=\"es_MX\" \/>\n<meta property=\"og:type\" content=\"article\" \/>\n<meta property=\"og:title\" content=\"Convocatorias - Academia Mexicana de Ciencias\" \/>\n<meta property=\"og:description\" content=\"Convocatorias Nacionales Convocatorias Internacionales Convocatorias de premios\" \/>\n<meta property=\"og:url\" content=\"https:\/\/amc.edu.mx\/amc2024\/convocatorias\/\" \/>\n<meta property=\"og:site_name\" content=\"Academia Mexicana de Ciencias\" \/>\n<meta property=\"article:publisher\" content=\"https:\/\/www.facebook.com\/amciencias\" \/>\n<meta property=\"article:modified_time\" content=\"2023-11-10T20:46:09+00:00\" \/>\n<meta name=\"twitter:card\" content=\"summary_large_image\" \/>\n<meta name=\"twitter:site\" content=\"@amciencias\" \/>\n<script type=\"application\/ld+json\" class=\"yoast-schema-graph\">{\"@context\":\"https:\/\/schema.org\",\"@graph\":[{\"@type\":\"WebPage\",\"@id\":\"https:\/\/amc.edu.mx\/amc2024\/convocatorias\/\",\"url\":\"https:\/\/amc.edu.mx\/amc2024\/convocatorias\/\",\"name\":\"Convocatorias - Academia Mexicana de Ciencias\",\"isPartOf\":{\"@id\":\"https:\/\/amc.edu.mx\/amc2024\/#website\"},\"datePublished\":\"2023-10-17T00:55:53+00:00\",\"dateModified\":\"2023-11-10T20:46:09+00:00\",\"breadcrumb\":{\"@id\":\"https:\/\/amc.edu.mx\/amc2024\/convocatorias\/#breadcrumb\"},\"inLanguage\":\"es\",\"potentialAction\":[{\"@type\":\"ReadAction\",\"target\":[\"https:\/\/amc.edu.mx\/amc2024\/convocatorias\/\"]}]},{\"@type\":\"BreadcrumbList\",\"@id\":\"https:\/\/amc.edu.mx\/amc2024\/convocatorias\/#breadcrumb\",\"itemListElement\":[{\"@type\":\"ListItem\",\"position\":1,\"name\":\"Inicio\",\"item\":\"https:\/\/amc.edu.mx\/amc2024\/\"},{\"@type\":\"ListItem\",\"position\":2,\"name\":\"Convocatorias\"}]},{\"@type\":\"WebSite\",\"@id\":\"https:\/\/amc.edu.mx\/amc2024\/#website\",\"url\":\"https:\/\/amc.edu.mx\/amc2024\/\",\"name\":\"Academia Mexicana de Ciencias\",\"description\":\"ACADEMIA MEXICANA DE CIENCIAS\",\"publisher\":{\"@id\":\"https:\/\/amc.edu.mx\/amc2024\/#organization\"},\"alternateName\":\"AMC\",\"potentialAction\":[{\"@type\":\"SearchAction\",\"target\":{\"@type\":\"EntryPoint\",\"urlTemplate\":\"https:\/\/amc.edu.mx\/amc2024\/?s={search_term_string}\"},\"query-input\":\"required name=search_term_string\"}],\"inLanguage\":\"es\"},{\"@type\":\"Organization\",\"@id\":\"https:\/\/amc.edu.mx\/amc2024\/#organization\",\"name\":\"Academia Mexicana de Ciencias\",\"alternateName\":\"AMC\",\"url\":\"https:\/\/amc.edu.mx\/amc2024\/\",\"logo\":{\"@type\":\"ImageObject\",\"inLanguage\":\"es\",\"@id\":\"https:\/\/amc.edu.mx\/amc2024\/#\/schema\/logo\/image\/\",\"url\":\"https:\/\/amc.edu.mx\/amc2024\/wp-content\/uploads\/2023\/10\/logo_amc-1.png\",\"contentUrl\":\"https:\/\/amc.edu.mx\/amc2024\/wp-content\/uploads\/2023\/10\/logo_amc-1.png\",\"width\":455,\"height\":300,\"caption\":\"Academia Mexicana de Ciencias\"},\"image\":{\"@id\":\"https:\/\/amc.edu.mx\/amc2024\/#\/schema\/logo\/image\/\"},\"sameAs\":[\"https:\/\/www.facebook.com\/amciencias\",\"https:\/\/twitter.com\/amciencias\",\"https:\/\/www.instagram.com\/amciencias\",\"https:\/\/www.youtube.com\/@AMCiencias\",\"https:\/\/www.tiktok.com\/@amciencias\"]}]}<\/script>\n<!-- \/ Yoast SEO plugin. -->","yoast_head_json":{"title":"Convocatorias - Academia Mexicana de Ciencias","robots":{"index":"noindex","follow":"follow","max-snippet":"max-snippet:-1","max-image-preview":"max-image-preview:large","max-video-preview":"max-video-preview:-1"},"og_locale":"es_MX","og_type":"article","og_title":"Convocatorias - Academia Mexicana de Ciencias","og_description":"Convocatorias Nacionales Convocatorias Internacionales Convocatorias de premios","og_url":"https:\/\/amc.edu.mx\/amc2024\/convocatorias\/","og_site_name":"Academia Mexicana de Ciencias","article_publisher":"https:\/\/www.facebook.com\/amciencias","article_modified_time":"2023-11-10T20:46:09+00:00","twitter_card":"summary_large_image","twitter_site":"@amciencias","schema":{"@context":"https:\/\/schema.org","@graph":[{"@type":"WebPage","@id":"https:\/\/amc.edu.mx\/amc2024\/convocatorias\/","url":"https:\/\/amc.edu.mx\/amc2024\/convocatorias\/","name":"Convocatorias - Academia Mexicana de Ciencias","isPartOf":{"@id":"https:\/\/amc.edu.mx\/amc2024\/#website"},"datePublished":"2023-10-17T00:55:53+00:00","dateModified":"2023-11-10T20:46:09+00:00","breadcrumb":{"@id":"https:\/\/amc.edu.mx\/amc2024\/convocatorias\/#breadcrumb"},"inLanguage":"es","potentialAction":[{"@type":"ReadAction","target":["https:\/\/amc.edu.mx\/amc2024\/convocatorias\/"]}]},{"@type":"BreadcrumbList","@id":"https:\/\/amc.edu.mx\/amc2024\/convocatorias\/#breadcrumb","itemListElement":[{"@type":"ListItem","position":1,"name":"Inicio","item":"https:\/\/amc.edu.mx\/amc2024\/"},{"@type":"ListItem","position":2,"name":"Convocatorias"}]},{"@type":"WebSite","@id":"https:\/\/amc.edu.mx\/amc2024\/#website","url":"https:\/\/amc.edu.mx\/amc2024\/","name":"Academia Mexicana de Ciencias","description":"ACADEMIA MEXICANA DE CIENCIAS","publisher":{"@id":"https:\/\/amc.edu.mx\/amc2024\/#organization"},"alternateName":"AMC","potentialAction":[{"@type":"SearchAction","target":{"@type":"EntryPoint","urlTemplate":"https:\/\/amc.edu.mx\/amc2024\/?s={search_term_string}"},"query-input":"required name=search_term_string"}],"inLanguage":"es"},{"@type":"Organization","@id":"https:\/\/amc.edu.mx\/amc2024\/#organization","name":"Academia Mexicana de Ciencias","alternateName":"AMC","url":"https:\/\/amc.edu.mx\/amc2024\/","logo":{"@type":"ImageObject","inLanguage":"es","@id":"https:\/\/amc.edu.mx\/amc2024\/#\/schema\/logo\/image\/","url":"https:\/\/amc.edu.mx\/amc2024\/wp-content\/uploads\/2023\/10\/logo_amc-1.png","contentUrl":"https:\/\/amc.edu.mx\/amc2024\/wp-content\/uploads\/2023\/10\/logo_amc-1.png","width":455,"height":300,"caption":"Academia Mexicana de Ciencias"},"image":{"@id":"https:\/\/amc.edu.mx\/amc2024\/#\/schema\/logo\/image\/"},"sameAs":["https:\/\/www.facebook.com\/amciencias","https:\/\/twitter.com\/amciencias","https:\/\/www.instagram.com\/amciencias","https:\/\/www.youtube.com\/@AMCiencias","https:\/\/www.tiktok.com\/@amciencias"]}]}},"_links":{"self":[{"href":"https:\/\/amc.edu.mx\/amc2024\/wp-json\/wp\/v2\/pages\/138","targetHints":{"allow":["GET"]}}],"collection":[{"href":"https:\/\/amc.edu.mx\/amc2024\/wp-json\/wp\/v2\/pages"}],"about":[{"href":"https:\/\/amc.edu.mx\/amc2024\/wp-json\/wp\/v2\/types\/page"}],"author":[{"embeddable":true,"href":"https:\/\/amc.edu.mx\/amc2024\/wp-json\/wp\/v2\/users\/1"}],"replies":[{"embeddable":true,"href":"https:\/\/amc.edu.mx\/amc2024\/wp-json\/wp\/v2\/comments?post=138"}],"version-history":[{"count":15,"href":"https:\/\/amc.edu.mx\/amc2024\/wp-json\/wp\/v2\/pages\/138\/revisions"}],"predecessor-version":[{"id":1744,"href":"https:\/\/amc.edu.mx\/amc2024\/wp-json\/wp\/v2\/pages\/138\/revisions\/1744"}],"wp:attachment":[{"href":"https:\/\/amc.edu.mx\/amc2024\/wp-json\/wp\/v2\/media?parent=138"}],"curies":[{"name":"wp","href":"https:\/\/api.w.org\/{rel}","templated":true}]}}