{"id":136,"date":"2023-10-17T06:55:35","date_gmt":"2023-10-17T00:55:35","guid":{"rendered":"https:\/\/amc.edu.mx\/amc2024\/?page_id=136"},"modified":"2024-03-01T21:10:01","modified_gmt":"2024-03-02T03:10:01","slug":"asuntos-internacionales","status":"publish","type":"page","link":"https:\/\/amc.edu.mx\/amc2024\/asuntos-internacionales\/","title":{"rendered":"Asuntos internacionales"},"content":{"rendered":"\n<div class=\"wp-block-columns is-layout-flex wp-container-core-columns-is-layout-9d6595d7 wp-block-columns-is-layout-flex\">\n<div class=\"wp-block-column is-layout-flow wp-block-column-is-layout-flow\" style=\"flex-basis:25%\"><nav class=\"is-responsive wp-block-navigation is-layout-flex wp-block-navigation-is-layout-flex\" aria-label=\"menu-asuntos-int\" \n\t\t data-wp-interactive=\"core\/navigation\" data-wp-context='{\"overlayOpenedBy\":{\"click\":false,\"hover\":false,\"focus\":false},\"type\":\"overlay\",\"roleAttribute\":\"\",\"ariaLabel\":\"Men\\u00fa\"}'><button aria-haspopup=\"dialog\" aria-label=\"Abrir el men\u00fa\" class=\"wp-block-navigation__responsive-container-open\" \n\t\t\t\tdata-wp-on--click=\"actions.openMenuOnClick\"\n\t\t\t\tdata-wp-on--keydown=\"actions.handleMenuKeydown\"\n\t\t\t><svg width=\"24\" height=\"24\" xmlns=\"http:\/\/www.w3.org\/2000\/svg\" viewBox=\"0 0 24 24\" aria-hidden=\"true\" focusable=\"false\"><path d=\"M4 7.5h16v1.5H4z\"><\/path><path d=\"M4 15h16v1.5H4z\"><\/path><\/svg><\/button>\n\t\t\t\t<div class=\"wp-block-navigation__responsive-container\"  id=\"modal-1\" \n\t\t\t\tdata-wp-class--has-modal-open=\"state.isMenuOpen\"\n\t\t\t\tdata-wp-class--is-menu-open=\"state.isMenuOpen\"\n\t\t\t\tdata-wp-watch=\"callbacks.initMenu\"\n\t\t\t\tdata-wp-on--keydown=\"actions.handleMenuKeydown\"\n\t\t\t\tdata-wp-on--focusout=\"actions.handleMenuFocusout\"\n\t\t\t\ttabindex=\"-1\"\n\t\t\t>\n\t\t\t\t\t<div class=\"wp-block-navigation__responsive-close\" tabindex=\"-1\">\n\t\t\t\t\t\t<div class=\"wp-block-navigation__responsive-dialog\" \n\t\t\t\tdata-wp-bind--aria-modal=\"state.ariaModal\"\n\t\t\t\tdata-wp-bind--aria-label=\"state.ariaLabel\"\n\t\t\t\tdata-wp-bind--role=\"state.roleAttribute\"\n\t\t\t>\n\t\t\t\t\t\t\t<button aria-label=\"Cerrar el men\u00fa\" class=\"wp-block-navigation__responsive-container-close\" \n\t\t\t\tdata-wp-on--click=\"actions.closeMenuOnClick\"\n\t\t\t><svg xmlns=\"http:\/\/www.w3.org\/2000\/svg\" viewBox=\"0 0 24 24\" width=\"24\" height=\"24\" aria-hidden=\"true\" focusable=\"false\"><path d=\"m13.06 12 6.47-6.47-1.06-1.06L12 10.94 5.53 4.47 4.47 5.53 10.94 12l-6.47 6.47 1.06 1.06L12 13.06l6.47 6.47 1.06-1.06L13.06 12Z\"><\/path><\/svg><\/button>\n\t\t\t\t\t\t\t<div class=\"wp-block-navigation__responsive-container-content\" \n\t\t\t\tdata-wp-watch=\"callbacks.focusFirstElement\"\n\t\t\t id=\"modal-1-content\">\n\t\t\t\t\t\t\t\t<ul class=\"wp-block-navigation__container is-responsive wp-block-navigation\"><li class=\" wp-block-navigation-item wp-block-navigation-link\"><a class=\"wp-block-navigation-item__content\"  href=\"https:\/\/amc.edu.mx\/amc2024\/index.php\/asuntos-internacionales\/\"><span class=\"wp-block-navigation-item__label\">Asuntos internacionales<\/span><\/a><\/li><li class=\" wp-block-navigation-item wp-block-navigation-link\"><a class=\"wp-block-navigation-item__content\"  href=\"https:\/\/amc.edu.mx\/amc2024\/index.php\/the-us-national-academy-of-sciences\/\"><span class=\"wp-block-navigation-item__label\">The US National Academy of Sciences<\/span><\/a><\/li><li class=\" wp-block-navigation-item wp-block-navigation-link\"><a class=\"wp-block-navigation-item__content\"  href=\"https:\/\/amc.edu.mx\/amc2024\/index.php\/red-global-de-academias-de-ciencias-iap\/\"><span class=\"wp-block-navigation-item__label\">Red Global de Academias de Ciencias (IAP)<\/span><\/a><\/li><li class=\" wp-block-navigation-item wp-block-navigation-link\"><a class=\"wp-block-navigation-item__content\"  href=\"https:\/\/amc.edu.mx\/amc2024\/index.php\/interamerican-network-of-academies-of-sciences-ianas\/\"><span class=\"wp-block-navigation-item__label\">Interamerican Network of Academies of Sciences (IANAS)<\/span><\/a><\/li><li class=\" wp-block-navigation-item wp-block-navigation-link\"><a class=\"wp-block-navigation-item__content\"  href=\"https:\/\/amc.edu.mx\/amc2024\/index.php\/the-academy-of-sciences-for-the-developing-world-twas\/\"><span class=\"wp-block-navigation-item__label\">The Academy of Sciences for the Developing World (TWAS)<\/span><\/a><\/li><li class=\" wp-block-navigation-item wp-block-navigation-link\"><a class=\"wp-block-navigation-item__content\"  href=\"https:\/\/amc.edu.mx\/amc2024\/index.php\/international-science-council-isc\/\"><span class=\"wp-block-navigation-item__label\">International Science Council (ISC)<\/span><\/a><\/li><li class=\" wp-block-navigation-item wp-block-navigation-link\"><a class=\"wp-block-navigation-item__content\"  href=\"https:\/\/amc.edu.mx\/amc2024\/index.php\/red-latinoamericana-de-quimica\/\"><span class=\"wp-block-navigation-item__label\">Red Latinoamericana de Qu\u00edmica<\/span><\/a><\/li><li class=\" wp-block-navigation-item wp-block-navigation-link\"><a class=\"wp-block-navigation-item__content\"  href=\"https:\/\/amc.edu.mx\/amc2024\/index.php\/red-latinoamericana-de-biologia\/\"><span class=\"wp-block-navigation-item__label\">Red Latinoamericana de Biolog\u00eda<\/span><\/a><\/li><li class=\" wp-block-navigation-item wp-block-navigation-link\"><a class=\"wp-block-navigation-item__content\"  href=\"https:\/\/amc.edu.mx\/amc2024\/index.php\/visita-de-profesores-distinguidos\/\"><span class=\"wp-block-navigation-item__label\">Visita de profesores distinguidos\u00a0<\/span><\/a><\/li><li class=\" wp-block-navigation-item wp-block-navigation-link\"><a class=\"wp-block-navigation-item__content\"  href=\"https:\/\/amc.edu.mx\/amc2024\/index.php\/estancias-de-verano-para-investigadores-jovenes\/\"><span class=\"wp-block-navigation-item__label\">Estancias de verano para investigadores j\u00f3venes<\/span><\/a><\/li><li class=\" wp-block-navigation-item wp-block-navigation-link\"><a class=\"wp-block-navigation-item__content\"  href=\"https:\/\/amc.edu.mx\/amc2024\/index.php\/comunidad-cientifica-del-caribe\/\"><span class=\"wp-block-navigation-item__label\">Comunidad Cient\u00edfica del Caribe<\/span><\/a><\/li><li class=\" wp-block-navigation-item wp-block-navigation-link\"><a class=\"wp-block-navigation-item__content\"  href=\"https:\/\/amc.edu.mx\/amc2024\/index.php\/academias-de-ciencias-del-grupo-g-science\/\"><span class=\"wp-block-navigation-item__label\">Academias de Ciencias del Grupo G-Science<\/span><\/a><\/li><li class=\" wp-block-navigation-item wp-block-navigation-link\"><a class=\"wp-block-navigation-item__content\"  href=\"https:\/\/amc.edu.mx\/amc2024\/index.php\/ano-dual-alemania-mexico\/\"><span class=\"wp-block-navigation-item__label\">A\u00f1o Dual Alemania-M\u00e9xico<\/span><\/a><\/li><li class=\" wp-block-navigation-item wp-block-navigation-link\"><a class=\"wp-block-navigation-item__content\"  href=\"https:\/\/amc.edu.mx\/amc2024\/index.php\/2015-ano-internacional-de-la-luz\/\"><span class=\"wp-block-navigation-item__label\">2015 A\u00f1o Internacional de la Luz<\/span><\/a><\/li><li class=\" wp-block-navigation-item wp-block-navigation-link\"><a class=\"wp-block-navigation-item__content\"  href=\"https:\/\/amc.edu.mx\/amc2024\/index.php\/fundacion-lindau\/\"><span class=\"wp-block-navigation-item__label\">Fundaci\u00f3n Lindau<\/span><\/a><\/li><\/ul>\n\t\t\t\t\t\t\t<\/div>\n\t\t\t\t\t\t<\/div>\n\t\t\t\t\t<\/div>\n\t\t\t\t<\/div><\/nav><\/div>\n\n\n\n<div class=\"wp-block-column is-layout-flow wp-block-column-is-layout-flow\" style=\"flex-basis:75%\">\n<div class=\"wp-block-columns is-layout-flex wp-container-core-columns-is-layout-9d6595d7 wp-block-columns-is-layout-flex\">\n<div class=\"wp-block-column is-layout-flow wp-block-column-is-layout-flow\">\n<p>Desde sus inicios, la Academia Mexicana de Ciencias se dio a la tarea de impulsar su relaci\u00f3n con varios organismos del mundo para atender asuntos internacionales.<br><br>Prueba de ello es el establecimiento de estrechos lazos con diversas academias y asociaciones del mundo, mismos que se han traducido en la firma de importantes convenios de colaboraci\u00f3n, as\u00ed como en la realizaci\u00f3n de actividades acad\u00e9micas en beneficio de la ciencia mexicana.<\/p>\n\n\n\n<p>La coordinaci\u00f3n de asuntos internacionales tiene como prop\u00f3sito mantener el v\u00ednculo con diversos organismos, principalmente con academias de otros pa\u00edses y con instituciones que han apoyado diversos programas para el avance de la ciencia y la tecnolog\u00eda en M\u00e9xico.<\/p>\n\n\n\n<p>Asimismo, esta coordinaci\u00f3n representa a la Academia ante diversas instancias mundiales como la <a href=\"https:\/\/amc.edu.mx\/amc2024\/red-global-de-academias-de-ciencias-iap\/\">Red Global de Academias de Ciencias (IAP)<\/a>, la<em>\u00a0<a href=\"https:\/\/amc.edu.mx\/amc2024\/the-us-national-academy-of-sciences\/\">National Academy of Sciences<\/a><\/em>\u00a0de Estados Unidos de Am\u00e9rica, <a href=\"https:\/\/amc.edu.mx\/amc2024\/interamerican-network-of-academies-of-sciences-ianas\/\">Red Interamericana de Academias de Ciencias\u00a0(IANAS)<\/a> o las <a href=\"https:\/\/amc.edu.mx\/amc2024\/academias-de-ciencias-del-grupo-g-science\/\">Academias de Ciencias del Grupo G-Science<\/a>,\u00a0por mencionar algunas.<\/p>\n<\/div>\n\n\n\n<div class=\"wp-block-column is-layout-flow wp-block-column-is-layout-flow\">\n<figure class=\"wp-block-image size-large\"><img loading=\"lazy\" decoding=\"async\" width=\"1024\" height=\"682\" src=\"https:\/\/amc.edu.mx\/amc2024\/wp-content\/uploads\/2024\/02\/382-1024x682.jpg\" alt=\"\" class=\"wp-image-3288\" srcset=\"https:\/\/amc.edu.mx\/amc2024\/wp-content\/uploads\/2024\/02\/382-1024x682.jpg 1024w, https:\/\/amc.edu.mx\/amc2024\/wp-content\/uploads\/2024\/02\/382-300x200.jpg 300w, https:\/\/amc.edu.mx\/amc2024\/wp-content\/uploads\/2024\/02\/382-768x512.jpg 768w, https:\/\/amc.edu.mx\/amc2024\/wp-content\/uploads\/2024\/02\/382-1536x1024.jpg 1536w, https:\/\/amc.edu.mx\/amc2024\/wp-content\/uploads\/2024\/02\/382-1140x760.jpg 1140w, https:\/\/amc.edu.mx\/amc2024\/wp-content\/uploads\/2024\/02\/382.jpg 2000w\" sizes=\"auto, (max-width: 1024px) 100vw, 1024px\" \/><\/figure>\n<\/div>\n<\/div>\n<\/div>\n<\/div>\n","protected":false},"excerpt":{"rendered":"<p>Desde sus inicios, la Academia Mexicana de Ciencias se dio a la tarea de impulsar su relaci\u00f3n con varios organismos del mundo para atender asuntos internacionales. Prueba de ello es el establecimiento de estrechos lazos con diversas academias y asociaciones del mundo, mismos que se han traducido en la firma de importantes convenios de colaboraci\u00f3n, as\u00ed como en la realizaci\u00f3n de actividades acad\u00e9micas en beneficio de la ciencia mexicana. La coordinaci\u00f3n de asuntos internacionales tiene como prop\u00f3sito mantener el v\u00ednculo con diversos organismos, principalmente con academias de otros pa\u00edses y con instituciones que han apoyado diversos programas para el avance de la ciencia y la tecnolog\u00eda en M\u00e9xico. Asimismo, esta coordinaci\u00f3n representa a la Academia ante diversas instancias mundiales como la Red Global de Academias de Ciencias (IAP), la\u00a0National Academy of Sciences\u00a0de Estados Unidos de Am\u00e9rica, Red Interamericana de Academias de Ciencias\u00a0(IANAS) o las Academias de Ciencias del Grupo G-Science,\u00a0por mencionar algunas.<\/p>\n","protected":false},"author":1,"featured_media":0,"parent":0,"menu_order":0,"comment_status":"closed","ping_status":"closed","template":"","meta":{"pgc_sgb_lightbox_settings":"","footnotes":""},"class_list":["post-136","page","type-page","status-publish","hentry"],"yoast_head":"<!-- This site is optimized with the Yoast SEO plugin v22.1 - https:\/\/yoast.com\/wordpress\/plugins\/seo\/ -->\n<title>Asuntos internacionales - Academia Mexicana de Ciencias<\/title>\n<meta name=\"description\" content=\"La AMC mantiene un v\u00ednculo con academias e instituciones de otros pa\u00edses y atiende de esta manera asuntos internacionales.\" \/>\n<meta name=\"robots\" content=\"noindex, follow, max-snippet:-1, max-image-preview:large, max-video-preview:-1\" \/>\n<meta property=\"og:locale\" content=\"es_MX\" \/>\n<meta property=\"og:type\" content=\"article\" \/>\n<meta property=\"og:title\" content=\"Asuntos internacionales - Academia Mexicana de Ciencias\" \/>\n<meta property=\"og:description\" content=\"La AMC mantiene un v\u00ednculo con academias e instituciones de otros pa\u00edses y atiende de esta manera asuntos internacionales.\" \/>\n<meta property=\"og:url\" content=\"https:\/\/amc.edu.mx\/amc2024\/asuntos-internacionales\/\" \/>\n<meta property=\"og:site_name\" content=\"Academia Mexicana de Ciencias\" \/>\n<meta property=\"article:publisher\" content=\"https:\/\/www.facebook.com\/amciencias\" \/>\n<meta property=\"article:modified_time\" content=\"2024-03-02T03:10:01+00:00\" \/>\n<meta property=\"og:image\" content=\"https:\/\/amc.edu.mx\/amc2024\/wp-content\/uploads\/2024\/02\/382-1024x682.jpg\" \/>\n<meta name=\"twitter:card\" content=\"summary_large_image\" \/>\n<meta name=\"twitter:site\" content=\"@amciencias\" \/>\n<meta name=\"twitter:label1\" content=\"Tiempo de lectura\" \/>\n\t<meta name=\"twitter:data1\" content=\"1 minuto\" \/>\n<script type=\"application\/ld+json\" class=\"yoast-schema-graph\">{\"@context\":\"https:\/\/schema.org\",\"@graph\":[{\"@type\":\"WebPage\",\"@id\":\"https:\/\/amc.edu.mx\/amc2024\/asuntos-internacionales\/\",\"url\":\"https:\/\/amc.edu.mx\/amc2024\/asuntos-internacionales\/\",\"name\":\"Asuntos internacionales - Academia Mexicana de Ciencias\",\"isPartOf\":{\"@id\":\"https:\/\/amc.edu.mx\/amc2024\/#website\"},\"datePublished\":\"2023-10-17T00:55:35+00:00\",\"dateModified\":\"2024-03-02T03:10:01+00:00\",\"description\":\"La AMC mantiene un v\u00ednculo con academias e instituciones de otros pa\u00edses y atiende de esta manera asuntos internacionales.\",\"breadcrumb\":{\"@id\":\"https:\/\/amc.edu.mx\/amc2024\/asuntos-internacionales\/#breadcrumb\"},\"inLanguage\":\"es\",\"potentialAction\":[{\"@type\":\"ReadAction\",\"target\":[\"https:\/\/amc.edu.mx\/amc2024\/asuntos-internacionales\/\"]}]},{\"@type\":\"BreadcrumbList\",\"@id\":\"https:\/\/amc.edu.mx\/amc2024\/asuntos-internacionales\/#breadcrumb\",\"itemListElement\":[{\"@type\":\"ListItem\",\"position\":1,\"name\":\"Inicio\",\"item\":\"https:\/\/amc.edu.mx\/amc2024\/\"},{\"@type\":\"ListItem\",\"position\":2,\"name\":\"Asuntos internacionales\"}]},{\"@type\":\"WebSite\",\"@id\":\"https:\/\/amc.edu.mx\/amc2024\/#website\",\"url\":\"https:\/\/amc.edu.mx\/amc2024\/\",\"name\":\"Academia Mexicana de Ciencias\",\"description\":\"ACADEMIA MEXICANA DE CIENCIAS\",\"publisher\":{\"@id\":\"https:\/\/amc.edu.mx\/amc2024\/#organization\"},\"alternateName\":\"AMC\",\"potentialAction\":[{\"@type\":\"SearchAction\",\"target\":{\"@type\":\"EntryPoint\",\"urlTemplate\":\"https:\/\/amc.edu.mx\/amc2024\/?s={search_term_string}\"},\"query-input\":\"required name=search_term_string\"}],\"inLanguage\":\"es\"},{\"@type\":\"Organization\",\"@id\":\"https:\/\/amc.edu.mx\/amc2024\/#organization\",\"name\":\"Academia Mexicana de Ciencias\",\"alternateName\":\"AMC\",\"url\":\"https:\/\/amc.edu.mx\/amc2024\/\",\"logo\":{\"@type\":\"ImageObject\",\"inLanguage\":\"es\",\"@id\":\"https:\/\/amc.edu.mx\/amc2024\/#\/schema\/logo\/image\/\",\"url\":\"https:\/\/amc.edu.mx\/amc2024\/wp-content\/uploads\/2023\/10\/logo_amc-1.png\",\"contentUrl\":\"https:\/\/amc.edu.mx\/amc2024\/wp-content\/uploads\/2023\/10\/logo_amc-1.png\",\"width\":455,\"height\":300,\"caption\":\"Academia Mexicana de Ciencias\"},\"image\":{\"@id\":\"https:\/\/amc.edu.mx\/amc2024\/#\/schema\/logo\/image\/\"},\"sameAs\":[\"https:\/\/www.facebook.com\/amciencias\",\"https:\/\/twitter.com\/amciencias\",\"https:\/\/www.instagram.com\/amciencias\",\"https:\/\/www.youtube.com\/@AMCiencias\",\"https:\/\/www.tiktok.com\/@amciencias\"]}]}<\/script>\n<!-- \/ Yoast SEO plugin. -->","yoast_head_json":{"title":"Asuntos internacionales - Academia Mexicana de Ciencias","description":"La AMC mantiene un v\u00ednculo con academias e instituciones de otros pa\u00edses y atiende de esta manera asuntos internacionales.","robots":{"index":"noindex","follow":"follow","max-snippet":"max-snippet:-1","max-image-preview":"max-image-preview:large","max-video-preview":"max-video-preview:-1"},"og_locale":"es_MX","og_type":"article","og_title":"Asuntos internacionales - Academia Mexicana de Ciencias","og_description":"La AMC mantiene un v\u00ednculo con academias e instituciones de otros pa\u00edses y atiende de esta manera asuntos internacionales.","og_url":"https:\/\/amc.edu.mx\/amc2024\/asuntos-internacionales\/","og_site_name":"Academia Mexicana de Ciencias","article_publisher":"https:\/\/www.facebook.com\/amciencias","article_modified_time":"2024-03-02T03:10:01+00:00","og_image":[{"url":"https:\/\/amc.edu.mx\/amc2024\/wp-content\/uploads\/2024\/02\/382-1024x682.jpg"}],"twitter_card":"summary_large_image","twitter_site":"@amciencias","twitter_misc":{"Tiempo de lectura":"1 minuto"},"schema":{"@context":"https:\/\/schema.org","@graph":[{"@type":"WebPage","@id":"https:\/\/amc.edu.mx\/amc2024\/asuntos-internacionales\/","url":"https:\/\/amc.edu.mx\/amc2024\/asuntos-internacionales\/","name":"Asuntos internacionales - Academia Mexicana de Ciencias","isPartOf":{"@id":"https:\/\/amc.edu.mx\/amc2024\/#website"},"datePublished":"2023-10-17T00:55:35+00:00","dateModified":"2024-03-02T03:10:01+00:00","description":"La AMC mantiene un v\u00ednculo con academias e instituciones de otros pa\u00edses y atiende de esta manera asuntos internacionales.","breadcrumb":{"@id":"https:\/\/amc.edu.mx\/amc2024\/asuntos-internacionales\/#breadcrumb"},"inLanguage":"es","potentialAction":[{"@type":"ReadAction","target":["https:\/\/amc.edu.mx\/amc2024\/asuntos-internacionales\/"]}]},{"@type":"BreadcrumbList","@id":"https:\/\/amc.edu.mx\/amc2024\/asuntos-internacionales\/#breadcrumb","itemListElement":[{"@type":"ListItem","position":1,"name":"Inicio","item":"https:\/\/amc.edu.mx\/amc2024\/"},{"@type":"ListItem","position":2,"name":"Asuntos internacionales"}]},{"@type":"WebSite","@id":"https:\/\/amc.edu.mx\/amc2024\/#website","url":"https:\/\/amc.edu.mx\/amc2024\/","name":"Academia Mexicana de Ciencias","description":"ACADEMIA MEXICANA DE CIENCIAS","publisher":{"@id":"https:\/\/amc.edu.mx\/amc2024\/#organization"},"alternateName":"AMC","potentialAction":[{"@type":"SearchAction","target":{"@type":"EntryPoint","urlTemplate":"https:\/\/amc.edu.mx\/amc2024\/?s={search_term_string}"},"query-input":"required name=search_term_string"}],"inLanguage":"es"},{"@type":"Organization","@id":"https:\/\/amc.edu.mx\/amc2024\/#organization","name":"Academia Mexicana de Ciencias","alternateName":"AMC","url":"https:\/\/amc.edu.mx\/amc2024\/","logo":{"@type":"ImageObject","inLanguage":"es","@id":"https:\/\/amc.edu.mx\/amc2024\/#\/schema\/logo\/image\/","url":"https:\/\/amc.edu.mx\/amc2024\/wp-content\/uploads\/2023\/10\/logo_amc-1.png","contentUrl":"https:\/\/amc.edu.mx\/amc2024\/wp-content\/uploads\/2023\/10\/logo_amc-1.png","width":455,"height":300,"caption":"Academia Mexicana de Ciencias"},"image":{"@id":"https:\/\/amc.edu.mx\/amc2024\/#\/schema\/logo\/image\/"},"sameAs":["https:\/\/www.facebook.com\/amciencias","https:\/\/twitter.com\/amciencias","https:\/\/www.instagram.com\/amciencias","https:\/\/www.youtube.com\/@AMCiencias","https:\/\/www.tiktok.com\/@amciencias"]}]}},"_links":{"self":[{"href":"https:\/\/amc.edu.mx\/amc2024\/wp-json\/wp\/v2\/pages\/136","targetHints":{"allow":["GET"]}}],"collection":[{"href":"https:\/\/amc.edu.mx\/amc2024\/wp-json\/wp\/v2\/pages"}],"about":[{"href":"https:\/\/amc.edu.mx\/amc2024\/wp-json\/wp\/v2\/types\/page"}],"author":[{"embeddable":true,"href":"https:\/\/amc.edu.mx\/amc2024\/wp-json\/wp\/v2\/users\/1"}],"replies":[{"embeddable":true,"href":"https:\/\/amc.edu.mx\/amc2024\/wp-json\/wp\/v2\/comments?post=136"}],"version-history":[{"count":20,"href":"https:\/\/amc.edu.mx\/amc2024\/wp-json\/wp\/v2\/pages\/136\/revisions"}],"predecessor-version":[{"id":3858,"href":"https:\/\/amc.edu.mx\/amc2024\/wp-json\/wp\/v2\/pages\/136\/revisions\/3858"}],"wp:attachment":[{"href":"https:\/\/amc.edu.mx\/amc2024\/wp-json\/wp\/v2\/media?parent=136"}],"curies":[{"name":"wp","href":"https:\/\/api.w.org\/{rel}","templated":true}]}}