{"id":132,"date":"2023-10-17T06:54:15","date_gmt":"2023-10-17T00:54:15","guid":{"rendered":"https:\/\/amc.edu.mx\/amc2024\/?page_id=132"},"modified":"2024-02-27T23:05:31","modified_gmt":"2024-02-28T05:05:31","slug":"programas","status":"publish","type":"page","link":"https:\/\/amc.edu.mx\/amc2024\/programas\/","title":{"rendered":"Programas"},"content":{"rendered":"\n<p>La Academia Mexicana de Ciencias tiene como una de sus tareas fundamentales promover la ciencia entre los ni\u00f1os y j\u00f3venes, con el fin de despertar su curiosidad cient\u00edfica y fomentar el inter\u00e9s por las disciplinas cient\u00edficas. Con este prop\u00f3sito, la AMC cuenta con varios programas todos ellos de gran tradici\u00f3n.<\/p>\n\n\n<style>.wp-show-posts-columns#wpsp-968 {margin-left: -2em; }.wp-show-posts-columns#wpsp-968 .wp-show-posts-inner {margin: 0 0 2em 2em; }<\/style><section id=\"wpsp-968\" class=\" wp-show-posts-columns wp-show-posts\" style=\"\"><article class=\" wp-show-posts-single post-2227 post type-post status-publish format-standard has-post-thumbnail hentry category-programa wpsp-col-4\" itemtype=\"http:\/\/schema.org\/CreativeWork\" itemscope><div class=\"wp-show-posts-inner\" style=\"\">\t\t<div class=\"wp-show-posts-image  wpsp-image-center \">\n\t\t\t<a href=\"https:\/\/amc.edu.mx\/amc2024\/revista-ciencia\/\"  title=\"Revista Ciencia\"><img loading=\"lazy\" decoding=\"async\" width=\"600\" height=\"278\" src=\"https:\/\/amc.edu.mx\/amc2024\/wp-content\/uploads\/2024\/01\/ciencia.png\" class=\"attachment-full size-full wp-post-image\" alt=\"Revista Ciencia\" itemprop=\"image\" srcset=\"https:\/\/amc.edu.mx\/amc2024\/wp-content\/uploads\/2024\/01\/ciencia.png 600w, https:\/\/amc.edu.mx\/amc2024\/wp-content\/uploads\/2024\/01\/ciencia-300x139.png 300w\" sizes=\"auto, (max-width: 600px) 100vw, 600px\" \/><\/a>\t\t<\/div>\n\t\t\t\t\t\t\t\t<header class=\"wp-show-posts-entry-header\">\n\t\t\t\t\t\t\t<h3 class=\"wp-show-posts-entry-title\" itemprop=\"headline\"><a href=\"https:\/\/amc.edu.mx\/amc2024\/revista-ciencia\/\" rel=\"bookmark\">Revista Ciencia<\/a><\/h3>\t\t\t\t\t\t<\/header><!-- .entry-header -->\n\t\t\t\t\t<\/div><!-- wp-show-posts-inner --><\/article><article class=\" wp-show-posts-single post-2289 post type-post status-publish format-standard has-post-thumbnail hentry category-programa wpsp-col-4\" itemtype=\"http:\/\/schema.org\/CreativeWork\" itemscope><div class=\"wp-show-posts-inner\" style=\"\">\t\t<div class=\"wp-show-posts-image  wpsp-image-center \">\n\t\t\t<a href=\"https:\/\/amc.edu.mx\/amc2024\/pasaporte-al-camino-al-conocimiento-cientifico\/\"  title=\"Pasaporte al Camino del Conocimiento Cient\u00edfico\"><img loading=\"lazy\" decoding=\"async\" width=\"600\" height=\"278\" src=\"https:\/\/amc.edu.mx\/amc2024\/wp-content\/uploads\/2024\/01\/Pasaporte.png\" class=\"attachment-full size-full wp-post-image\" alt=\"Pasaporte al Camino del Conocimiento Cient\u00edfico\" itemprop=\"image\" srcset=\"https:\/\/amc.edu.mx\/amc2024\/wp-content\/uploads\/2024\/01\/Pasaporte.png 600w, https:\/\/amc.edu.mx\/amc2024\/wp-content\/uploads\/2024\/01\/Pasaporte-300x139.png 300w\" sizes=\"auto, (max-width: 600px) 100vw, 600px\" \/><\/a>\t\t<\/div>\n\t\t\t\t\t\t\t\t<header class=\"wp-show-posts-entry-header\">\n\t\t\t\t\t\t\t<h3 class=\"wp-show-posts-entry-title\" itemprop=\"headline\"><a href=\"https:\/\/amc.edu.mx\/amc2024\/pasaporte-al-camino-al-conocimiento-cientifico\/\" rel=\"bookmark\">Pasaporte al Camino del Conocimiento Cient\u00edfico<\/a><\/h3>\t\t\t\t\t\t<\/header><!-- .entry-header -->\n\t\t\t\t\t<\/div><!-- wp-show-posts-inner --><\/article><article class=\" wp-show-posts-single post-2288 post type-post status-publish format-standard has-post-thumbnail hentry category-programa wpsp-col-4\" itemtype=\"http:\/\/schema.org\/CreativeWork\" itemscope><div class=\"wp-show-posts-inner\" style=\"\">\t\t<div class=\"wp-show-posts-image  wpsp-image-center \">\n\t\t\t<a href=\"https:\/\/amc.edu.mx\/amc2024\/conferencias-nobel\/\"  title=\"Conferencias Nobel\"><img loading=\"lazy\" decoding=\"async\" width=\"600\" height=\"278\" src=\"https:\/\/amc.edu.mx\/amc2024\/wp-content\/uploads\/2024\/01\/nobel.png\" class=\"attachment-full size-full wp-post-image\" alt=\"Conferencias Nobel\" itemprop=\"image\" srcset=\"https:\/\/amc.edu.mx\/amc2024\/wp-content\/uploads\/2024\/01\/nobel.png 600w, https:\/\/amc.edu.mx\/amc2024\/wp-content\/uploads\/2024\/01\/nobel-300x139.png 300w\" sizes=\"auto, (max-width: 600px) 100vw, 600px\" \/><\/a>\t\t<\/div>\n\t\t\t\t\t\t\t\t<header class=\"wp-show-posts-entry-header\">\n\t\t\t\t\t\t\t<h3 class=\"wp-show-posts-entry-title\" itemprop=\"headline\"><a href=\"https:\/\/amc.edu.mx\/amc2024\/conferencias-nobel\/\" rel=\"bookmark\">Conferencias Nobel<\/a><\/h3>\t\t\t\t\t\t<\/header><!-- .entry-header -->\n\t\t\t\t\t<\/div><!-- wp-show-posts-inner --><\/article><article class=\" wp-show-posts-single post-2287 post type-post status-publish format-standard has-post-thumbnail hentry category-programa wpsp-col-4\" itemtype=\"http:\/\/schema.org\/CreativeWork\" itemscope><div class=\"wp-show-posts-inner\" style=\"\">\t\t<div class=\"wp-show-posts-image  wpsp-image-center \">\n\t\t\t<a href=\"https:\/\/amc.edu.mx\/amc2024\/noche-de-las-estrellas\/\"  title=\"Noche de las Estrellas\"><img loading=\"lazy\" decoding=\"async\" width=\"600\" height=\"278\" src=\"https:\/\/amc.edu.mx\/amc2024\/wp-content\/uploads\/2024\/01\/noche-estrellas.png\" class=\"attachment-full size-full wp-post-image\" alt=\"Noche de las Estrellas\" itemprop=\"image\" srcset=\"https:\/\/amc.edu.mx\/amc2024\/wp-content\/uploads\/2024\/01\/noche-estrellas.png 600w, https:\/\/amc.edu.mx\/amc2024\/wp-content\/uploads\/2024\/01\/noche-estrellas-300x139.png 300w\" sizes=\"auto, (max-width: 600px) 100vw, 600px\" \/><\/a>\t\t<\/div>\n\t\t\t\t\t\t\t\t<header class=\"wp-show-posts-entry-header\">\n\t\t\t\t\t\t\t<h3 class=\"wp-show-posts-entry-title\" itemprop=\"headline\"><a href=\"https:\/\/amc.edu.mx\/amc2024\/noche-de-las-estrellas\/\" rel=\"bookmark\">Noche de las Estrellas<\/a><\/h3>\t\t\t\t\t\t<\/header><!-- .entry-header -->\n\t\t\t\t\t<\/div><!-- wp-show-posts-inner --><\/article><article class=\" wp-show-posts-single post-2157 post type-post status-publish format-standard has-post-thumbnail hentry category-programa wpsp-col-4\" itemtype=\"http:\/\/schema.org\/CreativeWork\" itemscope><div class=\"wp-show-posts-inner\" style=\"\">\t\t<div class=\"wp-show-posts-image  wpsp-image-center \">\n\t\t\t<a href=\"https:\/\/amc.edu.mx\/amc2024\/la-ciencia-en-tu-escuela\/\"  title=\"La Ciencia en tu Escuela\"><img loading=\"lazy\" decoding=\"async\" width=\"600\" height=\"278\" src=\"https:\/\/amc.edu.mx\/amc2024\/wp-content\/uploads\/2024\/01\/LCE.png\" class=\"attachment-full size-full wp-post-image\" alt=\"La Ciencia en tu Escuela\" itemprop=\"image\" srcset=\"https:\/\/amc.edu.mx\/amc2024\/wp-content\/uploads\/2024\/01\/LCE.png 600w, https:\/\/amc.edu.mx\/amc2024\/wp-content\/uploads\/2024\/01\/LCE-300x139.png 300w\" sizes=\"auto, (max-width: 600px) 100vw, 600px\" \/><\/a>\t\t<\/div>\n\t\t\t\t\t\t\t\t<header class=\"wp-show-posts-entry-header\">\n\t\t\t\t\t\t\t<h3 class=\"wp-show-posts-entry-title\" itemprop=\"headline\"><a href=\"https:\/\/amc.edu.mx\/amc2024\/la-ciencia-en-tu-escuela\/\" rel=\"bookmark\">La Ciencia en tu Escuela<\/a><\/h3>\t\t\t\t\t\t<\/header><!-- .entry-header -->\n\t\t\t\t\t<\/div><!-- wp-show-posts-inner --><\/article><article class=\" wp-show-posts-single post-2153 post type-post status-publish format-standard has-post-thumbnail hentry category-programa wpsp-col-4\" itemtype=\"http:\/\/schema.org\/CreativeWork\" itemscope><div class=\"wp-show-posts-inner\" style=\"\">\t\t<div class=\"wp-show-posts-image  wpsp-image-center \">\n\t\t\t<a href=\"https:\/\/amc.edu.mx\/amc2024\/verano-de-la-investigacion-cientifica\/\"  title=\"Verano de la Investigaci\u00f3n Cient\u00edfica\"><img loading=\"lazy\" decoding=\"async\" width=\"600\" height=\"278\" src=\"https:\/\/amc.edu.mx\/amc2024\/wp-content\/uploads\/2024\/01\/VIC.png\" class=\"attachment-full size-full wp-post-image\" alt=\"Verano de la Investigaci\u00f3n Cient\u00edfica\" itemprop=\"image\" srcset=\"https:\/\/amc.edu.mx\/amc2024\/wp-content\/uploads\/2024\/01\/VIC.png 600w, https:\/\/amc.edu.mx\/amc2024\/wp-content\/uploads\/2024\/01\/VIC-300x139.png 300w\" sizes=\"auto, (max-width: 600px) 100vw, 600px\" \/><\/a>\t\t<\/div>\n\t\t\t\t\t\t\t\t<header class=\"wp-show-posts-entry-header\">\n\t\t\t\t\t\t\t<h3 class=\"wp-show-posts-entry-title\" itemprop=\"headline\"><a href=\"https:\/\/amc.edu.mx\/amc2024\/verano-de-la-investigacion-cientifica\/\" rel=\"bookmark\">Verano de la Investigaci\u00f3n Cient\u00edfica<\/a><\/h3>\t\t\t\t\t\t<\/header><!-- .entry-header -->\n\t\t\t\t\t<\/div><!-- wp-show-posts-inner --><\/article><article class=\" wp-show-posts-single post-2286 post type-post status-publish format-standard has-post-thumbnail hentry category-programa wpsp-col-4\" itemtype=\"http:\/\/schema.org\/CreativeWork\" itemscope><div class=\"wp-show-posts-inner\" style=\"\">\t\t<div class=\"wp-show-posts-image  wpsp-image-center \">\n\t\t\t<a href=\"https:\/\/amc.edu.mx\/amc2024\/olimpiada-de-historia\/\"  title=\"Olimpiada de Historia\"><img loading=\"lazy\" decoding=\"async\" width=\"600\" height=\"278\" src=\"https:\/\/amc.edu.mx\/amc2024\/wp-content\/uploads\/2024\/01\/olimpiada-historia.png\" class=\"attachment-full size-full wp-post-image\" alt=\"Olimpiada de Historia\" itemprop=\"image\" srcset=\"https:\/\/amc.edu.mx\/amc2024\/wp-content\/uploads\/2024\/01\/olimpiada-historia.png 600w, https:\/\/amc.edu.mx\/amc2024\/wp-content\/uploads\/2024\/01\/olimpiada-historia-300x139.png 300w\" sizes=\"auto, (max-width: 600px) 100vw, 600px\" \/><\/a>\t\t<\/div>\n\t\t\t\t\t\t\t\t<header class=\"wp-show-posts-entry-header\">\n\t\t\t\t\t\t\t<h3 class=\"wp-show-posts-entry-title\" itemprop=\"headline\"><a href=\"https:\/\/amc.edu.mx\/amc2024\/olimpiada-de-historia\/\" rel=\"bookmark\">Olimpiada de Historia<\/a><\/h3>\t\t\t\t\t\t<\/header><!-- .entry-header -->\n\t\t\t\t\t<\/div><!-- wp-show-posts-inner --><\/article><article class=\" wp-show-posts-single post-2142 post type-post status-publish format-standard has-post-thumbnail hentry category-programa wpsp-col-4\" itemtype=\"http:\/\/schema.org\/CreativeWork\" itemscope><div class=\"wp-show-posts-inner\" style=\"\">\t\t<div class=\"wp-show-posts-image  wpsp-image-center \">\n\t\t\t<a href=\"https:\/\/amc.edu.mx\/amc2024\/olimpiada-de-biologia\/\"  title=\"Olimpiada de Biolog\u00eda\"><img loading=\"lazy\" decoding=\"async\" width=\"600\" height=\"278\" src=\"https:\/\/amc.edu.mx\/amc2024\/wp-content\/uploads\/2024\/01\/olimpiada-biologia.png\" class=\"attachment-full size-full wp-post-image\" alt=\"Olimpiada de Biolog\u00eda\" itemprop=\"image\" srcset=\"https:\/\/amc.edu.mx\/amc2024\/wp-content\/uploads\/2024\/01\/olimpiada-biologia.png 600w, https:\/\/amc.edu.mx\/amc2024\/wp-content\/uploads\/2024\/01\/olimpiada-biologia-300x139.png 300w\" sizes=\"auto, (max-width: 600px) 100vw, 600px\" \/><\/a>\t\t<\/div>\n\t\t\t\t\t\t\t\t<header class=\"wp-show-posts-entry-header\">\n\t\t\t\t\t\t\t<h3 class=\"wp-show-posts-entry-title\" itemprop=\"headline\"><a href=\"https:\/\/amc.edu.mx\/amc2024\/olimpiada-de-biologia\/\" rel=\"bookmark\">Olimpiada de Biolog\u00eda<\/a><\/h3>\t\t\t\t\t\t<\/header><!-- .entry-header -->\n\t\t\t\t\t<\/div><!-- wp-show-posts-inner --><\/article><article class=\" wp-show-posts-single post-2284 post type-post status-publish format-standard has-post-thumbnail hentry category-programa wpsp-col-4\" itemtype=\"http:\/\/schema.org\/CreativeWork\" itemscope><div class=\"wp-show-posts-inner\" style=\"\">\t\t<div class=\"wp-show-posts-image  wpsp-image-center \">\n\t\t\t<a href=\"https:\/\/amc.edu.mx\/amc2024\/olimpiada-de-quimica\/\"  title=\"Olimpiada de Qu\u00edmica\"><img loading=\"lazy\" decoding=\"async\" width=\"600\" height=\"278\" src=\"https:\/\/amc.edu.mx\/amc2024\/wp-content\/uploads\/2024\/01\/olimpiada-quimica.png\" class=\"attachment-full size-full wp-post-image\" alt=\"Olimpiada de Qu\u00edmica\" itemprop=\"image\" srcset=\"https:\/\/amc.edu.mx\/amc2024\/wp-content\/uploads\/2024\/01\/olimpiada-quimica.png 600w, https:\/\/amc.edu.mx\/amc2024\/wp-content\/uploads\/2024\/01\/olimpiada-quimica-300x139.png 300w\" sizes=\"auto, (max-width: 600px) 100vw, 600px\" \/><\/a>\t\t<\/div>\n\t\t\t\t\t\t\t\t<header class=\"wp-show-posts-entry-header\">\n\t\t\t\t\t\t\t<h3 class=\"wp-show-posts-entry-title\" itemprop=\"headline\"><a href=\"https:\/\/amc.edu.mx\/amc2024\/olimpiada-de-quimica\/\" rel=\"bookmark\">Olimpiada de Qu\u00edmica<\/a><\/h3>\t\t\t\t\t\t<\/header><!-- .entry-header -->\n\t\t\t\t\t<\/div><!-- wp-show-posts-inner --><\/article><article class=\" wp-show-posts-single post-2283 post type-post status-publish format-standard has-post-thumbnail hentry category-programa wpsp-col-4\" itemtype=\"http:\/\/schema.org\/CreativeWork\" itemscope><div class=\"wp-show-posts-inner\" style=\"\">\t\t<div class=\"wp-show-posts-image  wpsp-image-center \">\n\t\t\t<a href=\"https:\/\/amc.edu.mx\/amc2024\/competencia-cotorra-de-matematicas\/\"  title=\"Competencia Cotorra de Matem\u00e1ticas\"><img loading=\"lazy\" decoding=\"async\" width=\"600\" height=\"278\" src=\"https:\/\/amc.edu.mx\/amc2024\/wp-content\/uploads\/2023\/10\/Competencia-cotorra.png\" class=\"attachment-full size-full wp-post-image\" alt=\"Competencia Cotorra de Matem\u00e1ticas\" itemprop=\"image\" srcset=\"https:\/\/amc.edu.mx\/amc2024\/wp-content\/uploads\/2023\/10\/Competencia-cotorra.png 600w, https:\/\/amc.edu.mx\/amc2024\/wp-content\/uploads\/2023\/10\/Competencia-cotorra-300x139.png 300w\" sizes=\"auto, (max-width: 600px) 100vw, 600px\" \/><\/a>\t\t<\/div>\n\t\t\t\t\t\t\t\t<header class=\"wp-show-posts-entry-header\">\n\t\t\t\t\t\t\t<h3 class=\"wp-show-posts-entry-title\" itemprop=\"headline\"><a href=\"https:\/\/amc.edu.mx\/amc2024\/competencia-cotorra-de-matematicas\/\" rel=\"bookmark\">Competencia Cotorra de Matem\u00e1ticas<\/a><\/h3>\t\t\t\t\t\t<\/header><!-- .entry-header -->\n\t\t\t\t\t<\/div><!-- wp-show-posts-inner --><\/article><article class=\" wp-show-posts-single post-966 post type-post status-publish format-standard has-post-thumbnail hentry category-programa wpsp-col-4\" itemtype=\"http:\/\/schema.org\/CreativeWork\" itemscope><div class=\"wp-show-posts-inner\" style=\"\">\t\t<div class=\"wp-show-posts-image  wpsp-image-center \">\n\t\t\t<a href=\"https:\/\/amc.edu.mx\/amc2024\/domingos-en-la-ciencia\/\"  title=\"Domingos en la Ciencia\"><img loading=\"lazy\" decoding=\"async\" width=\"600\" height=\"278\" src=\"https:\/\/amc.edu.mx\/amc2024\/wp-content\/uploads\/2023\/10\/prem_domingos.jpg\" class=\"attachment-full size-full wp-post-image\" alt=\"Domingos en la ciencia\" itemprop=\"image\" srcset=\"https:\/\/amc.edu.mx\/amc2024\/wp-content\/uploads\/2023\/10\/prem_domingos.jpg 600w, https:\/\/amc.edu.mx\/amc2024\/wp-content\/uploads\/2023\/10\/prem_domingos-300x139.jpg 300w\" sizes=\"auto, (max-width: 600px) 100vw, 600px\" \/><\/a>\t\t<\/div>\n\t\t\t\t\t\t\t\t<header class=\"wp-show-posts-entry-header\">\n\t\t\t\t\t\t\t<h3 class=\"wp-show-posts-entry-title\" itemprop=\"headline\"><a href=\"https:\/\/amc.edu.mx\/amc2024\/domingos-en-la-ciencia\/\" rel=\"bookmark\">Domingos en la Ciencia<\/a><\/h3>\t\t\t\t\t\t<\/header><!-- .entry-header -->\n\t\t\t\t\t<\/div><!-- wp-show-posts-inner --><\/article><article class=\" wp-show-posts-single post-1 post type-post status-publish format-standard has-post-thumbnail hentry category-programa wpsp-col-4\" itemtype=\"http:\/\/schema.org\/CreativeWork\" itemscope><div class=\"wp-show-posts-inner\" style=\"\">\t\t<div class=\"wp-show-posts-image  wpsp-image-center \">\n\t\t\t<a href=\"https:\/\/amc.edu.mx\/amc2024\/robotica-y-computacion\/\"  title=\"Rob\u00f3tica pedag\u00f3gica y computaci\u00f3n para ni\u00f1os y j\u00f3venes\"><img loading=\"lazy\" decoding=\"async\" width=\"600\" height=\"278\" src=\"https:\/\/amc.edu.mx\/amc2024\/wp-content\/uploads\/2023\/09\/prog_robotica.jpg\" class=\"attachment-full size-full wp-post-image\" alt=\"Programa de rob\u00f3tica AMC\" itemprop=\"image\" srcset=\"https:\/\/amc.edu.mx\/amc2024\/wp-content\/uploads\/2023\/09\/prog_robotica.jpg 600w, https:\/\/amc.edu.mx\/amc2024\/wp-content\/uploads\/2023\/09\/prog_robotica-300x139.jpg 300w\" sizes=\"auto, (max-width: 600px) 100vw, 600px\" \/><\/a>\t\t<\/div>\n\t\t\t\t\t\t\t\t<header class=\"wp-show-posts-entry-header\">\n\t\t\t\t\t\t\t<h3 class=\"wp-show-posts-entry-title\" itemprop=\"headline\"><a href=\"https:\/\/amc.edu.mx\/amc2024\/robotica-y-computacion\/\" rel=\"bookmark\">Rob\u00f3tica pedag\u00f3gica y computaci\u00f3n para ni\u00f1os y j\u00f3venes<\/a><\/h3>\t\t\t\t\t\t<\/header><!-- .entry-header -->\n\t\t\t\t\t<\/div><!-- wp-show-posts-inner --><\/article><div class=\"wpsp-clear\"><\/div><\/section><!-- .wp-show-posts -->\n\n\n\n<p>Estos programas son apoyados por el Consejo Nacional de Humanidades, Ciencias y Tecnolog\u00edas.<\/p>\n","protected":false},"excerpt":{"rendered":"<p>La Academia Mexicana de Ciencias tiene como una de sus tareas fundamentales promover la ciencia entre los ni\u00f1os y j\u00f3venes, con el fin de despertar su curiosidad cient\u00edfica y fomentar el inter\u00e9s por las disciplinas cient\u00edficas. Con este prop\u00f3sito, la AMC cuenta con varios programas todos ellos de gran tradici\u00f3n. Estos programas son apoyados por el Consejo Nacional de Humanidades, Ciencias y Tecnolog\u00edas.<\/p>\n","protected":false},"author":1,"featured_media":0,"parent":0,"menu_order":0,"comment_status":"closed","ping_status":"closed","template":"","meta":{"pgc_sgb_lightbox_settings":"","footnotes":""},"class_list":["post-132","page","type-page","status-publish","hentry"],"yoast_head":"<!-- This site is optimized with the Yoast SEO plugin v22.1 - https:\/\/yoast.com\/wordpress\/plugins\/seo\/ -->\n<title>Programas - Academia Mexicana de Ciencias<\/title>\n<meta name=\"description\" content=\"Los programas de la AMC buscan promover la ciencia entre los ni\u00f1os y j\u00f3venes, con el fin de despertar su curiosidad cient\u00edfica.\" \/>\n<meta name=\"robots\" content=\"noindex, follow, max-snippet:-1, max-image-preview:large, max-video-preview:-1\" \/>\n<meta property=\"og:locale\" content=\"es_MX\" \/>\n<meta property=\"og:type\" content=\"article\" \/>\n<meta property=\"og:title\" content=\"Programas - Academia Mexicana de Ciencias\" \/>\n<meta property=\"og:description\" content=\"Los programas de la AMC buscan promover la ciencia entre los ni\u00f1os y j\u00f3venes, con el fin de despertar su curiosidad cient\u00edfica.\" \/>\n<meta property=\"og:url\" content=\"https:\/\/amc.edu.mx\/amc2024\/programas\/\" \/>\n<meta property=\"og:site_name\" content=\"Academia Mexicana de Ciencias\" \/>\n<meta property=\"article:publisher\" content=\"https:\/\/www.facebook.com\/amciencias\" \/>\n<meta property=\"article:modified_time\" content=\"2024-02-28T05:05:31+00:00\" \/>\n<meta name=\"twitter:card\" content=\"summary_large_image\" \/>\n<meta name=\"twitter:site\" content=\"@amciencias\" \/>\n<meta name=\"twitter:label1\" content=\"Tiempo de lectura\" \/>\n\t<meta name=\"twitter:data1\" content=\"1 minuto\" \/>\n<script type=\"application\/ld+json\" class=\"yoast-schema-graph\">{\"@context\":\"https:\/\/schema.org\",\"@graph\":[{\"@type\":\"WebPage\",\"@id\":\"https:\/\/amc.edu.mx\/amc2024\/programas\/\",\"url\":\"https:\/\/amc.edu.mx\/amc2024\/programas\/\",\"name\":\"Programas - Academia Mexicana de Ciencias\",\"isPartOf\":{\"@id\":\"https:\/\/amc.edu.mx\/amc2024\/#website\"},\"datePublished\":\"2023-10-17T00:54:15+00:00\",\"dateModified\":\"2024-02-28T05:05:31+00:00\",\"description\":\"Los programas de la AMC buscan promover la ciencia entre los ni\u00f1os y j\u00f3venes, con el fin de despertar su curiosidad cient\u00edfica.\",\"breadcrumb\":{\"@id\":\"https:\/\/amc.edu.mx\/amc2024\/programas\/#breadcrumb\"},\"inLanguage\":\"es\",\"potentialAction\":[{\"@type\":\"ReadAction\",\"target\":[\"https:\/\/amc.edu.mx\/amc2024\/programas\/\"]}]},{\"@type\":\"BreadcrumbList\",\"@id\":\"https:\/\/amc.edu.mx\/amc2024\/programas\/#breadcrumb\",\"itemListElement\":[{\"@type\":\"ListItem\",\"position\":1,\"name\":\"Inicio\",\"item\":\"https:\/\/amc.edu.mx\/amc2024\/\"},{\"@type\":\"ListItem\",\"position\":2,\"name\":\"Programas\"}]},{\"@type\":\"WebSite\",\"@id\":\"https:\/\/amc.edu.mx\/amc2024\/#website\",\"url\":\"https:\/\/amc.edu.mx\/amc2024\/\",\"name\":\"Academia Mexicana de Ciencias\",\"description\":\"ACADEMIA MEXICANA DE CIENCIAS\",\"publisher\":{\"@id\":\"https:\/\/amc.edu.mx\/amc2024\/#organization\"},\"alternateName\":\"AMC\",\"potentialAction\":[{\"@type\":\"SearchAction\",\"target\":{\"@type\":\"EntryPoint\",\"urlTemplate\":\"https:\/\/amc.edu.mx\/amc2024\/?s={search_term_string}\"},\"query-input\":\"required name=search_term_string\"}],\"inLanguage\":\"es\"},{\"@type\":\"Organization\",\"@id\":\"https:\/\/amc.edu.mx\/amc2024\/#organization\",\"name\":\"Academia Mexicana de Ciencias\",\"alternateName\":\"AMC\",\"url\":\"https:\/\/amc.edu.mx\/amc2024\/\",\"logo\":{\"@type\":\"ImageObject\",\"inLanguage\":\"es\",\"@id\":\"https:\/\/amc.edu.mx\/amc2024\/#\/schema\/logo\/image\/\",\"url\":\"https:\/\/amc.edu.mx\/amc2024\/wp-content\/uploads\/2023\/10\/logo_amc-1.png\",\"contentUrl\":\"https:\/\/amc.edu.mx\/amc2024\/wp-content\/uploads\/2023\/10\/logo_amc-1.png\",\"width\":455,\"height\":300,\"caption\":\"Academia Mexicana de Ciencias\"},\"image\":{\"@id\":\"https:\/\/amc.edu.mx\/amc2024\/#\/schema\/logo\/image\/\"},\"sameAs\":[\"https:\/\/www.facebook.com\/amciencias\",\"https:\/\/twitter.com\/amciencias\",\"https:\/\/www.instagram.com\/amciencias\",\"https:\/\/www.youtube.com\/@AMCiencias\",\"https:\/\/www.tiktok.com\/@amciencias\"]}]}<\/script>\n<!-- \/ Yoast SEO plugin. -->","yoast_head_json":{"title":"Programas - Academia Mexicana de Ciencias","description":"Los programas de la AMC buscan promover la ciencia entre los ni\u00f1os y j\u00f3venes, con el fin de despertar su curiosidad cient\u00edfica.","robots":{"index":"noindex","follow":"follow","max-snippet":"max-snippet:-1","max-image-preview":"max-image-preview:large","max-video-preview":"max-video-preview:-1"},"og_locale":"es_MX","og_type":"article","og_title":"Programas - Academia Mexicana de Ciencias","og_description":"Los programas de la AMC buscan promover la ciencia entre los ni\u00f1os y j\u00f3venes, con el fin de despertar su curiosidad cient\u00edfica.","og_url":"https:\/\/amc.edu.mx\/amc2024\/programas\/","og_site_name":"Academia Mexicana de Ciencias","article_publisher":"https:\/\/www.facebook.com\/amciencias","article_modified_time":"2024-02-28T05:05:31+00:00","twitter_card":"summary_large_image","twitter_site":"@amciencias","twitter_misc":{"Tiempo de lectura":"1 minuto"},"schema":{"@context":"https:\/\/schema.org","@graph":[{"@type":"WebPage","@id":"https:\/\/amc.edu.mx\/amc2024\/programas\/","url":"https:\/\/amc.edu.mx\/amc2024\/programas\/","name":"Programas - Academia Mexicana de Ciencias","isPartOf":{"@id":"https:\/\/amc.edu.mx\/amc2024\/#website"},"datePublished":"2023-10-17T00:54:15+00:00","dateModified":"2024-02-28T05:05:31+00:00","description":"Los programas de la AMC buscan promover la ciencia entre los ni\u00f1os y j\u00f3venes, con el fin de despertar su curiosidad cient\u00edfica.","breadcrumb":{"@id":"https:\/\/amc.edu.mx\/amc2024\/programas\/#breadcrumb"},"inLanguage":"es","potentialAction":[{"@type":"ReadAction","target":["https:\/\/amc.edu.mx\/amc2024\/programas\/"]}]},{"@type":"BreadcrumbList","@id":"https:\/\/amc.edu.mx\/amc2024\/programas\/#breadcrumb","itemListElement":[{"@type":"ListItem","position":1,"name":"Inicio","item":"https:\/\/amc.edu.mx\/amc2024\/"},{"@type":"ListItem","position":2,"name":"Programas"}]},{"@type":"WebSite","@id":"https:\/\/amc.edu.mx\/amc2024\/#website","url":"https:\/\/amc.edu.mx\/amc2024\/","name":"Academia Mexicana de Ciencias","description":"ACADEMIA MEXICANA DE CIENCIAS","publisher":{"@id":"https:\/\/amc.edu.mx\/amc2024\/#organization"},"alternateName":"AMC","potentialAction":[{"@type":"SearchAction","target":{"@type":"EntryPoint","urlTemplate":"https:\/\/amc.edu.mx\/amc2024\/?s={search_term_string}"},"query-input":"required name=search_term_string"}],"inLanguage":"es"},{"@type":"Organization","@id":"https:\/\/amc.edu.mx\/amc2024\/#organization","name":"Academia Mexicana de Ciencias","alternateName":"AMC","url":"https:\/\/amc.edu.mx\/amc2024\/","logo":{"@type":"ImageObject","inLanguage":"es","@id":"https:\/\/amc.edu.mx\/amc2024\/#\/schema\/logo\/image\/","url":"https:\/\/amc.edu.mx\/amc2024\/wp-content\/uploads\/2023\/10\/logo_amc-1.png","contentUrl":"https:\/\/amc.edu.mx\/amc2024\/wp-content\/uploads\/2023\/10\/logo_amc-1.png","width":455,"height":300,"caption":"Academia Mexicana de Ciencias"},"image":{"@id":"https:\/\/amc.edu.mx\/amc2024\/#\/schema\/logo\/image\/"},"sameAs":["https:\/\/www.facebook.com\/amciencias","https:\/\/twitter.com\/amciencias","https:\/\/www.instagram.com\/amciencias","https:\/\/www.youtube.com\/@AMCiencias","https:\/\/www.tiktok.com\/@amciencias"]}]}},"_links":{"self":[{"href":"https:\/\/amc.edu.mx\/amc2024\/wp-json\/wp\/v2\/pages\/132","targetHints":{"allow":["GET"]}}],"collection":[{"href":"https:\/\/amc.edu.mx\/amc2024\/wp-json\/wp\/v2\/pages"}],"about":[{"href":"https:\/\/amc.edu.mx\/amc2024\/wp-json\/wp\/v2\/types\/page"}],"author":[{"embeddable":true,"href":"https:\/\/amc.edu.mx\/amc2024\/wp-json\/wp\/v2\/users\/1"}],"replies":[{"embeddable":true,"href":"https:\/\/amc.edu.mx\/amc2024\/wp-json\/wp\/v2\/comments?post=132"}],"version-history":[{"count":11,"href":"https:\/\/amc.edu.mx\/amc2024\/wp-json\/wp\/v2\/pages\/132\/revisions"}],"predecessor-version":[{"id":3276,"href":"https:\/\/amc.edu.mx\/amc2024\/wp-json\/wp\/v2\/pages\/132\/revisions\/3276"}],"wp:attachment":[{"href":"https:\/\/amc.edu.mx\/amc2024\/wp-json\/wp\/v2\/media?parent=132"}],"curies":[{"name":"wp","href":"https:\/\/api.w.org\/{rel}","templated":true}]}}