{"id":130,"date":"2023-10-17T06:53:32","date_gmt":"2023-10-17T00:53:32","guid":{"rendered":"https:\/\/amc.edu.mx\/amc2024\/?page_id=130"},"modified":"2024-03-04T11:21:08","modified_gmt":"2024-03-04T17:21:08","slug":"premios","status":"publish","type":"page","link":"https:\/\/amc.edu.mx\/amc2024\/premios\/","title":{"rendered":"Premios"},"content":{"rendered":"\n<div class=\"wp-block-columns is-layout-flex wp-container-core-columns-is-layout-9d6595d7 wp-block-columns-is-layout-flex\">\n<div class=\"wp-block-column is-layout-flow wp-block-column-is-layout-flow\">\n<div class=\"wp-block-columns is-layout-flex wp-container-core-columns-is-layout-9d6595d7 wp-block-columns-is-layout-flex\">\n<div class=\"wp-block-column is-layout-flow wp-block-column-is-layout-flow\" style=\"flex-basis:25%\"><nav class=\"is-responsive wp-block-navigation is-layout-flex wp-block-navigation-is-layout-flex\" aria-label=\"Men\u00fa-premios\" \n\t\t data-wp-interactive=\"core\/navigation\" data-wp-context='{\"overlayOpenedBy\":{\"click\":false,\"hover\":false,\"focus\":false},\"type\":\"overlay\",\"roleAttribute\":\"\",\"ariaLabel\":\"Men\\u00fa\"}'><button aria-haspopup=\"dialog\" aria-label=\"Abrir el men\u00fa\" class=\"wp-block-navigation__responsive-container-open\" \n\t\t\t\tdata-wp-on--click=\"actions.openMenuOnClick\"\n\t\t\t\tdata-wp-on--keydown=\"actions.handleMenuKeydown\"\n\t\t\t><svg width=\"24\" height=\"24\" xmlns=\"http:\/\/www.w3.org\/2000\/svg\" viewBox=\"0 0 24 24\" aria-hidden=\"true\" focusable=\"false\"><path d=\"M4 7.5h16v1.5H4z\"><\/path><path d=\"M4 15h16v1.5H4z\"><\/path><\/svg><\/button>\n\t\t\t\t<div class=\"wp-block-navigation__responsive-container\"  id=\"modal-1\" \n\t\t\t\tdata-wp-class--has-modal-open=\"state.isMenuOpen\"\n\t\t\t\tdata-wp-class--is-menu-open=\"state.isMenuOpen\"\n\t\t\t\tdata-wp-watch=\"callbacks.initMenu\"\n\t\t\t\tdata-wp-on--keydown=\"actions.handleMenuKeydown\"\n\t\t\t\tdata-wp-on--focusout=\"actions.handleMenuFocusout\"\n\t\t\t\ttabindex=\"-1\"\n\t\t\t>\n\t\t\t\t\t<div class=\"wp-block-navigation__responsive-close\" tabindex=\"-1\">\n\t\t\t\t\t\t<div class=\"wp-block-navigation__responsive-dialog\" \n\t\t\t\tdata-wp-bind--aria-modal=\"state.ariaModal\"\n\t\t\t\tdata-wp-bind--aria-label=\"state.ariaLabel\"\n\t\t\t\tdata-wp-bind--role=\"state.roleAttribute\"\n\t\t\t>\n\t\t\t\t\t\t\t<button aria-label=\"Cerrar el men\u00fa\" class=\"wp-block-navigation__responsive-container-close\" \n\t\t\t\tdata-wp-on--click=\"actions.closeMenuOnClick\"\n\t\t\t><svg xmlns=\"http:\/\/www.w3.org\/2000\/svg\" viewBox=\"0 0 24 24\" width=\"24\" height=\"24\" aria-hidden=\"true\" focusable=\"false\"><path d=\"m13.06 12 6.47-6.47-1.06-1.06L12 10.94 5.53 4.47 4.47 5.53 10.94 12l-6.47 6.47 1.06 1.06L12 13.06l6.47 6.47 1.06-1.06L13.06 12Z\"><\/path><\/svg><\/button>\n\t\t\t\t\t\t\t<div class=\"wp-block-navigation__responsive-container-content\" \n\t\t\t\tdata-wp-watch=\"callbacks.focusFirstElement\"\n\t\t\t id=\"modal-1-content\">\n\t\t\t\t\t\t\t\t<ul class=\"wp-block-navigation__container is-responsive wp-block-navigation\"><li class=\" wp-block-navigation-item wp-block-navigation-link\"><a class=\"wp-block-navigation-item__content\"  href=\"https:\/\/amc.edu.mx\/amc2024\/premios\/\"><span class=\"wp-block-navigation-item__label\">Premios<\/span><\/a><\/li><li class=\" wp-block-navigation-item wp-block-navigation-link\"><a class=\"wp-block-navigation-item__content\"  href=\"https:\/\/amc.edu.mx\/amc2024\/premios-de-investigacion-de-la-amc\/\"><span class=\"wp-block-navigation-item__label\">Premios de Investigaci\u00f3n de la AMC<\/span><\/a><\/li><li class=\" wp-block-navigation-item wp-block-navigation-link\"><a class=\"wp-block-navigation-item__content\"  href=\"https:\/\/amc.edu.mx\/amc2024\/premios-weizmann\/\"><span class=\"wp-block-navigation-item__label\">Premios Weizmann<\/span><\/a><\/li><li class=\" wp-block-navigation-item wp-block-navigation-link\"><a class=\"wp-block-navigation-item__content\"  href=\"https:\/\/amc.edu.mx\/amc2024\/becas-para-mujeres-en-la-ciencia-loreal-unesco-conacyt-amc\/\"><span class=\"wp-block-navigation-item__label\">Becas para Mujeres en la Ciencia L\u00b4Or\u00e9al-UNESCO-CONACYT\u2014AMC<\/span><\/a><\/li><li class=\" wp-block-navigation-item wp-block-navigation-link\"><a class=\"wp-block-navigation-item__content\"  href=\"https:\/\/amc.edu.mx\/amc2024\/premios-de-la-academia-a-las-mejores-tesis-de-doctorado-en-ciencias-sociales\/\"><span class=\"wp-block-navigation-item__label\">Premios de la Academia a las mejores tesis de doctorado en Ciencias Sociales y Humanidades<\/span><\/a><\/li><li class=\" wp-block-navigation-item wp-block-navigation-link\"><a class=\"wp-block-navigation-item__content\"  href=\"https:\/\/amc.edu.mx\/amc2024\/?page_id=783\"><span class=\"wp-block-navigation-item__label\">Becas para Mujeres en la Ciencias Sociales y las Humanidades<\/span><\/a><\/li><li class=\" wp-block-navigation-item wp-block-navigation-link\"><a class=\"wp-block-navigation-item__content\"  href=\"https:\/\/amc.edu.mx\/amc2024\/premio-jorge-lomnitz-adler\/\"><span class=\"wp-block-navigation-item__label\">Premio \u201cJorge Lomnitz Adler\u201d<\/span><\/a><\/li><\/ul>\n\t\t\t\t\t\t\t<\/div>\n\t\t\t\t\t\t<\/div>\n\t\t\t\t\t<\/div>\n\t\t\t\t<\/div><\/nav><\/div>\n\n\n\n<div class=\"wp-block-column is-layout-flow wp-block-column-is-layout-flow\" style=\"flex-basis:75%\">\n<div class=\"wp-block-columns is-layout-flex wp-container-core-columns-is-layout-9d6595d7 wp-block-columns-is-layout-flex\">\n<div class=\"wp-block-column is-layout-flow wp-block-column-is-layout-flow\">\n<p>La Academia cuenta con un abanico de reconocimientos, distinciones muy apreciadas en el medio acad\u00e9mico, tales como los <a href=\"https:\/\/amc.edu.mx\/amc2024\/premios-de-investigacion-de-la-amc\/\">Premios de Investigaci\u00f3n de la AMC<\/a>, los cuales se otorgan a investigadores menores de 40 a\u00f1os que realicen investigaci\u00f3n de punta en las \u00e1reas de ciencias exactas, naturales, sociales, humanidades, ingenier\u00eda y tecnolog\u00eda.<\/p>\n\n\n\n<p>De igual manera, la Academia, en colaboraci\u00f3n con la Asociaci\u00f3n Mexicana de Amigos del Instituto Weizmann de Ciencias, otorga desde 1986, los <a href=\"https:\/\/amc.edu.mx\/amc2024\/premios-weizmann\/\">Premios Weizmann<\/a> a las mejores tesis doctorales realizadas en M\u00e9xico por investigadores menores de 38 a\u00f1os en las \u00e1reas de ingenier\u00eda y tecnolog\u00eda, ciencias exactas y naturales.<\/p>\n\n\n\n<p>Las ciencias sociales y humanidades tambi\u00e9n cuentan con un reconocimiento, pues la AMC tambi\u00e9n premia las <a href=\"https:\/\/amc.edu.mx\/amc2024\/premios-de-la-academia-a-las-mejores-tesis-de-doctorado-en-ciencias-sociales-y-humanidades\/\">mejores tesis de doctorado realizadas por j\u00f3venes investigadores<\/a> menores de 38 a\u00f1os en el caso de los hombres y para las mujeres 40 a\u00f1os. Asimismo, la Academia en asociaci\u00f3n con el Consejo Nacional de Ciencia y Tecnolog\u00eda otorgan <a href=\"https:\/\/amc.edu.mx\/amc2024\/becas-para-mujeres-en-la-ciencias-sociales-y-las-humanidades\/\">becas para que mujeres<\/a> menores de 40 a\u00f1os realicen trabajos posdoctorales en estas \u00e1reas de estudio.<\/p>\n\n\n\n<p>Las <a href=\"https:\/\/amc.edu.mx\/amc2024\/becas-para-mujeres-en-la-ciencia-loreal-unesco-conacyt-amc\/\">Becas para Mujeres en la Ciencia L\u00b4Or\u00e9al-UNESCO-AMC<\/a> que promueven la participaci\u00f3n del g\u00e9nero femenino en la ciencia para la realizaci\u00f3n de estudios cient\u00edficos avanzados en universidades u otras instituciones mexicanas reconocidas en las \u00e1reas de ciencias exactas, naturales; as\u00ed como en en ingenier\u00eda y tecnolog\u00eda.<\/p>\n\n\n\n<p>Por \u00faltimo el <a href=\"https:\/\/amc.edu.mx\/amc2024\/premio-jorge-lomnitz-adler\/\">Premio Jorge Lomnitz<\/a> se entrega en conjunto con el Instituto de F\u00edsica de la UNAM para distinguir al mejor trabajo publicado por j\u00f3venes cient\u00edficos en las \u00e1reas de din\u00e1mica no lineal y fen\u00f3menos colectivos.<\/p>\n\n\n\n<p>Todos estos premios son evaluados por la <a href=\"https:\/\/amc.edu.mx\/amc2024\/comisiones\/\">comisi\u00f3n de premios<\/a> de esta Academia.<\/p>\n<\/div>\n\n\n\n<div class=\"wp-block-column is-layout-flow wp-block-column-is-layout-flow\">\n<figure class=\"wp-block-image size-large\"><img loading=\"lazy\" decoding=\"async\" width=\"682\" height=\"1024\" src=\"https:\/\/amc.edu.mx\/amc2024\/wp-content\/uploads\/2024\/02\/Premios-AMC-682x1024.jpg\" alt=\"\" class=\"wp-image-3659\" srcset=\"https:\/\/amc.edu.mx\/amc2024\/wp-content\/uploads\/2024\/02\/Premios-AMC-682x1024.jpg 682w, https:\/\/amc.edu.mx\/amc2024\/wp-content\/uploads\/2024\/02\/Premios-AMC-200x300.jpg 200w, https:\/\/amc.edu.mx\/amc2024\/wp-content\/uploads\/2024\/02\/Premios-AMC-768x1152.jpg 768w, https:\/\/amc.edu.mx\/amc2024\/wp-content\/uploads\/2024\/02\/Premios-AMC-1024x1536.jpg 1024w, https:\/\/amc.edu.mx\/amc2024\/wp-content\/uploads\/2024\/02\/Premios-AMC-1140x1710.jpg 1140w, https:\/\/amc.edu.mx\/amc2024\/wp-content\/uploads\/2024\/02\/Premios-AMC.jpg 1333w\" sizes=\"auto, (max-width: 682px) 100vw, 682px\" \/><\/figure>\n<\/div>\n<\/div>\n\n\n\n<div class=\"wp-block-columns is-layout-flex wp-container-core-columns-is-layout-9d6595d7 wp-block-columns-is-layout-flex\">\n<div class=\"wp-block-column informes is-layout-flow wp-block-column-is-layout-flow\">\n<p class=\"has-text-align-center\"><strong>Coordinaci\u00f3n \u00c1rea Premios<\/strong><br>Informes:\u00a0<a href=\"mailto:mbeatriz@unam.mx\">mbeatriz@unam.mx<\/a><\/p>\n<\/div>\n<\/div>\n<\/div>\n<\/div>\n<\/div>\n<\/div>\n\n\n\n<p><\/p>\n","protected":false},"excerpt":{"rendered":"<p>La Academia cuenta con un abanico de reconocimientos, distinciones muy apreciadas en el medio acad\u00e9mico, tales como los Premios de Investigaci\u00f3n de la AMC, los cuales se otorgan a investigadores menores de 40 a\u00f1os que realicen investigaci\u00f3n de punta en las \u00e1reas de ciencias exactas, naturales, sociales, humanidades, ingenier\u00eda y tecnolog\u00eda. De igual manera, la Academia, en colaboraci\u00f3n con la Asociaci\u00f3n Mexicana de Amigos del Instituto Weizmann de Ciencias, otorga desde 1986, los Premios Weizmann a las mejores tesis doctorales realizadas en M\u00e9xico por investigadores menores de 38 a\u00f1os en las \u00e1reas de ingenier\u00eda y tecnolog\u00eda, ciencias exactas y naturales. Las ciencias sociales y humanidades tambi\u00e9n cuentan con un reconocimiento, pues la AMC tambi\u00e9n premia las mejores tesis de doctorado realizadas por j\u00f3venes investigadores menores de 38 a\u00f1os en el caso de los hombres y para las mujeres 40 a\u00f1os. Asimismo, la Academia en asociaci\u00f3n con el Consejo Nacional de Ciencia y Tecnolog\u00eda otorgan becas para que mujeres menores de 40 a\u00f1os realicen trabajos posdoctorales en estas \u00e1reas de estudio. Las Becas para Mujeres en la Ciencia L\u00b4Or\u00e9al-UNESCO-AMC que promueven la participaci\u00f3n del g\u00e9nero femenino en la ciencia para la realizaci\u00f3n de estudios cient\u00edficos avanzados en universidades u otras instituciones mexicanas reconocidas en las \u00e1reas de ciencias exactas, naturales; as\u00ed como en en ingenier\u00eda y tecnolog\u00eda. Por \u00faltimo el Premio Jorge Lomnitz se entrega en conjunto con el Instituto de F\u00edsica de la UNAM para distinguir al mejor trabajo publicado por j\u00f3venes cient\u00edficos en las \u00e1reas de din\u00e1mica no lineal y fen\u00f3menos colectivos. Todos estos premios son evaluados por la comisi\u00f3n de premios de esta Academia.<\/p>\n","protected":false},"author":1,"featured_media":0,"parent":0,"menu_order":0,"comment_status":"closed","ping_status":"closed","template":"","meta":{"pgc_sgb_lightbox_settings":"","footnotes":""},"class_list":["post-130","page","type-page","status-publish","hentry"],"yoast_head":"<!-- This site is optimized with the Yoast SEO plugin v22.1 - https:\/\/yoast.com\/wordpress\/plugins\/seo\/ -->\n<title>Premios - Academia Mexicana de Ciencias<\/title>\n<meta name=\"robots\" content=\"noindex, follow, max-snippet:-1, max-image-preview:large, max-video-preview:-1\" \/>\n<meta property=\"og:locale\" content=\"es_MX\" \/>\n<meta property=\"og:type\" content=\"article\" \/>\n<meta property=\"og:title\" content=\"Premios - Academia Mexicana de Ciencias\" \/>\n<meta property=\"og:description\" content=\"La Academia cuenta con un abanico de reconocimientos, distinciones muy apreciadas en el medio acad\u00e9mico, tales como los Premios de Investigaci\u00f3n de la AMC, los cuales se otorgan a investigadores menores de 40 a\u00f1os que realicen investigaci\u00f3n de punta en las \u00e1reas de ciencias exactas, naturales, sociales, humanidades, ingenier\u00eda y tecnolog\u00eda. De igual manera, la Academia, en colaboraci\u00f3n con la Asociaci\u00f3n Mexicana de Amigos del Instituto Weizmann de Ciencias, otorga desde 1986, los Premios Weizmann a las mejores tesis doctorales realizadas en M\u00e9xico por investigadores menores de 38 a\u00f1os en las \u00e1reas de ingenier\u00eda y tecnolog\u00eda, ciencias exactas y naturales. Las ciencias sociales y humanidades tambi\u00e9n cuentan con un reconocimiento, pues la AMC tambi\u00e9n premia las mejores tesis de doctorado realizadas por j\u00f3venes investigadores menores de 38 a\u00f1os en el caso de los hombres y para las mujeres 40 a\u00f1os. Asimismo, la Academia en asociaci\u00f3n con el Consejo Nacional de Ciencia y Tecnolog\u00eda otorgan becas para que mujeres menores de 40 a\u00f1os realicen trabajos posdoctorales en estas \u00e1reas de estudio. Las Becas para Mujeres en la Ciencia L\u00b4Or\u00e9al-UNESCO-AMC que promueven la participaci\u00f3n del g\u00e9nero femenino en la ciencia para la realizaci\u00f3n de estudios cient\u00edficos avanzados en universidades u otras instituciones mexicanas reconocidas en las \u00e1reas de ciencias exactas, naturales; as\u00ed como en en ingenier\u00eda y tecnolog\u00eda. Por \u00faltimo el Premio Jorge Lomnitz se entrega en conjunto con el Instituto de F\u00edsica de la UNAM para distinguir al mejor trabajo publicado por j\u00f3venes cient\u00edficos en las \u00e1reas de din\u00e1mica no lineal y fen\u00f3menos colectivos. Todos estos premios son evaluados por la comisi\u00f3n de premios de esta Academia.\" \/>\n<meta property=\"og:url\" content=\"https:\/\/amc.edu.mx\/amc2024\/premios\/\" \/>\n<meta property=\"og:site_name\" content=\"Academia Mexicana de Ciencias\" \/>\n<meta property=\"article:publisher\" content=\"https:\/\/www.facebook.com\/amciencias\" \/>\n<meta property=\"article:modified_time\" content=\"2024-03-04T17:21:08+00:00\" \/>\n<meta property=\"og:image\" content=\"https:\/\/amc.edu.mx\/amc2024\/wp-content\/uploads\/2024\/02\/Premios-AMC-682x1024.jpg\" \/>\n<meta name=\"twitter:card\" content=\"summary_large_image\" \/>\n<meta name=\"twitter:site\" content=\"@amciencias\" \/>\n<meta name=\"twitter:label1\" content=\"Tiempo de lectura\" \/>\n\t<meta name=\"twitter:data1\" content=\"3 minutos\" \/>\n<script type=\"application\/ld+json\" class=\"yoast-schema-graph\">{\"@context\":\"https:\/\/schema.org\",\"@graph\":[{\"@type\":\"WebPage\",\"@id\":\"https:\/\/amc.edu.mx\/amc2024\/premios\/\",\"url\":\"https:\/\/amc.edu.mx\/amc2024\/premios\/\",\"name\":\"Premios - Academia Mexicana de Ciencias\",\"isPartOf\":{\"@id\":\"https:\/\/amc.edu.mx\/amc2024\/#website\"},\"datePublished\":\"2023-10-17T00:53:32+00:00\",\"dateModified\":\"2024-03-04T17:21:08+00:00\",\"breadcrumb\":{\"@id\":\"https:\/\/amc.edu.mx\/amc2024\/premios\/#breadcrumb\"},\"inLanguage\":\"es\",\"potentialAction\":[{\"@type\":\"ReadAction\",\"target\":[\"https:\/\/amc.edu.mx\/amc2024\/premios\/\"]}]},{\"@type\":\"BreadcrumbList\",\"@id\":\"https:\/\/amc.edu.mx\/amc2024\/premios\/#breadcrumb\",\"itemListElement\":[{\"@type\":\"ListItem\",\"position\":1,\"name\":\"Inicio\",\"item\":\"https:\/\/amc.edu.mx\/amc2024\/\"},{\"@type\":\"ListItem\",\"position\":2,\"name\":\"Premios\"}]},{\"@type\":\"WebSite\",\"@id\":\"https:\/\/amc.edu.mx\/amc2024\/#website\",\"url\":\"https:\/\/amc.edu.mx\/amc2024\/\",\"name\":\"Academia Mexicana de Ciencias\",\"description\":\"ACADEMIA MEXICANA DE CIENCIAS\",\"publisher\":{\"@id\":\"https:\/\/amc.edu.mx\/amc2024\/#organization\"},\"alternateName\":\"AMC\",\"potentialAction\":[{\"@type\":\"SearchAction\",\"target\":{\"@type\":\"EntryPoint\",\"urlTemplate\":\"https:\/\/amc.edu.mx\/amc2024\/?s={search_term_string}\"},\"query-input\":\"required name=search_term_string\"}],\"inLanguage\":\"es\"},{\"@type\":\"Organization\",\"@id\":\"https:\/\/amc.edu.mx\/amc2024\/#organization\",\"name\":\"Academia Mexicana de Ciencias\",\"alternateName\":\"AMC\",\"url\":\"https:\/\/amc.edu.mx\/amc2024\/\",\"logo\":{\"@type\":\"ImageObject\",\"inLanguage\":\"es\",\"@id\":\"https:\/\/amc.edu.mx\/amc2024\/#\/schema\/logo\/image\/\",\"url\":\"https:\/\/amc.edu.mx\/amc2024\/wp-content\/uploads\/2023\/10\/logo_amc-1.png\",\"contentUrl\":\"https:\/\/amc.edu.mx\/amc2024\/wp-content\/uploads\/2023\/10\/logo_amc-1.png\",\"width\":455,\"height\":300,\"caption\":\"Academia Mexicana de Ciencias\"},\"image\":{\"@id\":\"https:\/\/amc.edu.mx\/amc2024\/#\/schema\/logo\/image\/\"},\"sameAs\":[\"https:\/\/www.facebook.com\/amciencias\",\"https:\/\/twitter.com\/amciencias\",\"https:\/\/www.instagram.com\/amciencias\",\"https:\/\/www.youtube.com\/@AMCiencias\",\"https:\/\/www.tiktok.com\/@amciencias\"]}]}<\/script>\n<!-- \/ Yoast SEO plugin. -->","yoast_head_json":{"title":"Premios - Academia Mexicana de Ciencias","robots":{"index":"noindex","follow":"follow","max-snippet":"max-snippet:-1","max-image-preview":"max-image-preview:large","max-video-preview":"max-video-preview:-1"},"og_locale":"es_MX","og_type":"article","og_title":"Premios - Academia Mexicana de Ciencias","og_description":"La Academia cuenta con un abanico de reconocimientos, distinciones muy apreciadas en el medio acad\u00e9mico, tales como los Premios de Investigaci\u00f3n de la AMC, los cuales se otorgan a investigadores menores de 40 a\u00f1os que realicen investigaci\u00f3n de punta en las \u00e1reas de ciencias exactas, naturales, sociales, humanidades, ingenier\u00eda y tecnolog\u00eda. De igual manera, la Academia, en colaboraci\u00f3n con la Asociaci\u00f3n Mexicana de Amigos del Instituto Weizmann de Ciencias, otorga desde 1986, los Premios Weizmann a las mejores tesis doctorales realizadas en M\u00e9xico por investigadores menores de 38 a\u00f1os en las \u00e1reas de ingenier\u00eda y tecnolog\u00eda, ciencias exactas y naturales. Las ciencias sociales y humanidades tambi\u00e9n cuentan con un reconocimiento, pues la AMC tambi\u00e9n premia las mejores tesis de doctorado realizadas por j\u00f3venes investigadores menores de 38 a\u00f1os en el caso de los hombres y para las mujeres 40 a\u00f1os. Asimismo, la Academia en asociaci\u00f3n con el Consejo Nacional de Ciencia y Tecnolog\u00eda otorgan becas para que mujeres menores de 40 a\u00f1os realicen trabajos posdoctorales en estas \u00e1reas de estudio. Las Becas para Mujeres en la Ciencia L\u00b4Or\u00e9al-UNESCO-AMC que promueven la participaci\u00f3n del g\u00e9nero femenino en la ciencia para la realizaci\u00f3n de estudios cient\u00edficos avanzados en universidades u otras instituciones mexicanas reconocidas en las \u00e1reas de ciencias exactas, naturales; as\u00ed como en en ingenier\u00eda y tecnolog\u00eda. Por \u00faltimo el Premio Jorge Lomnitz se entrega en conjunto con el Instituto de F\u00edsica de la UNAM para distinguir al mejor trabajo publicado por j\u00f3venes cient\u00edficos en las \u00e1reas de din\u00e1mica no lineal y fen\u00f3menos colectivos. Todos estos premios son evaluados por la comisi\u00f3n de premios de esta Academia.","og_url":"https:\/\/amc.edu.mx\/amc2024\/premios\/","og_site_name":"Academia Mexicana de Ciencias","article_publisher":"https:\/\/www.facebook.com\/amciencias","article_modified_time":"2024-03-04T17:21:08+00:00","og_image":[{"url":"https:\/\/amc.edu.mx\/amc2024\/wp-content\/uploads\/2024\/02\/Premios-AMC-682x1024.jpg"}],"twitter_card":"summary_large_image","twitter_site":"@amciencias","twitter_misc":{"Tiempo de lectura":"3 minutos"},"schema":{"@context":"https:\/\/schema.org","@graph":[{"@type":"WebPage","@id":"https:\/\/amc.edu.mx\/amc2024\/premios\/","url":"https:\/\/amc.edu.mx\/amc2024\/premios\/","name":"Premios - Academia Mexicana de Ciencias","isPartOf":{"@id":"https:\/\/amc.edu.mx\/amc2024\/#website"},"datePublished":"2023-10-17T00:53:32+00:00","dateModified":"2024-03-04T17:21:08+00:00","breadcrumb":{"@id":"https:\/\/amc.edu.mx\/amc2024\/premios\/#breadcrumb"},"inLanguage":"es","potentialAction":[{"@type":"ReadAction","target":["https:\/\/amc.edu.mx\/amc2024\/premios\/"]}]},{"@type":"BreadcrumbList","@id":"https:\/\/amc.edu.mx\/amc2024\/premios\/#breadcrumb","itemListElement":[{"@type":"ListItem","position":1,"name":"Inicio","item":"https:\/\/amc.edu.mx\/amc2024\/"},{"@type":"ListItem","position":2,"name":"Premios"}]},{"@type":"WebSite","@id":"https:\/\/amc.edu.mx\/amc2024\/#website","url":"https:\/\/amc.edu.mx\/amc2024\/","name":"Academia Mexicana de Ciencias","description":"ACADEMIA MEXICANA DE CIENCIAS","publisher":{"@id":"https:\/\/amc.edu.mx\/amc2024\/#organization"},"alternateName":"AMC","potentialAction":[{"@type":"SearchAction","target":{"@type":"EntryPoint","urlTemplate":"https:\/\/amc.edu.mx\/amc2024\/?s={search_term_string}"},"query-input":"required name=search_term_string"}],"inLanguage":"es"},{"@type":"Organization","@id":"https:\/\/amc.edu.mx\/amc2024\/#organization","name":"Academia Mexicana de Ciencias","alternateName":"AMC","url":"https:\/\/amc.edu.mx\/amc2024\/","logo":{"@type":"ImageObject","inLanguage":"es","@id":"https:\/\/amc.edu.mx\/amc2024\/#\/schema\/logo\/image\/","url":"https:\/\/amc.edu.mx\/amc2024\/wp-content\/uploads\/2023\/10\/logo_amc-1.png","contentUrl":"https:\/\/amc.edu.mx\/amc2024\/wp-content\/uploads\/2023\/10\/logo_amc-1.png","width":455,"height":300,"caption":"Academia Mexicana de Ciencias"},"image":{"@id":"https:\/\/amc.edu.mx\/amc2024\/#\/schema\/logo\/image\/"},"sameAs":["https:\/\/www.facebook.com\/amciencias","https:\/\/twitter.com\/amciencias","https:\/\/www.instagram.com\/amciencias","https:\/\/www.youtube.com\/@AMCiencias","https:\/\/www.tiktok.com\/@amciencias"]}]}},"_links":{"self":[{"href":"https:\/\/amc.edu.mx\/amc2024\/wp-json\/wp\/v2\/pages\/130","targetHints":{"allow":["GET"]}}],"collection":[{"href":"https:\/\/amc.edu.mx\/amc2024\/wp-json\/wp\/v2\/pages"}],"about":[{"href":"https:\/\/amc.edu.mx\/amc2024\/wp-json\/wp\/v2\/types\/page"}],"author":[{"embeddable":true,"href":"https:\/\/amc.edu.mx\/amc2024\/wp-json\/wp\/v2\/users\/1"}],"replies":[{"embeddable":true,"href":"https:\/\/amc.edu.mx\/amc2024\/wp-json\/wp\/v2\/comments?post=130"}],"version-history":[{"count":14,"href":"https:\/\/amc.edu.mx\/amc2024\/wp-json\/wp\/v2\/pages\/130\/revisions"}],"predecessor-version":[{"id":4036,"href":"https:\/\/amc.edu.mx\/amc2024\/wp-json\/wp\/v2\/pages\/130\/revisions\/4036"}],"wp:attachment":[{"href":"https:\/\/amc.edu.mx\/amc2024\/wp-json\/wp\/v2\/media?parent=130"}],"curies":[{"name":"wp","href":"https:\/\/api.w.org\/{rel}","templated":true}]}}