{"id":116,"date":"2023-10-17T06:36:27","date_gmt":"2023-10-17T00:36:27","guid":{"rendered":"https:\/\/amc.edu.mx\/amc2024\/?page_id=116"},"modified":"2024-03-01T20:42:22","modified_gmt":"2024-03-02T02:42:22","slug":"acerca-de","status":"publish","type":"page","link":"https:\/\/amc.edu.mx\/amc2024\/acerca-de\/","title":{"rendered":"Historia"},"content":{"rendered":"\n<div class=\"wp-block-columns is-layout-flex wp-container-core-columns-is-layout-9d6595d7 wp-block-columns-is-layout-flex\">\n<div class=\"wp-block-column is-layout-flow wp-block-column-is-layout-flow\" style=\"flex-basis:25%\"><nav class=\"is-responsive wp-block-navigation is-layout-flex wp-block-navigation-is-layout-flex\" aria-label=\"Menu-Acerca\" \n\t\t data-wp-interactive=\"core\/navigation\" data-wp-context='{\"overlayOpenedBy\":{\"click\":false,\"hover\":false,\"focus\":false},\"type\":\"overlay\",\"roleAttribute\":\"\",\"ariaLabel\":\"Men\\u00fa\"}'><button aria-haspopup=\"dialog\" aria-label=\"Abrir el men\u00fa\" class=\"wp-block-navigation__responsive-container-open\" \n\t\t\t\tdata-wp-on--click=\"actions.openMenuOnClick\"\n\t\t\t\tdata-wp-on--keydown=\"actions.handleMenuKeydown\"\n\t\t\t><svg width=\"24\" height=\"24\" xmlns=\"http:\/\/www.w3.org\/2000\/svg\" viewBox=\"0 0 24 24\" aria-hidden=\"true\" focusable=\"false\"><path d=\"M4 7.5h16v1.5H4z\"><\/path><path d=\"M4 15h16v1.5H4z\"><\/path><\/svg><\/button>\n\t\t\t\t<div class=\"wp-block-navigation__responsive-container\"  id=\"modal-1\" \n\t\t\t\tdata-wp-class--has-modal-open=\"state.isMenuOpen\"\n\t\t\t\tdata-wp-class--is-menu-open=\"state.isMenuOpen\"\n\t\t\t\tdata-wp-watch=\"callbacks.initMenu\"\n\t\t\t\tdata-wp-on--keydown=\"actions.handleMenuKeydown\"\n\t\t\t\tdata-wp-on--focusout=\"actions.handleMenuFocusout\"\n\t\t\t\ttabindex=\"-1\"\n\t\t\t>\n\t\t\t\t\t<div class=\"wp-block-navigation__responsive-close\" tabindex=\"-1\">\n\t\t\t\t\t\t<div class=\"wp-block-navigation__responsive-dialog\" \n\t\t\t\tdata-wp-bind--aria-modal=\"state.ariaModal\"\n\t\t\t\tdata-wp-bind--aria-label=\"state.ariaLabel\"\n\t\t\t\tdata-wp-bind--role=\"state.roleAttribute\"\n\t\t\t>\n\t\t\t\t\t\t\t<button aria-label=\"Cerrar el men\u00fa\" class=\"wp-block-navigation__responsive-container-close\" \n\t\t\t\tdata-wp-on--click=\"actions.closeMenuOnClick\"\n\t\t\t><svg xmlns=\"http:\/\/www.w3.org\/2000\/svg\" viewBox=\"0 0 24 24\" width=\"24\" height=\"24\" aria-hidden=\"true\" focusable=\"false\"><path d=\"m13.06 12 6.47-6.47-1.06-1.06L12 10.94 5.53 4.47 4.47 5.53 10.94 12l-6.47 6.47 1.06 1.06L12 13.06l6.47 6.47 1.06-1.06L13.06 12Z\"><\/path><\/svg><\/button>\n\t\t\t\t\t\t\t<div class=\"wp-block-navigation__responsive-container-content\" \n\t\t\t\tdata-wp-watch=\"callbacks.focusFirstElement\"\n\t\t\t id=\"modal-1-content\">\n\t\t\t\t\t\t\t\t<ul class=\"wp-block-navigation__container is-responsive wp-block-navigation\"><li class=\" wp-block-navigation-item wp-block-navigation-link\"><a class=\"wp-block-navigation-item__content\"  href=\"https:\/\/amc.edu.mx\/amc2024\/academia-mexicana-de-ciencias\/\"><span class=\"wp-block-navigation-item__label\">Acerca de<\/span><\/a><\/li><li class=\" wp-block-navigation-item wp-block-navigation-link\"><a class=\"wp-block-navigation-item__content\"  href=\"https:\/\/amc.edu.mx\/amc2024\/acerca-de\/\"><span class=\"wp-block-navigation-item__label\">Historia<\/span><\/a><\/li><li class=\" wp-block-navigation-item wp-block-navigation-link\"><a class=\"wp-block-navigation-item__content\"  href=\"https:\/\/amc.edu.mx\/amc2024\/consejo-directivo\/\"><span class=\"wp-block-navigation-item__label\">Consejo directivo<\/span><\/a><\/li><li class=\" wp-block-navigation-item wp-block-navigation-link\"><a class=\"wp-block-navigation-item__content\"  href=\"https:\/\/amc.edu.mx\/amc2024\/secciones-regionales\/\"><span class=\"wp-block-navigation-item__label\">Secciones regionales<\/span><\/a><\/li><li class=\" wp-block-navigation-item wp-block-navigation-link\"><a class=\"wp-block-navigation-item__content\"  href=\"https:\/\/amc.edu.mx\/amc2024\/consejo-asesor-de-expresidentes\/\"><span class=\"wp-block-navigation-item__label\">Consejo asesor de expresidentes<\/span><\/a><\/li><li class=\" wp-block-navigation-item wp-block-navigation-link\"><a class=\"wp-block-navigation-item__content\"  href=\"https:\/\/amc.edu.mx\/amc2024\/comision-de-membresia\/\"><span class=\"wp-block-navigation-item__label\">Comisi\u00f3n de\u00a0Membres\u00eda<\/span><\/a><\/li><li class=\" wp-block-navigation-item wp-block-navigation-link\"><a class=\"wp-block-navigation-item__content\"  href=\"https:\/\/amc.edu.mx\/amc2024\/comisiones\/\"><span class=\"wp-block-navigation-item__label\">Comisi\u00f3n de Premios<\/span><\/a><\/li><li class=\" wp-block-navigation-item wp-block-navigation-link\"><a class=\"wp-block-navigation-item__content\"  href=\"https:\/\/amc.edu.mx\/amc2024\/comision-de-derechos-humanos\/\"><span class=\"wp-block-navigation-item__label\">Comisi\u00f3n de Derechos Humanos<\/span><\/a><\/li><li class=\" wp-block-navigation-item wp-block-navigation-link\"><a class=\"wp-block-navigation-item__content\"  href=\"https:\/\/amc.edu.mx\/amc2024\/instalaciones\/\"><span class=\"wp-block-navigation-item__label\">Instalaciones<\/span><\/a><\/li><li class=\" wp-block-navigation-item wp-block-navigation-link\"><a class=\"wp-block-navigation-item__content\"  href=\"https:\/\/amc.edu.mx\/amc2024\/estatutos\/\"><span class=\"wp-block-navigation-item__label\">Estatutos<\/span><\/a><\/li><\/ul>\n\t\t\t\t\t\t\t<\/div>\n\t\t\t\t\t\t<\/div>\n\t\t\t\t\t<\/div>\n\t\t\t\t<\/div><\/nav><\/div>\n\n\n\n<div class=\"wp-block-column is-layout-flow wp-block-column-is-layout-flow\" style=\"flex-basis:75%\">\n<div class=\"wp-block-columns is-layout-flex wp-container-core-columns-is-layout-9d6595d7 wp-block-columns-is-layout-flex\">\n<div class=\"wp-block-column is-layout-flow wp-block-column-is-layout-flow\" style=\"flex-basis:66.66%\">\n<p>El 12 de agosto de 1959, tras el acto simb\u00f3lico de firma del acta constitutiva con sus respectivos estatutos, se cre\u00f3 la Academia de la Investigaci\u00f3n Cient\u00edfica.<\/p>\n\n\n\n<p>El objetivo de la Academia de ese entonces fue reunir a investigadores activos de diversos campos del conocimiento para compartir sus proyectos de b\u00fasquedas, propiciar la discusi\u00f3n, la cr\u00edtica y la reflexi\u00f3n conjunta.&nbsp;<\/p>\n\n\n\n<p>A partir de 1996, la Academia de la Investigaci\u00f3n Cient\u00edfica se convirti\u00f3 en la Academia Mexicana de Ciencias.<\/p>\n\n\n\n<p>No se trat\u00f3 s\u00f3lo de una modificaci\u00f3n nominal, signific\u00f3, adem\u00e1s y muy especialmente, una serie de cambios profundos. Pas\u00f3 de construir una s\u00f3lida identidad entre los cient\u00edficos mexicanos a incrementar y desarrollar un conjunto de programas acad\u00e9micos de \u00e9xito e impacto en la comunidad cient\u00edfica y en la sociedad.<\/p>\n\n\n\n<p>As\u00ed, de una instancia que buscaba agrupar a los investigadores realmente activos ante la gran dispersi\u00f3n en la que se encontraban, la Academia evolucion\u00f3 en una de las instancias m\u00e1s importantes del pa\u00eds en la difusi\u00f3n, apoyo y promoci\u00f3n de las ciencias en sus diversas expresiones, todo ello a trav\u00e9s de varios programas y premios.<\/p>\n\n\n\n<p>Algunos de los valores m\u00e1s destacados que la Academia Mexicana de Ciencias ha promovido y defendido a trav\u00e9s de su historia son los siguientes:<\/p>\n<\/div>\n\n\n\n<div class=\"wp-block-column is-layout-flow wp-block-column-is-layout-flow\" style=\"flex-basis:33.33%\">\n<figure class=\"wp-block-image size-large\"><img loading=\"lazy\" decoding=\"async\" width=\"618\" height=\"1024\" src=\"https:\/\/amc.edu.mx\/amc2024\/wp-content\/uploads\/2024\/02\/acta-constitutiva-618x1024.jpg\" alt=\"\" class=\"wp-image-3635\" srcset=\"https:\/\/amc.edu.mx\/amc2024\/wp-content\/uploads\/2024\/02\/acta-constitutiva-618x1024.jpg 618w, https:\/\/amc.edu.mx\/amc2024\/wp-content\/uploads\/2024\/02\/acta-constitutiva-181x300.jpg 181w, https:\/\/amc.edu.mx\/amc2024\/wp-content\/uploads\/2024\/02\/acta-constitutiva-768x1273.jpg 768w, https:\/\/amc.edu.mx\/amc2024\/wp-content\/uploads\/2024\/02\/acta-constitutiva-927x1536.jpg 927w, https:\/\/amc.edu.mx\/amc2024\/wp-content\/uploads\/2024\/02\/acta-constitutiva-1235x2048.jpg 1235w, https:\/\/amc.edu.mx\/amc2024\/wp-content\/uploads\/2024\/02\/acta-constitutiva-1140x1890.jpg 1140w, https:\/\/amc.edu.mx\/amc2024\/wp-content\/uploads\/2024\/02\/acta-constitutiva-scaled.jpg 1544w\" sizes=\"auto, (max-width: 618px) 100vw, 618px\" \/><\/figure>\n<\/div>\n<\/div>\n\n\n\n<ul class=\"wp-block-list\">\n<li>La ciencia es parte de la cultura y fortalece el pensamiento independiente y la soberan\u00eda nacional.<\/li>\n\n\n\n<li>La libertad de c\u00e1tedra y de investigaci\u00f3n son principios fundamentales del que hacer cient\u00edfico y tecnol\u00f3gico.<\/li>\n\n\n\n<li>La producci\u00f3n de conocimiento es la riqueza m\u00e1s importante de un pa\u00eds. Este s\u00f3lo se obtiene al impulsar la ciencia b\u00e1sica. S\u00f3lo as\u00ed el conocimiento dar\u00e1 lugar a la soluci\u00f3n de problemas nacionales, pero tambi\u00e9n de este nuevo mundo global.<\/li>\n\n\n\n<li>La misi\u00f3n de las ciencias b\u00e1sicas es la de explorar las leyes de la naturaleza, hacer descubrimientos que creen nuevas teor\u00edas y provean los instrumentos te\u00f3rico metodol\u00f3gicos que se requieren para comprender el mundo cambiante.<\/li>\n\n\n\n<li>En relaci\u00f3n con el punto anterior, se ha luchado porque se reconozca que la creatividad y la originalidad son habilidades mucho m\u00e1s indispensables para enfrentar los requerimientos sociales e incluso los mercados, que la capacitaci\u00f3n y el adiestramiento en habilidades t\u00e9cnicas que muy pronto pierden utilidad al ser rebasadas por otras nuevas.<\/li>\n\n\n\n<li>La cr\u00edtica y la evaluaci\u00f3n permanente de los resultados de las actividades disciplinarias son tareas centrales del quehacer cient\u00edfico y tecnol\u00f3gico y una de las funciones m\u00e1s destacadas de las ciencias.<\/li>\n<\/ul>\n<\/div>\n<\/div>\n\n\n\n<p><\/p>\n","protected":false},"excerpt":{"rendered":"<p>El 12 de agosto de 1959, tras el acto simb\u00f3lico de firma del acta constitutiva con sus respectivos estatutos, se cre\u00f3 la Academia de la Investigaci\u00f3n Cient\u00edfica. El objetivo de la Academia de ese entonces fue reunir a investigadores activos de diversos campos del conocimiento para compartir sus proyectos de b\u00fasquedas, propiciar la discusi\u00f3n, la cr\u00edtica y la reflexi\u00f3n conjunta.&nbsp; A partir de 1996, la Academia de la Investigaci\u00f3n Cient\u00edfica se convirti\u00f3 en la Academia Mexicana de Ciencias. No se trat\u00f3 s\u00f3lo de una modificaci\u00f3n nominal, signific\u00f3, adem\u00e1s y muy especialmente, una serie de cambios profundos. Pas\u00f3 de construir una s\u00f3lida identidad entre los cient\u00edficos mexicanos a incrementar y desarrollar un conjunto de programas acad\u00e9micos de \u00e9xito e impacto en la comunidad cient\u00edfica y en la sociedad. As\u00ed, de una instancia que buscaba agrupar a los investigadores realmente activos ante la gran dispersi\u00f3n en la que se encontraban, la Academia evolucion\u00f3 en una de las instancias m\u00e1s importantes del pa\u00eds en la difusi\u00f3n, apoyo y promoci\u00f3n de las ciencias en sus diversas expresiones, todo ello a trav\u00e9s de varios programas y premios. Algunos de los valores m\u00e1s destacados que la Academia Mexicana de Ciencias ha promovido y defendido a trav\u00e9s de su historia son los siguientes:<\/p>\n","protected":false},"author":1,"featured_media":0,"parent":0,"menu_order":0,"comment_status":"closed","ping_status":"closed","template":"","meta":{"pgc_sgb_lightbox_settings":"","footnotes":""},"class_list":["post-116","page","type-page","status-publish","hentry"],"yoast_head":"<!-- This site is optimized with the Yoast SEO plugin v22.1 - https:\/\/yoast.com\/wordpress\/plugins\/seo\/ -->\n<title>Historia - Academia Mexicana de Ciencias<\/title>\n<meta name=\"description\" content=\"Desde agosto de 1959 la Academia Mexicana de Ciencias promueve la investigaci\u00f3n cient\u00edfica con el objetivo de reunir a investigadores.\u00a0\" \/>\n<meta name=\"robots\" content=\"noindex, follow, max-snippet:-1, max-image-preview:large, max-video-preview:-1\" \/>\n<meta property=\"og:locale\" content=\"es_MX\" \/>\n<meta property=\"og:type\" content=\"article\" \/>\n<meta property=\"og:title\" content=\"Historia - Academia Mexicana de Ciencias\" \/>\n<meta property=\"og:description\" content=\"Desde agosto de 1959 la Academia Mexicana de Ciencias promueve la investigaci\u00f3n cient\u00edfica con el objetivo de reunir a investigadores.\u00a0\" \/>\n<meta property=\"og:url\" content=\"https:\/\/amc.edu.mx\/amc2024\/acerca-de\/\" \/>\n<meta property=\"og:site_name\" content=\"Academia Mexicana de Ciencias\" \/>\n<meta property=\"article:publisher\" content=\"https:\/\/www.facebook.com\/amciencias\" \/>\n<meta property=\"article:modified_time\" content=\"2024-03-02T02:42:22+00:00\" \/>\n<meta property=\"og:image\" content=\"https:\/\/amc.edu.mx\/amc2024\/wp-content\/uploads\/2024\/02\/acta-constitutiva-618x1024.jpg\" \/>\n<meta name=\"twitter:card\" content=\"summary_large_image\" \/>\n<meta name=\"twitter:site\" content=\"@amciencias\" \/>\n<meta name=\"twitter:label1\" content=\"Tiempo de lectura\" \/>\n\t<meta name=\"twitter:data1\" content=\"3 minutos\" \/>\n<script type=\"application\/ld+json\" class=\"yoast-schema-graph\">{\"@context\":\"https:\/\/schema.org\",\"@graph\":[{\"@type\":\"WebPage\",\"@id\":\"https:\/\/amc.edu.mx\/amc2024\/acerca-de\/\",\"url\":\"https:\/\/amc.edu.mx\/amc2024\/acerca-de\/\",\"name\":\"Historia - Academia Mexicana de Ciencias\",\"isPartOf\":{\"@id\":\"https:\/\/amc.edu.mx\/amc2024\/#website\"},\"datePublished\":\"2023-10-17T00:36:27+00:00\",\"dateModified\":\"2024-03-02T02:42:22+00:00\",\"description\":\"Desde agosto de 1959 la Academia Mexicana de Ciencias promueve la investigaci\u00f3n cient\u00edfica con el objetivo de reunir a investigadores.\u00a0\",\"breadcrumb\":{\"@id\":\"https:\/\/amc.edu.mx\/amc2024\/acerca-de\/#breadcrumb\"},\"inLanguage\":\"es\",\"potentialAction\":[{\"@type\":\"ReadAction\",\"target\":[\"https:\/\/amc.edu.mx\/amc2024\/acerca-de\/\"]}]},{\"@type\":\"BreadcrumbList\",\"@id\":\"https:\/\/amc.edu.mx\/amc2024\/acerca-de\/#breadcrumb\",\"itemListElement\":[{\"@type\":\"ListItem\",\"position\":1,\"name\":\"Inicio\",\"item\":\"https:\/\/amc.edu.mx\/amc2024\/\"},{\"@type\":\"ListItem\",\"position\":2,\"name\":\"Historia\"}]},{\"@type\":\"WebSite\",\"@id\":\"https:\/\/amc.edu.mx\/amc2024\/#website\",\"url\":\"https:\/\/amc.edu.mx\/amc2024\/\",\"name\":\"Academia Mexicana de Ciencias\",\"description\":\"ACADEMIA MEXICANA DE CIENCIAS\",\"publisher\":{\"@id\":\"https:\/\/amc.edu.mx\/amc2024\/#organization\"},\"alternateName\":\"AMC\",\"potentialAction\":[{\"@type\":\"SearchAction\",\"target\":{\"@type\":\"EntryPoint\",\"urlTemplate\":\"https:\/\/amc.edu.mx\/amc2024\/?s={search_term_string}\"},\"query-input\":\"required name=search_term_string\"}],\"inLanguage\":\"es\"},{\"@type\":\"Organization\",\"@id\":\"https:\/\/amc.edu.mx\/amc2024\/#organization\",\"name\":\"Academia Mexicana de Ciencias\",\"alternateName\":\"AMC\",\"url\":\"https:\/\/amc.edu.mx\/amc2024\/\",\"logo\":{\"@type\":\"ImageObject\",\"inLanguage\":\"es\",\"@id\":\"https:\/\/amc.edu.mx\/amc2024\/#\/schema\/logo\/image\/\",\"url\":\"https:\/\/amc.edu.mx\/amc2024\/wp-content\/uploads\/2023\/10\/logo_amc-1.png\",\"contentUrl\":\"https:\/\/amc.edu.mx\/amc2024\/wp-content\/uploads\/2023\/10\/logo_amc-1.png\",\"width\":455,\"height\":300,\"caption\":\"Academia Mexicana de Ciencias\"},\"image\":{\"@id\":\"https:\/\/amc.edu.mx\/amc2024\/#\/schema\/logo\/image\/\"},\"sameAs\":[\"https:\/\/www.facebook.com\/amciencias\",\"https:\/\/twitter.com\/amciencias\",\"https:\/\/www.instagram.com\/amciencias\",\"https:\/\/www.youtube.com\/@AMCiencias\",\"https:\/\/www.tiktok.com\/@amciencias\"]}]}<\/script>\n<!-- \/ Yoast SEO plugin. -->","yoast_head_json":{"title":"Historia - Academia Mexicana de Ciencias","description":"Desde agosto de 1959 la Academia Mexicana de Ciencias promueve la investigaci\u00f3n cient\u00edfica con el objetivo de reunir a investigadores.\u00a0","robots":{"index":"noindex","follow":"follow","max-snippet":"max-snippet:-1","max-image-preview":"max-image-preview:large","max-video-preview":"max-video-preview:-1"},"og_locale":"es_MX","og_type":"article","og_title":"Historia - Academia Mexicana de Ciencias","og_description":"Desde agosto de 1959 la Academia Mexicana de Ciencias promueve la investigaci\u00f3n cient\u00edfica con el objetivo de reunir a investigadores.\u00a0","og_url":"https:\/\/amc.edu.mx\/amc2024\/acerca-de\/","og_site_name":"Academia Mexicana de Ciencias","article_publisher":"https:\/\/www.facebook.com\/amciencias","article_modified_time":"2024-03-02T02:42:22+00:00","og_image":[{"url":"https:\/\/amc.edu.mx\/amc2024\/wp-content\/uploads\/2024\/02\/acta-constitutiva-618x1024.jpg"}],"twitter_card":"summary_large_image","twitter_site":"@amciencias","twitter_misc":{"Tiempo de lectura":"3 minutos"},"schema":{"@context":"https:\/\/schema.org","@graph":[{"@type":"WebPage","@id":"https:\/\/amc.edu.mx\/amc2024\/acerca-de\/","url":"https:\/\/amc.edu.mx\/amc2024\/acerca-de\/","name":"Historia - Academia Mexicana de Ciencias","isPartOf":{"@id":"https:\/\/amc.edu.mx\/amc2024\/#website"},"datePublished":"2023-10-17T00:36:27+00:00","dateModified":"2024-03-02T02:42:22+00:00","description":"Desde agosto de 1959 la Academia Mexicana de Ciencias promueve la investigaci\u00f3n cient\u00edfica con el objetivo de reunir a investigadores.\u00a0","breadcrumb":{"@id":"https:\/\/amc.edu.mx\/amc2024\/acerca-de\/#breadcrumb"},"inLanguage":"es","potentialAction":[{"@type":"ReadAction","target":["https:\/\/amc.edu.mx\/amc2024\/acerca-de\/"]}]},{"@type":"BreadcrumbList","@id":"https:\/\/amc.edu.mx\/amc2024\/acerca-de\/#breadcrumb","itemListElement":[{"@type":"ListItem","position":1,"name":"Inicio","item":"https:\/\/amc.edu.mx\/amc2024\/"},{"@type":"ListItem","position":2,"name":"Historia"}]},{"@type":"WebSite","@id":"https:\/\/amc.edu.mx\/amc2024\/#website","url":"https:\/\/amc.edu.mx\/amc2024\/","name":"Academia Mexicana de Ciencias","description":"ACADEMIA MEXICANA DE CIENCIAS","publisher":{"@id":"https:\/\/amc.edu.mx\/amc2024\/#organization"},"alternateName":"AMC","potentialAction":[{"@type":"SearchAction","target":{"@type":"EntryPoint","urlTemplate":"https:\/\/amc.edu.mx\/amc2024\/?s={search_term_string}"},"query-input":"required name=search_term_string"}],"inLanguage":"es"},{"@type":"Organization","@id":"https:\/\/amc.edu.mx\/amc2024\/#organization","name":"Academia Mexicana de Ciencias","alternateName":"AMC","url":"https:\/\/amc.edu.mx\/amc2024\/","logo":{"@type":"ImageObject","inLanguage":"es","@id":"https:\/\/amc.edu.mx\/amc2024\/#\/schema\/logo\/image\/","url":"https:\/\/amc.edu.mx\/amc2024\/wp-content\/uploads\/2023\/10\/logo_amc-1.png","contentUrl":"https:\/\/amc.edu.mx\/amc2024\/wp-content\/uploads\/2023\/10\/logo_amc-1.png","width":455,"height":300,"caption":"Academia Mexicana de Ciencias"},"image":{"@id":"https:\/\/amc.edu.mx\/amc2024\/#\/schema\/logo\/image\/"},"sameAs":["https:\/\/www.facebook.com\/amciencias","https:\/\/twitter.com\/amciencias","https:\/\/www.instagram.com\/amciencias","https:\/\/www.youtube.com\/@AMCiencias","https:\/\/www.tiktok.com\/@amciencias"]}]}},"_links":{"self":[{"href":"https:\/\/amc.edu.mx\/amc2024\/wp-json\/wp\/v2\/pages\/116","targetHints":{"allow":["GET"]}}],"collection":[{"href":"https:\/\/amc.edu.mx\/amc2024\/wp-json\/wp\/v2\/pages"}],"about":[{"href":"https:\/\/amc.edu.mx\/amc2024\/wp-json\/wp\/v2\/types\/page"}],"author":[{"embeddable":true,"href":"https:\/\/amc.edu.mx\/amc2024\/wp-json\/wp\/v2\/users\/1"}],"replies":[{"embeddable":true,"href":"https:\/\/amc.edu.mx\/amc2024\/wp-json\/wp\/v2\/comments?post=116"}],"version-history":[{"count":19,"href":"https:\/\/amc.edu.mx\/amc2024\/wp-json\/wp\/v2\/pages\/116\/revisions"}],"predecessor-version":[{"id":3951,"href":"https:\/\/amc.edu.mx\/amc2024\/wp-json\/wp\/v2\/pages\/116\/revisions\/3951"}],"wp:attachment":[{"href":"https:\/\/amc.edu.mx\/amc2024\/wp-json\/wp\/v2\/media?parent=116"}],"curies":[{"name":"wp","href":"https:\/\/api.w.org\/{rel}","templated":true}]}}